{"id":651,"date":"2023-05-11T11:56:09","date_gmt":"2023-05-11T11:56:09","guid":{"rendered":"https:\/\/puttgardenrodby.nl\/?page_id=651"},"modified":"2024-03-26T10:42:10","modified_gmt":"2024-03-26T10:42:10","slug":"tidtabell","status":"publish","type":"page","link":"https:\/\/rostockgedser.com\/se\/tidtabell\/","title":{"rendered":"Tidtabell"},"content":{"rendered":"\t\t<div data-elementor-type=\"wp-post\" data-elementor-id=\"651\" class=\"elementor elementor-651\" data-elementor-post-type=\"page\">\n\t\t\t\t\t\t<section class=\"elementor-section elementor-top-section elementor-element elementor-element-1cf6aa8b elementor-section-boxed elementor-section-height-default elementor-section-height-default\" data-id=\"1cf6aa8b\" data-element_type=\"section\" data-e-type=\"section\" data-settings=\"{&quot;background_background&quot;:&quot;gradient&quot;,&quot;sticky&quot;:&quot;top&quot;,&quot;sticky_on&quot;:[&quot;desktop&quot;,&quot;tablet&quot;,&quot;mobile&quot;],&quot;sticky_offset&quot;:0,&quot;sticky_effects_offset&quot;:0,&quot;sticky_anchor_link_offset&quot;:0}\">\n\t\t\t\t\t\t<div class=\"elementor-container elementor-column-gap-default\">\n\t\t\t\t\t<div class=\"elementor-column elementor-col-50 elementor-top-column elementor-element elementor-element-6579064\" data-id=\"6579064\" data-element_type=\"column\" data-e-type=\"column\">\n\t\t\t<div class=\"elementor-widget-wrap elementor-element-populated\">\n\t\t\t\t\t\t<div class=\"elementor-element elementor-element-2631d984 elementor-widget elementor-widget-breadcrumbs\" data-id=\"2631d984\" data-element_type=\"widget\" data-e-type=\"widget\" data-widget_type=\"breadcrumbs.default\">\n\t\t\t\t<div class=\"elementor-widget-container\">\n\t\t\t\t\t<p id=\"breadcrumbs\"><span><span><a href=\"https:\/\/rostockgedser.com\/se\/\">Home<\/a><\/span><\/span><\/p>\t\t\t\t<\/div>\n\t\t\t\t<\/div>\n\t\t\t\t\t<\/div>\n\t\t<\/div>\n\t\t\t\t<div class=\"elementor-column elementor-col-50 elementor-top-column elementor-element elementor-element-d7f6708\" data-id=\"d7f6708\" data-element_type=\"column\" data-e-type=\"column\">\n\t\t\t<div class=\"elementor-widget-wrap elementor-element-populated\">\n\t\t\t\t\t\t<div class=\"elementor-element elementor-element-d814351 elementor-align-right elementor-mobile-align-center elementor-widget elementor-widget-button\" data-id=\"d814351\" data-element_type=\"widget\" data-e-type=\"widget\" data-settings=\"{&quot;sticky&quot;:&quot;top&quot;,&quot;sticky_on&quot;:[&quot;mobile&quot;],&quot;sticky_offset&quot;:8,&quot;sticky_effects_offset_mobile&quot;:0,&quot;_animation_mobile&quot;:&quot;fadeIn&quot;,&quot;sticky_effects_offset&quot;:0,&quot;sticky_anchor_link_offset&quot;:0}\" data-widget_type=\"button.default\">\n\t\t\t\t<div class=\"elementor-widget-container\">\n\t\t\t\t\t\t\t\t\t<div class=\"elementor-button-wrapper\">\n\t\t\t\t\t<a class=\"elementor-button elementor-button-link elementor-size-md elementor-animation-shrink\" href=\"https:\/\/rostockgedser.com\/se\/go\/button-home\" target=\"_blank\">\n\t\t\t\t\t\t<span class=\"elementor-button-content-wrapper\">\n\t\t\t\t\t\t<span class=\"elementor-button-icon\">\n\t\t\t\t<svg aria-hidden=\"true\" class=\"e-font-icon-svg e-far-arrow-alt-circle-right\" viewBox=\"0 0 512 512\" xmlns=\"http:\/\/www.w3.org\/2000\/svg\"><path d=\"M504 256C504 119 393 8 256 8S8 119 8 256s111 248 248 248 248-111 248-248zm-448 0c0-110.5 89.5-200 200-200s200 89.5 200 200-89.5 200-200 200S56 366.5 56 256zm72 20v-40c0-6.6 5.4-12 12-12h116v-67c0-10.7 12.9-16 20.5-8.5l99 99c4.7 4.7 4.7 12.3 0 17l-99 99c-7.6 7.6-20.5 2.2-20.5-8.5v-67H140c-6.6 0-12-5.4-12-12z\"><\/path><\/svg>\t\t\t<\/span>\n\t\t\t\t\t\t\t\t\t<span class=\"elementor-button-text\">Priser och biljetter<\/span>\n\t\t\t\t\t<\/span>\n\t\t\t\t\t<\/a>\n\t\t\t\t<\/div>\n\t\t\t\t\t\t\t\t<\/div>\n\t\t\t\t<\/div>\n\t\t\t\t\t<\/div>\n\t\t<\/div>\n\t\t\t\t\t<\/div>\n\t\t<\/section>\n\t\t\t\t<section class=\"elementor-section elementor-top-section elementor-element elementor-element-348d881 elementor-section-boxed elementor-section-height-default elementor-section-height-default\" data-id=\"348d881\" data-element_type=\"section\" data-e-type=\"section\">\n\t\t\t\t\t\t\t<div class=\"elementor-background-overlay\"><\/div>\n\t\t\t\t\t\t\t<div class=\"elementor-container elementor-column-gap-default\">\n\t\t\t\t\t<div class=\"elementor-column elementor-col-50 elementor-top-column elementor-element elementor-element-2e117c7\" data-id=\"2e117c7\" data-element_type=\"column\" data-e-type=\"column\">\n\t\t\t<div class=\"elementor-widget-wrap elementor-element-populated\">\n\t\t\t\t\t\t<div class=\"elementor-element elementor-element-e20d4c6 elementor-widget elementor-widget-image\" data-id=\"e20d4c6\" data-element_type=\"widget\" data-e-type=\"widget\" data-widget_type=\"image.default\">\n\t\t\t\t<div class=\"elementor-widget-container\">\n\t\t\t\t\t\t\t\t\t\t\t\t\t\t\t<img fetchpriority=\"high\" decoding=\"async\" width=\"1000\" height=\"500\" src=\"https:\/\/rostockgedser.com\/se\/wp-content\/uploads\/sites\/7\/2023\/08\/Scandlines-entering-ferry-port.jpg\" class=\"attachment-full size-full wp-image-1231\" alt=\"Scandlines entering ferry port\" srcset=\"https:\/\/rostockgedser.com\/se\/wp-content\/uploads\/sites\/7\/2023\/08\/Scandlines-entering-ferry-port.jpg 1000w, https:\/\/rostockgedser.com\/se\/wp-content\/uploads\/sites\/7\/2023\/08\/Scandlines-entering-ferry-port-300x150.jpg 300w, https:\/\/rostockgedser.com\/se\/wp-content\/uploads\/sites\/7\/2023\/08\/Scandlines-entering-ferry-port-768x384.jpg 768w\" sizes=\"(max-width: 1000px) 100vw, 1000px\" \/>\t\t\t\t\t\t\t\t\t\t\t\t\t\t\t<\/div>\n\t\t\t\t<\/div>\n\t\t\t\t<div class=\"elementor-element elementor-element-18585c6 elementor-widget elementor-widget-heading\" data-id=\"18585c6\" data-element_type=\"widget\" data-e-type=\"widget\" data-widget_type=\"heading.default\">\n\t\t\t\t<div class=\"elementor-widget-container\">\n\t\t\t\t\t<h1 class=\"elementor-heading-title elementor-size-default\">Gedser-Rostock tidtabell<span style=\"color: var( --e-global-color-primary );font-family: var( --e-global-typography-primary-font-family ), Sans-serif;font-size: 8.4rem;font-weight: var( --e-global-typography-primary-font-weight );letter-spacing: -0.0415625em;text-align: inherit\"><\/span><br><\/h1>\t\t\t\t<\/div>\n\t\t\t\t<\/div>\n\t\t\t\t<section class=\"elementor-section elementor-inner-section elementor-element elementor-element-df1a50b elementor-section-boxed elementor-section-height-default elementor-section-height-default\" data-id=\"df1a50b\" data-element_type=\"section\" data-e-type=\"section\">\n\t\t\t\t\t\t<div class=\"elementor-container elementor-column-gap-default\">\n\t\t\t\t\t<div class=\"elementor-column elementor-col-50 elementor-inner-column elementor-element elementor-element-ffe48c3\" data-id=\"ffe48c3\" data-element_type=\"column\" data-e-type=\"column\">\n\t\t\t<div class=\"elementor-widget-wrap elementor-element-populated\">\n\t\t\t\t\t\t<div class=\"elementor-element elementor-element-b2dec9b elementor-widget elementor-widget-heading\" data-id=\"b2dec9b\" data-element_type=\"widget\" data-e-type=\"widget\" data-widget_type=\"heading.default\">\n\t\t\t\t<div class=\"elementor-widget-container\">\n\t\t\t\t\t<h3 class=\"elementor-heading-title elementor-size-default\">Gedser \u27a8 Rostock<\/h3>\t\t\t\t<\/div>\n\t\t\t\t<\/div>\n\t\t\t\t<div class=\"elementor-element elementor-element-7bf118e elementor-widget elementor-widget-text-editor\" data-id=\"7bf118e\" data-element_type=\"widget\" data-e-type=\"widget\" data-widget_type=\"text-editor.default\">\n\t\t\t\t<div class=\"elementor-widget-container\">\n\t\t\t\t\t\t\t\t\t<ul><li>01:45 Gedser \u27a8 03:45 Rostock<\/li><li>07:00 Gedser \u27a8 08:45 Rostock<\/li><li>09:00 Gedser \u27a8 11:00 Rostock<\/li><li>11:15 Gedser \u27a8 13:15 Rostock<\/li><li>13:30 Gedser \u27a8 15:30 Rostock<\/li><li>15:45 Gedser \u27a8 17:45 Rostock<\/li><li>18:00 Gedser \u27a8 20:00 Rostock<\/li><li>20:15 Gedser \u27a8 22:15 Rostock<\/li><li>22:30 Gedser \u27a8 00:30 Rostock<\/li><\/ul>\t\t\t\t\t\t\t\t<\/div>\n\t\t\t\t<\/div>\n\t\t\t\t\t<\/div>\n\t\t<\/div>\n\t\t\t\t<div class=\"elementor-column elementor-col-50 elementor-inner-column elementor-element elementor-element-b0e78d2\" data-id=\"b0e78d2\" data-element_type=\"column\" data-e-type=\"column\">\n\t\t\t<div class=\"elementor-widget-wrap elementor-element-populated\">\n\t\t\t\t\t\t<div class=\"elementor-element elementor-element-2062a5c elementor-widget elementor-widget-heading\" data-id=\"2062a5c\" data-element_type=\"widget\" data-e-type=\"widget\" data-widget_type=\"heading.default\">\n\t\t\t\t<div class=\"elementor-widget-container\">\n\t\t\t\t\t<h3 class=\"elementor-heading-title elementor-size-default\">Rostock \u27a8 Gedser<\/h3>\t\t\t\t<\/div>\n\t\t\t\t<\/div>\n\t\t\t\t<div class=\"elementor-element elementor-element-4dc0269 elementor-widget elementor-widget-text-editor\" data-id=\"4dc0269\" data-element_type=\"widget\" data-e-type=\"widget\" data-widget_type=\"text-editor.default\">\n\t\t\t\t<div class=\"elementor-widget-container\">\n\t\t\t\t\t\t\t\t\t<ul><li>04:15 Rostock \u27a8 06:15 Gedser<\/li><li>06:00 Rostock \u27a8 08:00 Gedser<\/li><li>09:00 Rostock \u27a8 11:00 Gedser<\/li><li>11:15 Rostock \u27a8 13:15 Gedser<\/li><li>13:30 Rostock \u27a8 15:30 Gedser<\/li><li>15:45 Rostock \u27a8 17:45 Gedser<\/li><li>18:00 Rostock \u27a8 20:00 Gedser<\/li><li>20:15 Rostock \u27a8 22:15 Gedser<\/li><li>22:30 Rostock \u27a8 00:30 Gedser<\/li><\/ul>\t\t\t\t\t\t\t\t<\/div>\n\t\t\t\t<\/div>\n\t\t\t\t\t<\/div>\n\t\t<\/div>\n\t\t\t\t\t<\/div>\n\t\t<\/section>\n\t\t\t\t<div class=\"elementor-element elementor-element-84cf63c elementor-widget elementor-widget-text-editor\" data-id=\"84cf63c\" data-element_type=\"widget\" data-e-type=\"widget\" data-widget_type=\"text-editor.default\">\n\t\t\t\t<div class=\"elementor-widget-container\">\n\t\t\t\t\t\t\t\t\t<p>F\u00e4rjans tidtabell fr\u00e5n <a href=\"https:\/\/rostockgedser.com\/se\/gedser\/\">Gedser<\/a> till <a href=\"https:\/\/rostockgedser.com\/se\/rostock\/\">Rostock<\/a>, och vice versa, kan naturligtvis komma att \u00e4ndras. Vi granskar den kontinuerligt f\u00f6r eventuella uppdateringar.<\/p>\t\t\t\t\t\t\t\t<\/div>\n\t\t\t\t<\/div>\n\t\t\t\t<div class=\"elementor-element elementor-element-86d897b elementor-widget elementor-widget-heading\" data-id=\"86d897b\" data-element_type=\"widget\" data-e-type=\"widget\" data-widget_type=\"heading.default\">\n\t\t\t\t<div class=\"elementor-widget-container\">\n\t\t\t\t\t<h2 class=\"elementor-heading-title elementor-size-default\">Gedser-Rostock Tidtabellsammanfattning<\/h2>\t\t\t\t<\/div>\n\t\t\t\t<\/div>\n\t\t\t\t<div class=\"elementor-element elementor-element-9f8297c elementor-widget elementor-widget-image\" data-id=\"9f8297c\" data-element_type=\"widget\" data-e-type=\"widget\" data-widget_type=\"image.default\">\n\t\t\t\t<div class=\"elementor-widget-container\">\n\t\t\t\t\t\t\t\t\t\t\t\t<figure class=\"wp-caption\">\n\t\t\t\t\t\t\t\t\t\t<img decoding=\"async\" width=\"1000\" height=\"500\" src=\"https:\/\/rostockgedser.com\/se\/wp-content\/uploads\/sites\/7\/2024\/03\/Schedule.jpg\" class=\"attachment-full size-full wp-image-1896\" alt=\"Schedule\" srcset=\"https:\/\/rostockgedser.com\/se\/wp-content\/uploads\/sites\/7\/2024\/03\/Schedule.jpg 1000w, https:\/\/rostockgedser.com\/se\/wp-content\/uploads\/sites\/7\/2024\/03\/Schedule-300x150.jpg 300w, https:\/\/rostockgedser.com\/se\/wp-content\/uploads\/sites\/7\/2024\/03\/Schedule-768x384.jpg 768w\" sizes=\"(max-width: 1000px) 100vw, 1000px\" \/>\t\t\t\t\t\t\t\t\t\t\t<figcaption class=\"widget-image-caption wp-caption-text\">Avf\u00e4rdstiderna f\u00f6r M\/F Copenhagen och M\/F Berlin<\/figcaption>\n\t\t\t\t\t\t\t\t\t\t<\/figure>\n\t\t\t\t\t\t\t\t\t<\/div>\n\t\t\t\t<\/div>\n\t\t\t\t<div class=\"elementor-element elementor-element-bf504aa elementor-widget elementor-widget-text-editor\" data-id=\"bf504aa\" data-element_type=\"widget\" data-e-type=\"widget\" data-widget_type=\"text-editor.default\">\n\t\t\t\t<div class=\"elementor-widget-container\">\n\t\t\t\t\t\t\t\t\t<p>Fartygen <strong>M\/F Copenhagen<\/strong> och <strong>M\/F Berlin<\/strong> fr\u00e5n Scandlines avg\u00e5r fr\u00e5n b\u00e5da hamnarna ungef\u00e4r 9 g\u00e5nger om dagen.<\/p><p>Det inneb\u00e4r att det vanligtvis \u00e4r en lucka p\u00e5 <strong>2 till 3 timmar<\/strong> mellan avg\u00e5ngarna.<\/p><p>F\u00f6r att s\u00e4kerst\u00e4lla en smidig \u00f6verfart \u00e4r det viktigt att <strong>fullf\u00f6lja incheckningen minst 15 minuter f\u00f6re avg\u00e5ng<\/strong>. Detta \u00e4r ganska &#8217;kort&#8217; j\u00e4mf\u00f6rt med andra f\u00e4rjor, vi skulle rekommendera att helt enkelt g\u00e5 ombord tidigare.<\/p><p>V\u00e4nligen h\u00e5ll koll p\u00e5 den senaste reseinformationen f\u00f6r eventuella \u00e4ndringar i avg\u00e5ngs- och ankomsttider. N\u00e4r du planerar att resa vidare <a href=\"https:\/\/rostockgedser.com\/se\/farja-till-berlin\/\">till Berlin<\/a>, ber\u00e4kna en extra <strong>3 timmar<\/strong>.<\/p><p>I vissa fall kan seglingstiderna avvika fr\u00e5n det ordinarie schemat. Det \u00e4r ocks\u00e5 klokt att kontrollera <a href=\"https:\/\/rostockgedser.com\/se\/vader\/\">v\u00e4dret<\/a> och <a href=\"https:\/\/www.scandlines.com\/practical\/traffic-information\/\">trafikinformationen<\/a> i f\u00f6rv\u00e4g.<\/p>\t\t\t\t\t\t\t\t<\/div>\n\t\t\t\t<\/div>\n\t\t\t\t\t<\/div>\n\t\t<\/div>\n\t\t\t\t<div class=\"elementor-column elementor-col-50 elementor-top-column elementor-element elementor-element-9a29147\" data-id=\"9a29147\" data-element_type=\"column\" data-e-type=\"column\">\n\t\t\t<div class=\"elementor-widget-wrap elementor-element-populated\">\n\t\t\t\t\t\t<div class=\"elementor-element elementor-element-de19ae8 elementor-widget elementor-widget-text-editor\" data-id=\"de19ae8\" data-element_type=\"widget\" data-e-type=\"widget\" data-settings=\"{&quot;sticky_parent&quot;:&quot;yes&quot;,&quot;sticky_offset&quot;:100,&quot;sticky&quot;:&quot;top&quot;,&quot;sticky_effects_offset&quot;:60,&quot;sticky_on&quot;:[&quot;desktop&quot;,&quot;tablet&quot;,&quot;mobile&quot;],&quot;sticky_anchor_link_offset&quot;:0}\" data-widget_type=\"text-editor.default\">\n\t\t\t\t<div class=\"elementor-widget-container\">\n\t\t\t\t\t\t\t\t\t<p><strong>Biljetter till Rostock Gedser-f\u00e4rjan<\/strong><\/p><p>Scandlines trafikerar med M\/F K\u00f6penhamn och M\/F Berlin p\u00e5 denna f\u00e4rje\u00f6verfart. De mest prisv\u00e4rda biljetterna finns tillg\u00e4ngliga genom f\u00e4rjebolaget Scandlines.<\/p><p><a href=\"https:\/\/rostockgedser.com\/se\/go\/pages-side\" target=\"_blank\" rel=\"noopener\">Planera din \u00f6verfart \u2b9e<\/a><\/p>\t\t\t\t\t\t\t\t<\/div>\n\t\t\t\t<\/div>\n\t\t\t\t\t<\/div>\n\t\t<\/div>\n\t\t\t\t\t<\/div>\n\t\t<\/section>\n\t\t\t\t<\/div>\n\t\t","protected":false},"excerpt":{"rendered":"<p>Priser och biljetter Gedser-Rostock tidtabell Gedser \u27a8 Rostock 01:45 Gedser \u27a8 03:45 Rostock 07:00 Gedser \u27a8 08:45 Rostock 09:00 Gedser \u27a8 11:00 Rostock 11:15 Gedser \u27a8 13:15 Rostock 13:30 Gedser \u27a8 15:30 Rostock 15:45 Gedser \u27a8 17:45 Rostock 18:00 Gedser \u27a8 20:00 Rostock 20:15 Gedser \u27a8 22:15 Rostock 22:30 Gedser \u27a8 00:30 Rostock Rostock \u27a8 [&hellip;]<\/p>\n","protected":false},"author":1,"featured_media":1227,"parent":0,"menu_order":0,"comment_status":"closed","ping_status":"closed","template":"elementor_header_footer","meta":{"footnotes":""},"class_list":["post-651","page","type-page","status-publish","has-post-thumbnail","hentry"],"yoast_head":"<!-- This site is optimized with the Yoast SEO plugin v27.2 - https:\/\/yoast.com\/product\/yoast-seo-wordpress\/ -->\n<title>F\u00e4rjetidtabell: Gedser Rostock<\/title>\n<meta name=\"description\" content=\"Kontrollera tidtabellen f\u00f6r f\u00e4rjan Gedser- Rostock p\u00e5 RostockGedser.com - V\u00e5r webbplats ger v\u00e4gledning f\u00f6r att planera resor utan kr\u00e5ngel.\" \/>\n<meta name=\"robots\" content=\"index, follow, max-snippet:-1, max-image-preview:large, max-video-preview:-1\" \/>\n<link rel=\"canonical\" href=\"https:\/\/rostockgedser.com\/se\/tidtabell\/\" \/>\n<meta property=\"og:locale\" content=\"sv_SE\" \/>\n<meta property=\"og:type\" content=\"article\" \/>\n<meta property=\"og:title\" content=\"F\u00e4rjetidtabell: Gedser Rostock\" \/>\n<meta property=\"og:description\" content=\"Kontrollera tidtabellen f\u00f6r f\u00e4rjan Gedser- Rostock p\u00e5 RostockGedser.com - V\u00e5r webbplats ger v\u00e4gledning f\u00f6r att planera resor utan kr\u00e5ngel.\" \/>\n<meta property=\"og:url\" content=\"https:\/\/rostockgedser.com\/se\/tidtabell\/\" \/>\n<meta property=\"og:site_name\" content=\"RostockGedser.com\/se\" \/>\n<meta property=\"article:modified_time\" content=\"2024-03-26T10:42:10+00:00\" \/>\n<meta property=\"og:image\" content=\"http:\/\/rostockgedser.com\/se\/wp-content\/uploads\/sites\/7\/2023\/08\/rostock-port.jpg\" \/>\n\t<meta property=\"og:image:width\" content=\"1000\" \/>\n\t<meta property=\"og:image:height\" content=\"500\" \/>\n\t<meta property=\"og:image:type\" content=\"image\/jpeg\" \/>\n<meta name=\"twitter:card\" content=\"summary_large_image\" \/>\n<meta name=\"twitter:label1\" content=\"Ber\u00e4knad l\u00e4stid\" \/>\n\t<meta name=\"twitter:data1\" content=\"2 minuter\" \/>\n<script type=\"application\/ld+json\" class=\"yoast-schema-graph\">{\"@context\":\"https:\/\/schema.org\",\"@graph\":[{\"@type\":\"WebPage\",\"@id\":\"https:\/\/rostockgedser.com\/se\/tidtabell\/\",\"url\":\"https:\/\/rostockgedser.com\/se\/tidtabell\/\",\"name\":\"F\u00e4rjetidtabell: Gedser Rostock\",\"isPartOf\":{\"@id\":\"https:\/\/rostockgedser.com\/se\/#website\"},\"primaryImageOfPage\":{\"@id\":\"https:\/\/rostockgedser.com\/se\/tidtabell\/#primaryimage\"},\"image\":{\"@id\":\"https:\/\/rostockgedser.com\/se\/tidtabell\/#primaryimage\"},\"thumbnailUrl\":\"https:\/\/rostockgedser.com\/se\/wp-content\/uploads\/sites\/7\/2023\/08\/rostock-port.jpg\",\"datePublished\":\"2023-05-11T11:56:09+00:00\",\"dateModified\":\"2024-03-26T10:42:10+00:00\",\"description\":\"Kontrollera tidtabellen f\u00f6r f\u00e4rjan Gedser- Rostock p\u00e5 RostockGedser.com - V\u00e5r webbplats ger v\u00e4gledning f\u00f6r att planera resor utan kr\u00e5ngel.\",\"breadcrumb\":{\"@id\":\"https:\/\/rostockgedser.com\/se\/tidtabell\/#breadcrumb\"},\"inLanguage\":\"sv-SE\",\"potentialAction\":[{\"@type\":\"ReadAction\",\"target\":[\"https:\/\/rostockgedser.com\/se\/tidtabell\/\"]}]},{\"@type\":\"ImageObject\",\"inLanguage\":\"sv-SE\",\"@id\":\"https:\/\/rostockgedser.com\/se\/tidtabell\/#primaryimage\",\"url\":\"https:\/\/rostockgedser.com\/se\/wp-content\/uploads\/sites\/7\/2023\/08\/rostock-port.jpg\",\"contentUrl\":\"https:\/\/rostockgedser.com\/se\/wp-content\/uploads\/sites\/7\/2023\/08\/rostock-port.jpg\",\"width\":1000,\"height\":500,\"caption\":\"rostock port\"},{\"@type\":\"BreadcrumbList\",\"@id\":\"https:\/\/rostockgedser.com\/se\/tidtabell\/#breadcrumb\",\"itemListElement\":[{\"@type\":\"ListItem\",\"position\":1,\"name\":\"Home\",\"item\":\"https:\/\/rostockgedser.com\/se\/\"},{\"@type\":\"ListItem\",\"position\":2,\"name\":\"Tidtabell\"}]},{\"@type\":\"WebSite\",\"@id\":\"https:\/\/rostockgedser.com\/se\/#website\",\"url\":\"https:\/\/rostockgedser.com\/se\/\",\"name\":\"RostockGedser.com\/se\",\"description\":\"\",\"publisher\":{\"@id\":\"https:\/\/rostockgedser.com\/se\/#organization\"},\"potentialAction\":[{\"@type\":\"SearchAction\",\"target\":{\"@type\":\"EntryPoint\",\"urlTemplate\":\"https:\/\/rostockgedser.com\/se\/?s={search_term_string}\"},\"query-input\":{\"@type\":\"PropertyValueSpecification\",\"valueRequired\":true,\"valueName\":\"search_term_string\"}}],\"inLanguage\":\"sv-SE\"},{\"@type\":\"Organization\",\"@id\":\"https:\/\/rostockgedser.com\/se\/#organization\",\"name\":\"RostockGedser.com\/se\",\"url\":\"https:\/\/rostockgedser.com\/se\/\",\"logo\":{\"@type\":\"ImageObject\",\"inLanguage\":\"sv-SE\",\"@id\":\"https:\/\/rostockgedser.com\/se\/#\/schema\/logo\/image\/\",\"url\":\"https:\/\/rostockgedser.com\/se\/wp-content\/uploads\/sites\/7\/2023\/08\/cropped-Rostock-Gedser-favicon.png\",\"contentUrl\":\"https:\/\/rostockgedser.com\/se\/wp-content\/uploads\/sites\/7\/2023\/08\/cropped-Rostock-Gedser-favicon.png\",\"width\":512,\"height\":512,\"caption\":\"RostockGedser.com\/se\"},\"image\":{\"@id\":\"https:\/\/rostockgedser.com\/se\/#\/schema\/logo\/image\/\"}}]}<\/script>\n<!-- \/ Yoast SEO plugin. -->","yoast_head_json":{"title":"F\u00e4rjetidtabell: Gedser Rostock","description":"Kontrollera tidtabellen f\u00f6r f\u00e4rjan Gedser- Rostock p\u00e5 RostockGedser.com - V\u00e5r webbplats ger v\u00e4gledning f\u00f6r att planera resor utan kr\u00e5ngel.","robots":{"index":"index","follow":"follow","max-snippet":"max-snippet:-1","max-image-preview":"max-image-preview:large","max-video-preview":"max-video-preview:-1"},"canonical":"https:\/\/rostockgedser.com\/se\/tidtabell\/","og_locale":"sv_SE","og_type":"article","og_title":"F\u00e4rjetidtabell: Gedser Rostock","og_description":"Kontrollera tidtabellen f\u00f6r f\u00e4rjan Gedser- Rostock p\u00e5 RostockGedser.com - V\u00e5r webbplats ger v\u00e4gledning f\u00f6r att planera resor utan kr\u00e5ngel.","og_url":"https:\/\/rostockgedser.com\/se\/tidtabell\/","og_site_name":"RostockGedser.com\/se","article_modified_time":"2024-03-26T10:42:10+00:00","og_image":[{"width":1000,"height":500,"url":"http:\/\/rostockgedser.com\/se\/wp-content\/uploads\/sites\/7\/2023\/08\/rostock-port.jpg","type":"image\/jpeg"}],"twitter_card":"summary_large_image","twitter_misc":{"Ber\u00e4knad l\u00e4stid":"2 minuter"},"schema":{"@context":"https:\/\/schema.org","@graph":[{"@type":"WebPage","@id":"https:\/\/rostockgedser.com\/se\/tidtabell\/","url":"https:\/\/rostockgedser.com\/se\/tidtabell\/","name":"F\u00e4rjetidtabell: Gedser Rostock","isPartOf":{"@id":"https:\/\/rostockgedser.com\/se\/#website"},"primaryImageOfPage":{"@id":"https:\/\/rostockgedser.com\/se\/tidtabell\/#primaryimage"},"image":{"@id":"https:\/\/rostockgedser.com\/se\/tidtabell\/#primaryimage"},"thumbnailUrl":"https:\/\/rostockgedser.com\/se\/wp-content\/uploads\/sites\/7\/2023\/08\/rostock-port.jpg","datePublished":"2023-05-11T11:56:09+00:00","dateModified":"2024-03-26T10:42:10+00:00","description":"Kontrollera tidtabellen f\u00f6r f\u00e4rjan Gedser- Rostock p\u00e5 RostockGedser.com - V\u00e5r webbplats ger v\u00e4gledning f\u00f6r att planera resor utan kr\u00e5ngel.","breadcrumb":{"@id":"https:\/\/rostockgedser.com\/se\/tidtabell\/#breadcrumb"},"inLanguage":"sv-SE","potentialAction":[{"@type":"ReadAction","target":["https:\/\/rostockgedser.com\/se\/tidtabell\/"]}]},{"@type":"ImageObject","inLanguage":"sv-SE","@id":"https:\/\/rostockgedser.com\/se\/tidtabell\/#primaryimage","url":"https:\/\/rostockgedser.com\/se\/wp-content\/uploads\/sites\/7\/2023\/08\/rostock-port.jpg","contentUrl":"https:\/\/rostockgedser.com\/se\/wp-content\/uploads\/sites\/7\/2023\/08\/rostock-port.jpg","width":1000,"height":500,"caption":"rostock port"},{"@type":"BreadcrumbList","@id":"https:\/\/rostockgedser.com\/se\/tidtabell\/#breadcrumb","itemListElement":[{"@type":"ListItem","position":1,"name":"Home","item":"https:\/\/rostockgedser.com\/se\/"},{"@type":"ListItem","position":2,"name":"Tidtabell"}]},{"@type":"WebSite","@id":"https:\/\/rostockgedser.com\/se\/#website","url":"https:\/\/rostockgedser.com\/se\/","name":"RostockGedser.com\/se","description":"","publisher":{"@id":"https:\/\/rostockgedser.com\/se\/#organization"},"potentialAction":[{"@type":"SearchAction","target":{"@type":"EntryPoint","urlTemplate":"https:\/\/rostockgedser.com\/se\/?s={search_term_string}"},"query-input":{"@type":"PropertyValueSpecification","valueRequired":true,"valueName":"search_term_string"}}],"inLanguage":"sv-SE"},{"@type":"Organization","@id":"https:\/\/rostockgedser.com\/se\/#organization","name":"RostockGedser.com\/se","url":"https:\/\/rostockgedser.com\/se\/","logo":{"@type":"ImageObject","inLanguage":"sv-SE","@id":"https:\/\/rostockgedser.com\/se\/#\/schema\/logo\/image\/","url":"https:\/\/rostockgedser.com\/se\/wp-content\/uploads\/sites\/7\/2023\/08\/cropped-Rostock-Gedser-favicon.png","contentUrl":"https:\/\/rostockgedser.com\/se\/wp-content\/uploads\/sites\/7\/2023\/08\/cropped-Rostock-Gedser-favicon.png","width":512,"height":512,"caption":"RostockGedser.com\/se"},"image":{"@id":"https:\/\/rostockgedser.com\/se\/#\/schema\/logo\/image\/"}}]}},"_links":{"self":[{"href":"https:\/\/rostockgedser.com\/se\/wp-json\/wp\/v2\/pages\/651","targetHints":{"allow":["GET"]}}],"collection":[{"href":"https:\/\/rostockgedser.com\/se\/wp-json\/wp\/v2\/pages"}],"about":[{"href":"https:\/\/rostockgedser.com\/se\/wp-json\/wp\/v2\/types\/page"}],"author":[{"embeddable":true,"href":"https:\/\/rostockgedser.com\/se\/wp-json\/wp\/v2\/users\/1"}],"replies":[{"embeddable":true,"href":"https:\/\/rostockgedser.com\/se\/wp-json\/wp\/v2\/comments?post=651"}],"version-history":[{"count":19,"href":"https:\/\/rostockgedser.com\/se\/wp-json\/wp\/v2\/pages\/651\/revisions"}],"predecessor-version":[{"id":2232,"href":"https:\/\/rostockgedser.com\/se\/wp-json\/wp\/v2\/pages\/651\/revisions\/2232"}],"wp:featuredmedia":[{"embeddable":true,"href":"https:\/\/rostockgedser.com\/se\/wp-json\/wp\/v2\/media\/1227"}],"wp:attachment":[{"href":"https:\/\/rostockgedser.com\/se\/wp-json\/wp\/v2\/media?parent=651"}],"curies":[{"name":"wp","href":"https:\/\/api.w.org\/{rel}","templated":true}]}}