{"id":567,"date":"2023-05-10T09:56:56","date_gmt":"2023-05-10T09:56:56","guid":{"rendered":"https:\/\/puttgardenrodby.nl\/?page_id=567"},"modified":"2024-03-26T12:05:58","modified_gmt":"2024-03-26T12:05:58","slug":"video","status":"publish","type":"page","link":"https:\/\/rostockgedser.com\/se\/video\/","title":{"rendered":"Video"},"content":{"rendered":"\t\t<div data-elementor-type=\"wp-post\" data-elementor-id=\"567\" class=\"elementor elementor-567\" data-elementor-post-type=\"page\">\n\t\t\t\t\t\t<section class=\"elementor-section elementor-top-section elementor-element elementor-element-4f4cf210 elementor-section-boxed elementor-section-height-default elementor-section-height-default\" data-id=\"4f4cf210\" data-element_type=\"section\" data-e-type=\"section\" data-settings=\"{&quot;background_background&quot;:&quot;gradient&quot;,&quot;sticky&quot;:&quot;top&quot;,&quot;sticky_on&quot;:[&quot;desktop&quot;,&quot;tablet&quot;,&quot;mobile&quot;],&quot;sticky_offset&quot;:0,&quot;sticky_effects_offset&quot;:0,&quot;sticky_anchor_link_offset&quot;:0}\">\n\t\t\t\t\t\t<div class=\"elementor-container elementor-column-gap-default\">\n\t\t\t\t\t<div class=\"elementor-column elementor-col-50 elementor-top-column elementor-element elementor-element-7440240b\" data-id=\"7440240b\" data-element_type=\"column\" data-e-type=\"column\">\n\t\t\t<div class=\"elementor-widget-wrap elementor-element-populated\">\n\t\t\t\t\t\t<div class=\"elementor-element elementor-element-7b5718ad elementor-widget elementor-widget-breadcrumbs\" data-id=\"7b5718ad\" data-element_type=\"widget\" data-e-type=\"widget\" data-widget_type=\"breadcrumbs.default\">\n\t\t\t\t<div class=\"elementor-widget-container\">\n\t\t\t\t\t<p id=\"breadcrumbs\"><span><span><a href=\"https:\/\/rostockgedser.com\/se\/\">Home<\/a><\/span><\/span><\/p>\t\t\t\t<\/div>\n\t\t\t\t<\/div>\n\t\t\t\t\t<\/div>\n\t\t<\/div>\n\t\t\t\t<div class=\"elementor-column elementor-col-50 elementor-top-column elementor-element elementor-element-1175b4d4\" data-id=\"1175b4d4\" data-element_type=\"column\" data-e-type=\"column\">\n\t\t\t<div class=\"elementor-widget-wrap elementor-element-populated\">\n\t\t\t\t\t\t<div class=\"elementor-element elementor-element-76df88aa elementor-align-right elementor-mobile-align-center elementor-widget elementor-widget-button\" data-id=\"76df88aa\" data-element_type=\"widget\" data-e-type=\"widget\" data-settings=\"{&quot;sticky&quot;:&quot;top&quot;,&quot;sticky_on&quot;:[&quot;mobile&quot;],&quot;sticky_offset&quot;:8,&quot;sticky_effects_offset_mobile&quot;:0,&quot;_animation_mobile&quot;:&quot;fadeIn&quot;,&quot;sticky_effects_offset&quot;:0,&quot;sticky_anchor_link_offset&quot;:0}\" data-widget_type=\"button.default\">\n\t\t\t\t<div class=\"elementor-widget-container\">\n\t\t\t\t\t\t\t\t\t<div class=\"elementor-button-wrapper\">\n\t\t\t\t\t<a class=\"elementor-button elementor-button-link elementor-size-md elementor-animation-shrink\" href=\"https:\/\/rostockgedser.com\/se\/go\/button-home\" target=\"_blank\">\n\t\t\t\t\t\t<span class=\"elementor-button-content-wrapper\">\n\t\t\t\t\t\t<span class=\"elementor-button-icon\">\n\t\t\t\t<svg aria-hidden=\"true\" class=\"e-font-icon-svg e-far-arrow-alt-circle-right\" viewBox=\"0 0 512 512\" xmlns=\"http:\/\/www.w3.org\/2000\/svg\"><path d=\"M504 256C504 119 393 8 256 8S8 119 8 256s111 248 248 248 248-111 248-248zm-448 0c0-110.5 89.5-200 200-200s200 89.5 200 200-89.5 200-200 200S56 366.5 56 256zm72 20v-40c0-6.6 5.4-12 12-12h116v-67c0-10.7 12.9-16 20.5-8.5l99 99c4.7 4.7 4.7 12.3 0 17l-99 99c-7.6 7.6-20.5 2.2-20.5-8.5v-67H140c-6.6 0-12-5.4-12-12z\"><\/path><\/svg>\t\t\t<\/span>\n\t\t\t\t\t\t\t\t\t<span class=\"elementor-button-text\">Priser och biljetter<\/span>\n\t\t\t\t\t<\/span>\n\t\t\t\t\t<\/a>\n\t\t\t\t<\/div>\n\t\t\t\t\t\t\t\t<\/div>\n\t\t\t\t<\/div>\n\t\t\t\t\t<\/div>\n\t\t<\/div>\n\t\t\t\t\t<\/div>\n\t\t<\/section>\n\t\t\t\t<section class=\"elementor-section elementor-top-section elementor-element elementor-element-348d881 elementor-section-boxed elementor-section-height-default elementor-section-height-default\" data-id=\"348d881\" data-element_type=\"section\" data-e-type=\"section\">\n\t\t\t\t\t\t\t<div class=\"elementor-background-overlay\"><\/div>\n\t\t\t\t\t\t\t<div class=\"elementor-container elementor-column-gap-default\">\n\t\t\t\t\t<div class=\"elementor-column elementor-col-100 elementor-top-column elementor-element elementor-element-2e117c7\" data-id=\"2e117c7\" data-element_type=\"column\" data-e-type=\"column\">\n\t\t\t<div class=\"elementor-widget-wrap elementor-element-populated\">\n\t\t\t\t\t\t<div class=\"elementor-element elementor-element-18585c6 elementor-widget elementor-widget-heading\" data-id=\"18585c6\" data-element_type=\"widget\" data-e-type=\"widget\" data-widget_type=\"heading.default\">\n\t\t\t\t<div class=\"elementor-widget-container\">\n\t\t\t\t\t<h1 class=\"elementor-heading-title elementor-size-default\">Videor om f\u00e4rjan fr\u00e5n Gedser till Rostock<\/h1>\t\t\t\t<\/div>\n\t\t\t\t<\/div>\n\t\t\t\t<div class=\"elementor-element elementor-element-b6e93b9 elementor-widget elementor-widget-text-editor\" data-id=\"b6e93b9\" data-element_type=\"widget\" data-e-type=\"widget\" data-widget_type=\"text-editor.default\">\n\t\t\t\t<div class=\"elementor-widget-container\">\n\t\t\t\t\t\t\t\t\t<p>Nyfiken p\u00e5 vad du kan f\u00f6rv\u00e4nta dig?\u00a0<\/p>\t\t\t\t\t\t\t\t<\/div>\n\t\t\t\t<\/div>\n\t\t\t\t<div class=\"elementor-element elementor-element-02210a7 elementor-widget elementor-widget-text-editor\" data-id=\"02210a7\" data-element_type=\"widget\" data-e-type=\"widget\" data-widget_type=\"text-editor.default\">\n\t\t\t\t<div class=\"elementor-widget-container\">\n\t\t\t\t\t\t\t\t\t<p>Vi har samlat n\u00e5gra videor d\u00e4r m\u00e4nniskor reser med f\u00e4rjorna. Dessa videor ger en f\u00f6rhandsvisning av vad resen\u00e4rer kan f\u00f6rv\u00e4nta sig under denna \u00f6verfart. S\u00e4rskilt anv\u00e4ndbart om du vill kolla vad du kan hitta p\u00e5 f\u00e4rjan, som baren\/matst\u00e4llet, osv.<br \/><br \/>En bra \u00f6versikt \u00f6ver <a href=\"https:\/\/rostockgedser.com\/se\/vader\/\">v\u00e4dret<\/a> p\u00e5 denna f\u00e4rjev\u00e4g<\/p>\t\t\t\t\t\t\t\t<\/div>\n\t\t\t\t<\/div>\n\t\t\t\t\t<\/div>\n\t\t<\/div>\n\t\t\t\t\t<\/div>\n\t\t<\/section>\n\t\t\t\t<section class=\"elementor-section elementor-top-section elementor-element elementor-element-e8d5bd0 elementor-section-boxed elementor-section-height-default elementor-section-height-default\" data-id=\"e8d5bd0\" data-element_type=\"section\" data-e-type=\"section\">\n\t\t\t\t\t\t<div class=\"elementor-container elementor-column-gap-default\">\n\t\t\t\t\t<div class=\"elementor-column elementor-col-50 elementor-top-column elementor-element elementor-element-590b9ae\" data-id=\"590b9ae\" data-element_type=\"column\" data-e-type=\"column\">\n\t\t\t<div class=\"elementor-widget-wrap elementor-element-populated\">\n\t\t\t\t\t\t<div class=\"elementor-element elementor-element-c448d51 elementor-widget elementor-widget-heading\" data-id=\"c448d51\" data-element_type=\"widget\" data-e-type=\"widget\" data-widget_type=\"heading.default\">\n\t\t\t\t<div class=\"elementor-widget-container\">\n\t\t\t\t\t<h4 class=\"elementor-heading-title elementor-size-default\">Video 1<\/h4>\t\t\t\t<\/div>\n\t\t\t\t<\/div>\n\t\t\t\t<div class=\"elementor-element elementor-element-3d6085d elementor-widget elementor-widget-text-editor\" data-id=\"3d6085d\" data-element_type=\"widget\" data-e-type=\"widget\" data-widget_type=\"text-editor.default\">\n\t\t\t\t<div class=\"elementor-widget-container\">\n\t\t\t\t\t\t\t\t\t<p>Hybridf\u00e4rjorna Berlin &amp; Copenhagen. (<a href=\"https:\/\/rostockgedser.com\/se\/\">Gedser &#8211; Rostock)<\/a><\/p>\t\t\t\t\t\t\t\t<\/div>\n\t\t\t\t<\/div>\n\t\t\t\t<div class=\"elementor-element elementor-element-ff9e5a6 elementor-widget elementor-widget-video\" data-id=\"ff9e5a6\" data-element_type=\"widget\" data-e-type=\"widget\" data-settings=\"{&quot;youtube_url&quot;:&quot;https:\\\/\\\/www.youtube.com\\\/watch?v=8zCMiZIx36E&quot;,&quot;video_type&quot;:&quot;youtube&quot;,&quot;controls&quot;:&quot;yes&quot;}\" data-widget_type=\"video.default\">\n\t\t\t\t<div class=\"elementor-widget-container\">\n\t\t\t\t\t\t\t<div class=\"elementor-wrapper elementor-open-inline\">\n\t\t\t<div class=\"elementor-video\"><\/div>\t\t<\/div>\n\t\t\t\t\t\t<\/div>\n\t\t\t\t<\/div>\n\t\t\t\t\t<\/div>\n\t\t<\/div>\n\t\t\t\t<div class=\"elementor-column elementor-col-50 elementor-top-column elementor-element elementor-element-f865df3\" data-id=\"f865df3\" data-element_type=\"column\" data-e-type=\"column\">\n\t\t\t<div class=\"elementor-widget-wrap elementor-element-populated\">\n\t\t\t\t\t\t<div class=\"elementor-element elementor-element-c975e79 elementor-widget elementor-widget-heading\" data-id=\"c975e79\" data-element_type=\"widget\" data-e-type=\"widget\" data-widget_type=\"heading.default\">\n\t\t\t\t<div class=\"elementor-widget-container\">\n\t\t\t\t\t<h4 class=\"elementor-heading-title elementor-size-default\">Video 2<\/h4>\t\t\t\t<\/div>\n\t\t\t\t<\/div>\n\t\t\t\t<div class=\"elementor-element elementor-element-426605d elementor-widget elementor-widget-text-editor\" data-id=\"426605d\" data-element_type=\"widget\" data-e-type=\"widget\" data-widget_type=\"text-editor.default\">\n\t\t\t\t<div class=\"elementor-widget-container\">\n\t\t\t\t\t\t\t\t\t<p>Anv\u00e4ndarvideo av f\u00e4rjekorsningen Rostock &#8211; Gedser<\/p>\t\t\t\t\t\t\t\t<\/div>\n\t\t\t\t<\/div>\n\t\t\t\t<div class=\"elementor-element elementor-element-9a6c7a0 elementor-widget elementor-widget-video\" data-id=\"9a6c7a0\" data-element_type=\"widget\" data-e-type=\"widget\" data-settings=\"{&quot;youtube_url&quot;:&quot;https:\\\/\\\/www.youtube.com\\\/watch?v=yuByoUE_Kk0&quot;,&quot;video_type&quot;:&quot;youtube&quot;,&quot;controls&quot;:&quot;yes&quot;}\" data-widget_type=\"video.default\">\n\t\t\t\t<div class=\"elementor-widget-container\">\n\t\t\t\t\t\t\t<div class=\"elementor-wrapper elementor-open-inline\">\n\t\t\t<div class=\"elementor-video\"><\/div>\t\t<\/div>\n\t\t\t\t\t\t<\/div>\n\t\t\t\t<\/div>\n\t\t\t\t\t<\/div>\n\t\t<\/div>\n\t\t\t\t\t<\/div>\n\t\t<\/section>\n\t\t\t\t<section class=\"elementor-section elementor-top-section elementor-element elementor-element-5910dba elementor-section-boxed elementor-section-height-default elementor-section-height-default\" data-id=\"5910dba\" data-element_type=\"section\" data-e-type=\"section\">\n\t\t\t\t\t\t<div class=\"elementor-container elementor-column-gap-default\">\n\t\t\t\t\t<div class=\"elementor-column elementor-col-100 elementor-top-column elementor-element elementor-element-185f5ed\" data-id=\"185f5ed\" data-element_type=\"column\" data-e-type=\"column\">\n\t\t\t<div class=\"elementor-widget-wrap elementor-element-populated\">\n\t\t\t\t\t\t<div class=\"elementor-element elementor-element-1f7a6b2 elementor-widget elementor-widget-heading\" data-id=\"1f7a6b2\" data-element_type=\"widget\" data-e-type=\"widget\" data-widget_type=\"heading.default\">\n\t\t\t\t<div class=\"elementor-widget-container\">\n\t\t\t\t\t<h2 class=\"elementor-heading-title elementor-size-default\">Andra sidor<br><\/h2>\t\t\t\t<\/div>\n\t\t\t\t<\/div>\n\t\t\t\t<div class=\"elementor-element elementor-element-38b78fa elementor-widget elementor-widget-text-editor\" data-id=\"38b78fa\" data-element_type=\"widget\" data-e-type=\"widget\" data-widget_type=\"text-editor.default\">\n\t\t\t\t<div class=\"elementor-widget-container\">\n\t\t\t\t\t\t\t\t\t<p>Sidor som kan vara till hj\u00e4lp om du vill anv\u00e4nda Rostockhamnen och f\u00e4rja vidare till Gedser.<\/p>\t\t\t\t\t\t\t\t<\/div>\n\t\t\t\t<\/div>\n\t\t\t\t\t<\/div>\n\t\t<\/div>\n\t\t\t\t\t<\/div>\n\t\t<\/section>\n\t\t\t\t<section class=\"elementor-section elementor-top-section elementor-element elementor-element-5ef4debf elementor-section-boxed elementor-section-height-default elementor-section-height-default\" data-id=\"5ef4debf\" data-element_type=\"section\" data-e-type=\"section\">\n\t\t\t\t\t\t<div class=\"elementor-container elementor-column-gap-default\">\n\t\t\t\t\t<div class=\"elementor-column elementor-col-33 elementor-top-column elementor-element elementor-element-4d1af9e5\" data-id=\"4d1af9e5\" data-element_type=\"column\" data-e-type=\"column\">\n\t\t\t<div class=\"elementor-widget-wrap elementor-element-populated\">\n\t\t\t\t\t\t<div class=\"elementor-element elementor-element-684f836d elementor-cta--skin-cover elementor-cta--valign-bottom elementor-animated-content elementor-bg-transform elementor-bg-transform-zoom-in elementor-widget elementor-widget-call-to-action\" data-id=\"684f836d\" data-element_type=\"widget\" data-e-type=\"widget\" data-widget_type=\"call-to-action.default\">\n\t\t\t\t<div class=\"elementor-widget-container\">\n\t\t\t\t\t\t\t<a class=\"elementor-cta\" href=\"https:\/\/rostockgedser.com\/se\/vader\/\">\n\t\t\t\t\t<div class=\"elementor-cta__bg-wrapper\">\n\t\t\t\t<div class=\"elementor-cta__bg elementor-bg\" style=\"background-image: url(https:\/\/rostockgedser.com\/se\/wp-content\/uploads\/sites\/7\/2023\/05\/weer-puttgarden-rodby.jpg);\" role=\"img\" aria-label=\"weer puttgarden rodby\"><\/div>\n\t\t\t\t<div class=\"elementor-cta__bg-overlay\"><\/div>\n\t\t\t<\/div>\n\t\t\t\t\t\t\t<div class=\"elementor-cta__content\">\n\t\t\t\t\n\t\t\t\t\t\t\t\t\t<h3 class=\"elementor-cta__title elementor-cta__content-item elementor-content-item elementor-animated-item--grow\">\n\t\t\t\t\t\tAktuellt v\u00e4der och v\u00e5gor p\u00e5 f\u00e4rjerutten\t\t\t\t\t<\/h3>\n\t\t\t\t\n\t\t\t\t\n\t\t\t\t\t\t\t<\/div>\n\t\t\t\t\t\t<\/a>\n\t\t\t\t\t\t<\/div>\n\t\t\t\t<\/div>\n\t\t\t\t\t<\/div>\n\t\t<\/div>\n\t\t\t\t<div class=\"elementor-column elementor-col-33 elementor-top-column elementor-element elementor-element-1e238476\" data-id=\"1e238476\" data-element_type=\"column\" data-e-type=\"column\">\n\t\t\t<div class=\"elementor-widget-wrap elementor-element-populated\">\n\t\t\t\t\t\t<div class=\"elementor-element elementor-element-73996a36 elementor-cta--skin-cover elementor-cta--valign-bottom elementor-animated-content elementor-bg-transform elementor-bg-transform-zoom-in elementor-widget elementor-widget-call-to-action\" data-id=\"73996a36\" data-element_type=\"widget\" data-e-type=\"widget\" data-widget_type=\"call-to-action.default\">\n\t\t\t\t<div class=\"elementor-widget-container\">\n\t\t\t\t\t\t\t<a class=\"elementor-cta\" href=\"https:\/\/rostockgedser.com\/se\/farjepriser\/\">\n\t\t\t\t\t<div class=\"elementor-cta__bg-wrapper\">\n\t\t\t\t<div class=\"elementor-cta__bg elementor-bg\" style=\"background-image: url(https:\/\/rostockgedser.com\/se\/wp-content\/uploads\/sites\/7\/2024\/03\/screenshot-scandlines-se-1024x681.jpg);\" role=\"img\" aria-label=\"screenshot scandlines se\"><\/div>\n\t\t\t\t<div class=\"elementor-cta__bg-overlay\"><\/div>\n\t\t\t<\/div>\n\t\t\t\t\t\t\t<div class=\"elementor-cta__content\">\n\t\t\t\t\n\t\t\t\t\t\t\t\t\t<h3 class=\"elementor-cta__title elementor-cta__content-item elementor-content-item elementor-animated-item--grow\">\n\t\t\t\t\t\t10 Reasons to visit Sj\u00e6lland\t\t\t\t\t<\/h3>\n\t\t\t\t\n\t\t\t\t\n\t\t\t\t\t\t\t<\/div>\n\t\t\t\t\t\t\t<div class=\"elementor-ribbon\">\n\t\t\t\t<div class=\"elementor-ribbon-inner\">\n\t\t\t\t\t Popul\u00e4rt\t\t\t\t<\/div>\n\t\t\t<\/div>\n\t\t\t\t<\/a>\n\t\t\t\t\t\t<\/div>\n\t\t\t\t<\/div>\n\t\t\t\t\t<\/div>\n\t\t<\/div>\n\t\t\t\t<div class=\"elementor-column elementor-col-33 elementor-top-column elementor-element elementor-element-7902a4e7\" data-id=\"7902a4e7\" data-element_type=\"column\" data-e-type=\"column\">\n\t\t\t<div class=\"elementor-widget-wrap elementor-element-populated\">\n\t\t\t\t\t\t<div class=\"elementor-element elementor-element-5c237c9e elementor-cta--skin-cover elementor-cta--valign-bottom elementor-animated-content elementor-bg-transform elementor-bg-transform-zoom-in elementor-widget elementor-widget-call-to-action\" data-id=\"5c237c9e\" data-element_type=\"widget\" data-e-type=\"widget\" data-widget_type=\"call-to-action.default\">\n\t\t\t\t<div class=\"elementor-widget-container\">\n\t\t\t\t\t\t\t<a class=\"elementor-cta\" href=\"https:\/\/rostockgedser.com\/se\/farja-till-berlin\/\">\n\t\t\t\t\t<div class=\"elementor-cta__bg-wrapper\">\n\t\t\t\t<div class=\"elementor-cta__bg elementor-bg\" style=\"background-image: url(https:\/\/rostockgedser.com\/se\/wp-content\/uploads\/sites\/7\/2024\/03\/Berlin.jpg);\" role=\"img\" aria-label=\"Gedser - Berlin\"><\/div>\n\t\t\t\t<div class=\"elementor-cta__bg-overlay\"><\/div>\n\t\t\t<\/div>\n\t\t\t\t\t\t\t<div class=\"elementor-cta__content\">\n\t\t\t\t\n\t\t\t\t\t\t\t\t\t<h3 class=\"elementor-cta__title elementor-cta__content-item elementor-content-item elementor-animated-item--grow\">\n\t\t\t\t\t\tF\u00e4rja till Berlin\t\t\t\t\t<\/h3>\n\t\t\t\t\n\t\t\t\t\n\t\t\t\t\t\t\t<\/div>\n\t\t\t\t\t\t<\/a>\n\t\t\t\t\t\t<\/div>\n\t\t\t\t<\/div>\n\t\t\t\t\t<\/div>\n\t\t<\/div>\n\t\t\t\t\t<\/div>\n\t\t<\/section>\n\t\t\t\t<\/div>\n\t\t","protected":false},"excerpt":{"rendered":"<p>Priser och biljetter Videor om f\u00e4rjan fr\u00e5n Gedser till Rostock Nyfiken p\u00e5 vad du kan f\u00f6rv\u00e4nta dig?\u00a0 Vi har samlat n\u00e5gra videor d\u00e4r m\u00e4nniskor reser med f\u00e4rjorna. Dessa videor ger en f\u00f6rhandsvisning av vad resen\u00e4rer kan f\u00f6rv\u00e4nta sig under denna \u00f6verfart. S\u00e4rskilt anv\u00e4ndbart om du vill kolla vad du kan hitta p\u00e5 f\u00e4rjan, som baren\/matst\u00e4llet, [&hellip;]<\/p>\n","protected":false},"author":1,"featured_media":583,"parent":0,"menu_order":0,"comment_status":"closed","ping_status":"closed","template":"elementor_header_footer","meta":{"footnotes":""},"class_list":["post-567","page","type-page","status-publish","has-post-thumbnail","hentry"],"yoast_head":"<!-- This site is optimized with the Yoast SEO plugin v27.2 - https:\/\/yoast.com\/product\/yoast-seo-wordpress\/ -->\n<title>Anv\u00e4ndarvideos: F\u00e4rjan Gedser-Rostock<\/title>\n<meta name=\"description\" content=\"Titta p\u00e5 anv\u00e4ndarvideor av f\u00e4rjeresan fr\u00e5n Gedser till Rostock. F\u00e5 insikter och tips f\u00f6r en smidig resa fr\u00e5n Gedser till Rostock .\" \/>\n<meta name=\"robots\" content=\"index, follow, max-snippet:-1, max-image-preview:large, max-video-preview:-1\" \/>\n<link rel=\"canonical\" href=\"https:\/\/rostockgedser.com\/se\/video\/\" \/>\n<meta property=\"og:locale\" content=\"sv_SE\" \/>\n<meta property=\"og:type\" content=\"article\" \/>\n<meta property=\"og:title\" content=\"Anv\u00e4ndarvideos: F\u00e4rjan Gedser-Rostock\" \/>\n<meta property=\"og:description\" content=\"Titta p\u00e5 anv\u00e4ndarvideor av f\u00e4rjeresan fr\u00e5n Gedser till Rostock. F\u00e5 insikter och tips f\u00f6r en smidig resa fr\u00e5n Gedser till Rostock .\" \/>\n<meta property=\"og:url\" content=\"https:\/\/rostockgedser.com\/se\/video\/\" \/>\n<meta property=\"og:site_name\" content=\"RostockGedser.com\/se\" \/>\n<meta property=\"article:modified_time\" content=\"2024-03-26T12:05:58+00:00\" \/>\n<meta property=\"og:image\" content=\"http:\/\/rostockgedser.com\/se\/wp-content\/uploads\/sites\/7\/2023\/05\/video-1.jpg\" \/>\n\t<meta property=\"og:image:width\" content=\"400\" \/>\n\t<meta property=\"og:image:height\" content=\"400\" \/>\n\t<meta property=\"og:image:type\" content=\"image\/jpeg\" \/>\n<meta name=\"twitter:card\" content=\"summary_large_image\" \/>\n<meta name=\"twitter:label1\" content=\"Ber\u00e4knad l\u00e4stid\" \/>\n\t<meta name=\"twitter:data1\" content=\"1 minut\" \/>\n<script type=\"application\/ld+json\" class=\"yoast-schema-graph\">{\"@context\":\"https:\/\/schema.org\",\"@graph\":[{\"@type\":\"WebPage\",\"@id\":\"https:\/\/rostockgedser.com\/se\/video\/\",\"url\":\"https:\/\/rostockgedser.com\/se\/video\/\",\"name\":\"Anv\u00e4ndarvideos: F\u00e4rjan Gedser-Rostock\",\"isPartOf\":{\"@id\":\"https:\/\/rostockgedser.com\/se\/#website\"},\"primaryImageOfPage\":{\"@id\":\"https:\/\/rostockgedser.com\/se\/video\/#primaryimage\"},\"image\":{\"@id\":\"https:\/\/rostockgedser.com\/se\/video\/#primaryimage\"},\"thumbnailUrl\":\"https:\/\/rostockgedser.com\/se\/wp-content\/uploads\/sites\/7\/2023\/05\/video-1.jpg\",\"datePublished\":\"2023-05-10T09:56:56+00:00\",\"dateModified\":\"2024-03-26T12:05:58+00:00\",\"description\":\"Titta p\u00e5 anv\u00e4ndarvideor av f\u00e4rjeresan fr\u00e5n Gedser till Rostock. F\u00e5 insikter och tips f\u00f6r en smidig resa fr\u00e5n Gedser till Rostock .\",\"breadcrumb\":{\"@id\":\"https:\/\/rostockgedser.com\/se\/video\/#breadcrumb\"},\"inLanguage\":\"sv-SE\",\"potentialAction\":[{\"@type\":\"ReadAction\",\"target\":[\"https:\/\/rostockgedser.com\/se\/video\/\"]}]},{\"@type\":\"ImageObject\",\"inLanguage\":\"sv-SE\",\"@id\":\"https:\/\/rostockgedser.com\/se\/video\/#primaryimage\",\"url\":\"https:\/\/rostockgedser.com\/se\/wp-content\/uploads\/sites\/7\/2023\/05\/video-1.jpg\",\"contentUrl\":\"https:\/\/rostockgedser.com\/se\/wp-content\/uploads\/sites\/7\/2023\/05\/video-1.jpg\",\"width\":400,\"height\":400,\"caption\":\"video\"},{\"@type\":\"BreadcrumbList\",\"@id\":\"https:\/\/rostockgedser.com\/se\/video\/#breadcrumb\",\"itemListElement\":[{\"@type\":\"ListItem\",\"position\":1,\"name\":\"Home\",\"item\":\"https:\/\/rostockgedser.com\/se\/\"},{\"@type\":\"ListItem\",\"position\":2,\"name\":\"Video\"}]},{\"@type\":\"WebSite\",\"@id\":\"https:\/\/rostockgedser.com\/se\/#website\",\"url\":\"https:\/\/rostockgedser.com\/se\/\",\"name\":\"RostockGedser.com\/se\",\"description\":\"\",\"publisher\":{\"@id\":\"https:\/\/rostockgedser.com\/se\/#organization\"},\"potentialAction\":[{\"@type\":\"SearchAction\",\"target\":{\"@type\":\"EntryPoint\",\"urlTemplate\":\"https:\/\/rostockgedser.com\/se\/?s={search_term_string}\"},\"query-input\":{\"@type\":\"PropertyValueSpecification\",\"valueRequired\":true,\"valueName\":\"search_term_string\"}}],\"inLanguage\":\"sv-SE\"},{\"@type\":\"Organization\",\"@id\":\"https:\/\/rostockgedser.com\/se\/#organization\",\"name\":\"RostockGedser.com\/se\",\"url\":\"https:\/\/rostockgedser.com\/se\/\",\"logo\":{\"@type\":\"ImageObject\",\"inLanguage\":\"sv-SE\",\"@id\":\"https:\/\/rostockgedser.com\/se\/#\/schema\/logo\/image\/\",\"url\":\"https:\/\/rostockgedser.com\/se\/wp-content\/uploads\/sites\/7\/2023\/08\/cropped-Rostock-Gedser-favicon.png\",\"contentUrl\":\"https:\/\/rostockgedser.com\/se\/wp-content\/uploads\/sites\/7\/2023\/08\/cropped-Rostock-Gedser-favicon.png\",\"width\":512,\"height\":512,\"caption\":\"RostockGedser.com\/se\"},\"image\":{\"@id\":\"https:\/\/rostockgedser.com\/se\/#\/schema\/logo\/image\/\"}}]}<\/script>\n<!-- \/ Yoast SEO plugin. -->","yoast_head_json":{"title":"Anv\u00e4ndarvideos: F\u00e4rjan Gedser-Rostock","description":"Titta p\u00e5 anv\u00e4ndarvideor av f\u00e4rjeresan fr\u00e5n Gedser till Rostock. F\u00e5 insikter och tips f\u00f6r en smidig resa fr\u00e5n Gedser till Rostock .","robots":{"index":"index","follow":"follow","max-snippet":"max-snippet:-1","max-image-preview":"max-image-preview:large","max-video-preview":"max-video-preview:-1"},"canonical":"https:\/\/rostockgedser.com\/se\/video\/","og_locale":"sv_SE","og_type":"article","og_title":"Anv\u00e4ndarvideos: F\u00e4rjan Gedser-Rostock","og_description":"Titta p\u00e5 anv\u00e4ndarvideor av f\u00e4rjeresan fr\u00e5n Gedser till Rostock. F\u00e5 insikter och tips f\u00f6r en smidig resa fr\u00e5n Gedser till Rostock .","og_url":"https:\/\/rostockgedser.com\/se\/video\/","og_site_name":"RostockGedser.com\/se","article_modified_time":"2024-03-26T12:05:58+00:00","og_image":[{"width":400,"height":400,"url":"http:\/\/rostockgedser.com\/se\/wp-content\/uploads\/sites\/7\/2023\/05\/video-1.jpg","type":"image\/jpeg"}],"twitter_card":"summary_large_image","twitter_misc":{"Ber\u00e4knad l\u00e4stid":"1 minut"},"schema":{"@context":"https:\/\/schema.org","@graph":[{"@type":"WebPage","@id":"https:\/\/rostockgedser.com\/se\/video\/","url":"https:\/\/rostockgedser.com\/se\/video\/","name":"Anv\u00e4ndarvideos: F\u00e4rjan Gedser-Rostock","isPartOf":{"@id":"https:\/\/rostockgedser.com\/se\/#website"},"primaryImageOfPage":{"@id":"https:\/\/rostockgedser.com\/se\/video\/#primaryimage"},"image":{"@id":"https:\/\/rostockgedser.com\/se\/video\/#primaryimage"},"thumbnailUrl":"https:\/\/rostockgedser.com\/se\/wp-content\/uploads\/sites\/7\/2023\/05\/video-1.jpg","datePublished":"2023-05-10T09:56:56+00:00","dateModified":"2024-03-26T12:05:58+00:00","description":"Titta p\u00e5 anv\u00e4ndarvideor av f\u00e4rjeresan fr\u00e5n Gedser till Rostock. F\u00e5 insikter och tips f\u00f6r en smidig resa fr\u00e5n Gedser till Rostock .","breadcrumb":{"@id":"https:\/\/rostockgedser.com\/se\/video\/#breadcrumb"},"inLanguage":"sv-SE","potentialAction":[{"@type":"ReadAction","target":["https:\/\/rostockgedser.com\/se\/video\/"]}]},{"@type":"ImageObject","inLanguage":"sv-SE","@id":"https:\/\/rostockgedser.com\/se\/video\/#primaryimage","url":"https:\/\/rostockgedser.com\/se\/wp-content\/uploads\/sites\/7\/2023\/05\/video-1.jpg","contentUrl":"https:\/\/rostockgedser.com\/se\/wp-content\/uploads\/sites\/7\/2023\/05\/video-1.jpg","width":400,"height":400,"caption":"video"},{"@type":"BreadcrumbList","@id":"https:\/\/rostockgedser.com\/se\/video\/#breadcrumb","itemListElement":[{"@type":"ListItem","position":1,"name":"Home","item":"https:\/\/rostockgedser.com\/se\/"},{"@type":"ListItem","position":2,"name":"Video"}]},{"@type":"WebSite","@id":"https:\/\/rostockgedser.com\/se\/#website","url":"https:\/\/rostockgedser.com\/se\/","name":"RostockGedser.com\/se","description":"","publisher":{"@id":"https:\/\/rostockgedser.com\/se\/#organization"},"potentialAction":[{"@type":"SearchAction","target":{"@type":"EntryPoint","urlTemplate":"https:\/\/rostockgedser.com\/se\/?s={search_term_string}"},"query-input":{"@type":"PropertyValueSpecification","valueRequired":true,"valueName":"search_term_string"}}],"inLanguage":"sv-SE"},{"@type":"Organization","@id":"https:\/\/rostockgedser.com\/se\/#organization","name":"RostockGedser.com\/se","url":"https:\/\/rostockgedser.com\/se\/","logo":{"@type":"ImageObject","inLanguage":"sv-SE","@id":"https:\/\/rostockgedser.com\/se\/#\/schema\/logo\/image\/","url":"https:\/\/rostockgedser.com\/se\/wp-content\/uploads\/sites\/7\/2023\/08\/cropped-Rostock-Gedser-favicon.png","contentUrl":"https:\/\/rostockgedser.com\/se\/wp-content\/uploads\/sites\/7\/2023\/08\/cropped-Rostock-Gedser-favicon.png","width":512,"height":512,"caption":"RostockGedser.com\/se"},"image":{"@id":"https:\/\/rostockgedser.com\/se\/#\/schema\/logo\/image\/"}}]}},"_links":{"self":[{"href":"https:\/\/rostockgedser.com\/se\/wp-json\/wp\/v2\/pages\/567","targetHints":{"allow":["GET"]}}],"collection":[{"href":"https:\/\/rostockgedser.com\/se\/wp-json\/wp\/v2\/pages"}],"about":[{"href":"https:\/\/rostockgedser.com\/se\/wp-json\/wp\/v2\/types\/page"}],"author":[{"embeddable":true,"href":"https:\/\/rostockgedser.com\/se\/wp-json\/wp\/v2\/users\/1"}],"replies":[{"embeddable":true,"href":"https:\/\/rostockgedser.com\/se\/wp-json\/wp\/v2\/comments?post=567"}],"version-history":[{"count":10,"href":"https:\/\/rostockgedser.com\/se\/wp-json\/wp\/v2\/pages\/567\/revisions"}],"predecessor-version":[{"id":2251,"href":"https:\/\/rostockgedser.com\/se\/wp-json\/wp\/v2\/pages\/567\/revisions\/2251"}],"wp:featuredmedia":[{"embeddable":true,"href":"https:\/\/rostockgedser.com\/se\/wp-json\/wp\/v2\/media\/583"}],"wp:attachment":[{"href":"https:\/\/rostockgedser.com\/se\/wp-json\/wp\/v2\/media?parent=567"}],"curies":[{"name":"wp","href":"https:\/\/api.w.org\/{rel}","templated":true}]}}