{"id":537,"date":"2023-05-10T09:25:55","date_gmt":"2023-05-10T09:25:55","guid":{"rendered":"https:\/\/puttgardenrodby.nl\/?page_id=537"},"modified":"2024-03-26T12:11:39","modified_gmt":"2024-03-26T12:11:39","slug":"vader","status":"publish","type":"page","link":"https:\/\/rostockgedser.com\/se\/vader\/","title":{"rendered":"V\u00e4der"},"content":{"rendered":"\t\t<div data-elementor-type=\"wp-post\" data-elementor-id=\"537\" class=\"elementor elementor-537\" data-elementor-post-type=\"page\">\n\t\t\t\t\t\t<section class=\"elementor-section elementor-top-section elementor-element elementor-element-430b3189 elementor-section-boxed elementor-section-height-default elementor-section-height-default\" data-id=\"430b3189\" data-element_type=\"section\" data-e-type=\"section\" data-settings=\"{&quot;background_background&quot;:&quot;gradient&quot;,&quot;sticky&quot;:&quot;top&quot;,&quot;sticky_on&quot;:[&quot;desktop&quot;,&quot;tablet&quot;,&quot;mobile&quot;],&quot;sticky_offset&quot;:0,&quot;sticky_effects_offset&quot;:0,&quot;sticky_anchor_link_offset&quot;:0}\">\n\t\t\t\t\t\t<div class=\"elementor-container elementor-column-gap-default\">\n\t\t\t\t\t<div class=\"elementor-column elementor-col-50 elementor-top-column elementor-element elementor-element-10ffd0a2\" data-id=\"10ffd0a2\" data-element_type=\"column\" data-e-type=\"column\">\n\t\t\t<div class=\"elementor-widget-wrap elementor-element-populated\">\n\t\t\t\t\t\t<div class=\"elementor-element elementor-element-9845e53 elementor-widget elementor-widget-breadcrumbs\" data-id=\"9845e53\" data-element_type=\"widget\" data-e-type=\"widget\" data-widget_type=\"breadcrumbs.default\">\n\t\t\t\t<div class=\"elementor-widget-container\">\n\t\t\t\t\t<p id=\"breadcrumbs\"><span><span><a href=\"https:\/\/rostockgedser.com\/se\/\">Home<\/a><\/span><\/span><\/p>\t\t\t\t<\/div>\n\t\t\t\t<\/div>\n\t\t\t\t\t<\/div>\n\t\t<\/div>\n\t\t\t\t<div class=\"elementor-column elementor-col-50 elementor-top-column elementor-element elementor-element-476be2e2\" data-id=\"476be2e2\" data-element_type=\"column\" data-e-type=\"column\">\n\t\t\t<div class=\"elementor-widget-wrap elementor-element-populated\">\n\t\t\t\t\t\t<div class=\"elementor-element elementor-element-10f67238 elementor-align-right elementor-mobile-align-center elementor-widget elementor-widget-button\" data-id=\"10f67238\" data-element_type=\"widget\" data-e-type=\"widget\" data-settings=\"{&quot;sticky&quot;:&quot;top&quot;,&quot;sticky_on&quot;:[&quot;mobile&quot;],&quot;sticky_offset&quot;:8,&quot;sticky_effects_offset_mobile&quot;:0,&quot;_animation_mobile&quot;:&quot;fadeIn&quot;,&quot;sticky_effects_offset&quot;:0,&quot;sticky_anchor_link_offset&quot;:0}\" data-widget_type=\"button.default\">\n\t\t\t\t<div class=\"elementor-widget-container\">\n\t\t\t\t\t\t\t\t\t<div class=\"elementor-button-wrapper\">\n\t\t\t\t\t<a class=\"elementor-button elementor-button-link elementor-size-md elementor-animation-shrink\" href=\"\/se\/go\/button-home\" target=\"_blank\" rel=\"nofollow\">\n\t\t\t\t\t\t<span class=\"elementor-button-content-wrapper\">\n\t\t\t\t\t\t<span class=\"elementor-button-icon\">\n\t\t\t\t<svg aria-hidden=\"true\" class=\"e-font-icon-svg e-far-arrow-alt-circle-right\" viewBox=\"0 0 512 512\" xmlns=\"http:\/\/www.w3.org\/2000\/svg\"><path d=\"M504 256C504 119 393 8 256 8S8 119 8 256s111 248 248 248 248-111 248-248zm-448 0c0-110.5 89.5-200 200-200s200 89.5 200 200-89.5 200-200 200S56 366.5 56 256zm72 20v-40c0-6.6 5.4-12 12-12h116v-67c0-10.7 12.9-16 20.5-8.5l99 99c4.7 4.7 4.7 12.3 0 17l-99 99c-7.6 7.6-20.5 2.2-20.5-8.5v-67H140c-6.6 0-12-5.4-12-12z\"><\/path><\/svg>\t\t\t<\/span>\n\t\t\t\t\t\t\t\t\t<span class=\"elementor-button-text\"> Priser och biljetter<\/span>\n\t\t\t\t\t<\/span>\n\t\t\t\t\t<\/a>\n\t\t\t\t<\/div>\n\t\t\t\t\t\t\t\t<\/div>\n\t\t\t\t<\/div>\n\t\t\t\t\t<\/div>\n\t\t<\/div>\n\t\t\t\t\t<\/div>\n\t\t<\/section>\n\t\t\t\t<section class=\"elementor-section elementor-top-section elementor-element elementor-element-348d881 elementor-section-boxed elementor-section-height-default elementor-section-height-default\" data-id=\"348d881\" data-element_type=\"section\" data-e-type=\"section\">\n\t\t\t\t\t\t\t<div class=\"elementor-background-overlay\"><\/div>\n\t\t\t\t\t\t\t<div class=\"elementor-container elementor-column-gap-default\">\n\t\t\t\t\t<div class=\"elementor-column elementor-col-100 elementor-top-column elementor-element elementor-element-2e117c7\" data-id=\"2e117c7\" data-element_type=\"column\" data-e-type=\"column\">\n\t\t\t<div class=\"elementor-widget-wrap elementor-element-populated\">\n\t\t\t\t\t\t<div class=\"elementor-element elementor-element-18585c6 elementor-widget elementor-widget-heading\" data-id=\"18585c6\" data-element_type=\"widget\" data-e-type=\"widget\" data-widget_type=\"heading.default\">\n\t\t\t\t<div class=\"elementor-widget-container\">\n\t\t\t\t\t<h1 class=\"elementor-heading-title elementor-size-default\">V\u00e4der fr\u00e5n Gedser till Rostock<\/h1>\t\t\t\t<\/div>\n\t\t\t\t<\/div>\n\t\t\t\t<div class=\"elementor-element elementor-element-c5eca1c elementor-widget elementor-widget-text-editor\" data-id=\"c5eca1c\" data-element_type=\"widget\" data-e-type=\"widget\" data-widget_type=\"text-editor.default\">\n\t\t\t\t<div class=\"elementor-widget-container\">\n\t\t\t\t\t\t\t\t\t<p>Vind-, v\u00e5g- och stormkartor f\u00f6r Gedser och Rostock<\/p>\t\t\t\t\t\t\t\t<\/div>\n\t\t\t\t<\/div>\n\t\t\t\t<div class=\"elementor-element elementor-element-ef08b1b elementor-alert-warning elementor-hidden-mobile elementor-widget elementor-widget-alert\" data-id=\"ef08b1b\" data-element_type=\"widget\" data-e-type=\"widget\" data-widget_type=\"alert.default\">\n\t\t\t\t<div class=\"elementor-widget-container\">\n\t\t\t\t\t\t\t<div class=\"elementor-alert\" role=\"alert\">\n\n\t\t\t\t\t\t<span class=\"elementor-alert-title\">Gl\u00f6m inte att bokm\u00e4rka den h\u00e4r sidan f\u00f6r enkel \u00e5tkomst!<\/span>\n\t\t\t\n\t\t\t\t\t\t<span class=\"elementor-alert-description\">\ud83d\udca1 Tryck helt enkelt p\u00e5 <b>CTRL + D<\/b>. P\u00e5 s\u00e5 s\u00e4tt kan du \u00e5terv\u00e4nda till den precis innan din avresa.<\/span>\n\t\t\t\n\t\t\t\t\t\t<button type=\"button\" class=\"elementor-alert-dismiss\" aria-label=\"Avf\u00e4rda denna varning.\">\n\t\t\t\t\t\t\t\t\t<span aria-hidden=\"true\">&times;<\/span>\n\t\t\t\t\t\t\t<\/button>\n\t\t\t\n\t\t<\/div>\n\t\t\t\t\t\t<\/div>\n\t\t\t\t<\/div>\n\t\t\t\t<div class=\"elementor-element elementor-element-02210a7 elementor-widget elementor-widget-text-editor\" data-id=\"02210a7\" data-element_type=\"widget\" data-e-type=\"widget\" data-widget_type=\"text-editor.default\">\n\t\t\t\t<div class=\"elementor-widget-container\">\n\t\t\t\t\t\t\t\t\t<p>F\u00f6r att f\u00e5 en klar f\u00f6rst\u00e5else f\u00f6r v\u00e4derf\u00f6rh\u00e5llandena under korsningen fr\u00e5n Gedser till Rostock kan du konsultera f\u00f6ljande kartor. Dessa kartor ger detaljer om faktorer som vindriktning, vindhastighet, v\u00e5gh\u00f6jd, v\u00e5griktning och nederb\u00f6rd.<\/p>\t\t\t\t\t\t\t\t<\/div>\n\t\t\t\t<\/div>\n\t\t\t\t<div class=\"elementor-element elementor-element-30fec9a elementor-widget elementor-widget-heading\" data-id=\"30fec9a\" data-element_type=\"widget\" data-e-type=\"widget\" data-widget_type=\"heading.default\">\n\t\t\t\t<div class=\"elementor-widget-container\">\n\t\t\t\t\t<h2 class=\"elementor-heading-title elementor-size-default\">V\u00e4derprognos och vindriktning och vindhastighet<\/h2>\t\t\t\t<\/div>\n\t\t\t\t<\/div>\n\t\t\t\t<div class=\"elementor-element elementor-element-358f00f elementor-widget elementor-widget-html\" data-id=\"358f00f\" data-element_type=\"widget\" data-e-type=\"widget\" data-widget_type=\"html.default\">\n\t\t\t\t<div class=\"elementor-widget-container\">\n\t\t\t\t\t<iframe width=\"800\" height=\"450\" src=\"https:\/\/embed.windy.com\/embed2.html?lat=54.337&lon=11.934&detailLat=54.409&detailLon=11.934&width=650&height=450&zoom=10&level=surface&overlay=wind&product=ecmwf&menu=&message=true&marker=&calendar=now&pressure=&type=map&location=coordinates&detail=true&metricWind=default&metricTemp=default&radarRange=-1\" frameborder=\"0\"><\/iframe>\t\t\t\t<\/div>\n\t\t\t\t<\/div>\n\t\t\t\t<div class=\"elementor-element elementor-element-f4c28b5 elementor-widget elementor-widget-heading\" data-id=\"f4c28b5\" data-element_type=\"widget\" data-e-type=\"widget\" data-widget_type=\"heading.default\">\n\t\t\t\t<div class=\"elementor-widget-container\">\n\t\t\t\t\t<h2 class=\"elementor-heading-title elementor-size-default\">Regn och vind l\u00e4ngs f\u00e4rjev\u00e4gen<\/h2>\t\t\t\t<\/div>\n\t\t\t\t<\/div>\n\t\t\t\t<div class=\"elementor-element elementor-element-81e0946 elementor-widget elementor-widget-text-editor\" data-id=\"81e0946\" data-element_type=\"widget\" data-e-type=\"widget\" data-widget_type=\"text-editor.default\">\n\t\t\t\t<div class=\"elementor-widget-container\">\n\t\t\t\t\t\t\t\t\t<p>F\u00e4rgade moln p\u00e5 kartan indikerar var det regnar. Pilar pekar i den riktning som vinden bl\u00e5ser, vilket l\u00e5ter dig veta vilket v\u00e4der som \u00e4r p\u00e5 v\u00e4g. Zooma ut f\u00f6r att se v\u00e4dret i andra omr\u00e5den ocks\u00e5.<\/p>\t\t\t\t\t\t\t\t<\/div>\n\t\t\t\t<\/div>\n\t\t\t\t<div class=\"elementor-element elementor-element-aa79767 elementor-widget elementor-widget-html\" data-id=\"aa79767\" data-element_type=\"widget\" data-e-type=\"widget\" data-widget_type=\"html.default\">\n\t\t\t\t<div class=\"elementor-widget-container\">\n\t\t\t\t\t<iframe width=\"800\" height=\"450\" src=\"https:\/\/embed.windy.com\/embed2.html?lat=54.335&lon=11.876&detailLat=54.407&detailLon=11.876&width=650&height=450&zoom=10&level=surface&overlay=rain&product=ecmwf&menu=&message=true&marker=&calendar=now&pressure=&type=map&location=coordinates&detail=&metricWind=default&metricTemp=default&radarRange=-1\" frameborder=\"0\"><\/iframe>\t\t\t\t<\/div>\n\t\t\t\t<\/div>\n\t\t\t\t<div class=\"elementor-element elementor-element-5f49832 elementor-widget elementor-widget-heading\" data-id=\"5f49832\" data-element_type=\"widget\" data-e-type=\"widget\" data-widget_type=\"heading.default\">\n\t\t\t\t<div class=\"elementor-widget-container\">\n\t\t\t\t\t<h2 class=\"elementor-heading-title elementor-size-default\">V\u00e5gor l\u00e4ngs rutten<\/h2>\t\t\t\t<\/div>\n\t\t\t\t<\/div>\n\t\t\t\t<div class=\"elementor-element elementor-element-3a7ce6f elementor-widget elementor-widget-text-editor\" data-id=\"3a7ce6f\" data-element_type=\"widget\" data-e-type=\"widget\" data-widget_type=\"text-editor.default\">\n\t\t\t\t<div class=\"elementor-widget-container\">\n\t\t\t\t\t\t\t\t\t<p>Om kartan skiftar till lila och r\u00f6tt, f\u00f6rv\u00e4nta dig turbulenta vatten och se till att f\u00f6rbereda dig f\u00f6r eventuell sj\u00f6sjuka.<\/p><p><strong><a href=\"https:\/\/rostockgedser.com\/se\/gedser\/\">Gedser<\/a> &#8211; <a href=\"https:\/\/rostockgedser.com\/se\/rostock\/\">Rostock<\/a>:<\/strong> De flesta g\u00e5nger \u00e4r v\u00e4dret lugnt p\u00e5 denna rutt (bl\u00e5aktig). \u00c4ven lila \u00e4r inte s\u00e5 farligt.<\/p>\t\t\t\t\t\t\t\t<\/div>\n\t\t\t\t<\/div>\n\t\t\t\t<div class=\"elementor-element elementor-element-4a7687f elementor-widget elementor-widget-html\" data-id=\"4a7687f\" data-element_type=\"widget\" data-e-type=\"widget\" data-widget_type=\"html.default\">\n\t\t\t\t<div class=\"elementor-widget-container\">\n\t\t\t\t\t<iframe width=\"800\" height=\"450\" src=\"https:\/\/embed.windy.com\/embed2.html?lat=54.344&lon=11.934&detailLat=54.409&detailLon=11.934&width=650&height=450&zoom=10&level=surface&overlay=waves&product=ecmwfWaves&menu=&message=true&marker=&calendar=now&pressure=&type=map&location=coordinates&detail=&metricWind=default&metricTemp=default&radarRange=-1\" frameborder=\"0\"><\/iframe>\t\t\t\t<\/div>\n\t\t\t\t<\/div>\n\t\t\t\t\t<\/div>\n\t\t<\/div>\n\t\t\t\t\t<\/div>\n\t\t<\/section>\n\t\t\t\t<\/div>\n\t\t","protected":false},"excerpt":{"rendered":"<p>Priser och biljetter V\u00e4der fr\u00e5n Gedser till Rostock Vind-, v\u00e5g- och stormkartor f\u00f6r Gedser och Rostock Gl\u00f6m inte att bokm\u00e4rka den h\u00e4r sidan f\u00f6r enkel \u00e5tkomst! \ud83d\udca1 Tryck helt enkelt p\u00e5 CTRL + D. P\u00e5 s\u00e5 s\u00e4tt kan du \u00e5terv\u00e4nda till den precis innan din avresa. &times; Dismiss this alert. F\u00f6r att f\u00e5 en klar [&hellip;]<\/p>\n","protected":false},"author":1,"featured_media":578,"parent":0,"menu_order":0,"comment_status":"closed","ping_status":"closed","template":"elementor_header_footer","meta":{"footnotes":""},"class_list":["post-537","page","type-page","status-publish","has-post-thumbnail","hentry"],"yoast_head":"<!-- This site is optimized with the Yoast SEO plugin v27.2 - https:\/\/yoast.com\/product\/yoast-seo-wordpress\/ -->\n<title>V\u00e4der &amp; V\u00e5gor Gedser-Rostock f\u00e4rja<\/title>\n<meta name=\"description\" content=\"L\u00e4r dig mer om det aktuella v\u00e4dret n\u00e4ra f\u00e4rjan Gedser Rostock. Vi informerar ocks\u00e5 om v\u00e5gorna.\" \/>\n<meta name=\"robots\" content=\"index, follow, max-snippet:-1, max-image-preview:large, max-video-preview:-1\" \/>\n<link rel=\"canonical\" href=\"https:\/\/rostockgedser.com\/se\/vader\/\" \/>\n<meta property=\"og:locale\" content=\"sv_SE\" \/>\n<meta property=\"og:type\" content=\"article\" \/>\n<meta property=\"og:title\" content=\"V\u00e4der &amp; V\u00e5gor Gedser-Rostock f\u00e4rja\" \/>\n<meta property=\"og:description\" content=\"L\u00e4r dig mer om det aktuella v\u00e4dret n\u00e4ra f\u00e4rjan Gedser Rostock. Vi informerar ocks\u00e5 om v\u00e5gorna.\" \/>\n<meta property=\"og:url\" content=\"https:\/\/rostockgedser.com\/se\/vader\/\" \/>\n<meta property=\"og:site_name\" content=\"RostockGedser.com\/se\" \/>\n<meta property=\"article:modified_time\" content=\"2024-03-26T12:11:39+00:00\" \/>\n<meta property=\"og:image\" content=\"http:\/\/rostockgedser.com\/se\/wp-content\/uploads\/sites\/7\/2023\/05\/weer-puttgarden-rodby.jpg\" \/>\n\t<meta property=\"og:image:width\" content=\"400\" \/>\n\t<meta property=\"og:image:height\" content=\"400\" \/>\n\t<meta property=\"og:image:type\" content=\"image\/jpeg\" \/>\n<meta name=\"twitter:card\" content=\"summary_large_image\" \/>\n<meta name=\"twitter:label1\" content=\"Ber\u00e4knad l\u00e4stid\" \/>\n\t<meta name=\"twitter:data1\" content=\"1 minut\" \/>\n<script type=\"application\/ld+json\" class=\"yoast-schema-graph\">{\"@context\":\"https:\/\/schema.org\",\"@graph\":[{\"@type\":\"WebPage\",\"@id\":\"https:\/\/rostockgedser.com\/se\/vader\/\",\"url\":\"https:\/\/rostockgedser.com\/se\/vader\/\",\"name\":\"V\u00e4der & V\u00e5gor Gedser-Rostock f\u00e4rja\",\"isPartOf\":{\"@id\":\"https:\/\/rostockgedser.com\/se\/#website\"},\"primaryImageOfPage\":{\"@id\":\"https:\/\/rostockgedser.com\/se\/vader\/#primaryimage\"},\"image\":{\"@id\":\"https:\/\/rostockgedser.com\/se\/vader\/#primaryimage\"},\"thumbnailUrl\":\"https:\/\/rostockgedser.com\/se\/wp-content\/uploads\/sites\/7\/2023\/05\/weer-puttgarden-rodby.jpg\",\"datePublished\":\"2023-05-10T09:25:55+00:00\",\"dateModified\":\"2024-03-26T12:11:39+00:00\",\"description\":\"L\u00e4r dig mer om det aktuella v\u00e4dret n\u00e4ra f\u00e4rjan Gedser Rostock. Vi informerar ocks\u00e5 om v\u00e5gorna.\",\"breadcrumb\":{\"@id\":\"https:\/\/rostockgedser.com\/se\/vader\/#breadcrumb\"},\"inLanguage\":\"sv-SE\",\"potentialAction\":[{\"@type\":\"ReadAction\",\"target\":[\"https:\/\/rostockgedser.com\/se\/vader\/\"]}]},{\"@type\":\"ImageObject\",\"inLanguage\":\"sv-SE\",\"@id\":\"https:\/\/rostockgedser.com\/se\/vader\/#primaryimage\",\"url\":\"https:\/\/rostockgedser.com\/se\/wp-content\/uploads\/sites\/7\/2023\/05\/weer-puttgarden-rodby.jpg\",\"contentUrl\":\"https:\/\/rostockgedser.com\/se\/wp-content\/uploads\/sites\/7\/2023\/05\/weer-puttgarden-rodby.jpg\",\"width\":400,\"height\":400,\"caption\":\"weer puttgarden rodby\"},{\"@type\":\"BreadcrumbList\",\"@id\":\"https:\/\/rostockgedser.com\/se\/vader\/#breadcrumb\",\"itemListElement\":[{\"@type\":\"ListItem\",\"position\":1,\"name\":\"Home\",\"item\":\"https:\/\/rostockgedser.com\/se\/\"},{\"@type\":\"ListItem\",\"position\":2,\"name\":\"V\u00e4der\"}]},{\"@type\":\"WebSite\",\"@id\":\"https:\/\/rostockgedser.com\/se\/#website\",\"url\":\"https:\/\/rostockgedser.com\/se\/\",\"name\":\"RostockGedser.com\/se\",\"description\":\"\",\"publisher\":{\"@id\":\"https:\/\/rostockgedser.com\/se\/#organization\"},\"potentialAction\":[{\"@type\":\"SearchAction\",\"target\":{\"@type\":\"EntryPoint\",\"urlTemplate\":\"https:\/\/rostockgedser.com\/se\/?s={search_term_string}\"},\"query-input\":{\"@type\":\"PropertyValueSpecification\",\"valueRequired\":true,\"valueName\":\"search_term_string\"}}],\"inLanguage\":\"sv-SE\"},{\"@type\":\"Organization\",\"@id\":\"https:\/\/rostockgedser.com\/se\/#organization\",\"name\":\"RostockGedser.com\/se\",\"url\":\"https:\/\/rostockgedser.com\/se\/\",\"logo\":{\"@type\":\"ImageObject\",\"inLanguage\":\"sv-SE\",\"@id\":\"https:\/\/rostockgedser.com\/se\/#\/schema\/logo\/image\/\",\"url\":\"https:\/\/rostockgedser.com\/se\/wp-content\/uploads\/sites\/7\/2023\/08\/cropped-Rostock-Gedser-favicon.png\",\"contentUrl\":\"https:\/\/rostockgedser.com\/se\/wp-content\/uploads\/sites\/7\/2023\/08\/cropped-Rostock-Gedser-favicon.png\",\"width\":512,\"height\":512,\"caption\":\"RostockGedser.com\/se\"},\"image\":{\"@id\":\"https:\/\/rostockgedser.com\/se\/#\/schema\/logo\/image\/\"}}]}<\/script>\n<!-- \/ Yoast SEO plugin. -->","yoast_head_json":{"title":"V\u00e4der & V\u00e5gor Gedser-Rostock f\u00e4rja","description":"L\u00e4r dig mer om det aktuella v\u00e4dret n\u00e4ra f\u00e4rjan Gedser Rostock. Vi informerar ocks\u00e5 om v\u00e5gorna.","robots":{"index":"index","follow":"follow","max-snippet":"max-snippet:-1","max-image-preview":"max-image-preview:large","max-video-preview":"max-video-preview:-1"},"canonical":"https:\/\/rostockgedser.com\/se\/vader\/","og_locale":"sv_SE","og_type":"article","og_title":"V\u00e4der & V\u00e5gor Gedser-Rostock f\u00e4rja","og_description":"L\u00e4r dig mer om det aktuella v\u00e4dret n\u00e4ra f\u00e4rjan Gedser Rostock. Vi informerar ocks\u00e5 om v\u00e5gorna.","og_url":"https:\/\/rostockgedser.com\/se\/vader\/","og_site_name":"RostockGedser.com\/se","article_modified_time":"2024-03-26T12:11:39+00:00","og_image":[{"width":400,"height":400,"url":"http:\/\/rostockgedser.com\/se\/wp-content\/uploads\/sites\/7\/2023\/05\/weer-puttgarden-rodby.jpg","type":"image\/jpeg"}],"twitter_card":"summary_large_image","twitter_misc":{"Ber\u00e4knad l\u00e4stid":"1 minut"},"schema":{"@context":"https:\/\/schema.org","@graph":[{"@type":"WebPage","@id":"https:\/\/rostockgedser.com\/se\/vader\/","url":"https:\/\/rostockgedser.com\/se\/vader\/","name":"V\u00e4der & V\u00e5gor Gedser-Rostock f\u00e4rja","isPartOf":{"@id":"https:\/\/rostockgedser.com\/se\/#website"},"primaryImageOfPage":{"@id":"https:\/\/rostockgedser.com\/se\/vader\/#primaryimage"},"image":{"@id":"https:\/\/rostockgedser.com\/se\/vader\/#primaryimage"},"thumbnailUrl":"https:\/\/rostockgedser.com\/se\/wp-content\/uploads\/sites\/7\/2023\/05\/weer-puttgarden-rodby.jpg","datePublished":"2023-05-10T09:25:55+00:00","dateModified":"2024-03-26T12:11:39+00:00","description":"L\u00e4r dig mer om det aktuella v\u00e4dret n\u00e4ra f\u00e4rjan Gedser Rostock. Vi informerar ocks\u00e5 om v\u00e5gorna.","breadcrumb":{"@id":"https:\/\/rostockgedser.com\/se\/vader\/#breadcrumb"},"inLanguage":"sv-SE","potentialAction":[{"@type":"ReadAction","target":["https:\/\/rostockgedser.com\/se\/vader\/"]}]},{"@type":"ImageObject","inLanguage":"sv-SE","@id":"https:\/\/rostockgedser.com\/se\/vader\/#primaryimage","url":"https:\/\/rostockgedser.com\/se\/wp-content\/uploads\/sites\/7\/2023\/05\/weer-puttgarden-rodby.jpg","contentUrl":"https:\/\/rostockgedser.com\/se\/wp-content\/uploads\/sites\/7\/2023\/05\/weer-puttgarden-rodby.jpg","width":400,"height":400,"caption":"weer puttgarden rodby"},{"@type":"BreadcrumbList","@id":"https:\/\/rostockgedser.com\/se\/vader\/#breadcrumb","itemListElement":[{"@type":"ListItem","position":1,"name":"Home","item":"https:\/\/rostockgedser.com\/se\/"},{"@type":"ListItem","position":2,"name":"V\u00e4der"}]},{"@type":"WebSite","@id":"https:\/\/rostockgedser.com\/se\/#website","url":"https:\/\/rostockgedser.com\/se\/","name":"RostockGedser.com\/se","description":"","publisher":{"@id":"https:\/\/rostockgedser.com\/se\/#organization"},"potentialAction":[{"@type":"SearchAction","target":{"@type":"EntryPoint","urlTemplate":"https:\/\/rostockgedser.com\/se\/?s={search_term_string}"},"query-input":{"@type":"PropertyValueSpecification","valueRequired":true,"valueName":"search_term_string"}}],"inLanguage":"sv-SE"},{"@type":"Organization","@id":"https:\/\/rostockgedser.com\/se\/#organization","name":"RostockGedser.com\/se","url":"https:\/\/rostockgedser.com\/se\/","logo":{"@type":"ImageObject","inLanguage":"sv-SE","@id":"https:\/\/rostockgedser.com\/se\/#\/schema\/logo\/image\/","url":"https:\/\/rostockgedser.com\/se\/wp-content\/uploads\/sites\/7\/2023\/08\/cropped-Rostock-Gedser-favicon.png","contentUrl":"https:\/\/rostockgedser.com\/se\/wp-content\/uploads\/sites\/7\/2023\/08\/cropped-Rostock-Gedser-favicon.png","width":512,"height":512,"caption":"RostockGedser.com\/se"},"image":{"@id":"https:\/\/rostockgedser.com\/se\/#\/schema\/logo\/image\/"}}]}},"_links":{"self":[{"href":"https:\/\/rostockgedser.com\/se\/wp-json\/wp\/v2\/pages\/537","targetHints":{"allow":["GET"]}}],"collection":[{"href":"https:\/\/rostockgedser.com\/se\/wp-json\/wp\/v2\/pages"}],"about":[{"href":"https:\/\/rostockgedser.com\/se\/wp-json\/wp\/v2\/types\/page"}],"author":[{"embeddable":true,"href":"https:\/\/rostockgedser.com\/se\/wp-json\/wp\/v2\/users\/1"}],"replies":[{"embeddable":true,"href":"https:\/\/rostockgedser.com\/se\/wp-json\/wp\/v2\/comments?post=537"}],"version-history":[{"count":4,"href":"https:\/\/rostockgedser.com\/se\/wp-json\/wp\/v2\/pages\/537\/revisions"}],"predecessor-version":[{"id":2254,"href":"https:\/\/rostockgedser.com\/se\/wp-json\/wp\/v2\/pages\/537\/revisions\/2254"}],"wp:featuredmedia":[{"embeddable":true,"href":"https:\/\/rostockgedser.com\/se\/wp-json\/wp\/v2\/media\/578"}],"wp:attachment":[{"href":"https:\/\/rostockgedser.com\/se\/wp-json\/wp\/v2\/media?parent=537"}],"curies":[{"name":"wp","href":"https:\/\/api.w.org\/{rel}","templated":true}]}}