{"id":1713,"date":"2023-08-31T12:50:41","date_gmt":"2023-08-31T11:50:41","guid":{"rendered":"https:\/\/rostockgedser.com\/?page_id=1713"},"modified":"2024-12-17T12:46:16","modified_gmt":"2024-12-17T12:46:16","slug":"omoss","status":"publish","type":"page","link":"https:\/\/rostockgedser.com\/se\/omoss\/","title":{"rendered":"Om oss"},"content":{"rendered":"\t\t<div data-elementor-type=\"wp-post\" data-elementor-id=\"1713\" class=\"elementor elementor-1713\" data-elementor-post-type=\"page\">\n\t\t\t\t\t\t<section class=\"elementor-section elementor-top-section elementor-element elementor-element-6848d794 elementor-section-boxed elementor-section-height-default elementor-section-height-default\" data-id=\"6848d794\" data-element_type=\"section\" data-e-type=\"section\" data-settings=\"{&quot;background_background&quot;:&quot;gradient&quot;,&quot;sticky&quot;:&quot;top&quot;,&quot;sticky_on&quot;:[&quot;desktop&quot;,&quot;tablet&quot;,&quot;mobile&quot;],&quot;sticky_offset&quot;:0,&quot;sticky_effects_offset&quot;:0,&quot;sticky_anchor_link_offset&quot;:0}\">\n\t\t\t\t\t\t<div class=\"elementor-container elementor-column-gap-default\">\n\t\t\t\t\t<div class=\"elementor-column elementor-col-50 elementor-top-column elementor-element elementor-element-2e35247e\" data-id=\"2e35247e\" data-element_type=\"column\" data-e-type=\"column\">\n\t\t\t<div class=\"elementor-widget-wrap elementor-element-populated\">\n\t\t\t\t\t\t<div class=\"elementor-element elementor-element-2ec0126e elementor-widget elementor-widget-breadcrumbs\" data-id=\"2ec0126e\" data-element_type=\"widget\" data-e-type=\"widget\" data-widget_type=\"breadcrumbs.default\">\n\t\t\t\t<div class=\"elementor-widget-container\">\n\t\t\t\t\t<p id=\"breadcrumbs\"><span><span><a href=\"https:\/\/rostockgedser.com\/se\/\">Home<\/a><\/span><\/span><\/p>\t\t\t\t<\/div>\n\t\t\t\t<\/div>\n\t\t\t\t\t<\/div>\n\t\t<\/div>\n\t\t\t\t<div class=\"elementor-column elementor-col-50 elementor-top-column elementor-element elementor-element-2af9c6a4\" data-id=\"2af9c6a4\" data-element_type=\"column\" data-e-type=\"column\">\n\t\t\t<div class=\"elementor-widget-wrap elementor-element-populated\">\n\t\t\t\t\t\t<div class=\"elementor-element elementor-element-5cfd8250 elementor-align-right elementor-mobile-align-center elementor-widget elementor-widget-button\" data-id=\"5cfd8250\" data-element_type=\"widget\" data-e-type=\"widget\" data-settings=\"{&quot;sticky&quot;:&quot;top&quot;,&quot;sticky_on&quot;:[&quot;mobile&quot;],&quot;sticky_offset&quot;:8,&quot;sticky_effects_offset_mobile&quot;:0,&quot;_animation_mobile&quot;:&quot;fadeIn&quot;,&quot;sticky_effects_offset&quot;:0,&quot;sticky_anchor_link_offset&quot;:0}\" data-widget_type=\"button.default\">\n\t\t\t\t<div class=\"elementor-widget-container\">\n\t\t\t\t\t\t\t\t\t<div class=\"elementor-button-wrapper\">\n\t\t\t\t\t<a class=\"elementor-button elementor-button-link elementor-size-md elementor-animation-shrink\" href=\"https:\/\/rostockgedser.com\/se\/go\/button-home\" target=\"_blank\">\n\t\t\t\t\t\t<span class=\"elementor-button-content-wrapper\">\n\t\t\t\t\t\t<span class=\"elementor-button-icon\">\n\t\t\t\t<svg aria-hidden=\"true\" class=\"e-font-icon-svg e-far-arrow-alt-circle-right\" viewBox=\"0 0 512 512\" xmlns=\"http:\/\/www.w3.org\/2000\/svg\"><path d=\"M504 256C504 119 393 8 256 8S8 119 8 256s111 248 248 248 248-111 248-248zm-448 0c0-110.5 89.5-200 200-200s200 89.5 200 200-89.5 200-200 200S56 366.5 56 256zm72 20v-40c0-6.6 5.4-12 12-12h116v-67c0-10.7 12.9-16 20.5-8.5l99 99c4.7 4.7 4.7 12.3 0 17l-99 99c-7.6 7.6-20.5 2.2-20.5-8.5v-67H140c-6.6 0-12-5.4-12-12z\"><\/path><\/svg>\t\t\t<\/span>\n\t\t\t\t\t\t\t\t\t<span class=\"elementor-button-text\"> Priser och biljetter<\/span>\n\t\t\t\t\t<\/span>\n\t\t\t\t\t<\/a>\n\t\t\t\t<\/div>\n\t\t\t\t\t\t\t\t<\/div>\n\t\t\t\t<\/div>\n\t\t\t\t\t<\/div>\n\t\t<\/div>\n\t\t\t\t\t<\/div>\n\t\t<\/section>\n\t\t\t\t<section class=\"elementor-section elementor-top-section elementor-element elementor-element-348d881 elementor-section-boxed elementor-section-height-default elementor-section-height-default\" data-id=\"348d881\" data-element_type=\"section\" data-e-type=\"section\">\n\t\t\t\t\t\t\t<div class=\"elementor-background-overlay\"><\/div>\n\t\t\t\t\t\t\t<div class=\"elementor-container elementor-column-gap-default\">\n\t\t\t\t\t<div class=\"elementor-column elementor-col-50 elementor-top-column elementor-element elementor-element-2e117c7\" data-id=\"2e117c7\" data-element_type=\"column\" data-e-type=\"column\">\n\t\t\t<div class=\"elementor-widget-wrap elementor-element-populated\">\n\t\t\t\t\t\t<div class=\"elementor-element elementor-element-15a6fd6 elementor-widget elementor-widget-image\" data-id=\"15a6fd6\" data-element_type=\"widget\" data-e-type=\"widget\" data-widget_type=\"image.default\">\n\t\t\t\t<div class=\"elementor-widget-container\">\n\t\t\t\t\t\t\t\t\t\t\t\t\t\t\t<img decoding=\"async\" src=\"http:\/\/rostockgedser.com\/wp-content\/uploads\/2023\/08\/Scandlines-ferry-rostock-gedser.jpg\" title=\"\" alt=\"About us Rostock Gedser\" loading=\"lazy\" \/>\t\t\t\t\t\t\t\t\t\t\t\t\t\t\t<\/div>\n\t\t\t\t<\/div>\n\t\t\t\t<div class=\"elementor-element elementor-element-18585c6 elementor-widget elementor-widget-heading\" data-id=\"18585c6\" data-element_type=\"widget\" data-e-type=\"widget\" data-widget_type=\"heading.default\">\n\t\t\t\t<div class=\"elementor-widget-container\">\n\t\t\t\t\t<h1 class=\"elementor-heading-title elementor-size-default\">Om RostockGedser.com<\/h1>\t\t\t\t<\/div>\n\t\t\t\t<\/div>\n\t\t\t\t<div class=\"elementor-element elementor-element-6a3883e elementor-widget elementor-widget-text-editor\" data-id=\"6a3883e\" data-element_type=\"widget\" data-e-type=\"widget\" data-widget_type=\"text-editor.default\">\n\t\t\t\t<div class=\"elementor-widget-container\">\n\t\t\t\t\t\t\t\t\t<p>Vem vi \u00e4r<\/p>\t\t\t\t\t\t\t\t<\/div>\n\t\t\t\t<\/div>\n\t\t\t\t<div class=\"elementor-element elementor-element-3d6085d elementor-widget elementor-widget-text-editor\" data-id=\"3d6085d\" data-element_type=\"widget\" data-e-type=\"widget\" data-widget_type=\"text-editor.default\">\n\t\t\t\t<div class=\"elementor-widget-container\">\n\t\t\t\t\t\t\t\t\t<p><b><a href=\"https:\/\/rostockgedser.com\/se\/\">RostockGedser.com<\/a> utvecklades med m\u00e5let att ge dig den b\u00e4sta tillg\u00e4ngliga informationen om f\u00e4rjev\u00e4gen Rostock Gedser. <\/b><\/p><p>H\u00e4r hittar du f\u00e4rjetidtabeller, v\u00e4derprognoser, v\u00e5gh\u00f6jder, anv\u00e4ndarvideor och annan anv\u00e4ndbar information. Vi f\u00f6rdjupar oss i hamnstaderna <a href=\"https:\/\/rostockgedser.com\/se\/rostock\/\">Rostock<\/a> och <a href=\"https:\/\/rostockgedser.com\/se\/gedser\/\">Gedser<\/a> sj\u00e4lva. Vad finns det att g\u00f6ra i byn? Hur n\u00e5r man f\u00e4rjan? Och medan du v\u00e4ntar, finns det en toalett tillg\u00e4nglig?<\/p><p>Detta \u00e4r bara n\u00e5gra exempel p\u00e5 anv\u00e4ndbara tips vi har samlat f\u00f6r dig. Sedan 2017 har vi aktivt varit involverade i att tillhandah\u00e5lla information om f\u00e4rjev\u00e4gar. Vi finner ofta dessa rutter vara otydliga, delvis p\u00e5 grund av <a href=\"https:\/\/rostockgedser.com\/se\/farjepriser\/\">komplexa f\u00e4rjepriser<\/a> och behovet av att navigera mellan flera webbplatser f\u00f6r att planera rutter.<\/p><p>Medan det b\u00f6rjade som en hobby att kartl\u00e4gga f\u00e4rjelinjer har f\u00f6retaget bakom <a href=\"https:\/\/rostockgedser.com\/se\/\">Rostock-Gedser<\/a> (l\u00e4s mer om oss p\u00e5 <a href=\"https:\/\/ferrygogo.com\/about-us\/\">FerryGoGo<\/a>) utvecklats till en sann f\u00e4rjespecialist. Vi \u00e4lskar helt enkelt att resa med f\u00e4rja \u2764\ufe0f och med det f\u00f6rs\u00f6ker vi ge s\u00e5 mycket v\u00e4gledning som m\u00f6jligt.<\/p><p><strong>Vi har ett dedikerat team p\u00e5 5 personer som arbetar f\u00f6r att f\u00f6rb\u00e4ttra informationen f\u00f6r f\u00e4rjeresen\u00e4rer, str\u00e4vande efter en b\u00e4ttre upplevelse.<\/strong><\/p><p><strong>Hur vi arbetar<\/strong><\/p><p>Vi \u00e4r en oberoende partner till f\u00e4rjef\u00f6retag, inklusive de som trafikerar str\u00e4ckan Rostock-Gedser. N\u00e4r du bes\u00f6ker v\u00e5r sida och g\u00f6r en bokning via de tillhandah\u00e5llna l\u00e4nkarna kan vi tj\u00e4na en provision utan att det kostar dig n\u00e5got extra.<\/p><p>Detta hj\u00e4lper oss att uppr\u00e4tth\u00e5lla och f\u00f6rb\u00e4ttra den information, de tidtabeller och v\u00e4gledningar vi erbjuder. Vi f\u00f6rblir opartiska i v\u00e5ra ruttguider, recensioner och rekommendationer, vilket s\u00e4kerst\u00e4ller att du f\u00e5r korrekt och p\u00e5litlig information.<\/p>\t\t\t\t\t\t\t\t<\/div>\n\t\t\t\t<\/div>\n\t\t\t\t<div class=\"elementor-element elementor-element-108a6b1 contact elementor-widget elementor-widget-heading\" data-id=\"108a6b1\" data-element_type=\"widget\" data-e-type=\"widget\" id=\"contact\" data-widget_type=\"heading.default\">\n\t\t\t\t<div class=\"elementor-widget-container\">\n\t\t\t\t\t<h2 class=\"elementor-heading-title elementor-size-default\">Contact<\/h2>\t\t\t\t<\/div>\n\t\t\t\t<\/div>\n\t\t\t\t<div class=\"elementor-element elementor-element-9bc9b9b elementor-widget elementor-widget-shortcode\" data-id=\"9bc9b9b\" data-element_type=\"widget\" data-e-type=\"widget\" data-widget_type=\"shortcode.default\">\n\t\t\t\t<div class=\"elementor-widget-container\">\n\t\t\t\t\t\t\t<div class=\"elementor-shortcode\">\n<div class=\"wpcf7 no-js\" id=\"wpcf7-f1764-o1\" lang=\"en-US\" dir=\"ltr\" data-wpcf7-id=\"1764\">\n<div class=\"screen-reader-response\"><p role=\"status\" aria-live=\"polite\" aria-atomic=\"true\"><\/p> <ul><\/ul><\/div>\n<form action=\"\/se\/wp-json\/wp\/v2\/pages\/1713#wpcf7-f1764-o1\" method=\"post\" class=\"wpcf7-form init\" aria-label=\"Contact form\" novalidate=\"novalidate\" data-status=\"init\">\n<fieldset class=\"hidden-fields-container\"><input type=\"hidden\" name=\"_wpcf7\" value=\"1764\" \/><input type=\"hidden\" name=\"_wpcf7_version\" value=\"6.1.5\" \/><input type=\"hidden\" name=\"_wpcf7_locale\" value=\"en_US\" \/><input type=\"hidden\" name=\"_wpcf7_unit_tag\" value=\"wpcf7-f1764-o1\" \/><input type=\"hidden\" name=\"_wpcf7_container_post\" value=\"0\" \/><input type=\"hidden\" name=\"_wpcf7_posted_data_hash\" value=\"\" \/>\n<\/fieldset>\n<p><label> Ditt namn<br \/>\n<span class=\"wpcf7-form-control-wrap\" data-name=\"your-name\"><input size=\"40\" maxlength=\"400\" class=\"wpcf7-form-control wpcf7-text wpcf7-validates-as-required\" aria-required=\"true\" aria-invalid=\"false\" value=\"\" type=\"text\" name=\"your-name\" \/><\/span> <\/label>\n<\/p>\n<p><label> Din e-post<br \/>\n<span class=\"wpcf7-form-control-wrap\" data-name=\"your-email\"><input size=\"40\" maxlength=\"400\" class=\"wpcf7-form-control wpcf7-email wpcf7-validates-as-required wpcf7-text wpcf7-validates-as-email\" aria-required=\"true\" aria-invalid=\"false\" value=\"\" type=\"email\" name=\"your-email\" \/><\/span> <\/label>\n<\/p>\n<p><label> \u00c4mne<br \/>\n<span class=\"wpcf7-form-control-wrap\" data-name=\"your-subject\"><input size=\"40\" maxlength=\"400\" class=\"wpcf7-form-control wpcf7-text wpcf7-validates-as-required\" aria-required=\"true\" aria-invalid=\"false\" value=\"\" type=\"text\" name=\"your-subject\" \/><\/span> <\/label>\n<\/p>\n<p><label> Ditt meddelande<br \/>\n<span class=\"wpcf7-form-control-wrap\" data-name=\"your-message\"><textarea cols=\"40\" rows=\"10\" maxlength=\"2000\" class=\"wpcf7-form-control wpcf7-textarea\" aria-invalid=\"false\" name=\"your-message\"><\/textarea><\/span> <\/label>\n<\/p>\n<p><span class=\"wpcf7-form-control-wrap\" data-name=\"quiz-groter\"><label><span class=\"wpcf7-quiz-label\">Anti-Spamcheck:  Which number is larger 13 or 4?<\/span> <input size=\"40\" class=\"wpcf7-form-control wpcf7-quiz\" autocomplete=\"off\" aria-required=\"true\" aria-invalid=\"false\" type=\"text\" name=\"quiz-groter\" \/><\/label><input type=\"hidden\" name=\"_wpcf7_quiz_answer_quiz-groter\" value=\"009b6e039d0299e79ba65ae879f0a7cf\" \/><\/span>\n<\/p>\n<p><input class=\"wpcf7-form-control wpcf7-submit has-spinner\" type=\"submit\" value=\"Send\" \/>\n<\/p><div class=\"wpcf7-response-output\" aria-hidden=\"true\"><\/div>\n<\/form>\n<\/div>\n<\/div>\n\t\t\t\t\t\t<\/div>\n\t\t\t\t<\/div>\n\t\t\t\t<div class=\"elementor-element elementor-element-ffa442e elementor-widget elementor-widget-text-editor\" data-id=\"ffa442e\" data-element_type=\"widget\" data-e-type=\"widget\" data-widget_type=\"text-editor.default\">\n\t\t\t\t<div class=\"elementor-widget-container\">\n\t\t\t\t\t\t\t\t\t<p>Nyfiken p\u00e5 hur vi anv\u00e4nder informationen du delar med dig av? Utforska v\u00e5r <a href=\"https:\/\/rostockgedser.com\/se\/privacy-policy\/\">sekretesspolicy<\/a> f\u00f6r mer detaljer.<\/p>\t\t\t\t\t\t\t\t<\/div>\n\t\t\t\t<\/div>\n\t\t\t\t\t<\/div>\n\t\t<\/div>\n\t\t\t\t<div class=\"elementor-column elementor-col-50 elementor-top-column elementor-element elementor-element-9a29147\" data-id=\"9a29147\" data-element_type=\"column\" data-e-type=\"column\">\n\t\t\t<div class=\"elementor-widget-wrap elementor-element-populated\">\n\t\t\t\t\t\t<div class=\"elementor-element elementor-element-4ed853a2 elementor-widget elementor-widget-text-editor\" data-id=\"4ed853a2\" data-element_type=\"widget\" data-e-type=\"widget\" data-settings=\"{&quot;sticky&quot;:&quot;top&quot;,&quot;sticky_parent&quot;:&quot;yes&quot;,&quot;sticky_offset&quot;:100,&quot;sticky_effects_offset&quot;:60,&quot;sticky_on&quot;:[&quot;desktop&quot;,&quot;tablet&quot;,&quot;mobile&quot;],&quot;sticky_anchor_link_offset&quot;:0}\" data-widget_type=\"text-editor.default\">\n\t\t\t\t<div class=\"elementor-widget-container\">\n\t\t\t\t\t\t\t\t\t<p><strong>V\u00e4gledning<\/strong><\/p><p>Att navigera f\u00e4rjescheman och rutter kan vara en utmaning, eftersom det inte alltid \u00e4r tydligt n\u00e4r eller vart en f\u00e4rja \u00e4r p\u00e5 v\u00e4g, s\u00e4rskilt med mindre k\u00e4nda rutter.<\/p><p><strong>D\u00e4r vi kommer in<\/strong>: V\u00e5r tj\u00e4nst hj\u00e4lper resen\u00e4rer att v\u00e4lja optimala f\u00e4rjeanslutningar fr\u00e5n destinationer \u00f6ver hela v\u00e4rlden.<\/p><p><strong>Biljetter f\u00f6r dessa rutter<\/strong><\/p><p>De mest prisv\u00e4rda biljetterna finns tillg\u00e4ngliga genom det nedanst\u00e5ende f\u00e4rjebolaget:<\/p><p><a href=\"https:\/\/rostockgedser.com\/se\/go\/pages-side\" target=\"_blank\" rel=\"noopener\">Planera din \u00f6verfart \u2b9e<\/a><\/p>\t\t\t\t\t\t\t\t<\/div>\n\t\t\t\t<\/div>\n\t\t\t\t\t<\/div>\n\t\t<\/div>\n\t\t\t\t\t<\/div>\n\t\t<\/section>\n\t\t\t\t<section class=\"elementor-section elementor-top-section elementor-element elementor-element-8b2063 elementor-section-boxed elementor-section-height-default elementor-section-height-default\" data-id=\"8b2063\" data-element_type=\"section\" data-e-type=\"section\">\n\t\t\t\t\t\t<div class=\"elementor-container elementor-column-gap-default\">\n\t\t\t\t\t<div class=\"elementor-column elementor-col-100 elementor-top-column elementor-element elementor-element-c1c4a86\" data-id=\"c1c4a86\" data-element_type=\"column\" data-e-type=\"column\">\n\t\t\t<div class=\"elementor-widget-wrap\">\n\t\t\t\t\t\t\t<\/div>\n\t\t<\/div>\n\t\t\t\t\t<\/div>\n\t\t<\/section>\n\t\t\t\t<\/div>\n\t\t","protected":false},"excerpt":{"rendered":"<p>Priser och biljetter Om RostockGedser.com Vem vi \u00e4r RostockGedser.com utvecklades med m\u00e5let att ge dig den b\u00e4sta tillg\u00e4ngliga informationen om f\u00e4rjev\u00e4gen Rostock Gedser. H\u00e4r hittar du f\u00e4rjetidtabeller, v\u00e4derprognoser, v\u00e5gh\u00f6jder, anv\u00e4ndarvideor och annan anv\u00e4ndbar information. Vi f\u00f6rdjupar oss i hamnstaderna Rostock och Gedser sj\u00e4lva. Vad finns det att g\u00f6ra i byn? Hur n\u00e5r man f\u00e4rjan? Och [&hellip;]<\/p>\n","protected":false},"author":1,"featured_media":1715,"parent":0,"menu_order":0,"comment_status":"closed","ping_status":"closed","template":"elementor_header_footer","meta":{"footnotes":""},"class_list":["post-1713","page","type-page","status-publish","has-post-thumbnail","hentry"],"yoast_head":"<!-- This site is optimized with the Yoast SEO plugin v27.2 - https:\/\/yoast.com\/product\/yoast-seo-wordpress\/ -->\n<title>Om oss - Gedser -&gt; Rostock<\/title>\n<meta name=\"description\" content=\"Uppt\u00e4ck allt om webbplatsen Rostock-Gedser.com och f\u00f6retaget bakom webbplatsen.\" \/>\n<meta name=\"robots\" content=\"index, follow, max-snippet:-1, max-image-preview:large, max-video-preview:-1\" \/>\n<link rel=\"canonical\" href=\"https:\/\/rostockgedser.com\/se\/omoss\/\" \/>\n<meta property=\"og:locale\" content=\"sv_SE\" \/>\n<meta property=\"og:type\" content=\"article\" \/>\n<meta property=\"og:title\" content=\"Om oss - Gedser -&gt; Rostock\" \/>\n<meta property=\"og:description\" content=\"Uppt\u00e4ck allt om webbplatsen Rostock-Gedser.com och f\u00f6retaget bakom webbplatsen.\" \/>\n<meta property=\"og:url\" content=\"https:\/\/rostockgedser.com\/se\/omoss\/\" \/>\n<meta property=\"og:site_name\" content=\"RostockGedser.com\/se\" \/>\n<meta property=\"article:modified_time\" content=\"2024-12-17T12:46:16+00:00\" \/>\n<meta name=\"twitter:card\" content=\"summary_large_image\" \/>\n<meta name=\"twitter:label1\" content=\"Ber\u00e4knad l\u00e4stid\" \/>\n\t<meta name=\"twitter:data1\" content=\"2 minuter\" \/>\n<script type=\"application\/ld+json\" class=\"yoast-schema-graph\">{\"@context\":\"https:\/\/schema.org\",\"@graph\":[{\"@type\":[\"WebPage\",\"AboutPage\"],\"@id\":\"https:\/\/rostockgedser.com\/se\/omoss\/\",\"url\":\"https:\/\/rostockgedser.com\/se\/omoss\/\",\"name\":\"Om oss - Gedser -> Rostock\",\"isPartOf\":{\"@id\":\"https:\/\/rostockgedser.com\/se\/#website\"},\"primaryImageOfPage\":{\"@id\":\"https:\/\/rostockgedser.com\/se\/omoss\/#primaryimage\"},\"image\":{\"@id\":\"https:\/\/rostockgedser.com\/se\/omoss\/#primaryimage\"},\"thumbnailUrl\":\"\",\"datePublished\":\"2023-08-31T11:50:41+00:00\",\"dateModified\":\"2024-12-17T12:46:16+00:00\",\"description\":\"Uppt\u00e4ck allt om webbplatsen Rostock-Gedser.com och f\u00f6retaget bakom webbplatsen.\",\"breadcrumb\":{\"@id\":\"https:\/\/rostockgedser.com\/se\/omoss\/#breadcrumb\"},\"inLanguage\":\"sv-SE\",\"potentialAction\":[{\"@type\":\"ReadAction\",\"target\":[\"https:\/\/rostockgedser.com\/se\/omoss\/\"]}]},{\"@type\":\"ImageObject\",\"inLanguage\":\"sv-SE\",\"@id\":\"https:\/\/rostockgedser.com\/se\/omoss\/#primaryimage\",\"url\":\"\",\"contentUrl\":\"\"},{\"@type\":\"BreadcrumbList\",\"@id\":\"https:\/\/rostockgedser.com\/se\/omoss\/#breadcrumb\",\"itemListElement\":[{\"@type\":\"ListItem\",\"position\":1,\"name\":\"Home\",\"item\":\"https:\/\/rostockgedser.com\/se\/\"},{\"@type\":\"ListItem\",\"position\":2,\"name\":\"Om oss\"}]},{\"@type\":\"WebSite\",\"@id\":\"https:\/\/rostockgedser.com\/se\/#website\",\"url\":\"https:\/\/rostockgedser.com\/se\/\",\"name\":\"RostockGedser.com\/se\",\"description\":\"\",\"publisher\":{\"@id\":\"https:\/\/rostockgedser.com\/se\/#organization\"},\"potentialAction\":[{\"@type\":\"SearchAction\",\"target\":{\"@type\":\"EntryPoint\",\"urlTemplate\":\"https:\/\/rostockgedser.com\/se\/?s={search_term_string}\"},\"query-input\":{\"@type\":\"PropertyValueSpecification\",\"valueRequired\":true,\"valueName\":\"search_term_string\"}}],\"inLanguage\":\"sv-SE\"},{\"@type\":\"Organization\",\"@id\":\"https:\/\/rostockgedser.com\/se\/#organization\",\"name\":\"RostockGedser.com\/se\",\"url\":\"https:\/\/rostockgedser.com\/se\/\",\"logo\":{\"@type\":\"ImageObject\",\"inLanguage\":\"sv-SE\",\"@id\":\"https:\/\/rostockgedser.com\/se\/#\/schema\/logo\/image\/\",\"url\":\"https:\/\/rostockgedser.com\/se\/wp-content\/uploads\/sites\/7\/2023\/08\/cropped-Rostock-Gedser-favicon.png\",\"contentUrl\":\"https:\/\/rostockgedser.com\/se\/wp-content\/uploads\/sites\/7\/2023\/08\/cropped-Rostock-Gedser-favicon.png\",\"width\":512,\"height\":512,\"caption\":\"RostockGedser.com\/se\"},\"image\":{\"@id\":\"https:\/\/rostockgedser.com\/se\/#\/schema\/logo\/image\/\"}}]}<\/script>\n<!-- \/ Yoast SEO plugin. -->","yoast_head_json":{"title":"Om oss - Gedser -> Rostock","description":"Uppt\u00e4ck allt om webbplatsen Rostock-Gedser.com och f\u00f6retaget bakom webbplatsen.","robots":{"index":"index","follow":"follow","max-snippet":"max-snippet:-1","max-image-preview":"max-image-preview:large","max-video-preview":"max-video-preview:-1"},"canonical":"https:\/\/rostockgedser.com\/se\/omoss\/","og_locale":"sv_SE","og_type":"article","og_title":"Om oss - Gedser -> Rostock","og_description":"Uppt\u00e4ck allt om webbplatsen Rostock-Gedser.com och f\u00f6retaget bakom webbplatsen.","og_url":"https:\/\/rostockgedser.com\/se\/omoss\/","og_site_name":"RostockGedser.com\/se","article_modified_time":"2024-12-17T12:46:16+00:00","twitter_card":"summary_large_image","twitter_misc":{"Ber\u00e4knad l\u00e4stid":"2 minuter"},"schema":{"@context":"https:\/\/schema.org","@graph":[{"@type":["WebPage","AboutPage"],"@id":"https:\/\/rostockgedser.com\/se\/omoss\/","url":"https:\/\/rostockgedser.com\/se\/omoss\/","name":"Om oss - Gedser -> Rostock","isPartOf":{"@id":"https:\/\/rostockgedser.com\/se\/#website"},"primaryImageOfPage":{"@id":"https:\/\/rostockgedser.com\/se\/omoss\/#primaryimage"},"image":{"@id":"https:\/\/rostockgedser.com\/se\/omoss\/#primaryimage"},"thumbnailUrl":"","datePublished":"2023-08-31T11:50:41+00:00","dateModified":"2024-12-17T12:46:16+00:00","description":"Uppt\u00e4ck allt om webbplatsen Rostock-Gedser.com och f\u00f6retaget bakom webbplatsen.","breadcrumb":{"@id":"https:\/\/rostockgedser.com\/se\/omoss\/#breadcrumb"},"inLanguage":"sv-SE","potentialAction":[{"@type":"ReadAction","target":["https:\/\/rostockgedser.com\/se\/omoss\/"]}]},{"@type":"ImageObject","inLanguage":"sv-SE","@id":"https:\/\/rostockgedser.com\/se\/omoss\/#primaryimage","url":"","contentUrl":""},{"@type":"BreadcrumbList","@id":"https:\/\/rostockgedser.com\/se\/omoss\/#breadcrumb","itemListElement":[{"@type":"ListItem","position":1,"name":"Home","item":"https:\/\/rostockgedser.com\/se\/"},{"@type":"ListItem","position":2,"name":"Om oss"}]},{"@type":"WebSite","@id":"https:\/\/rostockgedser.com\/se\/#website","url":"https:\/\/rostockgedser.com\/se\/","name":"RostockGedser.com\/se","description":"","publisher":{"@id":"https:\/\/rostockgedser.com\/se\/#organization"},"potentialAction":[{"@type":"SearchAction","target":{"@type":"EntryPoint","urlTemplate":"https:\/\/rostockgedser.com\/se\/?s={search_term_string}"},"query-input":{"@type":"PropertyValueSpecification","valueRequired":true,"valueName":"search_term_string"}}],"inLanguage":"sv-SE"},{"@type":"Organization","@id":"https:\/\/rostockgedser.com\/se\/#organization","name":"RostockGedser.com\/se","url":"https:\/\/rostockgedser.com\/se\/","logo":{"@type":"ImageObject","inLanguage":"sv-SE","@id":"https:\/\/rostockgedser.com\/se\/#\/schema\/logo\/image\/","url":"https:\/\/rostockgedser.com\/se\/wp-content\/uploads\/sites\/7\/2023\/08\/cropped-Rostock-Gedser-favicon.png","contentUrl":"https:\/\/rostockgedser.com\/se\/wp-content\/uploads\/sites\/7\/2023\/08\/cropped-Rostock-Gedser-favicon.png","width":512,"height":512,"caption":"RostockGedser.com\/se"},"image":{"@id":"https:\/\/rostockgedser.com\/se\/#\/schema\/logo\/image\/"}}]}},"_links":{"self":[{"href":"https:\/\/rostockgedser.com\/se\/wp-json\/wp\/v2\/pages\/1713","targetHints":{"allow":["GET"]}}],"collection":[{"href":"https:\/\/rostockgedser.com\/se\/wp-json\/wp\/v2\/pages"}],"about":[{"href":"https:\/\/rostockgedser.com\/se\/wp-json\/wp\/v2\/types\/page"}],"author":[{"embeddable":true,"href":"https:\/\/rostockgedser.com\/se\/wp-json\/wp\/v2\/users\/1"}],"replies":[{"embeddable":true,"href":"https:\/\/rostockgedser.com\/se\/wp-json\/wp\/v2\/comments?post=1713"}],"version-history":[{"count":14,"href":"https:\/\/rostockgedser.com\/se\/wp-json\/wp\/v2\/pages\/1713\/revisions"}],"predecessor-version":[{"id":2268,"href":"https:\/\/rostockgedser.com\/se\/wp-json\/wp\/v2\/pages\/1713\/revisions\/2268"}],"wp:featuredmedia":[{"embeddable":true,"href":"https:\/\/rostockgedser.com\/se\/wp-json\/wp\/v2\/menu-items\/1715"}],"wp:attachment":[{"href":"https:\/\/rostockgedser.com\/se\/wp-json\/wp\/v2\/media?parent=1713"}],"curies":[{"name":"wp","href":"https:\/\/api.w.org\/{rel}","templated":true}]}}