{"id":168,"date":"2023-05-08T12:11:27","date_gmt":"2023-05-08T11:11:27","guid":{"rendered":"https:\/\/puttgardenrodby.nl\/?page_id=168"},"modified":"2024-03-26T10:35:05","modified_gmt":"2024-03-26T10:35:05","slug":"farjepriser","status":"publish","type":"page","link":"https:\/\/rostockgedser.com\/se\/farjepriser\/","title":{"rendered":"F\u00e4rjepriser"},"content":{"rendered":"\t\t<div data-elementor-type=\"wp-post\" data-elementor-id=\"168\" class=\"elementor elementor-168\" data-elementor-post-type=\"page\">\n\t\t\t\t\t\t<section class=\"elementor-section elementor-top-section elementor-element elementor-element-4b9e33c0 elementor-section-boxed elementor-section-height-default elementor-section-height-default\" data-id=\"4b9e33c0\" data-element_type=\"section\" data-e-type=\"section\" data-settings=\"{&quot;background_background&quot;:&quot;gradient&quot;,&quot;sticky&quot;:&quot;top&quot;,&quot;sticky_on&quot;:[&quot;desktop&quot;,&quot;tablet&quot;,&quot;mobile&quot;],&quot;sticky_offset&quot;:0,&quot;sticky_effects_offset&quot;:0,&quot;sticky_anchor_link_offset&quot;:0}\">\n\t\t\t\t\t\t<div class=\"elementor-container elementor-column-gap-default\">\n\t\t\t\t\t<div class=\"elementor-column elementor-col-50 elementor-top-column elementor-element elementor-element-56af6530\" data-id=\"56af6530\" data-element_type=\"column\" data-e-type=\"column\">\n\t\t\t<div class=\"elementor-widget-wrap elementor-element-populated\">\n\t\t\t\t\t\t<div class=\"elementor-element elementor-element-3590c808 elementor-widget elementor-widget-breadcrumbs\" data-id=\"3590c808\" data-element_type=\"widget\" data-e-type=\"widget\" data-widget_type=\"breadcrumbs.default\">\n\t\t\t\t<div class=\"elementor-widget-container\">\n\t\t\t\t\t<p id=\"breadcrumbs\"><span><span><a href=\"https:\/\/rostockgedser.com\/se\/\">Home<\/a><\/span><\/span><\/p>\t\t\t\t<\/div>\n\t\t\t\t<\/div>\n\t\t\t\t\t<\/div>\n\t\t<\/div>\n\t\t\t\t<div class=\"elementor-column elementor-col-50 elementor-top-column elementor-element elementor-element-4ec24c10\" data-id=\"4ec24c10\" data-element_type=\"column\" data-e-type=\"column\">\n\t\t\t<div class=\"elementor-widget-wrap elementor-element-populated\">\n\t\t\t\t\t\t<div class=\"elementor-element elementor-element-6b703480 elementor-align-right elementor-mobile-align-center elementor-widget elementor-widget-button\" data-id=\"6b703480\" data-element_type=\"widget\" data-e-type=\"widget\" data-settings=\"{&quot;sticky&quot;:&quot;top&quot;,&quot;sticky_on&quot;:[&quot;mobile&quot;],&quot;sticky_offset&quot;:8,&quot;sticky_effects_offset_mobile&quot;:0,&quot;_animation_mobile&quot;:&quot;fadeIn&quot;,&quot;sticky_effects_offset&quot;:0,&quot;sticky_anchor_link_offset&quot;:0}\" data-widget_type=\"button.default\">\n\t\t\t\t<div class=\"elementor-widget-container\">\n\t\t\t\t\t\t\t\t\t<div class=\"elementor-button-wrapper\">\n\t\t\t\t\t<a class=\"elementor-button elementor-button-link elementor-size-md elementor-animation-shrink\" href=\"https:\/\/rostockgedser.com\/se\/go\/button-home\" target=\"_blank\" rel=\"nofollow\">\n\t\t\t\t\t\t<span class=\"elementor-button-content-wrapper\">\n\t\t\t\t\t\t<span class=\"elementor-button-icon\">\n\t\t\t\t<svg aria-hidden=\"true\" class=\"e-font-icon-svg e-far-arrow-alt-circle-right\" viewBox=\"0 0 512 512\" xmlns=\"http:\/\/www.w3.org\/2000\/svg\"><path d=\"M504 256C504 119 393 8 256 8S8 119 8 256s111 248 248 248 248-111 248-248zm-448 0c0-110.5 89.5-200 200-200s200 89.5 200 200-89.5 200-200 200S56 366.5 56 256zm72 20v-40c0-6.6 5.4-12 12-12h116v-67c0-10.7 12.9-16 20.5-8.5l99 99c4.7 4.7 4.7 12.3 0 17l-99 99c-7.6 7.6-20.5 2.2-20.5-8.5v-67H140c-6.6 0-12-5.4-12-12z\"><\/path><\/svg>\t\t\t<\/span>\n\t\t\t\t\t\t\t\t\t<span class=\"elementor-button-text\">Priser och biljetter<\/span>\n\t\t\t\t\t<\/span>\n\t\t\t\t\t<\/a>\n\t\t\t\t<\/div>\n\t\t\t\t\t\t\t\t<\/div>\n\t\t\t\t<\/div>\n\t\t\t\t\t<\/div>\n\t\t<\/div>\n\t\t\t\t\t<\/div>\n\t\t<\/section>\n\t\t\t\t<section class=\"elementor-section elementor-top-section elementor-element elementor-element-348d881 elementor-section-boxed elementor-section-height-default elementor-section-height-default\" data-id=\"348d881\" data-element_type=\"section\" data-e-type=\"section\">\n\t\t\t\t\t\t\t<div class=\"elementor-background-overlay\"><\/div>\n\t\t\t\t\t\t\t<div class=\"elementor-container elementor-column-gap-default\">\n\t\t\t\t\t<div class=\"elementor-column elementor-col-50 elementor-top-column elementor-element elementor-element-2e117c7\" data-id=\"2e117c7\" data-element_type=\"column\" data-e-type=\"column\">\n\t\t\t<div class=\"elementor-widget-wrap elementor-element-populated\">\n\t\t\t\t\t\t<div class=\"elementor-element elementor-element-e20d4c6 elementor-widget elementor-widget-image\" data-id=\"e20d4c6\" data-element_type=\"widget\" data-e-type=\"widget\" data-widget_type=\"image.default\">\n\t\t\t\t<div class=\"elementor-widget-container\">\n\t\t\t\t\t\t\t\t\t\t\t\t\t\t\t<img fetchpriority=\"high\" decoding=\"async\" width=\"1000\" height=\"500\" src=\"https:\/\/rostockgedser.com\/se\/wp-content\/uploads\/sites\/7\/2023\/08\/Scandlines-ferry.jpg\" class=\"attachment-full size-full wp-image-1233\" alt=\"Scandlines ferry\" srcset=\"https:\/\/rostockgedser.com\/se\/wp-content\/uploads\/sites\/7\/2023\/08\/Scandlines-ferry.jpg 1000w, https:\/\/rostockgedser.com\/se\/wp-content\/uploads\/sites\/7\/2023\/08\/Scandlines-ferry-300x150.jpg 300w, https:\/\/rostockgedser.com\/se\/wp-content\/uploads\/sites\/7\/2023\/08\/Scandlines-ferry-768x384.jpg 768w\" sizes=\"(max-width: 1000px) 100vw, 1000px\" \/>\t\t\t\t\t\t\t\t\t\t\t\t\t\t\t<\/div>\n\t\t\t\t<\/div>\n\t\t\t\t<div class=\"elementor-element elementor-element-18585c6 elementor-widget elementor-widget-heading\" data-id=\"18585c6\" data-element_type=\"widget\" data-e-type=\"widget\" data-widget_type=\"heading.default\">\n\t\t\t\t<div class=\"elementor-widget-container\">\n\t\t\t\t\t<h1 class=\"elementor-heading-title elementor-size-default\">Vad kostar f\u00e4rjan?<\/h1>\t\t\t\t<\/div>\n\t\t\t\t<\/div>\n\t\t\t\t<div class=\"elementor-element elementor-element-20d63d1 elementor-widget elementor-widget-text-editor\" data-id=\"20d63d1\" data-element_type=\"widget\" data-e-type=\"widget\" data-widget_type=\"text-editor.default\">\n\t\t\t\t<div class=\"elementor-widget-container\">\n\t\t\t\t\t\t\t\t\t<p>Priset du kan f\u00f6rv\u00e4nta dig<\/p>\t\t\t\t\t\t\t\t<\/div>\n\t\t\t\t<\/div>\n\t\t\t\t<div class=\"elementor-element elementor-element-b42abdf elementor-widget elementor-widget-text-editor\" data-id=\"b42abdf\" data-element_type=\"widget\" data-e-type=\"widget\" data-widget_type=\"text-editor.default\">\n\t\t\t\t<div class=\"elementor-widget-container\">\n\t\t\t\t\t\t\t\t\t<p>F\u00e4rjepriserna f\u00f6r Gedser till Rostock varierar beroende p\u00e5 h\u00f6g- och l\u00e5gs\u00e4songer.<\/p><p>Dessutom finns det en mellans\u00e4song f\u00f6r fordonspassager, under vilken priserna \u00e4r n\u00e5got h\u00f6gre j\u00e4mf\u00f6rt med l\u00e5gs\u00e4songens priser.<\/p><p>De &#8217;fr\u00e5n&#8217;-priser som n\u00e4mns p\u00e5 Scandlines webbplats \u00e4r alltid:<\/p><ul><li>L\u00e5gs\u00e4songspriser<\/li><li>Exklusive <strong>45 SEK<\/strong> br\u00e4nsletill\u00e4gg per \u00f6verfart f\u00f6r bilar och husbilar<\/li><li>Priser f\u00f6r tidig bokning<\/li><\/ul><h2>Priset<\/h2><p>Du kan v\u00e4lja mellan alternativen Early Booker, Standard och Flex n\u00e4r du g\u00f6r en bokning. Detta kommer att utesluta en br\u00e4nsleavgift p\u00e5 45 SEK.<\/p><ul><li>Early Booker: <strong>789 SEK<\/strong><\/li><li>Standard: <strong>1275 SEK (Onlinepris)<\/strong><\/li><li>Flex: <strong>1725 SEK (Onlinepris)<\/strong><\/li><\/ul><p>Det finns ingen extra f\u00f6rm\u00e5n f\u00f6r tur- och returbiljetter om du inte \u00e5terv\u00e4nder samma dag. I alla andra fall \u00e4r kostnaden f\u00f6r en tur- och returresa detsamma som enkelbiljettpriset multiplicerat med tv\u00e5.<br \/>F\u00f6r dem som reser med fordon \u00e4r priset enbart baserat p\u00e5 fordonet. Det maximala antalet passagerare som kan l\u00e4ggas till fordonet \u00e4r 9. F\u00f6r fordon l\u00e4ngre \u00e4n 6 meter tillkommer en extra avgift p\u00e5 343 SEK per tv\u00e5 meter.<\/p><h3>&#8217;Early booker&#8217; fr\u00e5n 789 SEK<\/h3><p>Fr\u00e5n 30 dagar f\u00f6re avresa kan du k\u00f6pa biljetter i begr\u00e4nsad tillg\u00e4nglighet fr\u00e5n 790 SEK f\u00f6r enkelresa. D\u00e4rut\u00f6ver tillkommer en br\u00e4nsleavgift p\u00e5 45 SEK.<\/p><h3 style=\"text-align: left;\">&#8217;L\u00e5gt pris&#8217; fr\u00e5n 960 SEK<\/h3><div><p>&#8217;L\u00e5gt pris&#8217; \u00e4r ofta sluts\u00e5lt och kan endast bokas online fr\u00e5n 20 till 2 dagar f\u00f6re avresa.<\/p><h3>&#8217;Standard&#8217; fr\u00e5n 1275 SEK<\/h3><p>Standardbiljetter kan k\u00f6pas online upp till 2 timmar f\u00f6re avresa f\u00f6r 1275 SEK. D\u00e4rut\u00f6ver tillkommer en br\u00e4nsleavgift p\u00e5<strong> 45 SEK<\/strong>.<\/p><h3>&#8217;Flex&#8217; fr\u00e5n 1725 SEK<\/h3><p>Vi ser Flex-biljetter som biljetter som du s\u00e4llan b\u00f6r best\u00e4lla p\u00e5 grund av priset. Dessa \u00e4r endast intressanta om du reser med stor os\u00e4kerhet om din avg\u00e5ngsdatum. Flex-biljetter \u00e4r tillg\u00e4ngliga fr\u00e5n 1725 SEK exklusive br\u00e4nsleavgiften p\u00e5 45 SEK br\u00e4nsleavgift.<\/p><\/div>\t\t\t\t\t\t\t\t<\/div>\n\t\t\t\t<\/div>\n\t\t\t\t<section class=\"elementor-section elementor-inner-section elementor-element elementor-element-a29006f elementor-section-boxed elementor-section-height-default elementor-section-height-default\" data-id=\"a29006f\" data-element_type=\"section\" data-e-type=\"section\">\n\t\t\t\t\t\t<div class=\"elementor-container elementor-column-gap-default\">\n\t\t\t\t\t<div class=\"elementor-column elementor-col-50 elementor-inner-column elementor-element elementor-element-6e59c96\" data-id=\"6e59c96\" data-element_type=\"column\" data-e-type=\"column\">\n\t\t\t<div class=\"elementor-widget-wrap elementor-element-populated\">\n\t\t\t\t\t\t<div class=\"elementor-element elementor-element-0353e50 elementor-widget elementor-widget-text-editor\" data-id=\"0353e50\" data-element_type=\"widget\" data-e-type=\"widget\" data-widget_type=\"text-editor.default\">\n\t\t\t\t<div class=\"elementor-widget-container\">\n\t\t\t\t\t\t\t\t\t<h3>L\u00e5gs\u00e4song<\/h3><h5>Enkelresa Early Booker<\/h5><ul><li>Fordon &lt;6m upp till 9 personer <b>962 SEK<\/b> + 343 SEK per 2 meters extra l\u00e4ngd.<\/li><\/ul><h5>Standard<\/h5><ul><li>Fordon &lt;6m upp till 9 personer <b>1275 SEK<\/b> + 343 SEK per 2 meters extra l\u00e4ngd.<\/li><\/ul><h5>Flex<\/h5><ul><li>Fordon &lt;6m upp till 9 personer <b>1725 SEK<\/b> + 343 SEK per 2 meters extra l\u00e4ngd.<\/li><\/ul><h5>Andra<\/h5><ul><li>Motorcykel\/moped: <strong>767 SEK<\/strong><\/li><li>Fotpassagerare: <b>320 SEK<\/b><\/li><li>Barn: 5-13 \u00e5r <b>160 SEK<\/b><\/li><li>Cykel: <strong>34 SEK<\/strong><\/li><\/ul>\t\t\t\t\t\t\t\t<\/div>\n\t\t\t\t<\/div>\n\t\t\t\t\t<\/div>\n\t\t<\/div>\n\t\t\t\t<div class=\"elementor-column elementor-col-50 elementor-inner-column elementor-element elementor-element-7eb5e59\" data-id=\"7eb5e59\" data-element_type=\"column\" data-e-type=\"column\">\n\t\t\t<div class=\"elementor-widget-wrap elementor-element-populated\">\n\t\t\t\t\t\t<div class=\"elementor-element elementor-element-29c5868 elementor-widget elementor-widget-text-editor\" data-id=\"29c5868\" data-element_type=\"widget\" data-e-type=\"widget\" data-widget_type=\"text-editor.default\">\n\t\t\t\t<div class=\"elementor-widget-container\">\n\t\t\t\t\t\t\t\t\t<h3>H\u00f6gs\u00e4song<\/h3><h5>Enkelresa Early Booker<\/h5><ul><li>Fordon &lt;6m upp till 9 personer Motorcykel\/moped <strong>695 SEK<\/strong> + 300 SEK per 2 meters extra l\u00e4ngd.<\/li><\/ul><h5>Standard<\/h5><ul><li>Fordon &lt;6m upp till 9 personer<strong> 1110 SEK<\/strong> + 300 SEK per 2 meters extra l\u00e4ngd.<\/li><\/ul><h5>Flex<\/h5><ul><li>Fordon &lt;6m upp till 9 personer<strong> 1500 SEK<\/strong> + 300 SEK per 2 meters extra l\u00e4ngd.<\/li><\/ul><h5>Andra<\/h5><ul><li>Motorcykel\/moped: <strong>540 SEK<\/strong><\/li><li>Fotpassagerare: <strong>130 SEK<\/strong><\/li><li>Barn 5-13 \u00e5r: <strong>70 SEK<\/strong><\/li><li>Cykel: <strong>15 SEK<\/strong><\/li><\/ul>\t\t\t\t\t\t\t\t<\/div>\n\t\t\t\t<\/div>\n\t\t\t\t\t<\/div>\n\t\t<\/div>\n\t\t\t\t\t<\/div>\n\t\t<\/section>\n\t\t\t\t<div class=\"elementor-element elementor-element-3d6085d elementor-widget elementor-widget-text-editor\" data-id=\"3d6085d\" data-element_type=\"widget\" data-e-type=\"widget\" data-widget_type=\"text-editor.default\">\n\t\t\t\t<div class=\"elementor-widget-container\">\n\t\t\t\t\t\t\t\t\t<p>P\u00e5 denna rutt \u00e4r det m\u00f6jligt att kombinera biljetter.<\/p><h2>Kombinerade biljetter:<br \/><span style=\"color: #00b66c;\">Sverige<\/span><span style=\"color: #00b66c;\"> &#8211; Danmark &#8211; Tyskland<\/span><\/h2><p>F\u00f6r de som vill resa till Sverige \u00e4r det m\u00f6jligt att k\u00f6pa biljetter f\u00f6r bron eller f\u00e4rjan mellan Helsingborg och Helsing\u00f6r i en och samma best\u00e4llning.<\/p><ul><li>Helsing\u00f6r-Helsingborg + Gedser-Rostock<\/li><li>\u00d6resundsbron + Gedser-Rostock<\/li><\/ul><p>Det \u00e4r viktigt att veta att om du inte f\u00f6rbokar \u00d6resundsbron m\u00e5ste du betala \u00e4nnu mer \u00e4n <strong>de extra 170 SEK<\/strong>. Se till att alltid boka dessa biljetter online.<\/p>\t\t\t\t\t\t\t\t<\/div>\n\t\t\t\t<\/div>\n\t\t\t\t\t<\/div>\n\t\t<\/div>\n\t\t\t\t<div class=\"elementor-column elementor-col-50 elementor-top-column elementor-element elementor-element-9a29147\" data-id=\"9a29147\" data-element_type=\"column\" data-e-type=\"column\">\n\t\t\t<div class=\"elementor-widget-wrap elementor-element-populated\">\n\t\t\t\t\t\t<div class=\"elementor-element elementor-element-de19ae8 elementor-widget elementor-widget-text-editor\" data-id=\"de19ae8\" data-element_type=\"widget\" data-e-type=\"widget\" data-settings=\"{&quot;sticky&quot;:&quot;top&quot;,&quot;sticky_parent&quot;:&quot;yes&quot;,&quot;sticky_offset&quot;:100,&quot;sticky_effects_offset&quot;:60,&quot;sticky_on&quot;:[&quot;desktop&quot;,&quot;tablet&quot;,&quot;mobile&quot;],&quot;sticky_anchor_link_offset&quot;:0}\" data-widget_type=\"text-editor.default\">\n\t\t\t\t<div class=\"elementor-widget-container\">\n\t\t\t\t\t\t\t\t\t<p><strong>Tillg\u00e4nglighet och priser f\u00f6r f\u00e4rjor<\/strong><\/p><p>De mest prisv\u00e4rda biljetterna finns tillg\u00e4ngliga genom f\u00e4rjeoperat\u00f6ren Scandlines. Se om din datum och s\u00e4rskilda billigare biljetter (tidig bokningsbiljetter) fortfarande \u00e4r tillg\u00e4ngliga:<\/p><p><a href=\"\/se\/go\/pages-side\" target=\"_blank\" rel=\"noopener\">Planera din \u00f6verfart \u2b9e<\/a><\/p>\t\t\t\t\t\t\t\t<\/div>\n\t\t\t\t<\/div>\n\t\t\t\t\t<\/div>\n\t\t<\/div>\n\t\t\t\t\t<\/div>\n\t\t<\/section>\n\t\t\t\t<\/div>\n\t\t","protected":false},"excerpt":{"rendered":"<p>Priser och biljetter Vad kostar f\u00e4rjan? Priset du kan f\u00f6rv\u00e4nta dig F\u00e4rjepriserna f\u00f6r Gedser till Rostock varierar beroende p\u00e5 h\u00f6g- och l\u00e5gs\u00e4songer. Dessutom finns det en mellans\u00e4song f\u00f6r fordonspassager, under vilken priserna \u00e4r n\u00e5got h\u00f6gre j\u00e4mf\u00f6rt med l\u00e5gs\u00e4songens priser. De &#8217;fr\u00e5n&#8217;-priser som n\u00e4mns p\u00e5 Scandlines webbplats \u00e4r alltid: L\u00e5gs\u00e4songspriser Exklusive 45 SEK br\u00e4nsletill\u00e4gg per \u00f6verfart [&hellip;]<\/p>\n","protected":false},"author":1,"featured_media":845,"parent":0,"menu_order":0,"comment_status":"closed","ping_status":"closed","template":"elementor_header_footer","meta":{"footnotes":""},"class_list":["post-168","page","type-page","status-publish","has-post-thumbnail","hentry"],"yoast_head":"<!-- This site is optimized with the Yoast SEO plugin v27.2 - https:\/\/yoast.com\/product\/yoast-seo-wordpress\/ -->\n<title>Gedser till Rostock F\u00e4rjepriser<\/title>\n<meta name=\"description\" content=\"Anv\u00e4nd v\u00e5r guide f\u00f6r Gedser till Rostock f\u00e4rjepriser och planera din resa utan problem p\u00e5 det billigaste s\u00e4ttet med v\u00e5r webbplatsguide och tips.\" \/>\n<meta name=\"robots\" content=\"index, follow, max-snippet:-1, max-image-preview:large, max-video-preview:-1\" \/>\n<link rel=\"canonical\" href=\"https:\/\/rostockgedser.com\/se\/farjepriser\/\" \/>\n<meta property=\"og:locale\" content=\"sv_SE\" \/>\n<meta property=\"og:type\" content=\"article\" \/>\n<meta property=\"og:title\" content=\"Gedser till Rostock F\u00e4rjepriser\" \/>\n<meta property=\"og:description\" content=\"Anv\u00e4nd v\u00e5r guide f\u00f6r Gedser till Rostock f\u00e4rjepriser och planera din resa utan problem p\u00e5 det billigaste s\u00e4ttet med v\u00e5r webbplatsguide och tips.\" \/>\n<meta property=\"og:url\" content=\"https:\/\/rostockgedser.com\/se\/farjepriser\/\" \/>\n<meta property=\"og:site_name\" content=\"RostockGedser.com\/se\" \/>\n<meta property=\"article:modified_time\" content=\"2024-03-26T10:35:05+00:00\" \/>\n<meta property=\"og:image\" content=\"http:\/\/rostockgedser.com\/se\/wp-content\/uploads\/sites\/7\/2023\/05\/fehmarn-rodbyhavn.jpg\" \/>\n\t<meta property=\"og:image:width\" content=\"1000\" \/>\n\t<meta property=\"og:image:height\" content=\"500\" \/>\n\t<meta property=\"og:image:type\" content=\"image\/jpeg\" \/>\n<meta name=\"twitter:card\" content=\"summary_large_image\" \/>\n<meta name=\"twitter:label1\" content=\"Ber\u00e4knad l\u00e4stid\" \/>\n\t<meta name=\"twitter:data1\" content=\"3 minuter\" \/>\n<script type=\"application\/ld+json\" class=\"yoast-schema-graph\">{\"@context\":\"https:\/\/schema.org\",\"@graph\":[{\"@type\":\"WebPage\",\"@id\":\"https:\/\/rostockgedser.com\/se\/farjepriser\/\",\"url\":\"https:\/\/rostockgedser.com\/se\/farjepriser\/\",\"name\":\"Gedser till Rostock F\u00e4rjepriser\",\"isPartOf\":{\"@id\":\"https:\/\/rostockgedser.com\/se\/#website\"},\"primaryImageOfPage\":{\"@id\":\"https:\/\/rostockgedser.com\/se\/farjepriser\/#primaryimage\"},\"image\":{\"@id\":\"https:\/\/rostockgedser.com\/se\/farjepriser\/#primaryimage\"},\"thumbnailUrl\":\"https:\/\/rostockgedser.com\/se\/wp-content\/uploads\/sites\/7\/2023\/05\/fehmarn-rodbyhavn.jpg\",\"datePublished\":\"2023-05-08T11:11:27+00:00\",\"dateModified\":\"2024-03-26T10:35:05+00:00\",\"description\":\"Anv\u00e4nd v\u00e5r guide f\u00f6r Gedser till Rostock f\u00e4rjepriser och planera din resa utan problem p\u00e5 det billigaste s\u00e4ttet med v\u00e5r webbplatsguide och tips.\",\"breadcrumb\":{\"@id\":\"https:\/\/rostockgedser.com\/se\/farjepriser\/#breadcrumb\"},\"inLanguage\":\"sv-SE\",\"potentialAction\":[{\"@type\":\"ReadAction\",\"target\":[\"https:\/\/rostockgedser.com\/se\/farjepriser\/\"]}]},{\"@type\":\"ImageObject\",\"inLanguage\":\"sv-SE\",\"@id\":\"https:\/\/rostockgedser.com\/se\/farjepriser\/#primaryimage\",\"url\":\"https:\/\/rostockgedser.com\/se\/wp-content\/uploads\/sites\/7\/2023\/05\/fehmarn-rodbyhavn.jpg\",\"contentUrl\":\"https:\/\/rostockgedser.com\/se\/wp-content\/uploads\/sites\/7\/2023\/05\/fehmarn-rodbyhavn.jpg\",\"width\":1000,\"height\":500,\"caption\":\"fehmarn-rodbyhavn\"},{\"@type\":\"BreadcrumbList\",\"@id\":\"https:\/\/rostockgedser.com\/se\/farjepriser\/#breadcrumb\",\"itemListElement\":[{\"@type\":\"ListItem\",\"position\":1,\"name\":\"Home\",\"item\":\"https:\/\/rostockgedser.com\/se\/\"},{\"@type\":\"ListItem\",\"position\":2,\"name\":\"F\u00e4rjepriser\"}]},{\"@type\":\"WebSite\",\"@id\":\"https:\/\/rostockgedser.com\/se\/#website\",\"url\":\"https:\/\/rostockgedser.com\/se\/\",\"name\":\"RostockGedser.com\/se\",\"description\":\"\",\"publisher\":{\"@id\":\"https:\/\/rostockgedser.com\/se\/#organization\"},\"potentialAction\":[{\"@type\":\"SearchAction\",\"target\":{\"@type\":\"EntryPoint\",\"urlTemplate\":\"https:\/\/rostockgedser.com\/se\/?s={search_term_string}\"},\"query-input\":{\"@type\":\"PropertyValueSpecification\",\"valueRequired\":true,\"valueName\":\"search_term_string\"}}],\"inLanguage\":\"sv-SE\"},{\"@type\":\"Organization\",\"@id\":\"https:\/\/rostockgedser.com\/se\/#organization\",\"name\":\"RostockGedser.com\/se\",\"url\":\"https:\/\/rostockgedser.com\/se\/\",\"logo\":{\"@type\":\"ImageObject\",\"inLanguage\":\"sv-SE\",\"@id\":\"https:\/\/rostockgedser.com\/se\/#\/schema\/logo\/image\/\",\"url\":\"https:\/\/rostockgedser.com\/se\/wp-content\/uploads\/sites\/7\/2023\/08\/cropped-Rostock-Gedser-favicon.png\",\"contentUrl\":\"https:\/\/rostockgedser.com\/se\/wp-content\/uploads\/sites\/7\/2023\/08\/cropped-Rostock-Gedser-favicon.png\",\"width\":512,\"height\":512,\"caption\":\"RostockGedser.com\/se\"},\"image\":{\"@id\":\"https:\/\/rostockgedser.com\/se\/#\/schema\/logo\/image\/\"}}]}<\/script>\n<!-- \/ Yoast SEO plugin. -->","yoast_head_json":{"title":"Gedser till Rostock F\u00e4rjepriser","description":"Anv\u00e4nd v\u00e5r guide f\u00f6r Gedser till Rostock f\u00e4rjepriser och planera din resa utan problem p\u00e5 det billigaste s\u00e4ttet med v\u00e5r webbplatsguide och tips.","robots":{"index":"index","follow":"follow","max-snippet":"max-snippet:-1","max-image-preview":"max-image-preview:large","max-video-preview":"max-video-preview:-1"},"canonical":"https:\/\/rostockgedser.com\/se\/farjepriser\/","og_locale":"sv_SE","og_type":"article","og_title":"Gedser till Rostock F\u00e4rjepriser","og_description":"Anv\u00e4nd v\u00e5r guide f\u00f6r Gedser till Rostock f\u00e4rjepriser och planera din resa utan problem p\u00e5 det billigaste s\u00e4ttet med v\u00e5r webbplatsguide och tips.","og_url":"https:\/\/rostockgedser.com\/se\/farjepriser\/","og_site_name":"RostockGedser.com\/se","article_modified_time":"2024-03-26T10:35:05+00:00","og_image":[{"width":1000,"height":500,"url":"http:\/\/rostockgedser.com\/se\/wp-content\/uploads\/sites\/7\/2023\/05\/fehmarn-rodbyhavn.jpg","type":"image\/jpeg"}],"twitter_card":"summary_large_image","twitter_misc":{"Ber\u00e4knad l\u00e4stid":"3 minuter"},"schema":{"@context":"https:\/\/schema.org","@graph":[{"@type":"WebPage","@id":"https:\/\/rostockgedser.com\/se\/farjepriser\/","url":"https:\/\/rostockgedser.com\/se\/farjepriser\/","name":"Gedser till Rostock F\u00e4rjepriser","isPartOf":{"@id":"https:\/\/rostockgedser.com\/se\/#website"},"primaryImageOfPage":{"@id":"https:\/\/rostockgedser.com\/se\/farjepriser\/#primaryimage"},"image":{"@id":"https:\/\/rostockgedser.com\/se\/farjepriser\/#primaryimage"},"thumbnailUrl":"https:\/\/rostockgedser.com\/se\/wp-content\/uploads\/sites\/7\/2023\/05\/fehmarn-rodbyhavn.jpg","datePublished":"2023-05-08T11:11:27+00:00","dateModified":"2024-03-26T10:35:05+00:00","description":"Anv\u00e4nd v\u00e5r guide f\u00f6r Gedser till Rostock f\u00e4rjepriser och planera din resa utan problem p\u00e5 det billigaste s\u00e4ttet med v\u00e5r webbplatsguide och tips.","breadcrumb":{"@id":"https:\/\/rostockgedser.com\/se\/farjepriser\/#breadcrumb"},"inLanguage":"sv-SE","potentialAction":[{"@type":"ReadAction","target":["https:\/\/rostockgedser.com\/se\/farjepriser\/"]}]},{"@type":"ImageObject","inLanguage":"sv-SE","@id":"https:\/\/rostockgedser.com\/se\/farjepriser\/#primaryimage","url":"https:\/\/rostockgedser.com\/se\/wp-content\/uploads\/sites\/7\/2023\/05\/fehmarn-rodbyhavn.jpg","contentUrl":"https:\/\/rostockgedser.com\/se\/wp-content\/uploads\/sites\/7\/2023\/05\/fehmarn-rodbyhavn.jpg","width":1000,"height":500,"caption":"fehmarn-rodbyhavn"},{"@type":"BreadcrumbList","@id":"https:\/\/rostockgedser.com\/se\/farjepriser\/#breadcrumb","itemListElement":[{"@type":"ListItem","position":1,"name":"Home","item":"https:\/\/rostockgedser.com\/se\/"},{"@type":"ListItem","position":2,"name":"F\u00e4rjepriser"}]},{"@type":"WebSite","@id":"https:\/\/rostockgedser.com\/se\/#website","url":"https:\/\/rostockgedser.com\/se\/","name":"RostockGedser.com\/se","description":"","publisher":{"@id":"https:\/\/rostockgedser.com\/se\/#organization"},"potentialAction":[{"@type":"SearchAction","target":{"@type":"EntryPoint","urlTemplate":"https:\/\/rostockgedser.com\/se\/?s={search_term_string}"},"query-input":{"@type":"PropertyValueSpecification","valueRequired":true,"valueName":"search_term_string"}}],"inLanguage":"sv-SE"},{"@type":"Organization","@id":"https:\/\/rostockgedser.com\/se\/#organization","name":"RostockGedser.com\/se","url":"https:\/\/rostockgedser.com\/se\/","logo":{"@type":"ImageObject","inLanguage":"sv-SE","@id":"https:\/\/rostockgedser.com\/se\/#\/schema\/logo\/image\/","url":"https:\/\/rostockgedser.com\/se\/wp-content\/uploads\/sites\/7\/2023\/08\/cropped-Rostock-Gedser-favicon.png","contentUrl":"https:\/\/rostockgedser.com\/se\/wp-content\/uploads\/sites\/7\/2023\/08\/cropped-Rostock-Gedser-favicon.png","width":512,"height":512,"caption":"RostockGedser.com\/se"},"image":{"@id":"https:\/\/rostockgedser.com\/se\/#\/schema\/logo\/image\/"}}]}},"_links":{"self":[{"href":"https:\/\/rostockgedser.com\/se\/wp-json\/wp\/v2\/pages\/168","targetHints":{"allow":["GET"]}}],"collection":[{"href":"https:\/\/rostockgedser.com\/se\/wp-json\/wp\/v2\/pages"}],"about":[{"href":"https:\/\/rostockgedser.com\/se\/wp-json\/wp\/v2\/types\/page"}],"author":[{"embeddable":true,"href":"https:\/\/rostockgedser.com\/se\/wp-json\/wp\/v2\/users\/1"}],"replies":[{"embeddable":true,"href":"https:\/\/rostockgedser.com\/se\/wp-json\/wp\/v2\/comments?post=168"}],"version-history":[{"count":20,"href":"https:\/\/rostockgedser.com\/se\/wp-json\/wp\/v2\/pages\/168\/revisions"}],"predecessor-version":[{"id":2217,"href":"https:\/\/rostockgedser.com\/se\/wp-json\/wp\/v2\/pages\/168\/revisions\/2217"}],"wp:featuredmedia":[{"embeddable":true,"href":"https:\/\/rostockgedser.com\/se\/wp-json\/wp\/v2\/media\/845"}],"wp:attachment":[{"href":"https:\/\/rostockgedser.com\/se\/wp-json\/wp\/v2\/media?parent=168"}],"curies":[{"name":"wp","href":"https:\/\/api.w.org\/{rel}","templated":true}]}}