{"id":1340,"date":"2023-08-23T15:21:48","date_gmt":"2023-08-23T14:21:48","guid":{"rendered":"https:\/\/rostockgedser.com\/?page_id=1340"},"modified":"2024-03-26T11:58:24","modified_gmt":"2024-03-26T11:58:24","slug":"farja-till-berlin","status":"publish","type":"page","link":"https:\/\/rostockgedser.com\/se\/farja-till-berlin\/","title":{"rendered":"F\u00e4rja till Berlin"},"content":{"rendered":"\t\t<div data-elementor-type=\"wp-post\" data-elementor-id=\"1340\" class=\"elementor elementor-1340\" data-elementor-post-type=\"page\">\n\t\t\t\t\t\t<section class=\"elementor-section elementor-top-section elementor-element elementor-element-3b818e34 elementor-section-boxed elementor-section-height-default elementor-section-height-default\" data-id=\"3b818e34\" data-element_type=\"section\" data-e-type=\"section\" data-settings=\"{&quot;background_background&quot;:&quot;gradient&quot;,&quot;sticky&quot;:&quot;top&quot;,&quot;sticky_on&quot;:[&quot;desktop&quot;,&quot;tablet&quot;,&quot;mobile&quot;],&quot;sticky_offset&quot;:0,&quot;sticky_effects_offset&quot;:0,&quot;sticky_anchor_link_offset&quot;:0}\">\n\t\t\t\t\t\t<div class=\"elementor-container elementor-column-gap-default\">\n\t\t\t\t\t<div class=\"elementor-column elementor-col-50 elementor-top-column elementor-element elementor-element-2d1d3f6b\" data-id=\"2d1d3f6b\" data-element_type=\"column\" data-e-type=\"column\">\n\t\t\t<div class=\"elementor-widget-wrap elementor-element-populated\">\n\t\t\t\t\t\t<div class=\"elementor-element elementor-element-6ac577b6 elementor-widget elementor-widget-breadcrumbs\" data-id=\"6ac577b6\" data-element_type=\"widget\" data-e-type=\"widget\" data-widget_type=\"breadcrumbs.default\">\n\t\t\t\t<div class=\"elementor-widget-container\">\n\t\t\t\t\t<p id=\"breadcrumbs\"><span><span><a href=\"https:\/\/rostockgedser.com\/se\/\">Home<\/a><\/span><\/span><\/p>\t\t\t\t<\/div>\n\t\t\t\t<\/div>\n\t\t\t\t\t<\/div>\n\t\t<\/div>\n\t\t\t\t<div class=\"elementor-column elementor-col-50 elementor-top-column elementor-element elementor-element-69e5e666\" data-id=\"69e5e666\" data-element_type=\"column\" data-e-type=\"column\">\n\t\t\t<div class=\"elementor-widget-wrap elementor-element-populated\">\n\t\t\t\t\t\t<div class=\"elementor-element elementor-element-6d3115a5 elementor-align-right elementor-mobile-align-center elementor-widget elementor-widget-button\" data-id=\"6d3115a5\" data-element_type=\"widget\" data-e-type=\"widget\" data-settings=\"{&quot;sticky&quot;:&quot;top&quot;,&quot;sticky_on&quot;:[&quot;mobile&quot;],&quot;sticky_offset&quot;:8,&quot;sticky_effects_offset_mobile&quot;:0,&quot;_animation_mobile&quot;:&quot;fadeIn&quot;,&quot;sticky_effects_offset&quot;:0,&quot;sticky_anchor_link_offset&quot;:0}\" data-widget_type=\"button.default\">\n\t\t\t\t<div class=\"elementor-widget-container\">\n\t\t\t\t\t\t\t\t\t<div class=\"elementor-button-wrapper\">\n\t\t\t\t\t<a class=\"elementor-button elementor-button-link elementor-size-md elementor-animation-shrink\" href=\"https:\/\/rostockgedser.com\/se\/go\/button-home\" target=\"_blank\">\n\t\t\t\t\t\t<span class=\"elementor-button-content-wrapper\">\n\t\t\t\t\t\t<span class=\"elementor-button-icon\">\n\t\t\t\t<svg aria-hidden=\"true\" class=\"e-font-icon-svg e-far-arrow-alt-circle-right\" viewBox=\"0 0 512 512\" xmlns=\"http:\/\/www.w3.org\/2000\/svg\"><path d=\"M504 256C504 119 393 8 256 8S8 119 8 256s111 248 248 248 248-111 248-248zm-448 0c0-110.5 89.5-200 200-200s200 89.5 200 200-89.5 200-200 200S56 366.5 56 256zm72 20v-40c0-6.6 5.4-12 12-12h116v-67c0-10.7 12.9-16 20.5-8.5l99 99c4.7 4.7 4.7 12.3 0 17l-99 99c-7.6 7.6-20.5 2.2-20.5-8.5v-67H140c-6.6 0-12-5.4-12-12z\"><\/path><\/svg>\t\t\t<\/span>\n\t\t\t\t\t\t\t\t\t<span class=\"elementor-button-text\">Priser och biljetter<\/span>\n\t\t\t\t\t<\/span>\n\t\t\t\t\t<\/a>\n\t\t\t\t<\/div>\n\t\t\t\t\t\t\t\t<\/div>\n\t\t\t\t<\/div>\n\t\t\t\t\t<\/div>\n\t\t<\/div>\n\t\t\t\t\t<\/div>\n\t\t<\/section>\n\t\t\t\t<section class=\"elementor-section elementor-top-section elementor-element elementor-element-348d881 elementor-section-boxed elementor-section-height-default elementor-section-height-default\" data-id=\"348d881\" data-element_type=\"section\" data-e-type=\"section\">\n\t\t\t\t\t\t\t<div class=\"elementor-background-overlay\"><\/div>\n\t\t\t\t\t\t\t<div class=\"elementor-container elementor-column-gap-default\">\n\t\t\t\t\t<div class=\"elementor-column elementor-col-50 elementor-top-column elementor-element elementor-element-2e117c7\" data-id=\"2e117c7\" data-element_type=\"column\" data-e-type=\"column\">\n\t\t\t<div class=\"elementor-widget-wrap elementor-element-populated\">\n\t\t\t\t\t\t<div class=\"elementor-element elementor-element-e20d4c6 elementor-widget elementor-widget-image\" data-id=\"e20d4c6\" data-element_type=\"widget\" data-e-type=\"widget\" data-widget_type=\"image.default\">\n\t\t\t\t<div class=\"elementor-widget-container\">\n\t\t\t\t\t\t\t\t\t\t\t\t\t\t\t<img fetchpriority=\"high\" decoding=\"async\" width=\"1000\" height=\"500\" src=\"https:\/\/rostockgedser.com\/se\/wp-content\/uploads\/sites\/7\/2024\/03\/till-Berlin-fran-Sverige.jpg\" class=\"attachment-full size-full wp-image-2050\" alt=\"_till Berlin fr\u00e5n Sverige\" srcset=\"https:\/\/rostockgedser.com\/se\/wp-content\/uploads\/sites\/7\/2024\/03\/till-Berlin-fran-Sverige.jpg 1000w, https:\/\/rostockgedser.com\/se\/wp-content\/uploads\/sites\/7\/2024\/03\/till-Berlin-fran-Sverige-300x150.jpg 300w, https:\/\/rostockgedser.com\/se\/wp-content\/uploads\/sites\/7\/2024\/03\/till-Berlin-fran-Sverige-768x384.jpg 768w\" sizes=\"(max-width: 1000px) 100vw, 1000px\" \/>\t\t\t\t\t\t\t\t\t\t\t\t\t\t\t<\/div>\n\t\t\t\t<\/div>\n\t\t\t\t<div class=\"elementor-element elementor-element-18585c6 elementor-widget elementor-widget-heading\" data-id=\"18585c6\" data-element_type=\"widget\" data-e-type=\"widget\" data-widget_type=\"heading.default\">\n\t\t\t\t<div class=\"elementor-widget-container\">\n\t\t\t\t\t<h1 class=\"elementor-heading-title elementor-size-default\">F\u00e4rja till Berlin<\/h1>\t\t\t\t<\/div>\n\t\t\t\t<\/div>\n\t\t\t\t<div class=\"elementor-element elementor-element-7347e41 elementor-widget elementor-widget-text-editor\" data-id=\"7347e41\" data-element_type=\"widget\" data-e-type=\"widget\" data-widget_type=\"text-editor.default\">\n\t\t\t\t<div class=\"elementor-widget-container\">\n\t\t\t\t\t\t\t\t\tResa genom Danmark till s\u00f6der\t\t\t\t\t\t\t\t<\/div>\n\t\t\t\t<\/div>\n\t\t\t\t<div class=\"elementor-element elementor-element-024ec76 elementor-widget elementor-widget-text-editor\" data-id=\"024ec76\" data-element_type=\"widget\" data-e-type=\"widget\" data-widget_type=\"text-editor.default\">\n\t\t\t\t<div class=\"elementor-widget-container\">\n\t\t\t\t\t\t\t\t\t<p>N\u00e4r du funderar p\u00e5 att ta en f\u00e4rja fr\u00e5n Sverige till Tyskland finns det olika alternativ att v\u00e4lja mellan. Men om du planerar att \u00e5ka till Berlin \u00e4r <strong>f\u00e4rjan fr\u00e5n Gedser till Rostock ett utm\u00e4rkt val<\/strong>.<\/p><h4><strong>H\u00e4r \u00e4r varf\u00f6r:<\/strong><\/h4><ul><li>N\u00e4r du anl\u00e4nder till <a href=\"https:\/\/rostockgedser.com\/se\/rostock\/\">Rostock<\/a> efter att ha tagit denna f\u00e4rja \u00e4r det enkelt att ta sig till Berlin. Du kan hoppa p\u00e5 ett t\u00e5g eller en buss, och resan till Berlin g\u00e5r ganska snabbt. (<strong>~2,5 timmar<\/strong>)<\/li><li>F\u00e4rjeresan fr\u00e5n Gedser till Rostock \u00e4r vanligtvis smidig, snabb och enkel. Alla f\u00e4rjor som avg\u00e5r direkt fr\u00e5n Sverige till Tyskland \u00e4r dyrare och har en l\u00e5ng restid.<\/li><li>Rostock \u00e4r en h\u00e4ftig stad med mycket att se om du vill utforska lite innan du \u00e5ker till Berlin.<\/li><\/ul><p>F\u00e4rjebiljetterna f\u00f6r Gedser till Rostock b\u00f6rjar p\u00e5 \u20ac222 f\u00f6r en tur och retur. Detta t\u00e4cker en bil med plats f\u00f6r upp till 9 personer som reser gratis. Om du \u00e5ker med familj eller v\u00e4nner \u00e4r f\u00e4rje\u00f6verfarten relativt prisv\u00e4rd!<\/p>\t\t\t\t\t\t\t\t<\/div>\n\t\t\t\t<\/div>\n\t\t\t\t<div class=\"elementor-element elementor-element-40b6597 elementor-widget elementor-widget-image\" data-id=\"40b6597\" data-element_type=\"widget\" data-e-type=\"widget\" data-widget_type=\"image.default\">\n\t\t\t\t<div class=\"elementor-widget-container\">\n\t\t\t\t\t\t\t\t\t\t\t\t\t\t\t<img decoding=\"async\" width=\"580\" height=\"290\" src=\"https:\/\/rostockgedser.com\/se\/wp-content\/uploads\/sites\/7\/2024\/03\/Berlin.jpg\" class=\"attachment-large size-large wp-image-2052\" alt=\"Gedser - Berlin\" srcset=\"https:\/\/rostockgedser.com\/se\/wp-content\/uploads\/sites\/7\/2024\/03\/Berlin.jpg 1000w, https:\/\/rostockgedser.com\/se\/wp-content\/uploads\/sites\/7\/2024\/03\/Berlin-300x150.jpg 300w, https:\/\/rostockgedser.com\/se\/wp-content\/uploads\/sites\/7\/2024\/03\/Berlin-768x384.jpg 768w\" sizes=\"(max-width: 580px) 100vw, 580px\" \/>\t\t\t\t\t\t\t\t\t\t\t\t\t\t\t<\/div>\n\t\t\t\t<\/div>\n\t\t\t\t<div class=\"elementor-element elementor-element-bec744c elementor-widget elementor-widget-text-editor\" data-id=\"bec744c\" data-element_type=\"widget\" data-e-type=\"widget\" data-widget_type=\"text-editor.default\">\n\t\t\t\t<div class=\"elementor-widget-container\">\n\t\t\t\t\t\t\t\t\t<h3>Boka ditt \u00e4ventyr till Berlin<\/h3><p>\u00c4r du redo att ge dig ut p\u00e5 ditt \u00e4ventyr fr\u00e5n K\u00f6penhamn till Berlin? Se till att din resa blir smidig genom att boka dina f\u00e4rjebiljetter i f\u00f6rv\u00e4g.<\/p><p><strong>Bokning i f\u00f6rv\u00e4g<\/strong> + <strong>resa under l\u00e5gs\u00e4song<\/strong> garanterar l\u00e4gsta pris.<\/p><p>Kom ih\u00e5g att \u00e4ven om det inte finns en direkt f\u00e4rja till Berlin (vilket skulle vara om\u00f6jligt), s\u00e5 erbjuder rutten Gedser till Rostock en <strong>likv\u00e4rdigt f\u00e4ngslande resa<\/strong>.<\/p><h2>Ta vara p\u00e5 denna resa<\/h2><p>Om du ska till Berlin kan vi rekommendera f\u00f6ljande tv\u00e5 utm\u00e4rkta informationsk\u00e4llor:<\/p><ul><li><a href=\"https:\/\/www.rostock.de\/urlaub\/touristinfo.html\">Rostock.de<\/a> (tyska eller engelska)<\/li><li><a href=\"https:\/\/www.visitberlin.de\/en\/berlin-tourist-info-centres\">VisitBerlin.de<\/a> (tyska eller engelska)<\/li><\/ul><p>Det \u00e4r \u00e4ven m\u00f6jligt att f\u00e5 mer information p\u00e5 webbplatsen f\u00f6r <a href=\"\/se\/go\/scandlines\">f\u00e4rjeoperat\u00f6ren Scandlines<\/a>.<\/p>\t\t\t\t\t\t\t\t<\/div>\n\t\t\t\t<\/div>\n\t\t\t\t\t<\/div>\n\t\t<\/div>\n\t\t\t\t<div class=\"elementor-column elementor-col-50 elementor-top-column elementor-element elementor-element-9a29147\" data-id=\"9a29147\" data-element_type=\"column\" data-e-type=\"column\">\n\t\t\t<div class=\"elementor-widget-wrap elementor-element-populated\">\n\t\t\t\t\t\t<div class=\"elementor-element elementor-element-de19ae8 elementor-widget elementor-widget-text-editor\" data-id=\"de19ae8\" data-element_type=\"widget\" data-e-type=\"widget\" data-settings=\"{&quot;sticky&quot;:&quot;top&quot;,&quot;sticky_parent&quot;:&quot;yes&quot;,&quot;sticky_offset&quot;:100,&quot;sticky_effects_offset&quot;:60,&quot;sticky_on&quot;:[&quot;desktop&quot;,&quot;tablet&quot;,&quot;mobile&quot;],&quot;sticky_anchor_link_offset&quot;:0}\" data-widget_type=\"text-editor.default\">\n\t\t\t\t<div class=\"elementor-widget-container\">\n\t\t\t\t\t\t\t\t\t<p><strong>F\u00e4rjebiljetter till Berlin<\/strong><\/p><p>De mest prisv\u00e4rda biljetterna finns tillg\u00e4ngliga genom f\u00e4rjebolaget Scandlines.<\/p><p>N\u00e4r du reser till Berlin beh\u00f6ver du en kombibiljett, vilket enkelt kan bokas hos Scandlines eftersom de \u00e4ven driver \u00d6resundsbron.<\/p><p><a href=\"\/se\/go\/pages-side\" target=\"_blank\" rel=\"noopener\">Planera din resa \u2b9e<\/a><\/p>\t\t\t\t\t\t\t\t<\/div>\n\t\t\t\t<\/div>\n\t\t\t\t\t<\/div>\n\t\t<\/div>\n\t\t\t\t\t<\/div>\n\t\t<\/section>\n\t\t\t\t<\/div>\n\t\t","protected":false},"excerpt":{"rendered":"<p>Priser och biljetter F\u00e4rja till Berlin Resa genom Danmark till s\u00f6der N\u00e4r du funderar p\u00e5 att ta en f\u00e4rja fr\u00e5n Sverige till Tyskland finns det olika alternativ att v\u00e4lja mellan. Men om du planerar att \u00e5ka till Berlin \u00e4r f\u00e4rjan fr\u00e5n Gedser till Rostock ett utm\u00e4rkt val. H\u00e4r \u00e4r varf\u00f6r: N\u00e4r du anl\u00e4nder till Rostock [&hellip;]<\/p>\n","protected":false},"author":1,"featured_media":845,"parent":0,"menu_order":0,"comment_status":"closed","ping_status":"closed","template":"elementor_header_footer","meta":{"footnotes":""},"class_list":["post-1340","page","type-page","status-publish","has-post-thumbnail","hentry"],"yoast_head":"<!-- This site is optimized with the Yoast SEO plugin v27.2 - https:\/\/yoast.com\/product\/yoast-seo-wordpress\/ -->\n<title>V\u00e4lj F\u00e4rja till Berlin<\/title>\n<meta name=\"description\" content=\"Enkelt den b\u00e4sta guiden f\u00f6r f\u00e4rjeresor till Berlin fr\u00e5n Sverige. L\u00e5t oss f\u00f6rklara dina alternativ och vad du kan f\u00f6rv\u00e4nta dig!\" \/>\n<meta name=\"robots\" content=\"index, follow, max-snippet:-1, max-image-preview:large, max-video-preview:-1\" \/>\n<link rel=\"canonical\" href=\"https:\/\/rostockgedser.com\/se\/farja-till-berlin\/\" \/>\n<meta property=\"og:locale\" content=\"sv_SE\" \/>\n<meta property=\"og:type\" content=\"article\" \/>\n<meta property=\"og:title\" content=\"V\u00e4lj F\u00e4rja till Berlin\" \/>\n<meta property=\"og:description\" content=\"Enkelt den b\u00e4sta guiden f\u00f6r f\u00e4rjeresor till Berlin fr\u00e5n Sverige. L\u00e5t oss f\u00f6rklara dina alternativ och vad du kan f\u00f6rv\u00e4nta dig!\" \/>\n<meta property=\"og:url\" content=\"https:\/\/rostockgedser.com\/se\/farja-till-berlin\/\" \/>\n<meta property=\"og:site_name\" content=\"RostockGedser.com\/se\" \/>\n<meta property=\"article:modified_time\" content=\"2024-03-26T11:58:24+00:00\" \/>\n<meta property=\"og:image\" content=\"http:\/\/rostockgedser.com\/se\/wp-content\/uploads\/sites\/7\/2023\/05\/fehmarn-rodbyhavn.jpg\" \/>\n\t<meta property=\"og:image:width\" content=\"1000\" \/>\n\t<meta property=\"og:image:height\" content=\"500\" \/>\n\t<meta property=\"og:image:type\" content=\"image\/jpeg\" \/>\n<meta name=\"twitter:card\" content=\"summary_large_image\" \/>\n<meta name=\"twitter:label1\" content=\"Ber\u00e4knad l\u00e4stid\" \/>\n\t<meta name=\"twitter:data1\" content=\"2 minuter\" \/>\n<script type=\"application\/ld+json\" class=\"yoast-schema-graph\">{\"@context\":\"https:\/\/schema.org\",\"@graph\":[{\"@type\":\"WebPage\",\"@id\":\"https:\/\/rostockgedser.com\/se\/farja-till-berlin\/\",\"url\":\"https:\/\/rostockgedser.com\/se\/farja-till-berlin\/\",\"name\":\"V\u00e4lj F\u00e4rja till Berlin\",\"isPartOf\":{\"@id\":\"https:\/\/rostockgedser.com\/se\/#website\"},\"primaryImageOfPage\":{\"@id\":\"https:\/\/rostockgedser.com\/se\/farja-till-berlin\/#primaryimage\"},\"image\":{\"@id\":\"https:\/\/rostockgedser.com\/se\/farja-till-berlin\/#primaryimage\"},\"thumbnailUrl\":\"https:\/\/rostockgedser.com\/se\/wp-content\/uploads\/sites\/7\/2023\/05\/fehmarn-rodbyhavn.jpg\",\"datePublished\":\"2023-08-23T14:21:48+00:00\",\"dateModified\":\"2024-03-26T11:58:24+00:00\",\"description\":\"Enkelt den b\u00e4sta guiden f\u00f6r f\u00e4rjeresor till Berlin fr\u00e5n Sverige. L\u00e5t oss f\u00f6rklara dina alternativ och vad du kan f\u00f6rv\u00e4nta dig!\",\"breadcrumb\":{\"@id\":\"https:\/\/rostockgedser.com\/se\/farja-till-berlin\/#breadcrumb\"},\"inLanguage\":\"sv-SE\",\"potentialAction\":[{\"@type\":\"ReadAction\",\"target\":[\"https:\/\/rostockgedser.com\/se\/farja-till-berlin\/\"]}]},{\"@type\":\"ImageObject\",\"inLanguage\":\"sv-SE\",\"@id\":\"https:\/\/rostockgedser.com\/se\/farja-till-berlin\/#primaryimage\",\"url\":\"https:\/\/rostockgedser.com\/se\/wp-content\/uploads\/sites\/7\/2023\/05\/fehmarn-rodbyhavn.jpg\",\"contentUrl\":\"https:\/\/rostockgedser.com\/se\/wp-content\/uploads\/sites\/7\/2023\/05\/fehmarn-rodbyhavn.jpg\",\"width\":1000,\"height\":500,\"caption\":\"fehmarn-rodbyhavn\"},{\"@type\":\"BreadcrumbList\",\"@id\":\"https:\/\/rostockgedser.com\/se\/farja-till-berlin\/#breadcrumb\",\"itemListElement\":[{\"@type\":\"ListItem\",\"position\":1,\"name\":\"Home\",\"item\":\"https:\/\/rostockgedser.com\/se\/\"},{\"@type\":\"ListItem\",\"position\":2,\"name\":\"F\u00e4rja till Berlin\"}]},{\"@type\":\"WebSite\",\"@id\":\"https:\/\/rostockgedser.com\/se\/#website\",\"url\":\"https:\/\/rostockgedser.com\/se\/\",\"name\":\"RostockGedser.com\/se\",\"description\":\"\",\"publisher\":{\"@id\":\"https:\/\/rostockgedser.com\/se\/#organization\"},\"potentialAction\":[{\"@type\":\"SearchAction\",\"target\":{\"@type\":\"EntryPoint\",\"urlTemplate\":\"https:\/\/rostockgedser.com\/se\/?s={search_term_string}\"},\"query-input\":{\"@type\":\"PropertyValueSpecification\",\"valueRequired\":true,\"valueName\":\"search_term_string\"}}],\"inLanguage\":\"sv-SE\"},{\"@type\":\"Organization\",\"@id\":\"https:\/\/rostockgedser.com\/se\/#organization\",\"name\":\"RostockGedser.com\/se\",\"url\":\"https:\/\/rostockgedser.com\/se\/\",\"logo\":{\"@type\":\"ImageObject\",\"inLanguage\":\"sv-SE\",\"@id\":\"https:\/\/rostockgedser.com\/se\/#\/schema\/logo\/image\/\",\"url\":\"https:\/\/rostockgedser.com\/se\/wp-content\/uploads\/sites\/7\/2023\/08\/cropped-Rostock-Gedser-favicon.png\",\"contentUrl\":\"https:\/\/rostockgedser.com\/se\/wp-content\/uploads\/sites\/7\/2023\/08\/cropped-Rostock-Gedser-favicon.png\",\"width\":512,\"height\":512,\"caption\":\"RostockGedser.com\/se\"},\"image\":{\"@id\":\"https:\/\/rostockgedser.com\/se\/#\/schema\/logo\/image\/\"}}]}<\/script>\n<!-- \/ Yoast SEO plugin. -->","yoast_head_json":{"title":"V\u00e4lj F\u00e4rja till Berlin","description":"Enkelt den b\u00e4sta guiden f\u00f6r f\u00e4rjeresor till Berlin fr\u00e5n Sverige. L\u00e5t oss f\u00f6rklara dina alternativ och vad du kan f\u00f6rv\u00e4nta dig!","robots":{"index":"index","follow":"follow","max-snippet":"max-snippet:-1","max-image-preview":"max-image-preview:large","max-video-preview":"max-video-preview:-1"},"canonical":"https:\/\/rostockgedser.com\/se\/farja-till-berlin\/","og_locale":"sv_SE","og_type":"article","og_title":"V\u00e4lj F\u00e4rja till Berlin","og_description":"Enkelt den b\u00e4sta guiden f\u00f6r f\u00e4rjeresor till Berlin fr\u00e5n Sverige. L\u00e5t oss f\u00f6rklara dina alternativ och vad du kan f\u00f6rv\u00e4nta dig!","og_url":"https:\/\/rostockgedser.com\/se\/farja-till-berlin\/","og_site_name":"RostockGedser.com\/se","article_modified_time":"2024-03-26T11:58:24+00:00","og_image":[{"width":1000,"height":500,"url":"http:\/\/rostockgedser.com\/se\/wp-content\/uploads\/sites\/7\/2023\/05\/fehmarn-rodbyhavn.jpg","type":"image\/jpeg"}],"twitter_card":"summary_large_image","twitter_misc":{"Ber\u00e4knad l\u00e4stid":"2 minuter"},"schema":{"@context":"https:\/\/schema.org","@graph":[{"@type":"WebPage","@id":"https:\/\/rostockgedser.com\/se\/farja-till-berlin\/","url":"https:\/\/rostockgedser.com\/se\/farja-till-berlin\/","name":"V\u00e4lj F\u00e4rja till Berlin","isPartOf":{"@id":"https:\/\/rostockgedser.com\/se\/#website"},"primaryImageOfPage":{"@id":"https:\/\/rostockgedser.com\/se\/farja-till-berlin\/#primaryimage"},"image":{"@id":"https:\/\/rostockgedser.com\/se\/farja-till-berlin\/#primaryimage"},"thumbnailUrl":"https:\/\/rostockgedser.com\/se\/wp-content\/uploads\/sites\/7\/2023\/05\/fehmarn-rodbyhavn.jpg","datePublished":"2023-08-23T14:21:48+00:00","dateModified":"2024-03-26T11:58:24+00:00","description":"Enkelt den b\u00e4sta guiden f\u00f6r f\u00e4rjeresor till Berlin fr\u00e5n Sverige. L\u00e5t oss f\u00f6rklara dina alternativ och vad du kan f\u00f6rv\u00e4nta dig!","breadcrumb":{"@id":"https:\/\/rostockgedser.com\/se\/farja-till-berlin\/#breadcrumb"},"inLanguage":"sv-SE","potentialAction":[{"@type":"ReadAction","target":["https:\/\/rostockgedser.com\/se\/farja-till-berlin\/"]}]},{"@type":"ImageObject","inLanguage":"sv-SE","@id":"https:\/\/rostockgedser.com\/se\/farja-till-berlin\/#primaryimage","url":"https:\/\/rostockgedser.com\/se\/wp-content\/uploads\/sites\/7\/2023\/05\/fehmarn-rodbyhavn.jpg","contentUrl":"https:\/\/rostockgedser.com\/se\/wp-content\/uploads\/sites\/7\/2023\/05\/fehmarn-rodbyhavn.jpg","width":1000,"height":500,"caption":"fehmarn-rodbyhavn"},{"@type":"BreadcrumbList","@id":"https:\/\/rostockgedser.com\/se\/farja-till-berlin\/#breadcrumb","itemListElement":[{"@type":"ListItem","position":1,"name":"Home","item":"https:\/\/rostockgedser.com\/se\/"},{"@type":"ListItem","position":2,"name":"F\u00e4rja till Berlin"}]},{"@type":"WebSite","@id":"https:\/\/rostockgedser.com\/se\/#website","url":"https:\/\/rostockgedser.com\/se\/","name":"RostockGedser.com\/se","description":"","publisher":{"@id":"https:\/\/rostockgedser.com\/se\/#organization"},"potentialAction":[{"@type":"SearchAction","target":{"@type":"EntryPoint","urlTemplate":"https:\/\/rostockgedser.com\/se\/?s={search_term_string}"},"query-input":{"@type":"PropertyValueSpecification","valueRequired":true,"valueName":"search_term_string"}}],"inLanguage":"sv-SE"},{"@type":"Organization","@id":"https:\/\/rostockgedser.com\/se\/#organization","name":"RostockGedser.com\/se","url":"https:\/\/rostockgedser.com\/se\/","logo":{"@type":"ImageObject","inLanguage":"sv-SE","@id":"https:\/\/rostockgedser.com\/se\/#\/schema\/logo\/image\/","url":"https:\/\/rostockgedser.com\/se\/wp-content\/uploads\/sites\/7\/2023\/08\/cropped-Rostock-Gedser-favicon.png","contentUrl":"https:\/\/rostockgedser.com\/se\/wp-content\/uploads\/sites\/7\/2023\/08\/cropped-Rostock-Gedser-favicon.png","width":512,"height":512,"caption":"RostockGedser.com\/se"},"image":{"@id":"https:\/\/rostockgedser.com\/se\/#\/schema\/logo\/image\/"}}]}},"_links":{"self":[{"href":"https:\/\/rostockgedser.com\/se\/wp-json\/wp\/v2\/pages\/1340","targetHints":{"allow":["GET"]}}],"collection":[{"href":"https:\/\/rostockgedser.com\/se\/wp-json\/wp\/v2\/pages"}],"about":[{"href":"https:\/\/rostockgedser.com\/se\/wp-json\/wp\/v2\/types\/page"}],"author":[{"embeddable":true,"href":"https:\/\/rostockgedser.com\/se\/wp-json\/wp\/v2\/users\/1"}],"replies":[{"embeddable":true,"href":"https:\/\/rostockgedser.com\/se\/wp-json\/wp\/v2\/comments?post=1340"}],"version-history":[{"count":23,"href":"https:\/\/rostockgedser.com\/se\/wp-json\/wp\/v2\/pages\/1340\/revisions"}],"predecessor-version":[{"id":2238,"href":"https:\/\/rostockgedser.com\/se\/wp-json\/wp\/v2\/pages\/1340\/revisions\/2238"}],"wp:featuredmedia":[{"embeddable":true,"href":"https:\/\/rostockgedser.com\/se\/wp-json\/wp\/v2\/media\/845"}],"wp:attachment":[{"href":"https:\/\/rostockgedser.com\/se\/wp-json\/wp\/v2\/media?parent=1340"}],"curies":[{"name":"wp","href":"https:\/\/api.w.org\/{rel}","templated":true}]}}