{"id":1820,"date":"2025-01-07T08:55:10","date_gmt":"2025-01-07T08:55:10","guid":{"rendered":"https:\/\/rostockgedser.com\/dk\/?page_id=1820"},"modified":"2025-01-08T09:34:00","modified_gmt":"2025-01-08T09:34:00","slug":"rozklad-rejsow-promowych-gedser-rostock","status":"publish","type":"page","link":"https:\/\/rostockgedser.com\/pl\/rozklad-rejsow-promowych-gedser-rostock\/","title":{"rendered":"Rozk\u0142ad rejs\u00f3w promowych Gedser-Rostock"},"content":{"rendered":"\t\t<div data-elementor-type=\"wp-page\" data-elementor-id=\"1820\" class=\"elementor elementor-1820\" data-elementor-post-type=\"page\">\n\t\t\t\t\t\t<section class=\"elementor-section elementor-top-section elementor-element elementor-element-18db6cdd elementor-section-boxed elementor-section-height-default elementor-section-height-default\" data-id=\"18db6cdd\" data-element_type=\"section\" data-e-type=\"section\" data-settings=\"{&quot;background_background&quot;:&quot;gradient&quot;,&quot;sticky&quot;:&quot;top&quot;,&quot;sticky_on&quot;:[&quot;desktop&quot;,&quot;tablet&quot;,&quot;mobile&quot;],&quot;sticky_offset&quot;:0,&quot;sticky_effects_offset&quot;:0,&quot;sticky_anchor_link_offset&quot;:0}\">\n\t\t\t\t\t\t<div class=\"elementor-container elementor-column-gap-default\">\n\t\t\t\t\t<div class=\"elementor-column elementor-col-50 elementor-top-column elementor-element elementor-element-600d281\" data-id=\"600d281\" data-element_type=\"column\" data-e-type=\"column\">\n\t\t\t<div class=\"elementor-widget-wrap elementor-element-populated\">\n\t\t\t\t\t\t<div class=\"elementor-element elementor-element-b8dfd76 elementor-widget elementor-widget-breadcrumbs\" data-id=\"b8dfd76\" data-element_type=\"widget\" data-e-type=\"widget\" data-widget_type=\"breadcrumbs.default\">\n\t\t\t\t<div class=\"elementor-widget-container\">\n\t\t\t\t\t<p id=\"breadcrumbs\"><span><span><a href=\"https:\/\/rostockgedser.com\/pl\/\">Home<\/a><\/span><\/span><\/p>\t\t\t\t<\/div>\n\t\t\t\t<\/div>\n\t\t\t\t\t<\/div>\n\t\t<\/div>\n\t\t\t\t<div class=\"elementor-column elementor-col-50 elementor-top-column elementor-element elementor-element-48ceae31\" data-id=\"48ceae31\" data-element_type=\"column\" data-e-type=\"column\">\n\t\t\t<div class=\"elementor-widget-wrap elementor-element-populated\">\n\t\t\t\t\t\t<div class=\"elementor-element elementor-element-3e85de18 elementor-align-right elementor-mobile-align-center elementor-widget elementor-widget-button\" data-id=\"3e85de18\" data-element_type=\"widget\" data-e-type=\"widget\" data-settings=\"{&quot;sticky&quot;:&quot;top&quot;,&quot;sticky_on&quot;:[&quot;mobile&quot;],&quot;sticky_offset&quot;:8,&quot;sticky_effects_offset_mobile&quot;:0,&quot;_animation_mobile&quot;:&quot;fadeIn&quot;,&quot;sticky_effects_offset&quot;:0,&quot;sticky_anchor_link_offset&quot;:0}\" data-widget_type=\"button.default\">\n\t\t\t\t<div class=\"elementor-widget-container\">\n\t\t\t\t\t\t\t\t\t<div class=\"elementor-button-wrapper\">\n\t\t\t\t\t<a class=\"elementor-button elementor-button-link elementor-size-md elementor-animation-shrink\" href=\"https:\/\/rostockgedser.com\/pl\/go\/button-home\" target=\"_blank\">\n\t\t\t\t\t\t<span class=\"elementor-button-content-wrapper\">\n\t\t\t\t\t\t<span class=\"elementor-button-icon\">\n\t\t\t\t<svg aria-hidden=\"true\" class=\"e-font-icon-svg e-far-arrow-alt-circle-right\" viewBox=\"0 0 512 512\" xmlns=\"http:\/\/www.w3.org\/2000\/svg\"><path d=\"M504 256C504 119 393 8 256 8S8 119 8 256s111 248 248 248 248-111 248-248zm-448 0c0-110.5 89.5-200 200-200s200 89.5 200 200-89.5 200-200 200S56 366.5 56 256zm72 20v-40c0-6.6 5.4-12 12-12h116v-67c0-10.7 12.9-16 20.5-8.5l99 99c4.7 4.7 4.7 12.3 0 17l-99 99c-7.6 7.6-20.5 2.2-20.5-8.5v-67H140c-6.6 0-12-5.4-12-12z\"><\/path><\/svg>\t\t\t<\/span>\n\t\t\t\t\t\t\t\t\t<span class=\"elementor-button-text\">Ceny i bilety<\/span>\n\t\t\t\t\t<\/span>\n\t\t\t\t\t<\/a>\n\t\t\t\t<\/div>\n\t\t\t\t\t\t\t\t<\/div>\n\t\t\t\t<\/div>\n\t\t\t\t\t<\/div>\n\t\t<\/div>\n\t\t\t\t\t<\/div>\n\t\t<\/section>\n\t\t\t\t<section class=\"elementor-section elementor-top-section elementor-element elementor-element-4cfcb8f2 elementor-section-boxed elementor-section-height-default elementor-section-height-default\" data-id=\"4cfcb8f2\" data-element_type=\"section\" data-e-type=\"section\">\n\t\t\t\t\t\t\t<div class=\"elementor-background-overlay\"><\/div>\n\t\t\t\t\t\t\t<div class=\"elementor-container elementor-column-gap-default\">\n\t\t\t\t\t<div class=\"elementor-column elementor-col-50 elementor-top-column elementor-element elementor-element-493f253e\" data-id=\"493f253e\" data-element_type=\"column\" data-e-type=\"column\">\n\t\t\t<div class=\"elementor-widget-wrap elementor-element-populated\">\n\t\t\t\t\t\t<div class=\"elementor-element elementor-element-47ec1692 elementor-widget elementor-widget-image\" data-id=\"47ec1692\" data-element_type=\"widget\" data-e-type=\"widget\" data-widget_type=\"image.default\">\n\t\t\t\t<div class=\"elementor-widget-container\">\n\t\t\t\t\t\t\t\t\t\t\t\t\t\t\t<img fetchpriority=\"high\" decoding=\"async\" width=\"1000\" height=\"500\" src=\"https:\/\/rostockgedser.com\/pl\/wp-content\/uploads\/sites\/8\/2025\/01\/Scandlines-entering-ferry-port-1.jpg\" class=\"attachment-full size-full wp-image-1822\" alt=\"\" srcset=\"https:\/\/rostockgedser.com\/pl\/wp-content\/uploads\/sites\/8\/2025\/01\/Scandlines-entering-ferry-port-1.jpg 1000w, https:\/\/rostockgedser.com\/pl\/wp-content\/uploads\/sites\/8\/2025\/01\/Scandlines-entering-ferry-port-1-300x150.jpg 300w, https:\/\/rostockgedser.com\/pl\/wp-content\/uploads\/sites\/8\/2025\/01\/Scandlines-entering-ferry-port-1-768x384.jpg 768w\" sizes=\"(max-width: 1000px) 100vw, 1000px\" \/>\t\t\t\t\t\t\t\t\t\t\t\t\t\t\t<\/div>\n\t\t\t\t<\/div>\n\t\t\t\t<div class=\"elementor-element elementor-element-15f97b67 elementor-widget elementor-widget-heading\" data-id=\"15f97b67\" data-element_type=\"widget\" data-e-type=\"widget\" data-widget_type=\"heading.default\">\n\t\t\t\t<div class=\"elementor-widget-container\">\n\t\t\t\t\t<h1 class=\"elementor-heading-title elementor-size-default\">Rozk\u0142ad rejs\u00f3w promowych Gedser-Rostock<\/h1>\t\t\t\t<\/div>\n\t\t\t\t<\/div>\n\t\t\t\t<section class=\"elementor-section elementor-inner-section elementor-element elementor-element-c07d0 elementor-section-boxed elementor-section-height-default elementor-section-height-default\" data-id=\"c07d0\" data-element_type=\"section\" data-e-type=\"section\">\n\t\t\t\t\t\t<div class=\"elementor-container elementor-column-gap-default\">\n\t\t\t\t\t<div class=\"elementor-column elementor-col-50 elementor-inner-column elementor-element elementor-element-68af7e4\" data-id=\"68af7e4\" data-element_type=\"column\" data-e-type=\"column\">\n\t\t\t<div class=\"elementor-widget-wrap elementor-element-populated\">\n\t\t\t\t\t\t<div class=\"elementor-element elementor-element-464724ed elementor-widget elementor-widget-heading\" data-id=\"464724ed\" data-element_type=\"widget\" data-e-type=\"widget\" data-widget_type=\"heading.default\">\n\t\t\t\t<div class=\"elementor-widget-container\">\n\t\t\t\t\t<h3 class=\"elementor-heading-title elementor-size-default\">Gedser \u27a8 Rostock<\/h3>\t\t\t\t<\/div>\n\t\t\t\t<\/div>\n\t\t\t\t<div class=\"elementor-element elementor-element-1a863586 elementor-widget elementor-widget-text-editor\" data-id=\"1a863586\" data-element_type=\"widget\" data-e-type=\"widget\" data-widget_type=\"text-editor.default\">\n\t\t\t\t<div class=\"elementor-widget-container\">\n\t\t\t\t\t\t\t\t\t<ul><li>01:45 Gedser \u27a8 03:45 Rostock<\/li><li>07:00 Gedser \u27a8 08:45 Rostock<\/li><li>09:00 Gedser \u27a8 11:00 Rostock<\/li><li>11:15 Gedser \u27a8 13:15 Rostock<\/li><li>13:30 Gedser \u27a8 15:30 Rostock<\/li><li>15:45 Gedser \u27a8 17:45 Rostock<\/li><li>18:00 Gedser \u27a8 20:00 Rostock<\/li><li>20:15 Gedser \u27a8 22:15 Rostock<\/li><li>22:30 Gedser \u27a8 00:30 Rostock<\/li><\/ul>\t\t\t\t\t\t\t\t<\/div>\n\t\t\t\t<\/div>\n\t\t\t\t\t<\/div>\n\t\t<\/div>\n\t\t\t\t<div class=\"elementor-column elementor-col-50 elementor-inner-column elementor-element elementor-element-63973899\" data-id=\"63973899\" data-element_type=\"column\" data-e-type=\"column\">\n\t\t\t<div class=\"elementor-widget-wrap elementor-element-populated\">\n\t\t\t\t\t\t<div class=\"elementor-element elementor-element-59870146 elementor-widget elementor-widget-heading\" data-id=\"59870146\" data-element_type=\"widget\" data-e-type=\"widget\" data-widget_type=\"heading.default\">\n\t\t\t\t<div class=\"elementor-widget-container\">\n\t\t\t\t\t<h3 class=\"elementor-heading-title elementor-size-default\">Rostock \u27a8 Gedser<\/h3>\t\t\t\t<\/div>\n\t\t\t\t<\/div>\n\t\t\t\t<div class=\"elementor-element elementor-element-374123e8 elementor-widget elementor-widget-text-editor\" data-id=\"374123e8\" data-element_type=\"widget\" data-e-type=\"widget\" data-widget_type=\"text-editor.default\">\n\t\t\t\t<div class=\"elementor-widget-container\">\n\t\t\t\t\t\t\t\t\t<ul><li>04:15 Rostock \u27a8 06:15 Gedser<\/li><li>06:00 Rostock \u27a8 08:00 Gedser<\/li><li>09:00 Rostock \u27a8 11:00 Gedser<\/li><li>11:15 Rostock \u27a8 13:15 Gedser<\/li><li>13:30 Rostock \u27a8 15:30 Gedser<\/li><li>15:45 Rostock \u27a8 17:45 Gedser<\/li><li>18:00 Rostock \u27a8 20:00 Gedser<\/li><li>20:15 Rostock \u27a8 22:15 Gedser<\/li><li>22:30 Rostock \u27a8 00:30 Gedser<\/li><\/ul>\t\t\t\t\t\t\t\t<\/div>\n\t\t\t\t<\/div>\n\t\t\t\t\t<\/div>\n\t\t<\/div>\n\t\t\t\t\t<\/div>\n\t\t<\/section>\n\t\t\t\t<div class=\"elementor-element elementor-element-5e1b4e1f elementor-widget elementor-widget-heading\" data-id=\"5e1b4e1f\" data-element_type=\"widget\" data-e-type=\"widget\" data-widget_type=\"heading.default\">\n\t\t\t\t<div class=\"elementor-widget-container\">\n\t\t\t\t\t<h2 class=\"elementor-heading-title elementor-size-default\">Przegl\u0105d rozk\u0142adu prom\u00f3w Gedser-Rostock<\/h2>\t\t\t\t<\/div>\n\t\t\t\t<\/div>\n\t\t\t\t<div class=\"elementor-element elementor-element-5906c447 elementor-widget elementor-widget-image\" data-id=\"5906c447\" data-element_type=\"widget\" data-e-type=\"widget\" data-widget_type=\"image.default\">\n\t\t\t\t<div class=\"elementor-widget-container\">\n\t\t\t\t\t\t\t\t\t\t\t\t<figure class=\"wp-caption\">\n\t\t\t\t\t\t\t\t\t\t<img decoding=\"async\" src=\"http:\/\/rostockgedser.com\/dk\/wp-content\/uploads\/sites\/6\/2025\/01\/Schedule.jpg\" title=\"\" alt=\"\" loading=\"lazy\" \/>\t\t\t\t\t\t\t\t\t\t\t<figcaption class=\"widget-image-caption wp-caption-text\">Godziny odjazdu prom\u00f3w M\/F Kopenhaga i M\/F Berlin<\/figcaption>\n\t\t\t\t\t\t\t\t\t\t<\/figure>\n\t\t\t\t\t\t\t\t\t<\/div>\n\t\t\t\t<\/div>\n\t\t\t\t<div class=\"elementor-element elementor-element-317d3402 elementor-widget elementor-widget-text-editor\" data-id=\"317d3402\" data-element_type=\"widget\" data-e-type=\"widget\" data-widget_type=\"text-editor.default\">\n\t\t\t\t<div class=\"elementor-widget-container\">\n\t\t\t\t\t\t\t\t\t<p><strong>Promy M\/F Kopenhaga i M\/F Berlin od Scandlines odp\u0142ywaj\u0105 z obu port\u00f3w oko\u0142o 9 razy dziennie.<\/strong><\/p><p>Oznacza to, \u017ce zazwyczaj mi\u0119dzy odlotami jest odst\u0119p 2 do 3 godzin.<\/p><p>Aby zapewni\u0107 bezproblemow\u0105 przepraw\u0119, wa\u017cne jest dokonanie odprawy co najmniej 15 minut przed odjazdem. To do\u015b\u0107 kr\u00f3tki czas w por\u00f3wnaniu z innymi promami, dlatego zalecamy wsiadanie na pok\u0142ad wcze\u015bniej.<\/p><p>Prosimy o \u015bledzenie najnowszych informacji podr\u00f3\u017cnych w przypadku jakichkolwiek zmian w godzinach odjazdu i przyjazdu. Planowuj\u0105c dalsz\u0105 podr\u00f3\u017c do Berlina, nale\u017cy uwzgl\u0119dni\u0107 dodatkowe 3 godziny.<\/p>\t\t\t\t\t\t\t\t<\/div>\n\t\t\t\t<\/div>\n\t\t\t\t\t<\/div>\n\t\t<\/div>\n\t\t\t\t<div class=\"elementor-column elementor-col-50 elementor-top-column elementor-element elementor-element-5817b85f\" data-id=\"5817b85f\" data-element_type=\"column\" data-e-type=\"column\">\n\t\t\t<div class=\"elementor-widget-wrap elementor-element-populated\">\n\t\t\t\t\t\t<div class=\"elementor-element elementor-element-76c8cbb5 elementor-widget elementor-widget-text-editor\" data-id=\"76c8cbb5\" data-element_type=\"widget\" data-e-type=\"widget\" data-settings=\"{&quot;sticky_parent&quot;:&quot;yes&quot;,&quot;sticky_offset&quot;:100,&quot;sticky&quot;:&quot;top&quot;,&quot;sticky_effects_offset&quot;:60,&quot;sticky_on&quot;:[&quot;desktop&quot;,&quot;tablet&quot;,&quot;mobile&quot;],&quot;sticky_anchor_link_offset&quot;:0}\" data-widget_type=\"text-editor.default\">\n\t\t\t\t<div class=\"elementor-widget-container\">\n\t\t\t\t\t\t\t\t\t<p><strong>Bilety na prom Rostock-Gedser<\/strong><\/p><p>Scandlines kursuje promami M\/F Kopenhaga i M\/F Berlin na tej trasie. Najbardziej korzystne cenowo bilety dost\u0119pne s\u0105 u przewo\u017anika Scandlines.<\/p><p><a href=\"\/pl\/go\/scandlines\">Zaplanuj swoj\u0105 przepraw\u0119<\/a> \u2b9e<\/p><p>\u00a0<\/p>\t\t\t\t\t\t\t\t<\/div>\n\t\t\t\t<\/div>\n\t\t\t\t\t<\/div>\n\t\t<\/div>\n\t\t\t\t\t<\/div>\n\t\t<\/section>\n\t\t\t\t<\/div>\n\t\t","protected":false},"excerpt":{"rendered":"<p>Ceny i bilety Rozk\u0142ad rejs\u00f3w promowych Gedser-Rostock Gedser \u27a8 Rostock 01:45 Gedser \u27a8 03:45 Rostock 07:00 Gedser \u27a8 08:45 Rostock 09:00 Gedser \u27a8 11:00 Rostock 11:15 Gedser \u27a8 13:15 Rostock 13:30 Gedser \u27a8 15:30 Rostock 15:45 Gedser \u27a8 17:45 Rostock 18:00 Gedser \u27a8 20:00 Rostock 20:15 Gedser \u27a8 22:15 Rostock 22:30 Gedser \u27a8 00:30 Rostock [&hellip;]<\/p>\n","protected":false},"author":1,"featured_media":0,"parent":0,"menu_order":0,"comment_status":"closed","ping_status":"closed","template":"elementor_header_footer","meta":{"footnotes":""},"class_list":["post-1820","page","type-page","status-publish","hentry"],"yoast_head":"<!-- This site is optimized with the Yoast SEO plugin v27.2 - https:\/\/yoast.com\/product\/yoast-seo-wordpress\/ -->\n<title>Rozk\u0142ad rejs\u00f3w promowych Gedser-Rostock - RostockGedser.com\/pl<\/title>\n<meta name=\"description\" content=\"01:45 Gedser \u27a8 03:45 Rostock. 07:00 Gedser \u27a8 08:45 Rostock. 09:00 Gedser \u27a8 11:00 Rostock. 11:15 Gedser \u27a8 13:15 Rostock. 13:30 Gedser \u27a8 15:30 Rostock. 15:45 Gedser \u27a8 17:45 Rostock. 18:00 Gedser \u27a8 20:00 Rostock. 20:15 Gedser \u27a8 22:15 Rostock.\" \/>\n<meta name=\"robots\" content=\"index, follow, max-snippet:-1, max-image-preview:large, max-video-preview:-1\" \/>\n<link rel=\"canonical\" href=\"https:\/\/rostockgedser.com\/pl\/rozklad-rejsow-promowych-gedser-rostock\/\" \/>\n<meta property=\"og:locale\" content=\"pl_PL\" \/>\n<meta property=\"og:type\" content=\"article\" \/>\n<meta property=\"og:title\" content=\"Rozk\u0142ad rejs\u00f3w promowych Gedser-Rostock - RostockGedser.com\/pl\" \/>\n<meta property=\"og:description\" content=\"01:45 Gedser \u27a8 03:45 Rostock. 07:00 Gedser \u27a8 08:45 Rostock. 09:00 Gedser \u27a8 11:00 Rostock. 11:15 Gedser \u27a8 13:15 Rostock. 13:30 Gedser \u27a8 15:30 Rostock. 15:45 Gedser \u27a8 17:45 Rostock. 18:00 Gedser \u27a8 20:00 Rostock. 20:15 Gedser \u27a8 22:15 Rostock.\" \/>\n<meta property=\"og:url\" content=\"https:\/\/rostockgedser.com\/pl\/rozklad-rejsow-promowych-gedser-rostock\/\" \/>\n<meta property=\"og:site_name\" content=\"RostockGedser.com\/pl\" \/>\n<meta property=\"article:modified_time\" content=\"2025-01-08T09:34:00+00:00\" \/>\n<meta property=\"og:image\" content=\"https:\/\/rostockgedser.com\/pl\/wp-content\/uploads\/sites\/8\/2025\/01\/Scandlines-entering-ferry-port-1.jpg\" \/>\n\t<meta property=\"og:image:width\" content=\"1000\" \/>\n\t<meta property=\"og:image:height\" content=\"500\" \/>\n\t<meta property=\"og:image:type\" content=\"image\/jpeg\" \/>\n<meta name=\"twitter:card\" content=\"summary_large_image\" \/>\n<meta name=\"twitter:label1\" content=\"Szacowany czas czytania\" \/>\n\t<meta name=\"twitter:data1\" content=\"2 minuty\" \/>\n<script type=\"application\/ld+json\" class=\"yoast-schema-graph\">{\"@context\":\"https:\/\/schema.org\",\"@graph\":[{\"@type\":\"WebPage\",\"@id\":\"https:\/\/rostockgedser.com\/pl\/rozklad-rejsow-promowych-gedser-rostock\/\",\"url\":\"https:\/\/rostockgedser.com\/pl\/rozklad-rejsow-promowych-gedser-rostock\/\",\"name\":\"Rozk\u0142ad rejs\u00f3w promowych Gedser-Rostock - RostockGedser.com\/pl\",\"isPartOf\":{\"@id\":\"https:\/\/rostockgedser.com\/pl\/#website\"},\"primaryImageOfPage\":{\"@id\":\"https:\/\/rostockgedser.com\/pl\/rozklad-rejsow-promowych-gedser-rostock\/#primaryimage\"},\"image\":{\"@id\":\"https:\/\/rostockgedser.com\/pl\/rozklad-rejsow-promowych-gedser-rostock\/#primaryimage\"},\"thumbnailUrl\":\"http:\/\/rostockgedser.com\/pl\/wp-content\/uploads\/sites\/8\/2025\/01\/Scandlines-entering-ferry-port-1.jpg\",\"datePublished\":\"2025-01-07T08:55:10+00:00\",\"dateModified\":\"2025-01-08T09:34:00+00:00\",\"description\":\"01:45 Gedser \u27a8 03:45 Rostock. 07:00 Gedser \u27a8 08:45 Rostock. 09:00 Gedser \u27a8 11:00 Rostock. 11:15 Gedser \u27a8 13:15 Rostock. 13:30 Gedser \u27a8 15:30 Rostock. 15:45 Gedser \u27a8 17:45 Rostock. 18:00 Gedser \u27a8 20:00 Rostock. 20:15 Gedser \u27a8 22:15 Rostock.\",\"breadcrumb\":{\"@id\":\"https:\/\/rostockgedser.com\/pl\/rozklad-rejsow-promowych-gedser-rostock\/#breadcrumb\"},\"inLanguage\":\"pl-PL\",\"potentialAction\":[{\"@type\":\"ReadAction\",\"target\":[\"https:\/\/rostockgedser.com\/pl\/rozklad-rejsow-promowych-gedser-rostock\/\"]}]},{\"@type\":\"ImageObject\",\"inLanguage\":\"pl-PL\",\"@id\":\"https:\/\/rostockgedser.com\/pl\/rozklad-rejsow-promowych-gedser-rostock\/#primaryimage\",\"url\":\"https:\/\/rostockgedser.com\/pl\/wp-content\/uploads\/sites\/8\/2025\/01\/Scandlines-entering-ferry-port-1.jpg\",\"contentUrl\":\"https:\/\/rostockgedser.com\/pl\/wp-content\/uploads\/sites\/8\/2025\/01\/Scandlines-entering-ferry-port-1.jpg\",\"width\":1000,\"height\":500},{\"@type\":\"BreadcrumbList\",\"@id\":\"https:\/\/rostockgedser.com\/pl\/rozklad-rejsow-promowych-gedser-rostock\/#breadcrumb\",\"itemListElement\":[{\"@type\":\"ListItem\",\"position\":1,\"name\":\"Home\",\"item\":\"https:\/\/rostockgedser.com\/pl\/\"},{\"@type\":\"ListItem\",\"position\":2,\"name\":\"Rozk\u0142ad rejs\u00f3w promowych Gedser-Rostock\"}]},{\"@type\":\"WebSite\",\"@id\":\"https:\/\/rostockgedser.com\/pl\/#website\",\"url\":\"https:\/\/rostockgedser.com\/pl\/\",\"name\":\"RostockGedser.com\/pl\",\"description\":\"\",\"publisher\":{\"@id\":\"https:\/\/rostockgedser.com\/pl\/#organization\"},\"potentialAction\":[{\"@type\":\"SearchAction\",\"target\":{\"@type\":\"EntryPoint\",\"urlTemplate\":\"https:\/\/rostockgedser.com\/pl\/?s={search_term_string}\"},\"query-input\":{\"@type\":\"PropertyValueSpecification\",\"valueRequired\":true,\"valueName\":\"search_term_string\"}}],\"inLanguage\":\"pl-PL\"},{\"@type\":\"Organization\",\"@id\":\"https:\/\/rostockgedser.com\/pl\/#organization\",\"name\":\"RostockGedser.com\/pl\",\"url\":\"https:\/\/rostockgedser.com\/pl\/\",\"logo\":{\"@type\":\"ImageObject\",\"inLanguage\":\"pl-PL\",\"@id\":\"https:\/\/rostockgedser.com\/pl\/#\/schema\/logo\/image\/\",\"url\":\"https:\/\/rostockgedser.com\/pl\/wp-content\/uploads\/sites\/8\/2023\/08\/rostock-gedser-logo.png\",\"contentUrl\":\"https:\/\/rostockgedser.com\/pl\/wp-content\/uploads\/sites\/8\/2023\/08\/rostock-gedser-logo.png\",\"width\":1043,\"height\":347,\"caption\":\"RostockGedser.com\/pl\"},\"image\":{\"@id\":\"https:\/\/rostockgedser.com\/pl\/#\/schema\/logo\/image\/\"}}]}<\/script>\n<!-- \/ Yoast SEO plugin. -->","yoast_head_json":{"title":"Rozk\u0142ad rejs\u00f3w promowych Gedser-Rostock - RostockGedser.com\/pl","description":"01:45 Gedser \u27a8 03:45 Rostock. 07:00 Gedser \u27a8 08:45 Rostock. 09:00 Gedser \u27a8 11:00 Rostock. 11:15 Gedser \u27a8 13:15 Rostock. 13:30 Gedser \u27a8 15:30 Rostock. 15:45 Gedser \u27a8 17:45 Rostock. 18:00 Gedser \u27a8 20:00 Rostock. 20:15 Gedser \u27a8 22:15 Rostock.","robots":{"index":"index","follow":"follow","max-snippet":"max-snippet:-1","max-image-preview":"max-image-preview:large","max-video-preview":"max-video-preview:-1"},"canonical":"https:\/\/rostockgedser.com\/pl\/rozklad-rejsow-promowych-gedser-rostock\/","og_locale":"pl_PL","og_type":"article","og_title":"Rozk\u0142ad rejs\u00f3w promowych Gedser-Rostock - RostockGedser.com\/pl","og_description":"01:45 Gedser \u27a8 03:45 Rostock. 07:00 Gedser \u27a8 08:45 Rostock. 09:00 Gedser \u27a8 11:00 Rostock. 11:15 Gedser \u27a8 13:15 Rostock. 13:30 Gedser \u27a8 15:30 Rostock. 15:45 Gedser \u27a8 17:45 Rostock. 18:00 Gedser \u27a8 20:00 Rostock. 20:15 Gedser \u27a8 22:15 Rostock.","og_url":"https:\/\/rostockgedser.com\/pl\/rozklad-rejsow-promowych-gedser-rostock\/","og_site_name":"RostockGedser.com\/pl","article_modified_time":"2025-01-08T09:34:00+00:00","og_image":[{"width":1000,"height":500,"url":"https:\/\/rostockgedser.com\/pl\/wp-content\/uploads\/sites\/8\/2025\/01\/Scandlines-entering-ferry-port-1.jpg","type":"image\/jpeg"}],"twitter_card":"summary_large_image","twitter_misc":{"Szacowany czas czytania":"2 minuty"},"schema":{"@context":"https:\/\/schema.org","@graph":[{"@type":"WebPage","@id":"https:\/\/rostockgedser.com\/pl\/rozklad-rejsow-promowych-gedser-rostock\/","url":"https:\/\/rostockgedser.com\/pl\/rozklad-rejsow-promowych-gedser-rostock\/","name":"Rozk\u0142ad rejs\u00f3w promowych Gedser-Rostock - RostockGedser.com\/pl","isPartOf":{"@id":"https:\/\/rostockgedser.com\/pl\/#website"},"primaryImageOfPage":{"@id":"https:\/\/rostockgedser.com\/pl\/rozklad-rejsow-promowych-gedser-rostock\/#primaryimage"},"image":{"@id":"https:\/\/rostockgedser.com\/pl\/rozklad-rejsow-promowych-gedser-rostock\/#primaryimage"},"thumbnailUrl":"http:\/\/rostockgedser.com\/pl\/wp-content\/uploads\/sites\/8\/2025\/01\/Scandlines-entering-ferry-port-1.jpg","datePublished":"2025-01-07T08:55:10+00:00","dateModified":"2025-01-08T09:34:00+00:00","description":"01:45 Gedser \u27a8 03:45 Rostock. 07:00 Gedser \u27a8 08:45 Rostock. 09:00 Gedser \u27a8 11:00 Rostock. 11:15 Gedser \u27a8 13:15 Rostock. 13:30 Gedser \u27a8 15:30 Rostock. 15:45 Gedser \u27a8 17:45 Rostock. 18:00 Gedser \u27a8 20:00 Rostock. 20:15 Gedser \u27a8 22:15 Rostock.","breadcrumb":{"@id":"https:\/\/rostockgedser.com\/pl\/rozklad-rejsow-promowych-gedser-rostock\/#breadcrumb"},"inLanguage":"pl-PL","potentialAction":[{"@type":"ReadAction","target":["https:\/\/rostockgedser.com\/pl\/rozklad-rejsow-promowych-gedser-rostock\/"]}]},{"@type":"ImageObject","inLanguage":"pl-PL","@id":"https:\/\/rostockgedser.com\/pl\/rozklad-rejsow-promowych-gedser-rostock\/#primaryimage","url":"https:\/\/rostockgedser.com\/pl\/wp-content\/uploads\/sites\/8\/2025\/01\/Scandlines-entering-ferry-port-1.jpg","contentUrl":"https:\/\/rostockgedser.com\/pl\/wp-content\/uploads\/sites\/8\/2025\/01\/Scandlines-entering-ferry-port-1.jpg","width":1000,"height":500},{"@type":"BreadcrumbList","@id":"https:\/\/rostockgedser.com\/pl\/rozklad-rejsow-promowych-gedser-rostock\/#breadcrumb","itemListElement":[{"@type":"ListItem","position":1,"name":"Home","item":"https:\/\/rostockgedser.com\/pl\/"},{"@type":"ListItem","position":2,"name":"Rozk\u0142ad rejs\u00f3w promowych Gedser-Rostock"}]},{"@type":"WebSite","@id":"https:\/\/rostockgedser.com\/pl\/#website","url":"https:\/\/rostockgedser.com\/pl\/","name":"RostockGedser.com\/pl","description":"","publisher":{"@id":"https:\/\/rostockgedser.com\/pl\/#organization"},"potentialAction":[{"@type":"SearchAction","target":{"@type":"EntryPoint","urlTemplate":"https:\/\/rostockgedser.com\/pl\/?s={search_term_string}"},"query-input":{"@type":"PropertyValueSpecification","valueRequired":true,"valueName":"search_term_string"}}],"inLanguage":"pl-PL"},{"@type":"Organization","@id":"https:\/\/rostockgedser.com\/pl\/#organization","name":"RostockGedser.com\/pl","url":"https:\/\/rostockgedser.com\/pl\/","logo":{"@type":"ImageObject","inLanguage":"pl-PL","@id":"https:\/\/rostockgedser.com\/pl\/#\/schema\/logo\/image\/","url":"https:\/\/rostockgedser.com\/pl\/wp-content\/uploads\/sites\/8\/2023\/08\/rostock-gedser-logo.png","contentUrl":"https:\/\/rostockgedser.com\/pl\/wp-content\/uploads\/sites\/8\/2023\/08\/rostock-gedser-logo.png","width":1043,"height":347,"caption":"RostockGedser.com\/pl"},"image":{"@id":"https:\/\/rostockgedser.com\/pl\/#\/schema\/logo\/image\/"}}]}},"_links":{"self":[{"href":"https:\/\/rostockgedser.com\/pl\/wp-json\/wp\/v2\/pages\/1820","targetHints":{"allow":["GET"]}}],"collection":[{"href":"https:\/\/rostockgedser.com\/pl\/wp-json\/wp\/v2\/pages"}],"about":[{"href":"https:\/\/rostockgedser.com\/pl\/wp-json\/wp\/v2\/types\/page"}],"author":[{"embeddable":true,"href":"https:\/\/rostockgedser.com\/pl\/wp-json\/wp\/v2\/users\/1"}],"replies":[{"embeddable":true,"href":"https:\/\/rostockgedser.com\/pl\/wp-json\/wp\/v2\/comments?post=1820"}],"version-history":[{"count":7,"href":"https:\/\/rostockgedser.com\/pl\/wp-json\/wp\/v2\/pages\/1820\/revisions"}],"predecessor-version":[{"id":1853,"href":"https:\/\/rostockgedser.com\/pl\/wp-json\/wp\/v2\/pages\/1820\/revisions\/1853"}],"wp:attachment":[{"href":"https:\/\/rostockgedser.com\/pl\/wp-json\/wp\/v2\/media?parent=1820"}],"curies":[{"name":"wp","href":"https:\/\/api.w.org\/{rel}","templated":true}]}}