{"id":1820,"date":"2025-01-07T08:55:10","date_gmt":"2025-01-07T08:55:10","guid":{"rendered":"https:\/\/rostockgedser.com\/dk\/?page_id=1820"},"modified":"2025-01-07T08:59:28","modified_gmt":"2025-01-07T08:59:28","slug":"gedser-rostock-sejlplan","status":"publish","type":"page","link":"https:\/\/rostockgedser.com\/dk\/gedser-rostock-sejlplan\/","title":{"rendered":"Gedser-Rostock sejlplan"},"content":{"rendered":"\t\t<div data-elementor-type=\"wp-page\" data-elementor-id=\"1820\" class=\"elementor elementor-1820\" data-elementor-post-type=\"page\">\n\t\t\t\t\t\t<section class=\"elementor-section elementor-top-section elementor-element elementor-element-18db6cdd elementor-section-boxed elementor-section-height-default elementor-section-height-default\" data-id=\"18db6cdd\" data-element_type=\"section\" data-e-type=\"section\" data-settings=\"{&quot;background_background&quot;:&quot;gradient&quot;,&quot;sticky&quot;:&quot;top&quot;,&quot;sticky_on&quot;:[&quot;desktop&quot;,&quot;tablet&quot;,&quot;mobile&quot;],&quot;sticky_offset&quot;:0,&quot;sticky_effects_offset&quot;:0,&quot;sticky_anchor_link_offset&quot;:0}\">\n\t\t\t\t\t\t<div class=\"elementor-container elementor-column-gap-default\">\n\t\t\t\t\t<div class=\"elementor-column elementor-col-50 elementor-top-column elementor-element elementor-element-600d281\" data-id=\"600d281\" data-element_type=\"column\" data-e-type=\"column\">\n\t\t\t<div class=\"elementor-widget-wrap elementor-element-populated\">\n\t\t\t\t\t\t<div class=\"elementor-element elementor-element-b8dfd76 elementor-widget elementor-widget-breadcrumbs\" data-id=\"b8dfd76\" data-element_type=\"widget\" data-e-type=\"widget\" data-widget_type=\"breadcrumbs.default\">\n\t\t\t\t<div class=\"elementor-widget-container\">\n\t\t\t\t\t<p id=\"breadcrumbs\"><span><span><a href=\"https:\/\/rostockgedser.com\/dk\/\">Home<\/a><\/span><\/span><\/p>\t\t\t\t<\/div>\n\t\t\t\t<\/div>\n\t\t\t\t\t<\/div>\n\t\t<\/div>\n\t\t\t\t<div class=\"elementor-column elementor-col-50 elementor-top-column elementor-element elementor-element-48ceae31\" data-id=\"48ceae31\" data-element_type=\"column\" data-e-type=\"column\">\n\t\t\t<div class=\"elementor-widget-wrap elementor-element-populated\">\n\t\t\t\t\t\t<div class=\"elementor-element elementor-element-3e85de18 elementor-align-right elementor-mobile-align-center elementor-widget elementor-widget-button\" data-id=\"3e85de18\" data-element_type=\"widget\" data-e-type=\"widget\" data-settings=\"{&quot;sticky&quot;:&quot;top&quot;,&quot;sticky_on&quot;:[&quot;mobile&quot;],&quot;sticky_offset&quot;:8,&quot;sticky_effects_offset_mobile&quot;:0,&quot;_animation_mobile&quot;:&quot;fadeIn&quot;,&quot;sticky_effects_offset&quot;:0,&quot;sticky_anchor_link_offset&quot;:0}\" data-widget_type=\"button.default\">\n\t\t\t\t<div class=\"elementor-widget-container\">\n\t\t\t\t\t\t\t\t\t<div class=\"elementor-button-wrapper\">\n\t\t\t\t\t<a class=\"elementor-button elementor-button-link elementor-size-md elementor-animation-shrink\" href=\"https:\/\/rostockgedser.com\/dk\/go\/button-home\" target=\"_blank\">\n\t\t\t\t\t\t<span class=\"elementor-button-content-wrapper\">\n\t\t\t\t\t\t<span class=\"elementor-button-icon\">\n\t\t\t\t<svg aria-hidden=\"true\" class=\"e-font-icon-svg e-far-arrow-alt-circle-right\" viewBox=\"0 0 512 512\" xmlns=\"http:\/\/www.w3.org\/2000\/svg\"><path d=\"M504 256C504 119 393 8 256 8S8 119 8 256s111 248 248 248 248-111 248-248zm-448 0c0-110.5 89.5-200 200-200s200 89.5 200 200-89.5 200-200 200S56 366.5 56 256zm72 20v-40c0-6.6 5.4-12 12-12h116v-67c0-10.7 12.9-16 20.5-8.5l99 99c4.7 4.7 4.7 12.3 0 17l-99 99c-7.6 7.6-20.5 2.2-20.5-8.5v-67H140c-6.6 0-12-5.4-12-12z\"><\/path><\/svg>\t\t\t<\/span>\n\t\t\t\t\t\t\t\t\t<span class=\"elementor-button-text\">Priser og billetter<\/span>\n\t\t\t\t\t<\/span>\n\t\t\t\t\t<\/a>\n\t\t\t\t<\/div>\n\t\t\t\t\t\t\t\t<\/div>\n\t\t\t\t<\/div>\n\t\t\t\t\t<\/div>\n\t\t<\/div>\n\t\t\t\t\t<\/div>\n\t\t<\/section>\n\t\t\t\t<section class=\"elementor-section elementor-top-section elementor-element elementor-element-4cfcb8f2 elementor-section-boxed elementor-section-height-default elementor-section-height-default\" data-id=\"4cfcb8f2\" data-element_type=\"section\" data-e-type=\"section\">\n\t\t\t\t\t\t\t<div class=\"elementor-background-overlay\"><\/div>\n\t\t\t\t\t\t\t<div class=\"elementor-container elementor-column-gap-default\">\n\t\t\t\t\t<div class=\"elementor-column elementor-col-50 elementor-top-column elementor-element elementor-element-493f253e\" data-id=\"493f253e\" data-element_type=\"column\" data-e-type=\"column\">\n\t\t\t<div class=\"elementor-widget-wrap elementor-element-populated\">\n\t\t\t\t\t\t<div class=\"elementor-element elementor-element-47ec1692 elementor-widget elementor-widget-image\" data-id=\"47ec1692\" data-element_type=\"widget\" data-e-type=\"widget\" data-widget_type=\"image.default\">\n\t\t\t\t<div class=\"elementor-widget-container\">\n\t\t\t\t\t\t\t\t\t\t\t\t\t\t\t<img fetchpriority=\"high\" decoding=\"async\" width=\"1000\" height=\"500\" src=\"https:\/\/rostockgedser.com\/dk\/wp-content\/uploads\/sites\/6\/2025\/01\/Scandlines-entering-ferry-port.jpg\" class=\"attachment-full size-full wp-image-1822\" alt=\"\" srcset=\"https:\/\/rostockgedser.com\/dk\/wp-content\/uploads\/sites\/6\/2025\/01\/Scandlines-entering-ferry-port.jpg 1000w, https:\/\/rostockgedser.com\/dk\/wp-content\/uploads\/sites\/6\/2025\/01\/Scandlines-entering-ferry-port-300x150.jpg 300w, https:\/\/rostockgedser.com\/dk\/wp-content\/uploads\/sites\/6\/2025\/01\/Scandlines-entering-ferry-port-768x384.jpg 768w\" sizes=\"(max-width: 1000px) 100vw, 1000px\" \/>\t\t\t\t\t\t\t\t\t\t\t\t\t\t\t<\/div>\n\t\t\t\t<\/div>\n\t\t\t\t<div class=\"elementor-element elementor-element-15f97b67 elementor-widget elementor-widget-heading\" data-id=\"15f97b67\" data-element_type=\"widget\" data-e-type=\"widget\" data-widget_type=\"heading.default\">\n\t\t\t\t<div class=\"elementor-widget-container\">\n\t\t\t\t\t<h1 class=\"elementor-heading-title elementor-size-default\">Gedser-Rostock sejlplan<\/h1>\t\t\t\t<\/div>\n\t\t\t\t<\/div>\n\t\t\t\t<section class=\"elementor-section elementor-inner-section elementor-element elementor-element-c07d0 elementor-section-boxed elementor-section-height-default elementor-section-height-default\" data-id=\"c07d0\" data-element_type=\"section\" data-e-type=\"section\">\n\t\t\t\t\t\t<div class=\"elementor-container elementor-column-gap-default\">\n\t\t\t\t\t<div class=\"elementor-column elementor-col-50 elementor-inner-column elementor-element elementor-element-68af7e4\" data-id=\"68af7e4\" data-element_type=\"column\" data-e-type=\"column\">\n\t\t\t<div class=\"elementor-widget-wrap elementor-element-populated\">\n\t\t\t\t\t\t<div class=\"elementor-element elementor-element-464724ed elementor-widget elementor-widget-heading\" data-id=\"464724ed\" data-element_type=\"widget\" data-e-type=\"widget\" data-widget_type=\"heading.default\">\n\t\t\t\t<div class=\"elementor-widget-container\">\n\t\t\t\t\t<h3 class=\"elementor-heading-title elementor-size-default\">Gedser \u27a8 Rostock<\/h3>\t\t\t\t<\/div>\n\t\t\t\t<\/div>\n\t\t\t\t<div class=\"elementor-element elementor-element-1a863586 elementor-widget elementor-widget-text-editor\" data-id=\"1a863586\" data-element_type=\"widget\" data-e-type=\"widget\" data-widget_type=\"text-editor.default\">\n\t\t\t\t<div class=\"elementor-widget-container\">\n\t\t\t\t\t\t\t\t\t<ul><li>01:45 Gedser \u27a8 03:45 Rostock<\/li><li>07:00 Gedser \u27a8 08:45 Rostock<\/li><li>09:00 Gedser \u27a8 11:00 Rostock<\/li><li>11:15 Gedser \u27a8 13:15 Rostock<\/li><li>13:30 Gedser \u27a8 15:30 Rostock<\/li><li>15:45 Gedser \u27a8 17:45 Rostock<\/li><li>18:00 Gedser \u27a8 20:00 Rostock<\/li><li>20:15 Gedser \u27a8 22:15 Rostock<\/li><li>22:30 Gedser \u27a8 00:30 Rostock<\/li><\/ul>\t\t\t\t\t\t\t\t<\/div>\n\t\t\t\t<\/div>\n\t\t\t\t\t<\/div>\n\t\t<\/div>\n\t\t\t\t<div class=\"elementor-column elementor-col-50 elementor-inner-column elementor-element elementor-element-63973899\" data-id=\"63973899\" data-element_type=\"column\" data-e-type=\"column\">\n\t\t\t<div class=\"elementor-widget-wrap elementor-element-populated\">\n\t\t\t\t\t\t<div class=\"elementor-element elementor-element-59870146 elementor-widget elementor-widget-heading\" data-id=\"59870146\" data-element_type=\"widget\" data-e-type=\"widget\" data-widget_type=\"heading.default\">\n\t\t\t\t<div class=\"elementor-widget-container\">\n\t\t\t\t\t<h3 class=\"elementor-heading-title elementor-size-default\">Rostock \u27a8 Gedser<\/h3>\t\t\t\t<\/div>\n\t\t\t\t<\/div>\n\t\t\t\t<div class=\"elementor-element elementor-element-374123e8 elementor-widget elementor-widget-text-editor\" data-id=\"374123e8\" data-element_type=\"widget\" data-e-type=\"widget\" data-widget_type=\"text-editor.default\">\n\t\t\t\t<div class=\"elementor-widget-container\">\n\t\t\t\t\t\t\t\t\t<ul><li>04:15 Rostock \u27a8 06:15 Gedser<\/li><li>06:00 Rostock \u27a8 08:00 Gedser<\/li><li>09:00 Rostock \u27a8 11:00 Gedser<\/li><li>11:15 Rostock \u27a8 13:15 Gedser<\/li><li>13:30 Rostock \u27a8 15:30 Gedser<\/li><li>15:45 Rostock \u27a8 17:45 Gedser<\/li><li>18:00 Rostock \u27a8 20:00 Gedser<\/li><li>20:15 Rostock \u27a8 22:15 Gedser<\/li><li>22:30 Rostock \u27a8 00:30 Gedser<\/li><\/ul>\t\t\t\t\t\t\t\t<\/div>\n\t\t\t\t<\/div>\n\t\t\t\t\t<\/div>\n\t\t<\/div>\n\t\t\t\t\t<\/div>\n\t\t<\/section>\n\t\t\t\t<div class=\"elementor-element elementor-element-5e1b4e1f elementor-widget elementor-widget-heading\" data-id=\"5e1b4e1f\" data-element_type=\"widget\" data-e-type=\"widget\" data-widget_type=\"heading.default\">\n\t\t\t\t<div class=\"elementor-widget-container\">\n\t\t\t\t\t<h2 class=\"elementor-heading-title elementor-size-default\">Gedser-Rostock sejlplanoversigt<\/h2>\t\t\t\t<\/div>\n\t\t\t\t<\/div>\n\t\t\t\t<div class=\"elementor-element elementor-element-5906c447 elementor-widget elementor-widget-image\" data-id=\"5906c447\" data-element_type=\"widget\" data-e-type=\"widget\" data-widget_type=\"image.default\">\n\t\t\t\t<div class=\"elementor-widget-container\">\n\t\t\t\t\t\t\t\t\t\t\t\t<figure class=\"wp-caption\">\n\t\t\t\t\t\t\t\t\t\t<img decoding=\"async\" width=\"1000\" height=\"500\" src=\"https:\/\/rostockgedser.com\/dk\/wp-content\/uploads\/sites\/6\/2025\/01\/Schedule.jpg\" class=\"attachment-full size-full wp-image-1823\" alt=\"\" srcset=\"https:\/\/rostockgedser.com\/dk\/wp-content\/uploads\/sites\/6\/2025\/01\/Schedule.jpg 1000w, https:\/\/rostockgedser.com\/dk\/wp-content\/uploads\/sites\/6\/2025\/01\/Schedule-300x150.jpg 300w, https:\/\/rostockgedser.com\/dk\/wp-content\/uploads\/sites\/6\/2025\/01\/Schedule-768x384.jpg 768w\" sizes=\"(max-width: 1000px) 100vw, 1000px\" \/>\t\t\t\t\t\t\t\t\t\t\t<figcaption class=\"widget-image-caption wp-caption-text\">Avf\u00e4rdstiderna f\u00f6r M\/F Copenhagen och M\/F Berlin<\/figcaption>\n\t\t\t\t\t\t\t\t\t\t<\/figure>\n\t\t\t\t\t\t\t\t\t<\/div>\n\t\t\t\t<\/div>\n\t\t\t\t<div class=\"elementor-element elementor-element-317d3402 elementor-widget elementor-widget-text-editor\" data-id=\"317d3402\" data-element_type=\"widget\" data-e-type=\"widget\" data-widget_type=\"text-editor.default\">\n\t\t\t\t<div class=\"elementor-widget-container\">\n\t\t\t\t\t\t\t\t\t<p>F\u00e6rgerne <strong>M\/F Copenhagen<\/strong> og <strong>M\/F Berlin<\/strong> fra Scandlines sejler fra begge havne cirka 9 gange om dagen.<\/p><p>Det betyder, at der typisk er et interval p\u00e5 <strong>2 til 3 timer<\/strong> mellem afgange.<\/p><p>For at sikre en problemfri overfart er det vigtigt at <strong>fuldf\u00f8re check-in mindst 15 minutter f\u00f8r afgang<\/strong>. Det er ret kort sammenlignet med andre f\u00e6rger, s\u00e5 vi anbefaler blot at g\u00e5 ombord tidligere.<\/p><p>Hold venligst \u00f8je med de seneste rejseoplysninger for eventuelle \u00e6ndringer i afgangs- og ankomsttider. N\u00e5r du planl\u00e6gger at rejse videre til Berlin, b\u00f8r du p\u00e5regne yderligere <strong>3 timer<\/strong>.<\/p>\t\t\t\t\t\t\t\t<\/div>\n\t\t\t\t<\/div>\n\t\t\t\t\t<\/div>\n\t\t<\/div>\n\t\t\t\t<div class=\"elementor-column elementor-col-50 elementor-top-column elementor-element elementor-element-5817b85f\" data-id=\"5817b85f\" data-element_type=\"column\" data-e-type=\"column\">\n\t\t\t<div class=\"elementor-widget-wrap elementor-element-populated\">\n\t\t\t\t\t\t<div class=\"elementor-element elementor-element-76c8cbb5 elementor-widget elementor-widget-text-editor\" data-id=\"76c8cbb5\" data-element_type=\"widget\" data-e-type=\"widget\" data-settings=\"{&quot;sticky_parent&quot;:&quot;yes&quot;,&quot;sticky_offset&quot;:100,&quot;sticky&quot;:&quot;top&quot;,&quot;sticky_effects_offset&quot;:60,&quot;sticky_on&quot;:[&quot;desktop&quot;,&quot;tablet&quot;,&quot;mobile&quot;],&quot;sticky_anchor_link_offset&quot;:0}\" data-widget_type=\"text-editor.default\">\n\t\t\t\t<div class=\"elementor-widget-container\">\n\t\t\t\t\t\t\t\t\t<p><strong>Billetter til Rostock-Gedser-f\u00e6rgen<\/strong><\/p><p>Scandlines sejler med M\/F K\u00f8benhavn og M\/F Berlin p\u00e5 denne f\u00e6rgerute. De mest prisvenlige billetter er tilg\u00e6ngelige hos rederiet Scandlines.<\/p><p><a href=\"https:\/\/rostockgedser.com\/dk\/go\/button-home\" target=\"_blank\" rel=\"noopener\">Planl\u00e6g din overfart \u2b9e<\/a><\/p>\t\t\t\t\t\t\t\t<\/div>\n\t\t\t\t<\/div>\n\t\t\t\t\t<\/div>\n\t\t<\/div>\n\t\t\t\t\t<\/div>\n\t\t<\/section>\n\t\t\t\t<\/div>\n\t\t","protected":false},"excerpt":{"rendered":"<p>Priser og billetter Gedser-Rostock sejlplan Gedser \u27a8 Rostock 01:45 Gedser \u27a8 03:45 Rostock 07:00 Gedser \u27a8 08:45 Rostock 09:00 Gedser \u27a8 11:00 Rostock 11:15 Gedser \u27a8 13:15 Rostock 13:30 Gedser \u27a8 15:30 Rostock 15:45 Gedser \u27a8 17:45 Rostock 18:00 Gedser \u27a8 20:00 Rostock 20:15 Gedser \u27a8 22:15 Rostock 22:30 Gedser \u27a8 00:30 Rostock Rostock \u27a8 [&hellip;]<\/p>\n","protected":false},"author":1,"featured_media":0,"parent":0,"menu_order":0,"comment_status":"closed","ping_status":"closed","template":"elementor_header_footer","meta":{"footnotes":""},"class_list":["post-1820","page","type-page","status-publish","hentry"],"yoast_head":"<!-- This site is optimized with the Yoast SEO plugin v27.2 - https:\/\/yoast.com\/product\/yoast-seo-wordpress\/ -->\n<title>Gedser-Rostock sejlplan - RostockGedser.com\/dk<\/title>\n<meta name=\"description\" content=\"01:45 Gedser \u27a8 03:45 Rostock. 07:00 Gedser \u27a8 08:45 Rostock. 09:00 Gedser \u27a8 11:00 Rostock. 11:15 Gedser \u27a8 13:15 Rostock. 13:30 Gedser \u27a8 15:30 Rostock. 15:45 Gedser \u27a8 17:45 Rostock. 18:00 Gedser \u27a8 20:00 Rostock. 20:15 Gedser \u27a8 22:15 Rostock.\" \/>\n<meta name=\"robots\" content=\"index, follow, max-snippet:-1, max-image-preview:large, max-video-preview:-1\" \/>\n<link rel=\"canonical\" href=\"https:\/\/rostockgedser.com\/dk\/gedser-rostock-sejlplan\/\" \/>\n<meta property=\"og:locale\" content=\"da_DK\" \/>\n<meta property=\"og:type\" content=\"article\" \/>\n<meta property=\"og:title\" content=\"Gedser-Rostock sejlplan - RostockGedser.com\/dk\" \/>\n<meta property=\"og:description\" content=\"01:45 Gedser \u27a8 03:45 Rostock. 07:00 Gedser \u27a8 08:45 Rostock. 09:00 Gedser \u27a8 11:00 Rostock. 11:15 Gedser \u27a8 13:15 Rostock. 13:30 Gedser \u27a8 15:30 Rostock. 15:45 Gedser \u27a8 17:45 Rostock. 18:00 Gedser \u27a8 20:00 Rostock. 20:15 Gedser \u27a8 22:15 Rostock.\" \/>\n<meta property=\"og:url\" content=\"https:\/\/rostockgedser.com\/dk\/gedser-rostock-sejlplan\/\" \/>\n<meta property=\"og:site_name\" content=\"RostockGedser.com\/dk\" \/>\n<meta property=\"article:modified_time\" content=\"2025-01-07T08:59:28+00:00\" \/>\n<meta property=\"og:image\" content=\"http:\/\/rostockgedser.com\/dk\/wp-content\/uploads\/sites\/6\/2025\/01\/Scandlines-entering-ferry-port.jpg\" \/>\n<meta name=\"twitter:card\" content=\"summary_large_image\" \/>\n<meta name=\"twitter:label1\" content=\"Estimeret l\u00e6setid\" \/>\n\t<meta name=\"twitter:data1\" content=\"2 minutter\" \/>\n<script type=\"application\/ld+json\" class=\"yoast-schema-graph\">{\"@context\":\"https:\/\/schema.org\",\"@graph\":[{\"@type\":\"WebPage\",\"@id\":\"https:\/\/rostockgedser.com\/dk\/gedser-rostock-sejlplan\/\",\"url\":\"https:\/\/rostockgedser.com\/dk\/gedser-rostock-sejlplan\/\",\"name\":\"Gedser-Rostock sejlplan - RostockGedser.com\/dk\",\"isPartOf\":{\"@id\":\"https:\/\/rostockgedser.com\/dk\/#website\"},\"primaryImageOfPage\":{\"@id\":\"https:\/\/rostockgedser.com\/dk\/gedser-rostock-sejlplan\/#primaryimage\"},\"image\":{\"@id\":\"https:\/\/rostockgedser.com\/dk\/gedser-rostock-sejlplan\/#primaryimage\"},\"thumbnailUrl\":\"http:\/\/rostockgedser.com\/dk\/wp-content\/uploads\/sites\/6\/2025\/01\/Scandlines-entering-ferry-port.jpg\",\"datePublished\":\"2025-01-07T08:55:10+00:00\",\"dateModified\":\"2025-01-07T08:59:28+00:00\",\"description\":\"01:45 Gedser \u27a8 03:45 Rostock. 07:00 Gedser \u27a8 08:45 Rostock. 09:00 Gedser \u27a8 11:00 Rostock. 11:15 Gedser \u27a8 13:15 Rostock. 13:30 Gedser \u27a8 15:30 Rostock. 15:45 Gedser \u27a8 17:45 Rostock. 18:00 Gedser \u27a8 20:00 Rostock. 20:15 Gedser \u27a8 22:15 Rostock.\",\"breadcrumb\":{\"@id\":\"https:\/\/rostockgedser.com\/dk\/gedser-rostock-sejlplan\/#breadcrumb\"},\"inLanguage\":\"da-DK\",\"potentialAction\":[{\"@type\":\"ReadAction\",\"target\":[\"https:\/\/rostockgedser.com\/dk\/gedser-rostock-sejlplan\/\"]}]},{\"@type\":\"ImageObject\",\"inLanguage\":\"da-DK\",\"@id\":\"https:\/\/rostockgedser.com\/dk\/gedser-rostock-sejlplan\/#primaryimage\",\"url\":\"http:\/\/rostockgedser.com\/dk\/wp-content\/uploads\/sites\/6\/2025\/01\/Scandlines-entering-ferry-port.jpg\",\"contentUrl\":\"http:\/\/rostockgedser.com\/dk\/wp-content\/uploads\/sites\/6\/2025\/01\/Scandlines-entering-ferry-port.jpg\"},{\"@type\":\"BreadcrumbList\",\"@id\":\"https:\/\/rostockgedser.com\/dk\/gedser-rostock-sejlplan\/#breadcrumb\",\"itemListElement\":[{\"@type\":\"ListItem\",\"position\":1,\"name\":\"Home\",\"item\":\"https:\/\/rostockgedser.com\/dk\/\"},{\"@type\":\"ListItem\",\"position\":2,\"name\":\"Gedser-Rostock sejlplan\"}]},{\"@type\":\"WebSite\",\"@id\":\"https:\/\/rostockgedser.com\/dk\/#website\",\"url\":\"https:\/\/rostockgedser.com\/dk\/\",\"name\":\"RostockGedser.com\/dk\",\"description\":\"\",\"publisher\":{\"@id\":\"https:\/\/rostockgedser.com\/dk\/#organization\"},\"potentialAction\":[{\"@type\":\"SearchAction\",\"target\":{\"@type\":\"EntryPoint\",\"urlTemplate\":\"https:\/\/rostockgedser.com\/dk\/?s={search_term_string}\"},\"query-input\":{\"@type\":\"PropertyValueSpecification\",\"valueRequired\":true,\"valueName\":\"search_term_string\"}}],\"inLanguage\":\"da-DK\"},{\"@type\":\"Organization\",\"@id\":\"https:\/\/rostockgedser.com\/dk\/#organization\",\"name\":\"RostockGedser.com\/dk\",\"url\":\"https:\/\/rostockgedser.com\/dk\/\",\"logo\":{\"@type\":\"ImageObject\",\"inLanguage\":\"da-DK\",\"@id\":\"https:\/\/rostockgedser.com\/dk\/#\/schema\/logo\/image\/\",\"url\":\"http:\/\/rostockgedser.com\/dk\/wp-content\/uploads\/sites\/6\/2023\/08\/cropped-Rostock-Gedser-favicon.png\",\"contentUrl\":\"http:\/\/rostockgedser.com\/dk\/wp-content\/uploads\/sites\/6\/2023\/08\/cropped-Rostock-Gedser-favicon.png\",\"width\":512,\"height\":512,\"caption\":\"RostockGedser.com\/dk\"},\"image\":{\"@id\":\"https:\/\/rostockgedser.com\/dk\/#\/schema\/logo\/image\/\"}}]}<\/script>\n<!-- \/ Yoast SEO plugin. -->","yoast_head_json":{"title":"Gedser-Rostock sejlplan - RostockGedser.com\/dk","description":"01:45 Gedser \u27a8 03:45 Rostock. 07:00 Gedser \u27a8 08:45 Rostock. 09:00 Gedser \u27a8 11:00 Rostock. 11:15 Gedser \u27a8 13:15 Rostock. 13:30 Gedser \u27a8 15:30 Rostock. 15:45 Gedser \u27a8 17:45 Rostock. 18:00 Gedser \u27a8 20:00 Rostock. 20:15 Gedser \u27a8 22:15 Rostock.","robots":{"index":"index","follow":"follow","max-snippet":"max-snippet:-1","max-image-preview":"max-image-preview:large","max-video-preview":"max-video-preview:-1"},"canonical":"https:\/\/rostockgedser.com\/dk\/gedser-rostock-sejlplan\/","og_locale":"da_DK","og_type":"article","og_title":"Gedser-Rostock sejlplan - RostockGedser.com\/dk","og_description":"01:45 Gedser \u27a8 03:45 Rostock. 07:00 Gedser \u27a8 08:45 Rostock. 09:00 Gedser \u27a8 11:00 Rostock. 11:15 Gedser \u27a8 13:15 Rostock. 13:30 Gedser \u27a8 15:30 Rostock. 15:45 Gedser \u27a8 17:45 Rostock. 18:00 Gedser \u27a8 20:00 Rostock. 20:15 Gedser \u27a8 22:15 Rostock.","og_url":"https:\/\/rostockgedser.com\/dk\/gedser-rostock-sejlplan\/","og_site_name":"RostockGedser.com\/dk","article_modified_time":"2025-01-07T08:59:28+00:00","og_image":[{"url":"http:\/\/rostockgedser.com\/dk\/wp-content\/uploads\/sites\/6\/2025\/01\/Scandlines-entering-ferry-port.jpg","type":"","width":"","height":""}],"twitter_card":"summary_large_image","twitter_misc":{"Estimeret l\u00e6setid":"2 minutter"},"schema":{"@context":"https:\/\/schema.org","@graph":[{"@type":"WebPage","@id":"https:\/\/rostockgedser.com\/dk\/gedser-rostock-sejlplan\/","url":"https:\/\/rostockgedser.com\/dk\/gedser-rostock-sejlplan\/","name":"Gedser-Rostock sejlplan - RostockGedser.com\/dk","isPartOf":{"@id":"https:\/\/rostockgedser.com\/dk\/#website"},"primaryImageOfPage":{"@id":"https:\/\/rostockgedser.com\/dk\/gedser-rostock-sejlplan\/#primaryimage"},"image":{"@id":"https:\/\/rostockgedser.com\/dk\/gedser-rostock-sejlplan\/#primaryimage"},"thumbnailUrl":"http:\/\/rostockgedser.com\/dk\/wp-content\/uploads\/sites\/6\/2025\/01\/Scandlines-entering-ferry-port.jpg","datePublished":"2025-01-07T08:55:10+00:00","dateModified":"2025-01-07T08:59:28+00:00","description":"01:45 Gedser \u27a8 03:45 Rostock. 07:00 Gedser \u27a8 08:45 Rostock. 09:00 Gedser \u27a8 11:00 Rostock. 11:15 Gedser \u27a8 13:15 Rostock. 13:30 Gedser \u27a8 15:30 Rostock. 15:45 Gedser \u27a8 17:45 Rostock. 18:00 Gedser \u27a8 20:00 Rostock. 20:15 Gedser \u27a8 22:15 Rostock.","breadcrumb":{"@id":"https:\/\/rostockgedser.com\/dk\/gedser-rostock-sejlplan\/#breadcrumb"},"inLanguage":"da-DK","potentialAction":[{"@type":"ReadAction","target":["https:\/\/rostockgedser.com\/dk\/gedser-rostock-sejlplan\/"]}]},{"@type":"ImageObject","inLanguage":"da-DK","@id":"https:\/\/rostockgedser.com\/dk\/gedser-rostock-sejlplan\/#primaryimage","url":"http:\/\/rostockgedser.com\/dk\/wp-content\/uploads\/sites\/6\/2025\/01\/Scandlines-entering-ferry-port.jpg","contentUrl":"http:\/\/rostockgedser.com\/dk\/wp-content\/uploads\/sites\/6\/2025\/01\/Scandlines-entering-ferry-port.jpg"},{"@type":"BreadcrumbList","@id":"https:\/\/rostockgedser.com\/dk\/gedser-rostock-sejlplan\/#breadcrumb","itemListElement":[{"@type":"ListItem","position":1,"name":"Home","item":"https:\/\/rostockgedser.com\/dk\/"},{"@type":"ListItem","position":2,"name":"Gedser-Rostock sejlplan"}]},{"@type":"WebSite","@id":"https:\/\/rostockgedser.com\/dk\/#website","url":"https:\/\/rostockgedser.com\/dk\/","name":"RostockGedser.com\/dk","description":"","publisher":{"@id":"https:\/\/rostockgedser.com\/dk\/#organization"},"potentialAction":[{"@type":"SearchAction","target":{"@type":"EntryPoint","urlTemplate":"https:\/\/rostockgedser.com\/dk\/?s={search_term_string}"},"query-input":{"@type":"PropertyValueSpecification","valueRequired":true,"valueName":"search_term_string"}}],"inLanguage":"da-DK"},{"@type":"Organization","@id":"https:\/\/rostockgedser.com\/dk\/#organization","name":"RostockGedser.com\/dk","url":"https:\/\/rostockgedser.com\/dk\/","logo":{"@type":"ImageObject","inLanguage":"da-DK","@id":"https:\/\/rostockgedser.com\/dk\/#\/schema\/logo\/image\/","url":"http:\/\/rostockgedser.com\/dk\/wp-content\/uploads\/sites\/6\/2023\/08\/cropped-Rostock-Gedser-favicon.png","contentUrl":"http:\/\/rostockgedser.com\/dk\/wp-content\/uploads\/sites\/6\/2023\/08\/cropped-Rostock-Gedser-favicon.png","width":512,"height":512,"caption":"RostockGedser.com\/dk"},"image":{"@id":"https:\/\/rostockgedser.com\/dk\/#\/schema\/logo\/image\/"}}]}},"_links":{"self":[{"href":"https:\/\/rostockgedser.com\/dk\/wp-json\/wp\/v2\/pages\/1820","targetHints":{"allow":["GET"]}}],"collection":[{"href":"https:\/\/rostockgedser.com\/dk\/wp-json\/wp\/v2\/pages"}],"about":[{"href":"https:\/\/rostockgedser.com\/dk\/wp-json\/wp\/v2\/types\/page"}],"author":[{"embeddable":true,"href":"https:\/\/rostockgedser.com\/dk\/wp-json\/wp\/v2\/users\/1"}],"replies":[{"embeddable":true,"href":"https:\/\/rostockgedser.com\/dk\/wp-json\/wp\/v2\/comments?post=1820"}],"version-history":[{"count":7,"href":"https:\/\/rostockgedser.com\/dk\/wp-json\/wp\/v2\/pages\/1820\/revisions"}],"predecessor-version":[{"id":1831,"href":"https:\/\/rostockgedser.com\/dk\/wp-json\/wp\/v2\/pages\/1820\/revisions\/1831"}],"wp:attachment":[{"href":"https:\/\/rostockgedser.com\/dk\/wp-json\/wp\/v2\/media?parent=1820"}],"curies":[{"name":"wp","href":"https:\/\/api.w.org\/{rel}","templated":true}]}}