{"id":1742,"date":"2024-03-19T09:13:30","date_gmt":"2024-03-19T09:13:30","guid":{"rendered":"https:\/\/rostockgedser.com\/dk\/?page_id=1742"},"modified":"2025-01-07T09:09:29","modified_gmt":"2025-01-07T09:09:29","slug":"privatlivspolitik","status":"publish","type":"page","link":"https:\/\/rostockgedser.com\/dk\/privatlivspolitik\/","title":{"rendered":"Privatlivspolitik"},"content":{"rendered":"\n<h2 class=\"wp-block-heading\">Hvem vi er<\/h2>\n\n\n\n<p>Vores webadresse er: <a href=\"https:\/\/rostockgedser.com\/dk\/\">https:\/\/rostockgedser.com\/dk<\/a>.<\/p>\n\n\n\n<h2 class=\"wp-block-heading\">Kommentarer<\/h2>\n\n\n\n<p>N\u00e5r bes\u00f8gende efterlader kommentarer p\u00e5 webstedet, indsamler vi de data, der vises i kommentarformularen, samt bes\u00f8gendes IP-adresse og browserbrugeragentstreng for at hj\u00e6lpe med at opdage spam.<\/p>\n\n\n\n<p>En anonymiseret streng oprettet ud fra din e-mailadresse (ogs\u00e5 kaldet en hash) kan gives til Gravatar-tjenesten for at se, om du bruger den. Gravatar-tjenestens privatlivspolitik er tilg\u00e6ngelig her: <a href=\"https:\/\/automattic.com\/privacy\/\">https:\/\/automattic.com\/privacy\/<\/a>. Efter godkendelse af din kommentar er dit profilbillede synligt for offentligheden i forbindelse med din kommentar.<\/p>\n\n\n\n<h2 class=\"wp-block-heading\">Medier<\/h2>\n\n\n\n<p>Hvis du uploader billeder til webstedet, b\u00f8r du undg\u00e5 at uploade billeder med indlejret lokationsdata (EXIF GPS) inkluderet. Bes\u00f8gende p\u00e5 webstedet kan downloade og udtr\u00e6kke eventuelle lokationsdata fra billeder p\u00e5 webstedet.<\/p>\n\n\n\n<h2 class=\"wp-block-heading\">Cookies<\/h2>\n\n\n\n<p>Hvis du efterlader en kommentar p\u00e5 vores websted, kan du v\u00e6lge at gemme dit navn, e-mailadresse og websted i cookies. Disse er for din bekvemmelighed, s\u00e5 du ikke beh\u00f8ver at udfylde dine detaljer igen, n\u00e5r du efterlader en anden kommentar. Disse cookies vil vare i et \u00e5r.<\/p>\n\n\n\n<p>Hvis du bes\u00f8ger vores login-side, vil vi s\u00e6tte en midlertidig cookie for at afg\u00f8re, om din browser accepterer cookies. Denne cookie indeholder ingen personlige data og kasseres, n\u00e5r du lukker din browser.<\/p>\n\n\n\n<p>N\u00e5r du logger ind, vil vi ogs\u00e5 oprette flere cookies for at gemme dine loginoplysninger og dine sk\u00e6rmvisningsvalg. Login-cookies varer i to dage, og sk\u00e6rmvalgscookies varer i et \u00e5r. Hvis du v\u00e6lger &#8220;Husk mig&#8221;, vil din login vedvare i to uger. Hvis du logger ud af din konto, fjernes login-cookies&#8217;ene.<\/p>\n\n\n\n<p>Hvis du redigerer eller udgiver en artikel, vil en ekstra cookie blive gemt i din browser. Denne cookie indeholder ingen personlige data og angiver blot artikelens post-ID, som du lige har redigeret. Den udl\u00f8ber efter 1 dag.<\/p>\n\n\n\n<h2 class=\"wp-block-heading\">Indlejret indhold fra andre websteder<\/h2>\n\n\n\n<p>Artikler p\u00e5 dette websted kan indeholde indlejret indhold (f.eks. videoer, billeder, artikler osv.). Indlejret indhold fra andre websteder opf\u00f8rer sig p\u00e5 pr\u00e6cis samme m\u00e5de, som hvis den bes\u00f8gende har bes\u00f8gt det andet websted.<\/p>\n\n\n\n<p>Disse websteder kan indsamle data om dig, bruge cookies, indlejre yderligere tredjeparts sporing og overv\u00e5ge din interaktion med det indlejrede indhold, herunder sporing af din interaktion med det indlejrede indhold, hvis du har en konto og er logget ind p\u00e5 det websted.<\/p>\n\n\n\n<h2 class=\"wp-block-heading\">Hvem vi deler dine data med<\/h2>\n\n\n\n<p>Hvis du anmoder om en adgangskode-nulstilling, vil din IP-adresse blive inkluderet i nulstillings-e-mailen.<\/p>\n\n\n\n<h2 class=\"wp-block-heading\">Hvor l\u00e6nge vi opbevarer dine data<\/h2>\n\n\n\n<p>Hvis du efterlader en kommentar, bliver kommentaren og dens metadata bevaret p\u00e5 ubestemt tid. Dette er, s\u00e5 vi kan genkende og godkende eventuelle opf\u00f8lgende kommentarer automatisk i stedet for at holde dem i en moderationk\u00f8.<\/p>\n\n\n\n<p>For brugere, der registrerer sig p\u00e5 vores websted (hvis nogen), gemmer vi ogs\u00e5 de personlige oplysninger, de giver i deres brugerprofil. Alle brugere kan se, redigere eller slette deres personlige oplysninger n\u00e5r som helst (undtagen at de ikke kan \u00e6ndre deres brugernavn). Webstedsadministratorer kan ogs\u00e5 se og redigere disse oplysninger.<\/p>\n\n\n\n<h2 class=\"wp-block-heading\">Hvilke rettigheder du har over dine data<\/h2>\n\n\n\n<p>Hvis du har en konto p\u00e5 dette websted, eller har efterladt kommentarer, kan du anmode om at modtage en eksporteret fil med de personlige data, vi har om dig, inklusive alle data, du har givet os. Du kan ogs\u00e5 anmode om, at vi sletter alle personlige data, vi har om dig. Dette inkluderer ikke nogen data, vi er forpligtede til at opbevare af administrative, juridiske eller sikkerhedsm\u00e6ssige \u00e5rsager.<\/p>\n\n\n\n<h2 class=\"wp-block-heading\">Hvor dine data sendes hen<\/h2>\n\n\n\n<p>Bes\u00f8gendes kommentarer kan blive kontrolleret via en automatisk spam-genkendelsestjeneste.<\/p>\n\n\n\n<h2 class=\"wp-block-heading\" id=\"disclaimer\">Disclaimer<\/h2>\n\n\n\n<p>Vi har en aftale med Scandlines Deutschland GmbH om f\u00e6rgerejser, der g\u00f8r det muligt for os at tjene kommission p\u00e5 hvert Scandlines-produkt, der arrangeres. Scandlines\u2019 transportbetingelser g\u00e6lder og kan ses via dette link: <a href=\"https:\/\/www.scandlines.com\/terms\/\">https:\/\/www.scandlines.com\/terms\/<\/a><\/p>\n","protected":false},"excerpt":{"rendered":"<p>Hvem vi er Vores webadresse er: https:\/\/rostockgedser.com\/dk. Kommentarer N\u00e5r bes\u00f8gende efterlader kommentarer p\u00e5 webstedet, indsamler vi de data, der vises i kommentarformularen, samt bes\u00f8gendes IP-adresse og browserbrugeragentstreng for at hj\u00e6lpe med at opdage spam. En anonymiseret streng oprettet ud fra din e-mailadresse (ogs\u00e5 kaldet en hash) kan gives til Gravatar-tjenesten for at se, om du [&hellip;]<\/p>\n","protected":false},"author":1,"featured_media":0,"parent":0,"menu_order":0,"comment_status":"closed","ping_status":"closed","template":"","meta":{"footnotes":""},"class_list":["post-1742","page","type-page","status-publish","hentry"],"yoast_head":"<!-- This site is optimized with the Yoast SEO plugin v27.2 - https:\/\/yoast.com\/product\/yoast-seo-wordpress\/ -->\n<title>Privatlivspolitik - Gedser-Rostock.com<\/title>\n<meta name=\"description\" content=\"Vores privatlivspolitik omhandler indsamling og opbevaring af data, brug af cookies og dine rettigheder over dine personlige oplysninger p\u00e5 vores websted. L\u00e6s mere her.\" \/>\n<meta name=\"robots\" content=\"index, follow, max-snippet:-1, max-image-preview:large, max-video-preview:-1\" \/>\n<link rel=\"canonical\" href=\"https:\/\/rostockgedser.com\/dk\/privatlivspolitik\/\" \/>\n<meta property=\"og:locale\" content=\"da_DK\" \/>\n<meta property=\"og:type\" content=\"article\" \/>\n<meta property=\"og:title\" content=\"Privatlivspolitik - Gedser-Rostock.com\" \/>\n<meta property=\"og:description\" content=\"Vores privatlivspolitik omhandler indsamling og opbevaring af data, brug af cookies og dine rettigheder over dine personlige oplysninger p\u00e5 vores websted. L\u00e6s mere her.\" \/>\n<meta property=\"og:url\" content=\"https:\/\/rostockgedser.com\/dk\/privatlivspolitik\/\" \/>\n<meta property=\"og:site_name\" content=\"RostockGedser.com\/dk\" \/>\n<meta property=\"article:modified_time\" content=\"2025-01-07T09:09:29+00:00\" \/>\n<meta name=\"twitter:card\" content=\"summary_large_image\" \/>\n<meta name=\"twitter:label1\" content=\"Estimeret l\u00e6setid\" \/>\n\t<meta name=\"twitter:data1\" content=\"4 minutter\" \/>\n<script type=\"application\/ld+json\" class=\"yoast-schema-graph\">{\"@context\":\"https:\/\/schema.org\",\"@graph\":[{\"@type\":\"WebPage\",\"@id\":\"https:\/\/rostockgedser.com\/dk\/privatlivspolitik\/\",\"url\":\"https:\/\/rostockgedser.com\/dk\/privatlivspolitik\/\",\"name\":\"Privatlivspolitik - Gedser-Rostock.com\",\"isPartOf\":{\"@id\":\"https:\/\/rostockgedser.com\/dk\/#website\"},\"datePublished\":\"2024-03-19T09:13:30+00:00\",\"dateModified\":\"2025-01-07T09:09:29+00:00\",\"description\":\"Vores privatlivspolitik omhandler indsamling og opbevaring af data, brug af cookies og dine rettigheder over dine personlige oplysninger p\u00e5 vores websted. L\u00e6s mere her.\",\"breadcrumb\":{\"@id\":\"https:\/\/rostockgedser.com\/dk\/privatlivspolitik\/#breadcrumb\"},\"inLanguage\":\"da-DK\",\"potentialAction\":[{\"@type\":\"ReadAction\",\"target\":[\"https:\/\/rostockgedser.com\/dk\/privatlivspolitik\/\"]}]},{\"@type\":\"BreadcrumbList\",\"@id\":\"https:\/\/rostockgedser.com\/dk\/privatlivspolitik\/#breadcrumb\",\"itemListElement\":[{\"@type\":\"ListItem\",\"position\":1,\"name\":\"Home\",\"item\":\"https:\/\/rostockgedser.com\/dk\/\"},{\"@type\":\"ListItem\",\"position\":2,\"name\":\"Privatlivspolitik\"}]},{\"@type\":\"WebSite\",\"@id\":\"https:\/\/rostockgedser.com\/dk\/#website\",\"url\":\"https:\/\/rostockgedser.com\/dk\/\",\"name\":\"RostockGedser.com\/dk\",\"description\":\"\",\"publisher\":{\"@id\":\"https:\/\/rostockgedser.com\/dk\/#organization\"},\"potentialAction\":[{\"@type\":\"SearchAction\",\"target\":{\"@type\":\"EntryPoint\",\"urlTemplate\":\"https:\/\/rostockgedser.com\/dk\/?s={search_term_string}\"},\"query-input\":{\"@type\":\"PropertyValueSpecification\",\"valueRequired\":true,\"valueName\":\"search_term_string\"}}],\"inLanguage\":\"da-DK\"},{\"@type\":\"Organization\",\"@id\":\"https:\/\/rostockgedser.com\/dk\/#organization\",\"name\":\"RostockGedser.com\/dk\",\"url\":\"https:\/\/rostockgedser.com\/dk\/\",\"logo\":{\"@type\":\"ImageObject\",\"inLanguage\":\"da-DK\",\"@id\":\"https:\/\/rostockgedser.com\/dk\/#\/schema\/logo\/image\/\",\"url\":\"http:\/\/rostockgedser.com\/dk\/wp-content\/uploads\/sites\/6\/2023\/08\/cropped-Rostock-Gedser-favicon.png\",\"contentUrl\":\"http:\/\/rostockgedser.com\/dk\/wp-content\/uploads\/sites\/6\/2023\/08\/cropped-Rostock-Gedser-favicon.png\",\"width\":512,\"height\":512,\"caption\":\"RostockGedser.com\/dk\"},\"image\":{\"@id\":\"https:\/\/rostockgedser.com\/dk\/#\/schema\/logo\/image\/\"}}]}<\/script>\n<!-- \/ Yoast SEO plugin. -->","yoast_head_json":{"title":"Privatlivspolitik - Gedser-Rostock.com","description":"Vores privatlivspolitik omhandler indsamling og opbevaring af data, brug af cookies og dine rettigheder over dine personlige oplysninger p\u00e5 vores websted. L\u00e6s mere her.","robots":{"index":"index","follow":"follow","max-snippet":"max-snippet:-1","max-image-preview":"max-image-preview:large","max-video-preview":"max-video-preview:-1"},"canonical":"https:\/\/rostockgedser.com\/dk\/privatlivspolitik\/","og_locale":"da_DK","og_type":"article","og_title":"Privatlivspolitik - Gedser-Rostock.com","og_description":"Vores privatlivspolitik omhandler indsamling og opbevaring af data, brug af cookies og dine rettigheder over dine personlige oplysninger p\u00e5 vores websted. L\u00e6s mere her.","og_url":"https:\/\/rostockgedser.com\/dk\/privatlivspolitik\/","og_site_name":"RostockGedser.com\/dk","article_modified_time":"2025-01-07T09:09:29+00:00","twitter_card":"summary_large_image","twitter_misc":{"Estimeret l\u00e6setid":"4 minutter"},"schema":{"@context":"https:\/\/schema.org","@graph":[{"@type":"WebPage","@id":"https:\/\/rostockgedser.com\/dk\/privatlivspolitik\/","url":"https:\/\/rostockgedser.com\/dk\/privatlivspolitik\/","name":"Privatlivspolitik - Gedser-Rostock.com","isPartOf":{"@id":"https:\/\/rostockgedser.com\/dk\/#website"},"datePublished":"2024-03-19T09:13:30+00:00","dateModified":"2025-01-07T09:09:29+00:00","description":"Vores privatlivspolitik omhandler indsamling og opbevaring af data, brug af cookies og dine rettigheder over dine personlige oplysninger p\u00e5 vores websted. L\u00e6s mere her.","breadcrumb":{"@id":"https:\/\/rostockgedser.com\/dk\/privatlivspolitik\/#breadcrumb"},"inLanguage":"da-DK","potentialAction":[{"@type":"ReadAction","target":["https:\/\/rostockgedser.com\/dk\/privatlivspolitik\/"]}]},{"@type":"BreadcrumbList","@id":"https:\/\/rostockgedser.com\/dk\/privatlivspolitik\/#breadcrumb","itemListElement":[{"@type":"ListItem","position":1,"name":"Home","item":"https:\/\/rostockgedser.com\/dk\/"},{"@type":"ListItem","position":2,"name":"Privatlivspolitik"}]},{"@type":"WebSite","@id":"https:\/\/rostockgedser.com\/dk\/#website","url":"https:\/\/rostockgedser.com\/dk\/","name":"RostockGedser.com\/dk","description":"","publisher":{"@id":"https:\/\/rostockgedser.com\/dk\/#organization"},"potentialAction":[{"@type":"SearchAction","target":{"@type":"EntryPoint","urlTemplate":"https:\/\/rostockgedser.com\/dk\/?s={search_term_string}"},"query-input":{"@type":"PropertyValueSpecification","valueRequired":true,"valueName":"search_term_string"}}],"inLanguage":"da-DK"},{"@type":"Organization","@id":"https:\/\/rostockgedser.com\/dk\/#organization","name":"RostockGedser.com\/dk","url":"https:\/\/rostockgedser.com\/dk\/","logo":{"@type":"ImageObject","inLanguage":"da-DK","@id":"https:\/\/rostockgedser.com\/dk\/#\/schema\/logo\/image\/","url":"http:\/\/rostockgedser.com\/dk\/wp-content\/uploads\/sites\/6\/2023\/08\/cropped-Rostock-Gedser-favicon.png","contentUrl":"http:\/\/rostockgedser.com\/dk\/wp-content\/uploads\/sites\/6\/2023\/08\/cropped-Rostock-Gedser-favicon.png","width":512,"height":512,"caption":"RostockGedser.com\/dk"},"image":{"@id":"https:\/\/rostockgedser.com\/dk\/#\/schema\/logo\/image\/"}}]}},"_links":{"self":[{"href":"https:\/\/rostockgedser.com\/dk\/wp-json\/wp\/v2\/pages\/1742","targetHints":{"allow":["GET"]}}],"collection":[{"href":"https:\/\/rostockgedser.com\/dk\/wp-json\/wp\/v2\/pages"}],"about":[{"href":"https:\/\/rostockgedser.com\/dk\/wp-json\/wp\/v2\/types\/page"}],"author":[{"embeddable":true,"href":"https:\/\/rostockgedser.com\/dk\/wp-json\/wp\/v2\/users\/1"}],"replies":[{"embeddable":true,"href":"https:\/\/rostockgedser.com\/dk\/wp-json\/wp\/v2\/comments?post=1742"}],"version-history":[{"count":6,"href":"https:\/\/rostockgedser.com\/dk\/wp-json\/wp\/v2\/pages\/1742\/revisions"}],"predecessor-version":[{"id":1834,"href":"https:\/\/rostockgedser.com\/dk\/wp-json\/wp\/v2\/pages\/1742\/revisions\/1834"}],"wp:attachment":[{"href":"https:\/\/rostockgedser.com\/dk\/wp-json\/wp\/v2\/media?parent=1742"}],"curies":[{"name":"wp","href":"https:\/\/api.w.org\/{rel}","templated":true}]}}