{"id":611,"date":"2023-05-11T08:19:11","date_gmt":"2023-05-11T08:19:11","guid":{"rendered":"https:\/\/puttgardenrodby.nl\/?page_id=611"},"modified":"2024-03-21T13:29:20","modified_gmt":"2024-03-21T12:29:20","slug":"gedser","status":"publish","type":"page","link":"https:\/\/rostockgedser.com\/de\/gedser\/","title":{"rendered":"Gedser"},"content":{"rendered":"\t\t<div data-elementor-type=\"wp-post\" data-elementor-id=\"611\" class=\"elementor elementor-611\" data-elementor-post-type=\"page\">\n\t\t\t\t\t\t<section class=\"elementor-section elementor-top-section elementor-element elementor-element-6540603a elementor-section-boxed elementor-section-height-default elementor-section-height-default\" data-id=\"6540603a\" data-element_type=\"section\" data-e-type=\"section\" data-settings=\"{&quot;background_background&quot;:&quot;gradient&quot;,&quot;sticky&quot;:&quot;top&quot;,&quot;sticky_on&quot;:[&quot;desktop&quot;,&quot;tablet&quot;,&quot;mobile&quot;],&quot;sticky_offset&quot;:0,&quot;sticky_effects_offset&quot;:0,&quot;sticky_anchor_link_offset&quot;:0}\">\n\t\t\t\t\t\t<div class=\"elementor-container elementor-column-gap-default\">\n\t\t\t\t\t<div class=\"elementor-column elementor-col-50 elementor-top-column elementor-element elementor-element-5c1ecefd\" data-id=\"5c1ecefd\" data-element_type=\"column\" data-e-type=\"column\">\n\t\t\t<div class=\"elementor-widget-wrap elementor-element-populated\">\n\t\t\t\t\t\t<div class=\"elementor-element elementor-element-1702b329 elementor-widget elementor-widget-breadcrumbs\" data-id=\"1702b329\" data-element_type=\"widget\" data-e-type=\"widget\" data-widget_type=\"breadcrumbs.default\">\n\t\t\t\t<div class=\"elementor-widget-container\">\n\t\t\t\t\t<p id=\"breadcrumbs\"><span><span><a href=\"https:\/\/rostockgedser.com\/de\/\">Home<\/a><\/span><\/span><\/p>\t\t\t\t<\/div>\n\t\t\t\t<\/div>\n\t\t\t\t\t<\/div>\n\t\t<\/div>\n\t\t\t\t<div class=\"elementor-column elementor-col-50 elementor-top-column elementor-element elementor-element-53084749\" data-id=\"53084749\" data-element_type=\"column\" data-e-type=\"column\">\n\t\t\t<div class=\"elementor-widget-wrap elementor-element-populated\">\n\t\t\t\t\t\t<div class=\"elementor-element elementor-element-29dbf51c elementor-align-right elementor-mobile-align-center elementor-widget elementor-widget-button\" data-id=\"29dbf51c\" data-element_type=\"widget\" data-e-type=\"widget\" data-settings=\"{&quot;sticky&quot;:&quot;top&quot;,&quot;sticky_on&quot;:[&quot;mobile&quot;],&quot;sticky_offset&quot;:&quot;8&quot;,&quot;sticky_effects_offset_mobile&quot;:&quot;0&quot;,&quot;_animation_mobile&quot;:&quot;fadeIn&quot;,&quot;sticky_effects_offset&quot;:0,&quot;sticky_anchor_link_offset&quot;:0}\" data-widget_type=\"button.default\">\n\t\t\t\t<div class=\"elementor-widget-container\">\n\t\t\t\t\t\t\t\t\t<div class=\"elementor-button-wrapper\">\n\t\t\t\t\t<a class=\"elementor-button elementor-button-link elementor-size-md elementor-animation-shrink\" href=\"\/de\/go\/button-header-page\" target=\"_blank\">\n\t\t\t\t\t\t<span class=\"elementor-button-content-wrapper\">\n\t\t\t\t\t\t<span class=\"elementor-button-icon\">\n\t\t\t\t<i aria-hidden=\"true\" class=\"far fa-arrow-alt-circle-right\"><\/i>\t\t\t<\/span>\n\t\t\t\t\t\t\t\t\t<span class=\"elementor-button-text\">F\u00e4hrpreise &amp; Tickets<\/span>\n\t\t\t\t\t<\/span>\n\t\t\t\t\t<\/a>\n\t\t\t\t<\/div>\n\t\t\t\t\t\t\t\t<\/div>\n\t\t\t\t<\/div>\n\t\t\t\t\t<\/div>\n\t\t<\/div>\n\t\t\t\t\t<\/div>\n\t\t<\/section>\n\t\t\t\t<section class=\"elementor-section elementor-top-section elementor-element elementor-element-348d881 elementor-section-boxed elementor-section-height-default elementor-section-height-default\" data-id=\"348d881\" data-element_type=\"section\" data-e-type=\"section\">\n\t\t\t\t\t\t\t<div class=\"elementor-background-overlay\"><\/div>\n\t\t\t\t\t\t\t<div class=\"elementor-container elementor-column-gap-default\">\n\t\t\t\t\t<div class=\"elementor-column elementor-col-50 elementor-top-column elementor-element elementor-element-2e117c7\" data-id=\"2e117c7\" data-element_type=\"column\" data-e-type=\"column\">\n\t\t\t<div class=\"elementor-widget-wrap elementor-element-populated\">\n\t\t\t\t\t\t<div class=\"elementor-element elementor-element-15a6fd6 elementor-widget elementor-widget-image\" data-id=\"15a6fd6\" data-element_type=\"widget\" data-e-type=\"widget\" data-widget_type=\"image.default\">\n\t\t\t\t<div class=\"elementor-widget-container\">\n\t\t\t\t\t\t\t\t\t\t\t\t\t\t\t<img fetchpriority=\"high\" decoding=\"async\" width=\"1000\" height=\"500\" src=\"https:\/\/rostockgedser.com\/de\/wp-content\/uploads\/sites\/5\/2023\/08\/Gedser-ferry-arrival.jpg\" class=\"attachment-full size-full wp-image-1275\" alt=\"Gedser ferry arrival\" srcset=\"https:\/\/rostockgedser.com\/de\/wp-content\/uploads\/sites\/5\/2023\/08\/Gedser-ferry-arrival.jpg 1000w, https:\/\/rostockgedser.com\/de\/wp-content\/uploads\/sites\/5\/2023\/08\/Gedser-ferry-arrival-300x150.jpg 300w, https:\/\/rostockgedser.com\/de\/wp-content\/uploads\/sites\/5\/2023\/08\/Gedser-ferry-arrival-768x384.jpg 768w\" sizes=\"(max-width: 1000px) 100vw, 1000px\" \/>\t\t\t\t\t\t\t\t\t\t\t\t\t\t\t<\/div>\n\t\t\t\t<\/div>\n\t\t\t\t<div class=\"elementor-element elementor-element-18585c6 elementor-widget elementor-widget-heading\" data-id=\"18585c6\" data-element_type=\"widget\" data-e-type=\"widget\" data-widget_type=\"heading.default\">\n\t\t\t\t<div class=\"elementor-widget-container\">\n\t\t\t\t\t<h1 class=\"elementor-heading-title elementor-size-default\">Gedser Hafen<\/h1>\t\t\t\t<\/div>\n\t\t\t\t<\/div>\n\t\t\t\t<div class=\"elementor-element elementor-element-6a3883e elementor-widget elementor-widget-text-editor\" data-id=\"6a3883e\" data-element_type=\"widget\" data-e-type=\"widget\" data-widget_type=\"text-editor.default\">\n\t\t\t\t<div class=\"elementor-widget-container\">\n\t\t\t\t\t\t\t\t\t<p>Dein Tor zur D\u00e4nemark<\/p>\t\t\t\t\t\t\t\t<\/div>\n\t\t\t\t<\/div>\n\t\t\t\t<div class=\"elementor-element elementor-element-3d6085d elementor-widget elementor-widget-text-editor\" data-id=\"3d6085d\" data-element_type=\"widget\" data-e-type=\"widget\" data-widget_type=\"text-editor.default\">\n\t\t\t\t<div class=\"elementor-widget-container\">\n\t\t\t\t\t\t\t\t\t<p>Gedser ist ein kleines Dorf, das haupts\u00e4chlich aufgrund der F\u00e4hrverbindung Rostock-Gedser bekannt ist. Es liegt im s\u00fcdlichsten Teil der Insel Falster und bietet <a href=\"https:\/\/rostockgedser.com\/de\/rostock-nach-kopenhagen-fahre\/\">eine direkte Stra\u00dfenverbindung nach Kopenhagen<\/a>, Schweden oder zum d\u00e4nischen Festland.<\/p><p>Aufgrund dieser Lage dient es als idealer Abfahrts- und Ankunftshafen f\u00fcr Reisende zwischen Skandinavien und insbesondere Deutschland und Polen.<\/p><h2>Hafenanlagen<\/h2><p>Die Einrichtungen im Hafen von Gedser sind begrenzt, es steht nur eine Toilette zur Verf\u00fcgung. Diese Annehmlichkeiten k\u00f6nnen jedoch im benachbarten Dorf gefunden werden, das nur eine kurze Autofahrt oder einen Spaziergang entfernt ist. Der Supermarkt &#8222;Dagli Brugsen&#8220; in Gedser ist 5 Minuten mit dem Auto und 9 Minuten zu Fu\u00df entfernt.<\/p>\t\t\t\t\t\t\t\t<\/div>\n\t\t\t\t<\/div>\n\t\t\t\t<section class=\"elementor-section elementor-inner-section elementor-element elementor-element-047057a elementor-section-boxed elementor-section-height-default elementor-section-height-default\" data-id=\"047057a\" data-element_type=\"section\" data-e-type=\"section\">\n\t\t\t\t\t\t<div class=\"elementor-container elementor-column-gap-default\">\n\t\t\t\t\t<div class=\"elementor-column elementor-col-50 elementor-inner-column elementor-element elementor-element-91dc949\" data-id=\"91dc949\" data-element_type=\"column\" data-e-type=\"column\">\n\t\t\t<div class=\"elementor-widget-wrap elementor-element-populated\">\n\t\t\t\t\t\t<div class=\"elementor-element elementor-element-c740f20 elementor-icon-list--layout-traditional elementor-list-item-link-full_width elementor-widget elementor-widget-icon-list\" data-id=\"c740f20\" data-element_type=\"widget\" data-e-type=\"widget\" data-widget_type=\"icon-list.default\">\n\t\t\t\t<div class=\"elementor-widget-container\">\n\t\t\t\t\t\t\t<ul class=\"elementor-icon-list-items\">\n\t\t\t\t\t\t\t<li class=\"elementor-icon-list-item\">\n\t\t\t\t\t\t\t\t\t\t\t<span class=\"elementor-icon-list-icon\">\n\t\t\t\t\t\t\t<i aria-hidden=\"true\" class=\"fas fa-restroom\"><\/i>\t\t\t\t\t\t<\/span>\n\t\t\t\t\t\t\t\t\t\t<span class=\"elementor-icon-list-text\">Toiletten in der N\u00e4he des Abfahrtbereichs<\/span>\n\t\t\t\t\t\t\t\t\t<\/li>\n\t\t\t\t\t\t\t\t<li class=\"elementor-icon-list-item\">\n\t\t\t\t\t\t\t\t\t\t\t<span class=\"elementor-icon-list-icon\">\n\t\t\t\t\t\t\t<i aria-hidden=\"true\" class=\"fas fa-coffee\"><\/i>\t\t\t\t\t\t<\/span>\n\t\t\t\t\t\t\t\t\t\t<span class=\"elementor-icon-list-text\"> Caf\u00e9s im Dorf<\/span>\n\t\t\t\t\t\t\t\t\t<\/li>\n\t\t\t\t\t\t\t\t<li class=\"elementor-icon-list-item\">\n\t\t\t\t\t\t\t\t\t\t\t<a href=\"http:\/\/gedserremise.dk\/\" target=\"_blank\">\n\n\t\t\t\t\t\t\t\t\t\t\t\t<span class=\"elementor-icon-list-icon\">\n\t\t\t\t\t\t\t<i aria-hidden=\"true\" class=\"fas fa-warehouse\"><\/i>\t\t\t\t\t\t<\/span>\n\t\t\t\t\t\t\t\t\t\t<span class=\"elementor-icon-list-text\"> Gedser Remise Museum<\/span>\n\t\t\t\t\t\t\t\t\t\t\t<\/a>\n\t\t\t\t\t\t\t\t\t<\/li>\n\t\t\t\t\t\t<\/ul>\n\t\t\t\t\t\t<\/div>\n\t\t\t\t<\/div>\n\t\t\t\t\t<\/div>\n\t\t<\/div>\n\t\t\t\t<div class=\"elementor-column elementor-col-50 elementor-inner-column elementor-element elementor-element-298b353\" data-id=\"298b353\" data-element_type=\"column\" data-e-type=\"column\">\n\t\t\t<div class=\"elementor-widget-wrap elementor-element-populated\">\n\t\t\t\t\t\t<div class=\"elementor-element elementor-element-5e54db8 elementor-icon-list--layout-traditional elementor-list-item-link-full_width elementor-widget elementor-widget-icon-list\" data-id=\"5e54db8\" data-element_type=\"widget\" data-e-type=\"widget\" data-widget_type=\"icon-list.default\">\n\t\t\t\t<div class=\"elementor-widget-container\">\n\t\t\t\t\t\t\t<ul class=\"elementor-icon-list-items\">\n\t\t\t\t\t\t\t<li class=\"elementor-icon-list-item\">\n\t\t\t\t\t\t\t\t\t\t\t<span class=\"elementor-icon-list-icon\">\n\t\t\t\t\t\t\t<i aria-hidden=\"true\" class=\"fas fa-ship\"><\/i>\t\t\t\t\t\t<\/span>\n\t\t\t\t\t\t\t\t\t\t<span class=\"elementor-icon-list-text\"> F\u00e4hrtickets am Hafen erh\u00e4ltlich<\/span>\n\t\t\t\t\t\t\t\t\t<\/li>\n\t\t\t\t\t\t\t\t<li class=\"elementor-icon-list-item\">\n\t\t\t\t\t\t\t\t\t\t\t<span class=\"elementor-icon-list-icon\">\n\t\t\t\t\t\t\t<i aria-hidden=\"true\" class=\"fas fa-hotel\"><\/i>\t\t\t\t\t\t<\/span>\n\t\t\t\t\t\t\t\t\t\t<span class=\"elementor-icon-list-text\"> Hotel in fu\u00dfl\u00e4ufiger Entfernung<\/span>\n\t\t\t\t\t\t\t\t\t<\/li>\n\t\t\t\t\t\t<\/ul>\n\t\t\t\t\t\t<\/div>\n\t\t\t\t<\/div>\n\t\t\t\t\t<\/div>\n\t\t<\/div>\n\t\t\t\t\t<\/div>\n\t\t<\/section>\n\t\t\t\t<div class=\"elementor-element elementor-element-e20d4c6 elementor-widget elementor-widget-image\" data-id=\"e20d4c6\" data-element_type=\"widget\" data-e-type=\"widget\" data-widget_type=\"image.default\">\n\t\t\t\t<div class=\"elementor-widget-container\">\n\t\t\t\t\t\t\t\t\t\t\t\t\t\t\t<img decoding=\"async\" width=\"1000\" height=\"500\" src=\"https:\/\/rostockgedser.com\/de\/wp-content\/uploads\/sites\/5\/2023\/08\/gedser-port.jpg\" class=\"attachment-full size-full wp-image-1271\" alt=\"Gedser Port\" srcset=\"https:\/\/rostockgedser.com\/de\/wp-content\/uploads\/sites\/5\/2023\/08\/gedser-port.jpg 1000w, https:\/\/rostockgedser.com\/de\/wp-content\/uploads\/sites\/5\/2023\/08\/gedser-port-300x150.jpg 300w, https:\/\/rostockgedser.com\/de\/wp-content\/uploads\/sites\/5\/2023\/08\/gedser-port-768x384.jpg 768w\" sizes=\"(max-width: 1000px) 100vw, 1000px\" \/>\t\t\t\t\t\t\t\t\t\t\t\t\t\t\t<\/div>\n\t\t\t\t<\/div>\n\t\t\t\t<div class=\"elementor-element elementor-element-87598aa elementor-widget elementor-widget-text-editor\" data-id=\"87598aa\" data-element_type=\"widget\" data-e-type=\"widget\" data-widget_type=\"text-editor.default\">\n\t\t\t\t<div class=\"elementor-widget-container\">\n\t\t\t\t\t\t\t\t\t<h3>Aktivit\u00e4ten in Gedser<\/h3><p>Gedser ist charmant genug, um herumzuschlendern, w\u00e4hrend du auf die F\u00e4hre nach Rostock wartest. Nach der Ankunft kannst du auch das Dorf erkunden, um einen schnellen Imbiss oder eine Tasse Kaffee zu genie\u00dfen. \u00dcberraschenderweise erhalten die \u00f6rtlichen Bistros im Dorf ausgezeichnete Bewertungen!<\/p><ul><li><a href=\"https:\/\/lfvin.dk\/\" target=\"_blank\" rel=\"noopener\">Restaurant &amp; Bryghus K\u00f8bmandsg\u00e5rden<\/a><\/li><li><a href=\"https:\/\/www.facebook.com\/Gedserbodega\/\" target=\"_blank\" rel=\"noopener\">Gedser Bodega<\/a><\/li><li><a href=\"https:\/\/toldcafeen.dk\/\" target=\"_blank\" rel=\"noopener\">Toldcaf\u00e9en Gedser<\/a><\/li><li><a href=\"https:\/\/bramgaasen.dk\/\" target=\"_blank\" rel=\"noopener\">Restaurant Bramg\u00e5sen<\/a><\/li><\/ul><p>F\u00fcr diejenigen, die Unterk\u00fcnfte in Gedser suchen, stehen folgende M\u00f6glichkeiten zur Verf\u00fcgung, darunter die unten aufgef\u00fchrten Bed &amp; Breakfasts oder Hotels in der N\u00e4he.<\/p><ul><li><a href=\"\/de\/go\/hotelgedser1\" target=\"_blank\" rel=\"noopener\"><span style=\"font-weight: 400\">K\u00f8bmandsg\u00e5rden B&amp;B Gedser<\/span><\/a><\/li><li><a href=\"\/de\/go\/hotelgedser2\" target=\"_blank\" rel=\"noopener\"><span style=\"font-weight: 400\">Hotel Gedser<\/span><\/a><\/li><\/ul><p>In dem nahegelegenen Gedesby gibt es viele Ferienh\u00e4user zur Vermietung. Diese Gegend ist bekannt f\u00fcr ihren ausgezeichneten Strand.<\/p>\t\t\t\t\t\t\t\t<\/div>\n\t\t\t\t<\/div>\n\t\t\t\t\t<\/div>\n\t\t<\/div>\n\t\t\t\t<div class=\"elementor-column elementor-col-50 elementor-top-column elementor-element elementor-element-9a29147\" data-id=\"9a29147\" data-element_type=\"column\" data-e-type=\"column\">\n\t\t\t<div class=\"elementor-widget-wrap elementor-element-populated\">\n\t\t\t\t\t\t<div class=\"elementor-element elementor-element-de19ae8 elementor-widget elementor-widget-text-editor\" data-id=\"de19ae8\" data-element_type=\"widget\" data-e-type=\"widget\" data-widget_type=\"text-editor.default\">\n\t\t\t\t<div class=\"elementor-widget-container\">\n\t\t\t\t\t\t\t\t\t<p><strong>F\u00e4hrtickets nach Gedser<\/strong><\/p><p>Die g\u00fcnstigsten Tickets sind \u00fcber den F\u00e4hrbetreiber Scandlines erh\u00e4ltlich.<\/p><p><a href=\"\/de\/go\/pages-side\" target=\"_blank\" rel=\"noopener\">Stellen Sie Ihre \u00dcberfahrt zusammen. \u2b9e<\/a><\/p>\t\t\t\t\t\t\t\t<\/div>\n\t\t\t\t<\/div>\n\t\t\t\t\t<\/div>\n\t\t<\/div>\n\t\t\t\t\t<\/div>\n\t\t<\/section>\n\t\t\t\t<\/div>\n\t\t","protected":false},"excerpt":{"rendered":"<p>F\u00e4hrpreise &amp; Tickets Gedser Hafen Dein Tor zur D\u00e4nemark Gedser ist ein kleines Dorf, das haupts\u00e4chlich aufgrund der F\u00e4hrverbindung Rostock-Gedser bekannt ist. Es liegt im s\u00fcdlichsten Teil der Insel Falster und bietet eine direkte Stra\u00dfenverbindung nach Kopenhagen, Schweden oder zum d\u00e4nischen Festland. Aufgrund dieser Lage dient es als idealer Abfahrts- und Ankunftshafen f\u00fcr Reisende zwischen [&hellip;]<\/p>\n","protected":false},"author":1,"featured_media":1655,"parent":0,"menu_order":0,"comment_status":"closed","ping_status":"closed","template":"elementor_header_footer","meta":{"footnotes":""},"class_list":["post-611","page","type-page","status-publish","has-post-thumbnail","hentry"],"yoast_head":"<!-- This site is optimized with the Yoast SEO plugin v27.2 - https:\/\/yoast.com\/product\/yoast-seo-wordpress\/ -->\n<title>Gedser Hafenf\u00fchrer - RostockGedser.com<\/title>\n<meta name=\"description\" content=\"Gedser Hafenf\u00fchrer - Planen Sie Ihre Reise durch den Gedser F\u00e4hrhafen m\u00fchelos mit Hilfe unserer Website. RostockGedser.com\" \/>\n<meta name=\"robots\" content=\"index, follow, max-snippet:-1, max-image-preview:large, max-video-preview:-1\" \/>\n<link rel=\"canonical\" href=\"https:\/\/rostockgedser.com\/de\/gedser\/\" \/>\n<meta property=\"og:locale\" content=\"de_DE\" \/>\n<meta property=\"og:type\" content=\"article\" \/>\n<meta property=\"og:title\" content=\"Gedser Hafenf\u00fchrer - RostockGedser.com\" \/>\n<meta property=\"og:description\" content=\"Gedser Hafenf\u00fchrer - Planen Sie Ihre Reise durch den Gedser F\u00e4hrhafen m\u00fchelos mit Hilfe unserer Website. RostockGedser.com\" \/>\n<meta property=\"og:url\" content=\"https:\/\/rostockgedser.com\/de\/gedser\/\" \/>\n<meta property=\"og:site_name\" content=\"RostockGedser.com\/de\" \/>\n<meta property=\"article:modified_time\" content=\"2024-03-21T12:29:20+00:00\" \/>\n<meta property=\"og:image\" content=\"http:\/\/rostockgedser.com\/de\/wp-content\/uploads\/sites\/5\/2023\/08\/Gedser-ferry-port-information.jpg\" \/>\n\t<meta property=\"og:image:width\" content=\"600\" \/>\n\t<meta property=\"og:image:height\" content=\"600\" \/>\n\t<meta property=\"og:image:type\" content=\"image\/jpeg\" \/>\n<meta name=\"twitter:card\" content=\"summary_large_image\" \/>\n<meta name=\"twitter:label1\" content=\"Gesch\u00e4tzte Lesezeit\" \/>\n\t<meta name=\"twitter:data1\" content=\"2\u00a0Minuten\" \/>\n<script type=\"application\/ld+json\" class=\"yoast-schema-graph\">{\"@context\":\"https:\/\/schema.org\",\"@graph\":[{\"@type\":\"WebPage\",\"@id\":\"https:\/\/rostockgedser.com\/de\/gedser\/\",\"url\":\"https:\/\/rostockgedser.com\/de\/gedser\/\",\"name\":\"Gedser Hafenf\u00fchrer - RostockGedser.com\",\"isPartOf\":{\"@id\":\"https:\/\/rostockgedser.com\/de\/#website\"},\"primaryImageOfPage\":{\"@id\":\"https:\/\/rostockgedser.com\/de\/gedser\/#primaryimage\"},\"image\":{\"@id\":\"https:\/\/rostockgedser.com\/de\/gedser\/#primaryimage\"},\"thumbnailUrl\":\"https:\/\/rostockgedser.com\/de\/wp-content\/uploads\/sites\/5\/2023\/08\/Gedser-ferry-port-information.jpg\",\"datePublished\":\"2023-05-11T08:19:11+00:00\",\"dateModified\":\"2024-03-21T12:29:20+00:00\",\"description\":\"Gedser Hafenf\u00fchrer - Planen Sie Ihre Reise durch den Gedser F\u00e4hrhafen m\u00fchelos mit Hilfe unserer Website. RostockGedser.com\",\"breadcrumb\":{\"@id\":\"https:\/\/rostockgedser.com\/de\/gedser\/#breadcrumb\"},\"inLanguage\":\"de\",\"potentialAction\":[{\"@type\":\"ReadAction\",\"target\":[\"https:\/\/rostockgedser.com\/de\/gedser\/\"]}]},{\"@type\":\"ImageObject\",\"inLanguage\":\"de\",\"@id\":\"https:\/\/rostockgedser.com\/de\/gedser\/#primaryimage\",\"url\":\"https:\/\/rostockgedser.com\/de\/wp-content\/uploads\/sites\/5\/2023\/08\/Gedser-ferry-port-information.jpg\",\"contentUrl\":\"https:\/\/rostockgedser.com\/de\/wp-content\/uploads\/sites\/5\/2023\/08\/Gedser-ferry-port-information.jpg\",\"width\":600,\"height\":600,\"caption\":\"Gedser ferry port information\"},{\"@type\":\"BreadcrumbList\",\"@id\":\"https:\/\/rostockgedser.com\/de\/gedser\/#breadcrumb\",\"itemListElement\":[{\"@type\":\"ListItem\",\"position\":1,\"name\":\"Home\",\"item\":\"https:\/\/rostockgedser.com\/de\/\"},{\"@type\":\"ListItem\",\"position\":2,\"name\":\"Gedser\"}]},{\"@type\":\"WebSite\",\"@id\":\"https:\/\/rostockgedser.com\/de\/#website\",\"url\":\"https:\/\/rostockgedser.com\/de\/\",\"name\":\"RostockGedser.com\/de\",\"description\":\"\",\"publisher\":{\"@id\":\"https:\/\/rostockgedser.com\/de\/#organization\"},\"potentialAction\":[{\"@type\":\"SearchAction\",\"target\":{\"@type\":\"EntryPoint\",\"urlTemplate\":\"https:\/\/rostockgedser.com\/de\/?s={search_term_string}\"},\"query-input\":{\"@type\":\"PropertyValueSpecification\",\"valueRequired\":true,\"valueName\":\"search_term_string\"}}],\"inLanguage\":\"de\"},{\"@type\":\"Organization\",\"@id\":\"https:\/\/rostockgedser.com\/de\/#organization\",\"name\":\"RostockGedser.com\/de\",\"url\":\"https:\/\/rostockgedser.com\/de\/\",\"logo\":{\"@type\":\"ImageObject\",\"inLanguage\":\"de\",\"@id\":\"https:\/\/rostockgedser.com\/de\/#\/schema\/logo\/image\/\",\"url\":\"https:\/\/rostockgedser.com\/de\/wp-content\/uploads\/sites\/5\/2023\/08\/cropped-rostock-gedser-logo.png\",\"contentUrl\":\"https:\/\/rostockgedser.com\/de\/wp-content\/uploads\/sites\/5\/2023\/08\/cropped-rostock-gedser-logo.png\",\"width\":1043,\"height\":347,\"caption\":\"RostockGedser.com\/de\"},\"image\":{\"@id\":\"https:\/\/rostockgedser.com\/de\/#\/schema\/logo\/image\/\"}}]}<\/script>\n<!-- \/ Yoast SEO plugin. -->","yoast_head_json":{"title":"Gedser Hafenf\u00fchrer - RostockGedser.com","description":"Gedser Hafenf\u00fchrer - Planen Sie Ihre Reise durch den Gedser F\u00e4hrhafen m\u00fchelos mit Hilfe unserer Website. RostockGedser.com","robots":{"index":"index","follow":"follow","max-snippet":"max-snippet:-1","max-image-preview":"max-image-preview:large","max-video-preview":"max-video-preview:-1"},"canonical":"https:\/\/rostockgedser.com\/de\/gedser\/","og_locale":"de_DE","og_type":"article","og_title":"Gedser Hafenf\u00fchrer - RostockGedser.com","og_description":"Gedser Hafenf\u00fchrer - Planen Sie Ihre Reise durch den Gedser F\u00e4hrhafen m\u00fchelos mit Hilfe unserer Website. RostockGedser.com","og_url":"https:\/\/rostockgedser.com\/de\/gedser\/","og_site_name":"RostockGedser.com\/de","article_modified_time":"2024-03-21T12:29:20+00:00","og_image":[{"width":600,"height":600,"url":"http:\/\/rostockgedser.com\/de\/wp-content\/uploads\/sites\/5\/2023\/08\/Gedser-ferry-port-information.jpg","type":"image\/jpeg"}],"twitter_card":"summary_large_image","twitter_misc":{"Gesch\u00e4tzte Lesezeit":"2\u00a0Minuten"},"schema":{"@context":"https:\/\/schema.org","@graph":[{"@type":"WebPage","@id":"https:\/\/rostockgedser.com\/de\/gedser\/","url":"https:\/\/rostockgedser.com\/de\/gedser\/","name":"Gedser Hafenf\u00fchrer - RostockGedser.com","isPartOf":{"@id":"https:\/\/rostockgedser.com\/de\/#website"},"primaryImageOfPage":{"@id":"https:\/\/rostockgedser.com\/de\/gedser\/#primaryimage"},"image":{"@id":"https:\/\/rostockgedser.com\/de\/gedser\/#primaryimage"},"thumbnailUrl":"https:\/\/rostockgedser.com\/de\/wp-content\/uploads\/sites\/5\/2023\/08\/Gedser-ferry-port-information.jpg","datePublished":"2023-05-11T08:19:11+00:00","dateModified":"2024-03-21T12:29:20+00:00","description":"Gedser Hafenf\u00fchrer - Planen Sie Ihre Reise durch den Gedser F\u00e4hrhafen m\u00fchelos mit Hilfe unserer Website. RostockGedser.com","breadcrumb":{"@id":"https:\/\/rostockgedser.com\/de\/gedser\/#breadcrumb"},"inLanguage":"de","potentialAction":[{"@type":"ReadAction","target":["https:\/\/rostockgedser.com\/de\/gedser\/"]}]},{"@type":"ImageObject","inLanguage":"de","@id":"https:\/\/rostockgedser.com\/de\/gedser\/#primaryimage","url":"https:\/\/rostockgedser.com\/de\/wp-content\/uploads\/sites\/5\/2023\/08\/Gedser-ferry-port-information.jpg","contentUrl":"https:\/\/rostockgedser.com\/de\/wp-content\/uploads\/sites\/5\/2023\/08\/Gedser-ferry-port-information.jpg","width":600,"height":600,"caption":"Gedser ferry port information"},{"@type":"BreadcrumbList","@id":"https:\/\/rostockgedser.com\/de\/gedser\/#breadcrumb","itemListElement":[{"@type":"ListItem","position":1,"name":"Home","item":"https:\/\/rostockgedser.com\/de\/"},{"@type":"ListItem","position":2,"name":"Gedser"}]},{"@type":"WebSite","@id":"https:\/\/rostockgedser.com\/de\/#website","url":"https:\/\/rostockgedser.com\/de\/","name":"RostockGedser.com\/de","description":"","publisher":{"@id":"https:\/\/rostockgedser.com\/de\/#organization"},"potentialAction":[{"@type":"SearchAction","target":{"@type":"EntryPoint","urlTemplate":"https:\/\/rostockgedser.com\/de\/?s={search_term_string}"},"query-input":{"@type":"PropertyValueSpecification","valueRequired":true,"valueName":"search_term_string"}}],"inLanguage":"de"},{"@type":"Organization","@id":"https:\/\/rostockgedser.com\/de\/#organization","name":"RostockGedser.com\/de","url":"https:\/\/rostockgedser.com\/de\/","logo":{"@type":"ImageObject","inLanguage":"de","@id":"https:\/\/rostockgedser.com\/de\/#\/schema\/logo\/image\/","url":"https:\/\/rostockgedser.com\/de\/wp-content\/uploads\/sites\/5\/2023\/08\/cropped-rostock-gedser-logo.png","contentUrl":"https:\/\/rostockgedser.com\/de\/wp-content\/uploads\/sites\/5\/2023\/08\/cropped-rostock-gedser-logo.png","width":1043,"height":347,"caption":"RostockGedser.com\/de"},"image":{"@id":"https:\/\/rostockgedser.com\/de\/#\/schema\/logo\/image\/"}}]}},"_links":{"self":[{"href":"https:\/\/rostockgedser.com\/de\/wp-json\/wp\/v2\/pages\/611","targetHints":{"allow":["GET"]}}],"collection":[{"href":"https:\/\/rostockgedser.com\/de\/wp-json\/wp\/v2\/pages"}],"about":[{"href":"https:\/\/rostockgedser.com\/de\/wp-json\/wp\/v2\/types\/page"}],"author":[{"embeddable":true,"href":"https:\/\/rostockgedser.com\/de\/wp-json\/wp\/v2\/users\/1"}],"replies":[{"embeddable":true,"href":"https:\/\/rostockgedser.com\/de\/wp-json\/wp\/v2\/comments?post=611"}],"version-history":[{"count":20,"href":"https:\/\/rostockgedser.com\/de\/wp-json\/wp\/v2\/pages\/611\/revisions"}],"predecessor-version":[{"id":2322,"href":"https:\/\/rostockgedser.com\/de\/wp-json\/wp\/v2\/pages\/611\/revisions\/2322"}],"wp:featuredmedia":[{"embeddable":true,"href":"https:\/\/rostockgedser.com\/de\/wp-json\/wp\/v2\/media\/1655"}],"wp:attachment":[{"href":"https:\/\/rostockgedser.com\/de\/wp-json\/wp\/v2\/media?parent=611"}],"curies":[{"name":"wp","href":"https:\/\/api.w.org\/{rel}","templated":true}]}}