{"id":567,"date":"2023-05-10T09:56:56","date_gmt":"2023-05-10T09:56:56","guid":{"rendered":"https:\/\/puttgardenrodby.nl\/?page_id=567"},"modified":"2024-03-21T13:48:33","modified_gmt":"2024-03-21T12:48:33","slug":"video","status":"publish","type":"page","link":"https:\/\/rostockgedser.com\/de\/video\/","title":{"rendered":"Video"},"content":{"rendered":"\t\t<div data-elementor-type=\"wp-post\" data-elementor-id=\"567\" class=\"elementor elementor-567\" data-elementor-post-type=\"page\">\n\t\t\t\t\t\t<section class=\"elementor-section elementor-top-section elementor-element elementor-element-679d9893 elementor-section-boxed elementor-section-height-default elementor-section-height-default\" data-id=\"679d9893\" data-element_type=\"section\" data-e-type=\"section\" data-settings=\"{&quot;background_background&quot;:&quot;gradient&quot;,&quot;sticky&quot;:&quot;top&quot;,&quot;sticky_on&quot;:[&quot;desktop&quot;,&quot;tablet&quot;,&quot;mobile&quot;],&quot;sticky_offset&quot;:0,&quot;sticky_effects_offset&quot;:0,&quot;sticky_anchor_link_offset&quot;:0}\">\n\t\t\t\t\t\t<div class=\"elementor-container elementor-column-gap-default\">\n\t\t\t\t\t<div class=\"elementor-column elementor-col-50 elementor-top-column elementor-element elementor-element-14743fff\" data-id=\"14743fff\" data-element_type=\"column\" data-e-type=\"column\">\n\t\t\t<div class=\"elementor-widget-wrap elementor-element-populated\">\n\t\t\t\t\t\t<div class=\"elementor-element elementor-element-771f8e6f elementor-widget elementor-widget-breadcrumbs\" data-id=\"771f8e6f\" data-element_type=\"widget\" data-e-type=\"widget\" data-widget_type=\"breadcrumbs.default\">\n\t\t\t\t<div class=\"elementor-widget-container\">\n\t\t\t\t\t<p id=\"breadcrumbs\"><span><span><a href=\"https:\/\/rostockgedser.com\/de\/\">Home<\/a><\/span><\/span><\/p>\t\t\t\t<\/div>\n\t\t\t\t<\/div>\n\t\t\t\t\t<\/div>\n\t\t<\/div>\n\t\t\t\t<div class=\"elementor-column elementor-col-50 elementor-top-column elementor-element elementor-element-1311e53a\" data-id=\"1311e53a\" data-element_type=\"column\" data-e-type=\"column\">\n\t\t\t<div class=\"elementor-widget-wrap elementor-element-populated\">\n\t\t\t\t\t\t<div class=\"elementor-element elementor-element-2f24e52 elementor-align-right elementor-mobile-align-center elementor-widget elementor-widget-button\" data-id=\"2f24e52\" data-element_type=\"widget\" data-e-type=\"widget\" data-settings=\"{&quot;sticky&quot;:&quot;top&quot;,&quot;sticky_on&quot;:[&quot;mobile&quot;],&quot;sticky_offset&quot;:&quot;8&quot;,&quot;sticky_effects_offset_mobile&quot;:&quot;0&quot;,&quot;_animation_mobile&quot;:&quot;fadeIn&quot;,&quot;sticky_effects_offset&quot;:0,&quot;sticky_anchor_link_offset&quot;:0}\" data-widget_type=\"button.default\">\n\t\t\t\t<div class=\"elementor-widget-container\">\n\t\t\t\t\t\t\t\t\t<div class=\"elementor-button-wrapper\">\n\t\t\t\t\t<a class=\"elementor-button elementor-button-link elementor-size-md elementor-animation-shrink\" href=\"\/de\/go\/button-header-page\" target=\"_blank\">\n\t\t\t\t\t\t<span class=\"elementor-button-content-wrapper\">\n\t\t\t\t\t\t<span class=\"elementor-button-icon\">\n\t\t\t\t<i aria-hidden=\"true\" class=\"far fa-arrow-alt-circle-right\"><\/i>\t\t\t<\/span>\n\t\t\t\t\t\t\t\t\t<span class=\"elementor-button-text\">F\u00e4hrpreise &amp; Tickets<\/span>\n\t\t\t\t\t<\/span>\n\t\t\t\t\t<\/a>\n\t\t\t\t<\/div>\n\t\t\t\t\t\t\t\t<\/div>\n\t\t\t\t<\/div>\n\t\t\t\t\t<\/div>\n\t\t<\/div>\n\t\t\t\t\t<\/div>\n\t\t<\/section>\n\t\t\t\t<section class=\"elementor-section elementor-top-section elementor-element elementor-element-348d881 elementor-section-boxed elementor-section-height-default elementor-section-height-default\" data-id=\"348d881\" data-element_type=\"section\" data-e-type=\"section\">\n\t\t\t\t\t\t\t<div class=\"elementor-background-overlay\"><\/div>\n\t\t\t\t\t\t\t<div class=\"elementor-container elementor-column-gap-no\">\n\t\t\t\t\t<div class=\"elementor-column elementor-col-100 elementor-top-column elementor-element elementor-element-2e117c7\" data-id=\"2e117c7\" data-element_type=\"column\" data-e-type=\"column\">\n\t\t\t<div class=\"elementor-widget-wrap elementor-element-populated\">\n\t\t\t\t\t\t<div class=\"elementor-element elementor-element-18585c6 elementor-widget elementor-widget-heading\" data-id=\"18585c6\" data-element_type=\"widget\" data-e-type=\"widget\" data-widget_type=\"heading.default\">\n\t\t\t\t<div class=\"elementor-widget-container\">\n\t\t\t\t\t<h1 class=\"elementor-heading-title elementor-size-default\">Videos \u00fcber die Rostock-Gedser F\u00e4hre<\/h1>\t\t\t\t<\/div>\n\t\t\t\t<\/div>\n\t\t\t\t<div class=\"elementor-element elementor-element-b6e93b9 elementor-widget elementor-widget-text-editor\" data-id=\"b6e93b9\" data-element_type=\"widget\" data-e-type=\"widget\" data-widget_type=\"text-editor.default\">\n\t\t\t\t<div class=\"elementor-widget-container\">\n\t\t\t\t\t\t\t\t\t<p>Neugierig, was dich erwartet?<\/p>\t\t\t\t\t\t\t\t<\/div>\n\t\t\t\t<\/div>\n\t\t\t\t<div class=\"elementor-element elementor-element-02210a7 elementor-widget elementor-widget-text-editor\" data-id=\"02210a7\" data-element_type=\"widget\" data-e-type=\"widget\" data-widget_type=\"text-editor.default\">\n\t\t\t\t<div class=\"elementor-widget-container\">\n\t\t\t\t\t\t\t\t\t<p>Wir haben einige Videos von Menschen, die mit den F\u00e4hren reisen, zusammengestellt. Diese Videos bieten eine immersive Vorschau darauf, was Reisende erwartet, wenn sie zwischen diesen beiden charmanten Zielen \u00fcberqueren. Egal, ob du deine eigene Reise planst oder einfach von der maritimen Reise fasziniert bist, diese YouTube-Videos bieten einen fesselnden Einblick in die Erfahrung, zwischen Rostock und Gedser mit der F\u00e4hre zu reisen.<\/p>\t\t\t\t\t\t\t\t<\/div>\n\t\t\t\t<\/div>\n\t\t\t\t\t<\/div>\n\t\t<\/div>\n\t\t\t\t\t<\/div>\n\t\t<\/section>\n\t\t\t\t<section class=\"elementor-section elementor-top-section elementor-element elementor-element-e8d5bd0 elementor-section-boxed elementor-section-height-default elementor-section-height-default\" data-id=\"e8d5bd0\" data-element_type=\"section\" data-e-type=\"section\">\n\t\t\t\t\t\t<div class=\"elementor-container elementor-column-gap-default\">\n\t\t\t\t\t<div class=\"elementor-column elementor-col-50 elementor-top-column elementor-element elementor-element-590b9ae\" data-id=\"590b9ae\" data-element_type=\"column\" data-e-type=\"column\">\n\t\t\t<div class=\"elementor-widget-wrap elementor-element-populated\">\n\t\t\t\t\t\t<div class=\"elementor-element elementor-element-c448d51 elementor-widget elementor-widget-heading\" data-id=\"c448d51\" data-element_type=\"widget\" data-e-type=\"widget\" data-widget_type=\"heading.default\">\n\t\t\t\t<div class=\"elementor-widget-container\">\n\t\t\t\t\t<h4 class=\"elementor-heading-title elementor-size-default\">Video 1<\/h4>\t\t\t\t<\/div>\n\t\t\t\t<\/div>\n\t\t\t\t<div class=\"elementor-element elementor-element-3d6085d elementor-widget elementor-widget-text-editor\" data-id=\"3d6085d\" data-element_type=\"widget\" data-e-type=\"widget\" data-widget_type=\"text-editor.default\">\n\t\t\t\t<div class=\"elementor-widget-container\">\n\t\t\t\t\t\t\t\t\t<p>Hybrid Ferries Berlin &amp; Copenhagen (Rostock &#8211; Gedser)\u00a0<\/p>\t\t\t\t\t\t\t\t<\/div>\n\t\t\t\t<\/div>\n\t\t\t\t<div class=\"elementor-element elementor-element-ff9e5a6 elementor-widget elementor-widget-video\" data-id=\"ff9e5a6\" data-element_type=\"widget\" data-e-type=\"widget\" data-settings=\"{&quot;youtube_url&quot;:&quot;https:\\\/\\\/www.youtube.com\\\/watch?v=8zCMiZIx36E&quot;,&quot;video_type&quot;:&quot;youtube&quot;,&quot;controls&quot;:&quot;yes&quot;}\" data-widget_type=\"video.default\">\n\t\t\t\t<div class=\"elementor-widget-container\">\n\t\t\t\t\t\t\t<div class=\"elementor-wrapper elementor-open-inline\">\n\t\t\t<div class=\"elementor-video\"><\/div>\t\t<\/div>\n\t\t\t\t\t\t<\/div>\n\t\t\t\t<\/div>\n\t\t\t\t\t<\/div>\n\t\t<\/div>\n\t\t\t\t<div class=\"elementor-column elementor-col-50 elementor-top-column elementor-element elementor-element-f865df3\" data-id=\"f865df3\" data-element_type=\"column\" data-e-type=\"column\">\n\t\t\t<div class=\"elementor-widget-wrap elementor-element-populated\">\n\t\t\t\t\t\t<div class=\"elementor-element elementor-element-c975e79 elementor-widget elementor-widget-heading\" data-id=\"c975e79\" data-element_type=\"widget\" data-e-type=\"widget\" data-widget_type=\"heading.default\">\n\t\t\t\t<div class=\"elementor-widget-container\">\n\t\t\t\t\t<h4 class=\"elementor-heading-title elementor-size-default\">Video 2<\/h4>\t\t\t\t<\/div>\n\t\t\t\t<\/div>\n\t\t\t\t<div class=\"elementor-element elementor-element-426605d elementor-widget elementor-widget-text-editor\" data-id=\"426605d\" data-element_type=\"widget\" data-e-type=\"widget\" data-widget_type=\"text-editor.default\">\n\t\t\t\t<div class=\"elementor-widget-container\">\n\t\t\t\t\t\t\t\t\t<p>Rostock &#8211; Gedser ferry crossing user video<\/p>\t\t\t\t\t\t\t\t<\/div>\n\t\t\t\t<\/div>\n\t\t\t\t<div class=\"elementor-element elementor-element-9a6c7a0 elementor-widget elementor-widget-video\" data-id=\"9a6c7a0\" data-element_type=\"widget\" data-e-type=\"widget\" data-settings=\"{&quot;youtube_url&quot;:&quot;https:\\\/\\\/www.youtube.com\\\/watch?v=yuByoUE_Kk0&quot;,&quot;video_type&quot;:&quot;youtube&quot;,&quot;controls&quot;:&quot;yes&quot;}\" data-widget_type=\"video.default\">\n\t\t\t\t<div class=\"elementor-widget-container\">\n\t\t\t\t\t\t\t<div class=\"elementor-wrapper elementor-open-inline\">\n\t\t\t<div class=\"elementor-video\"><\/div>\t\t<\/div>\n\t\t\t\t\t\t<\/div>\n\t\t\t\t<\/div>\n\t\t\t\t\t<\/div>\n\t\t<\/div>\n\t\t\t\t\t<\/div>\n\t\t<\/section>\n\t\t\t\t<\/div>\n\t\t","protected":false},"excerpt":{"rendered":"<p>F\u00e4hrpreise &amp; Tickets Videos \u00fcber die Rostock-Gedser F\u00e4hre Neugierig, was dich erwartet? Wir haben einige Videos von Menschen, die mit den F\u00e4hren reisen, zusammengestellt. Diese Videos bieten eine immersive Vorschau darauf, was Reisende erwartet, wenn sie zwischen diesen beiden charmanten Zielen \u00fcberqueren. Egal, ob du deine eigene Reise planst oder einfach von der maritimen Reise [&hellip;]<\/p>\n","protected":false},"author":1,"featured_media":583,"parent":0,"menu_order":0,"comment_status":"closed","ping_status":"closed","template":"elementor_header_footer","meta":{"footnotes":""},"class_list":["post-567","page","type-page","status-publish","has-post-thumbnail","hentry"],"yoast_head":"<!-- This site is optimized with the Yoast SEO plugin v27.2 - https:\/\/yoast.com\/product\/yoast-seo-wordpress\/ -->\n<title>Videos von F\u00e4hrpassagieren Rostock-Gedser - RostockGedser.com\/de<\/title>\n<meta name=\"description\" content=\"Schau dir Videos von F\u00e4hrpassagieren an und entdecke ihre Erfahrungen auf der F\u00e4hre zwischen Gedser und Rostock.\" \/>\n<meta name=\"robots\" content=\"index, follow, max-snippet:-1, max-image-preview:large, max-video-preview:-1\" \/>\n<link rel=\"canonical\" href=\"https:\/\/rostockgedser.com\/de\/video\/\" \/>\n<meta property=\"og:locale\" content=\"de_DE\" \/>\n<meta property=\"og:type\" content=\"article\" \/>\n<meta property=\"og:title\" content=\"Videos von F\u00e4hrpassagieren Rostock-Gedser - RostockGedser.com\/de\" \/>\n<meta property=\"og:description\" content=\"Schau dir Videos von F\u00e4hrpassagieren an und entdecke ihre Erfahrungen auf der F\u00e4hre zwischen Gedser und Rostock.\" \/>\n<meta property=\"og:url\" content=\"https:\/\/rostockgedser.com\/de\/video\/\" \/>\n<meta property=\"og:site_name\" content=\"RostockGedser.com\/de\" \/>\n<meta property=\"article:modified_time\" content=\"2024-03-21T12:48:33+00:00\" \/>\n<meta property=\"og:image\" content=\"http:\/\/rostockgedser.com\/de\/wp-content\/uploads\/sites\/5\/2023\/05\/video-1.jpg\" \/>\n\t<meta property=\"og:image:width\" content=\"400\" \/>\n\t<meta property=\"og:image:height\" content=\"400\" \/>\n\t<meta property=\"og:image:type\" content=\"image\/jpeg\" \/>\n<meta name=\"twitter:card\" content=\"summary_large_image\" \/>\n<meta name=\"twitter:label1\" content=\"Gesch\u00e4tzte Lesezeit\" \/>\n\t<meta name=\"twitter:data1\" content=\"1\u00a0Minute\" \/>\n<script type=\"application\/ld+json\" class=\"yoast-schema-graph\">{\"@context\":\"https:\/\/schema.org\",\"@graph\":[{\"@type\":\"WebPage\",\"@id\":\"https:\/\/rostockgedser.com\/de\/video\/\",\"url\":\"https:\/\/rostockgedser.com\/de\/video\/\",\"name\":\"Videos von F\u00e4hrpassagieren Rostock-Gedser - RostockGedser.com\/de\",\"isPartOf\":{\"@id\":\"https:\/\/rostockgedser.com\/de\/#website\"},\"primaryImageOfPage\":{\"@id\":\"https:\/\/rostockgedser.com\/de\/video\/#primaryimage\"},\"image\":{\"@id\":\"https:\/\/rostockgedser.com\/de\/video\/#primaryimage\"},\"thumbnailUrl\":\"https:\/\/rostockgedser.com\/de\/wp-content\/uploads\/sites\/5\/2023\/05\/video-1.jpg\",\"datePublished\":\"2023-05-10T09:56:56+00:00\",\"dateModified\":\"2024-03-21T12:48:33+00:00\",\"description\":\"Schau dir Videos von F\u00e4hrpassagieren an und entdecke ihre Erfahrungen auf der F\u00e4hre zwischen Gedser und Rostock.\",\"breadcrumb\":{\"@id\":\"https:\/\/rostockgedser.com\/de\/video\/#breadcrumb\"},\"inLanguage\":\"de\",\"potentialAction\":[{\"@type\":\"ReadAction\",\"target\":[\"https:\/\/rostockgedser.com\/de\/video\/\"]}]},{\"@type\":\"ImageObject\",\"inLanguage\":\"de\",\"@id\":\"https:\/\/rostockgedser.com\/de\/video\/#primaryimage\",\"url\":\"https:\/\/rostockgedser.com\/de\/wp-content\/uploads\/sites\/5\/2023\/05\/video-1.jpg\",\"contentUrl\":\"https:\/\/rostockgedser.com\/de\/wp-content\/uploads\/sites\/5\/2023\/05\/video-1.jpg\",\"width\":400,\"height\":400,\"caption\":\"video\"},{\"@type\":\"BreadcrumbList\",\"@id\":\"https:\/\/rostockgedser.com\/de\/video\/#breadcrumb\",\"itemListElement\":[{\"@type\":\"ListItem\",\"position\":1,\"name\":\"Home\",\"item\":\"https:\/\/rostockgedser.com\/de\/\"},{\"@type\":\"ListItem\",\"position\":2,\"name\":\"Video\"}]},{\"@type\":\"WebSite\",\"@id\":\"https:\/\/rostockgedser.com\/de\/#website\",\"url\":\"https:\/\/rostockgedser.com\/de\/\",\"name\":\"RostockGedser.com\/de\",\"description\":\"\",\"publisher\":{\"@id\":\"https:\/\/rostockgedser.com\/de\/#organization\"},\"potentialAction\":[{\"@type\":\"SearchAction\",\"target\":{\"@type\":\"EntryPoint\",\"urlTemplate\":\"https:\/\/rostockgedser.com\/de\/?s={search_term_string}\"},\"query-input\":{\"@type\":\"PropertyValueSpecification\",\"valueRequired\":true,\"valueName\":\"search_term_string\"}}],\"inLanguage\":\"de\"},{\"@type\":\"Organization\",\"@id\":\"https:\/\/rostockgedser.com\/de\/#organization\",\"name\":\"RostockGedser.com\/de\",\"url\":\"https:\/\/rostockgedser.com\/de\/\",\"logo\":{\"@type\":\"ImageObject\",\"inLanguage\":\"de\",\"@id\":\"https:\/\/rostockgedser.com\/de\/#\/schema\/logo\/image\/\",\"url\":\"https:\/\/rostockgedser.com\/de\/wp-content\/uploads\/sites\/5\/2023\/08\/cropped-rostock-gedser-logo.png\",\"contentUrl\":\"https:\/\/rostockgedser.com\/de\/wp-content\/uploads\/sites\/5\/2023\/08\/cropped-rostock-gedser-logo.png\",\"width\":1043,\"height\":347,\"caption\":\"RostockGedser.com\/de\"},\"image\":{\"@id\":\"https:\/\/rostockgedser.com\/de\/#\/schema\/logo\/image\/\"}}]}<\/script>\n<!-- \/ Yoast SEO plugin. -->","yoast_head_json":{"title":"Videos von F\u00e4hrpassagieren Rostock-Gedser - RostockGedser.com\/de","description":"Schau dir Videos von F\u00e4hrpassagieren an und entdecke ihre Erfahrungen auf der F\u00e4hre zwischen Gedser und Rostock.","robots":{"index":"index","follow":"follow","max-snippet":"max-snippet:-1","max-image-preview":"max-image-preview:large","max-video-preview":"max-video-preview:-1"},"canonical":"https:\/\/rostockgedser.com\/de\/video\/","og_locale":"de_DE","og_type":"article","og_title":"Videos von F\u00e4hrpassagieren Rostock-Gedser - RostockGedser.com\/de","og_description":"Schau dir Videos von F\u00e4hrpassagieren an und entdecke ihre Erfahrungen auf der F\u00e4hre zwischen Gedser und Rostock.","og_url":"https:\/\/rostockgedser.com\/de\/video\/","og_site_name":"RostockGedser.com\/de","article_modified_time":"2024-03-21T12:48:33+00:00","og_image":[{"width":400,"height":400,"url":"http:\/\/rostockgedser.com\/de\/wp-content\/uploads\/sites\/5\/2023\/05\/video-1.jpg","type":"image\/jpeg"}],"twitter_card":"summary_large_image","twitter_misc":{"Gesch\u00e4tzte Lesezeit":"1\u00a0Minute"},"schema":{"@context":"https:\/\/schema.org","@graph":[{"@type":"WebPage","@id":"https:\/\/rostockgedser.com\/de\/video\/","url":"https:\/\/rostockgedser.com\/de\/video\/","name":"Videos von F\u00e4hrpassagieren Rostock-Gedser - RostockGedser.com\/de","isPartOf":{"@id":"https:\/\/rostockgedser.com\/de\/#website"},"primaryImageOfPage":{"@id":"https:\/\/rostockgedser.com\/de\/video\/#primaryimage"},"image":{"@id":"https:\/\/rostockgedser.com\/de\/video\/#primaryimage"},"thumbnailUrl":"https:\/\/rostockgedser.com\/de\/wp-content\/uploads\/sites\/5\/2023\/05\/video-1.jpg","datePublished":"2023-05-10T09:56:56+00:00","dateModified":"2024-03-21T12:48:33+00:00","description":"Schau dir Videos von F\u00e4hrpassagieren an und entdecke ihre Erfahrungen auf der F\u00e4hre zwischen Gedser und Rostock.","breadcrumb":{"@id":"https:\/\/rostockgedser.com\/de\/video\/#breadcrumb"},"inLanguage":"de","potentialAction":[{"@type":"ReadAction","target":["https:\/\/rostockgedser.com\/de\/video\/"]}]},{"@type":"ImageObject","inLanguage":"de","@id":"https:\/\/rostockgedser.com\/de\/video\/#primaryimage","url":"https:\/\/rostockgedser.com\/de\/wp-content\/uploads\/sites\/5\/2023\/05\/video-1.jpg","contentUrl":"https:\/\/rostockgedser.com\/de\/wp-content\/uploads\/sites\/5\/2023\/05\/video-1.jpg","width":400,"height":400,"caption":"video"},{"@type":"BreadcrumbList","@id":"https:\/\/rostockgedser.com\/de\/video\/#breadcrumb","itemListElement":[{"@type":"ListItem","position":1,"name":"Home","item":"https:\/\/rostockgedser.com\/de\/"},{"@type":"ListItem","position":2,"name":"Video"}]},{"@type":"WebSite","@id":"https:\/\/rostockgedser.com\/de\/#website","url":"https:\/\/rostockgedser.com\/de\/","name":"RostockGedser.com\/de","description":"","publisher":{"@id":"https:\/\/rostockgedser.com\/de\/#organization"},"potentialAction":[{"@type":"SearchAction","target":{"@type":"EntryPoint","urlTemplate":"https:\/\/rostockgedser.com\/de\/?s={search_term_string}"},"query-input":{"@type":"PropertyValueSpecification","valueRequired":true,"valueName":"search_term_string"}}],"inLanguage":"de"},{"@type":"Organization","@id":"https:\/\/rostockgedser.com\/de\/#organization","name":"RostockGedser.com\/de","url":"https:\/\/rostockgedser.com\/de\/","logo":{"@type":"ImageObject","inLanguage":"de","@id":"https:\/\/rostockgedser.com\/de\/#\/schema\/logo\/image\/","url":"https:\/\/rostockgedser.com\/de\/wp-content\/uploads\/sites\/5\/2023\/08\/cropped-rostock-gedser-logo.png","contentUrl":"https:\/\/rostockgedser.com\/de\/wp-content\/uploads\/sites\/5\/2023\/08\/cropped-rostock-gedser-logo.png","width":1043,"height":347,"caption":"RostockGedser.com\/de"},"image":{"@id":"https:\/\/rostockgedser.com\/de\/#\/schema\/logo\/image\/"}}]}},"_links":{"self":[{"href":"https:\/\/rostockgedser.com\/de\/wp-json\/wp\/v2\/pages\/567","targetHints":{"allow":["GET"]}}],"collection":[{"href":"https:\/\/rostockgedser.com\/de\/wp-json\/wp\/v2\/pages"}],"about":[{"href":"https:\/\/rostockgedser.com\/de\/wp-json\/wp\/v2\/types\/page"}],"author":[{"embeddable":true,"href":"https:\/\/rostockgedser.com\/de\/wp-json\/wp\/v2\/users\/1"}],"replies":[{"embeddable":true,"href":"https:\/\/rostockgedser.com\/de\/wp-json\/wp\/v2\/comments?post=567"}],"version-history":[{"count":14,"href":"https:\/\/rostockgedser.com\/de\/wp-json\/wp\/v2\/pages\/567\/revisions"}],"predecessor-version":[{"id":2356,"href":"https:\/\/rostockgedser.com\/de\/wp-json\/wp\/v2\/pages\/567\/revisions\/2356"}],"wp:featuredmedia":[{"embeddable":true,"href":"https:\/\/rostockgedser.com\/de\/wp-json\/wp\/v2\/media\/583"}],"wp:attachment":[{"href":"https:\/\/rostockgedser.com\/de\/wp-json\/wp\/v2\/media?parent=567"}],"curies":[{"name":"wp","href":"https:\/\/api.w.org\/{rel}","templated":true}]}}