{"id":537,"date":"2023-05-10T09:25:55","date_gmt":"2023-05-10T09:25:55","guid":{"rendered":"https:\/\/puttgardenrodby.nl\/?page_id=537"},"modified":"2024-03-21T13:47:35","modified_gmt":"2024-03-21T12:47:35","slug":"wetter","status":"publish","type":"page","link":"https:\/\/rostockgedser.com\/de\/wetter\/","title":{"rendered":"Wetter"},"content":{"rendered":"\t\t<div data-elementor-type=\"wp-post\" data-elementor-id=\"537\" class=\"elementor elementor-537\" data-elementor-post-type=\"page\">\n\t\t\t\t\t\t<section class=\"elementor-section elementor-top-section elementor-element elementor-element-585c1a9c elementor-section-boxed elementor-section-height-default elementor-section-height-default\" data-id=\"585c1a9c\" data-element_type=\"section\" data-e-type=\"section\" data-settings=\"{&quot;background_background&quot;:&quot;gradient&quot;,&quot;sticky&quot;:&quot;top&quot;,&quot;sticky_on&quot;:[&quot;desktop&quot;,&quot;tablet&quot;,&quot;mobile&quot;],&quot;sticky_offset&quot;:0,&quot;sticky_effects_offset&quot;:0,&quot;sticky_anchor_link_offset&quot;:0}\">\n\t\t\t\t\t\t<div class=\"elementor-container elementor-column-gap-default\">\n\t\t\t\t\t<div class=\"elementor-column elementor-col-50 elementor-top-column elementor-element elementor-element-6e9a93d1\" data-id=\"6e9a93d1\" data-element_type=\"column\" data-e-type=\"column\">\n\t\t\t<div class=\"elementor-widget-wrap elementor-element-populated\">\n\t\t\t\t\t\t<div class=\"elementor-element elementor-element-1339fc76 elementor-widget elementor-widget-breadcrumbs\" data-id=\"1339fc76\" data-element_type=\"widget\" data-e-type=\"widget\" data-widget_type=\"breadcrumbs.default\">\n\t\t\t\t<div class=\"elementor-widget-container\">\n\t\t\t\t\t<p id=\"breadcrumbs\"><span><span><a href=\"https:\/\/rostockgedser.com\/de\/\">Home<\/a><\/span><\/span><\/p>\t\t\t\t<\/div>\n\t\t\t\t<\/div>\n\t\t\t\t\t<\/div>\n\t\t<\/div>\n\t\t\t\t<div class=\"elementor-column elementor-col-50 elementor-top-column elementor-element elementor-element-602855cc\" data-id=\"602855cc\" data-element_type=\"column\" data-e-type=\"column\">\n\t\t\t<div class=\"elementor-widget-wrap elementor-element-populated\">\n\t\t\t\t\t\t<div class=\"elementor-element elementor-element-4327d4c5 elementor-align-right elementor-mobile-align-center elementor-widget elementor-widget-button\" data-id=\"4327d4c5\" data-element_type=\"widget\" data-e-type=\"widget\" data-settings=\"{&quot;sticky&quot;:&quot;top&quot;,&quot;sticky_on&quot;:[&quot;mobile&quot;],&quot;sticky_offset&quot;:&quot;8&quot;,&quot;sticky_effects_offset_mobile&quot;:&quot;0&quot;,&quot;_animation_mobile&quot;:&quot;fadeIn&quot;,&quot;sticky_effects_offset&quot;:0,&quot;sticky_anchor_link_offset&quot;:0}\" data-widget_type=\"button.default\">\n\t\t\t\t<div class=\"elementor-widget-container\">\n\t\t\t\t\t\t\t\t\t<div class=\"elementor-button-wrapper\">\n\t\t\t\t\t<a class=\"elementor-button elementor-button-link elementor-size-md elementor-animation-shrink\" href=\"\/de\/go\/button-header-page\" target=\"_blank\">\n\t\t\t\t\t\t<span class=\"elementor-button-content-wrapper\">\n\t\t\t\t\t\t<span class=\"elementor-button-icon\">\n\t\t\t\t<i aria-hidden=\"true\" class=\"far fa-arrow-alt-circle-right\"><\/i>\t\t\t<\/span>\n\t\t\t\t\t\t\t\t\t<span class=\"elementor-button-text\">F\u00e4hrpreise &amp; Tickets<\/span>\n\t\t\t\t\t<\/span>\n\t\t\t\t\t<\/a>\n\t\t\t\t<\/div>\n\t\t\t\t\t\t\t\t<\/div>\n\t\t\t\t<\/div>\n\t\t\t\t\t<\/div>\n\t\t<\/div>\n\t\t\t\t\t<\/div>\n\t\t<\/section>\n\t\t\t\t<section class=\"elementor-section elementor-top-section elementor-element elementor-element-348d881 elementor-section-boxed elementor-section-height-default elementor-section-height-default\" data-id=\"348d881\" data-element_type=\"section\" data-e-type=\"section\">\n\t\t\t\t\t\t\t<div class=\"elementor-background-overlay\"><\/div>\n\t\t\t\t\t\t\t<div class=\"elementor-container elementor-column-gap-default\">\n\t\t\t\t\t<div class=\"elementor-column elementor-col-100 elementor-top-column elementor-element elementor-element-2e117c7\" data-id=\"2e117c7\" data-element_type=\"column\" data-e-type=\"column\">\n\t\t\t<div class=\"elementor-widget-wrap elementor-element-populated\">\n\t\t\t\t\t\t<div class=\"elementor-element elementor-element-18585c6 elementor-widget elementor-widget-heading\" data-id=\"18585c6\" data-element_type=\"widget\" data-e-type=\"widget\" data-widget_type=\"heading.default\">\n\t\t\t\t<div class=\"elementor-widget-container\">\n\t\t\t\t\t<h1 class=\"elementor-heading-title elementor-size-default\">Wetter Rostock-Gedser<\/h1>\t\t\t\t<\/div>\n\t\t\t\t<\/div>\n\t\t\t\t<div class=\"elementor-element elementor-element-c5eca1c elementor-widget elementor-widget-text-editor\" data-id=\"c5eca1c\" data-element_type=\"widget\" data-e-type=\"widget\" data-widget_type=\"text-editor.default\">\n\t\t\t\t<div class=\"elementor-widget-container\">\n\t\t\t\t\t\t\t\t\t<p>Bereite dich auf vielf\u00e4ltiges Wetter w\u00e4hrend der Reise vor.<\/p>\t\t\t\t\t\t\t\t<\/div>\n\t\t\t\t<\/div>\n\t\t\t\t<div class=\"elementor-element elementor-element-2e0c8e2 elementor-hidden-mobile elementor-alert-info elementor-widget elementor-widget-alert\" data-id=\"2e0c8e2\" data-element_type=\"widget\" data-e-type=\"widget\" data-widget_type=\"alert.default\">\n\t\t\t\t<div class=\"elementor-widget-container\">\n\t\t\t\t\t\t\t<div class=\"elementor-alert\" role=\"alert\">\n\n\t\t\t\t\t\t<span class=\"elementor-alert-title\"> Denken Sie daran, diese Seite als Lesezeichen f\u00fcr einen einfachen Zugriff zu speichern!<\/span>\n\t\t\t\n\t\t\t\t\t\t<span class=\"elementor-alert-description\">\ud83d\udca1 Dr\u00fccken Sie einfach STRG + D. Auf diese Weise k\u00f6nnen Sie darauf zur\u00fcckgreifen, kurz bevor Sie abreisen.<\/span>\n\t\t\t\n\t\t\t\t\t\t<button type=\"button\" class=\"elementor-alert-dismiss\" aria-label=\"Hinweis ausblenden.\">\n\t\t\t\t\t\t\t\t\t<span aria-hidden=\"true\">&times;<\/span>\n\t\t\t\t\t\t\t<\/button>\n\t\t\t\n\t\t<\/div>\n\t\t\t\t\t\t<\/div>\n\t\t\t\t<\/div>\n\t\t\t\t<div class=\"elementor-element elementor-element-02210a7 elementor-widget elementor-widget-text-editor\" data-id=\"02210a7\" data-element_type=\"widget\" data-e-type=\"widget\" data-widget_type=\"text-editor.default\">\n\t\t\t\t<div class=\"elementor-widget-container\">\n\t\t\t\t\t\t\t\t\t<p>Um ein klares Verst\u00e4ndnis der Wetterbedingungen w\u00e4hrend der \u00dcberfahrt von Rostock nach Gedser zu erhalten, kannst du die folgenden Karten konsultieren. Diese Karten bieten Details zu Faktoren wie Windrichtung, Windgeschwindigkeit, Wellenh\u00f6he, Wellenrichtung und Niederschlag.<\/p>\t\t\t\t\t\t\t\t<\/div>\n\t\t\t\t<\/div>\n\t\t\t\t<div class=\"elementor-element elementor-element-30fec9a elementor-widget elementor-widget-heading\" data-id=\"30fec9a\" data-element_type=\"widget\" data-e-type=\"widget\" data-widget_type=\"heading.default\">\n\t\t\t\t<div class=\"elementor-widget-container\">\n\t\t\t\t\t<h2 class=\"elementor-heading-title elementor-size-default\">Wettervorhersage sowie Windrichtung und -geschwindigkeit<\/h2>\t\t\t\t<\/div>\n\t\t\t\t<\/div>\n\t\t\t\t<div class=\"elementor-element elementor-element-f4c28b5 elementor-widget elementor-widget-heading\" data-id=\"f4c28b5\" data-element_type=\"widget\" data-e-type=\"widget\" data-widget_type=\"heading.default\">\n\t\t\t\t<div class=\"elementor-widget-container\">\n\t\t\t\t\t<h2 class=\"elementor-heading-title elementor-size-default\">Niederschlag<\/h2>\t\t\t\t<\/div>\n\t\t\t\t<\/div>\n\t\t\t\t<div class=\"elementor-element elementor-element-81e0946 elementor-widget elementor-widget-text-editor\" data-id=\"81e0946\" data-element_type=\"widget\" data-e-type=\"widget\" data-widget_type=\"text-editor.default\">\n\t\t\t\t<div class=\"elementor-widget-container\">\n\t\t\t\t\t\t\t\t\t<p>Bunte Wolken zeigen jede Art von Niederschlag an. Dar\u00fcber hinaus wird die Windrichtung angezeigt, um dir bei der Vorhersage dessen, was bevorsteht, zu helfen.<\/p>\t\t\t\t\t\t\t\t<\/div>\n\t\t\t\t<\/div>\n\t\t\t\t<div class=\"elementor-element elementor-element-5f49832 elementor-widget elementor-widget-heading\" data-id=\"5f49832\" data-element_type=\"widget\" data-e-type=\"widget\" data-widget_type=\"heading.default\">\n\t\t\t\t<div class=\"elementor-widget-container\">\n\t\t\t\t\t<h2 class=\"elementor-heading-title elementor-size-default\">Wellen<\/h2>\t\t\t\t<\/div>\n\t\t\t\t<\/div>\n\t\t\t\t<div class=\"elementor-element elementor-element-3a7ce6f elementor-widget elementor-widget-text-editor\" data-id=\"3a7ce6f\" data-element_type=\"widget\" data-e-type=\"widget\" data-widget_type=\"text-editor.default\">\n\t\t\t\t<div class=\"elementor-widget-container\">\n\t\t\t\t\t\t\t\t\t<p>Ist die Reise voraussichtlich ruhig? Die Wellenh\u00f6he dient als wichtiger Indikator f\u00fcr den Komfort w\u00e4hrend der Passage. Wenn die Karte von gr\u00fcn auf rot wechselt, ist mit vergleichsweise turbulentem Wasser zu rechnen.<\/p>\t\t\t\t\t\t\t\t<\/div>\n\t\t\t\t<\/div>\n\t\t\t\t\t<\/div>\n\t\t<\/div>\n\t\t\t\t\t<\/div>\n\t\t<\/section>\n\t\t\t\t<\/div>\n\t\t","protected":false},"excerpt":{"rendered":"<p>F\u00e4hrpreise &amp; Tickets Wetter Rostock-Gedser Bereite dich auf vielf\u00e4ltiges Wetter w\u00e4hrend der Reise vor. Denken Sie daran, diese Seite als Lesezeichen f\u00fcr einen einfachen Zugriff zu speichern! \ud83d\udca1 Dr\u00fccken Sie einfach STRG + D. Auf diese Weise k\u00f6nnen Sie darauf zur\u00fcckgreifen, kurz bevor Sie abreisen. &times; Dismiss this alert. Um ein klares Verst\u00e4ndnis der Wetterbedingungen [&hellip;]<\/p>\n","protected":false},"author":1,"featured_media":578,"parent":0,"menu_order":0,"comment_status":"closed","ping_status":"closed","template":"elementor_header_footer","meta":{"footnotes":""},"class_list":["post-537","page","type-page","status-publish","has-post-thumbnail","hentry"],"yoast_head":"<!-- This site is optimized with the Yoast SEO plugin v27.2 - https:\/\/yoast.com\/product\/yoast-seo-wordpress\/ -->\n<title>Wetter &amp; Wellen Rostock-Gedser F\u00e4hre<\/title>\n<meta name=\"description\" content=\"Erfahren Sie mehr \u00fcber das aktuelle Wetter in der N\u00e4he der Rostock-Gedser F\u00e4hre. Wir informieren Sie auch \u00fcber die Wellenbedingungen.\" \/>\n<meta name=\"robots\" content=\"index, follow, max-snippet:-1, max-image-preview:large, max-video-preview:-1\" \/>\n<link rel=\"canonical\" href=\"https:\/\/rostockgedser.com\/de\/wetter\/\" \/>\n<meta property=\"og:locale\" content=\"de_DE\" \/>\n<meta property=\"og:type\" content=\"article\" \/>\n<meta property=\"og:title\" content=\"Wetter &amp; Wellen Rostock-Gedser F\u00e4hre\" \/>\n<meta property=\"og:description\" content=\"Erfahren Sie mehr \u00fcber das aktuelle Wetter in der N\u00e4he der Rostock-Gedser F\u00e4hre. Wir informieren Sie auch \u00fcber die Wellenbedingungen.\" \/>\n<meta property=\"og:url\" content=\"https:\/\/rostockgedser.com\/de\/wetter\/\" \/>\n<meta property=\"og:site_name\" content=\"RostockGedser.com\/de\" \/>\n<meta property=\"article:modified_time\" content=\"2024-03-21T12:47:35+00:00\" \/>\n<meta property=\"og:image\" content=\"http:\/\/rostockgedser.com\/de\/wp-content\/uploads\/sites\/5\/2023\/05\/weer-puttgarden-rodby.jpg\" \/>\n\t<meta property=\"og:image:width\" content=\"400\" \/>\n\t<meta property=\"og:image:height\" content=\"400\" \/>\n\t<meta property=\"og:image:type\" content=\"image\/jpeg\" \/>\n<meta name=\"twitter:card\" content=\"summary_large_image\" \/>\n<meta name=\"twitter:label1\" content=\"Gesch\u00e4tzte Lesezeit\" \/>\n\t<meta name=\"twitter:data1\" content=\"1\u00a0Minute\" \/>\n<script type=\"application\/ld+json\" class=\"yoast-schema-graph\">{\"@context\":\"https:\/\/schema.org\",\"@graph\":[{\"@type\":\"WebPage\",\"@id\":\"https:\/\/rostockgedser.com\/de\/wetter\/\",\"url\":\"https:\/\/rostockgedser.com\/de\/wetter\/\",\"name\":\"Wetter & Wellen Rostock-Gedser F\u00e4hre\",\"isPartOf\":{\"@id\":\"https:\/\/rostockgedser.com\/de\/#website\"},\"primaryImageOfPage\":{\"@id\":\"https:\/\/rostockgedser.com\/de\/wetter\/#primaryimage\"},\"image\":{\"@id\":\"https:\/\/rostockgedser.com\/de\/wetter\/#primaryimage\"},\"thumbnailUrl\":\"https:\/\/rostockgedser.com\/de\/wp-content\/uploads\/sites\/5\/2023\/05\/weer-puttgarden-rodby.jpg\",\"datePublished\":\"2023-05-10T09:25:55+00:00\",\"dateModified\":\"2024-03-21T12:47:35+00:00\",\"description\":\"Erfahren Sie mehr \u00fcber das aktuelle Wetter in der N\u00e4he der Rostock-Gedser F\u00e4hre. Wir informieren Sie auch \u00fcber die Wellenbedingungen.\",\"breadcrumb\":{\"@id\":\"https:\/\/rostockgedser.com\/de\/wetter\/#breadcrumb\"},\"inLanguage\":\"de\",\"potentialAction\":[{\"@type\":\"ReadAction\",\"target\":[\"https:\/\/rostockgedser.com\/de\/wetter\/\"]}]},{\"@type\":\"ImageObject\",\"inLanguage\":\"de\",\"@id\":\"https:\/\/rostockgedser.com\/de\/wetter\/#primaryimage\",\"url\":\"https:\/\/rostockgedser.com\/de\/wp-content\/uploads\/sites\/5\/2023\/05\/weer-puttgarden-rodby.jpg\",\"contentUrl\":\"https:\/\/rostockgedser.com\/de\/wp-content\/uploads\/sites\/5\/2023\/05\/weer-puttgarden-rodby.jpg\",\"width\":400,\"height\":400,\"caption\":\"weer puttgarden rodby\"},{\"@type\":\"BreadcrumbList\",\"@id\":\"https:\/\/rostockgedser.com\/de\/wetter\/#breadcrumb\",\"itemListElement\":[{\"@type\":\"ListItem\",\"position\":1,\"name\":\"Home\",\"item\":\"https:\/\/rostockgedser.com\/de\/\"},{\"@type\":\"ListItem\",\"position\":2,\"name\":\"Wetter\"}]},{\"@type\":\"WebSite\",\"@id\":\"https:\/\/rostockgedser.com\/de\/#website\",\"url\":\"https:\/\/rostockgedser.com\/de\/\",\"name\":\"RostockGedser.com\/de\",\"description\":\"\",\"publisher\":{\"@id\":\"https:\/\/rostockgedser.com\/de\/#organization\"},\"potentialAction\":[{\"@type\":\"SearchAction\",\"target\":{\"@type\":\"EntryPoint\",\"urlTemplate\":\"https:\/\/rostockgedser.com\/de\/?s={search_term_string}\"},\"query-input\":{\"@type\":\"PropertyValueSpecification\",\"valueRequired\":true,\"valueName\":\"search_term_string\"}}],\"inLanguage\":\"de\"},{\"@type\":\"Organization\",\"@id\":\"https:\/\/rostockgedser.com\/de\/#organization\",\"name\":\"RostockGedser.com\/de\",\"url\":\"https:\/\/rostockgedser.com\/de\/\",\"logo\":{\"@type\":\"ImageObject\",\"inLanguage\":\"de\",\"@id\":\"https:\/\/rostockgedser.com\/de\/#\/schema\/logo\/image\/\",\"url\":\"https:\/\/rostockgedser.com\/de\/wp-content\/uploads\/sites\/5\/2023\/08\/cropped-rostock-gedser-logo.png\",\"contentUrl\":\"https:\/\/rostockgedser.com\/de\/wp-content\/uploads\/sites\/5\/2023\/08\/cropped-rostock-gedser-logo.png\",\"width\":1043,\"height\":347,\"caption\":\"RostockGedser.com\/de\"},\"image\":{\"@id\":\"https:\/\/rostockgedser.com\/de\/#\/schema\/logo\/image\/\"}}]}<\/script>\n<!-- \/ Yoast SEO plugin. -->","yoast_head_json":{"title":"Wetter & Wellen Rostock-Gedser F\u00e4hre","description":"Erfahren Sie mehr \u00fcber das aktuelle Wetter in der N\u00e4he der Rostock-Gedser F\u00e4hre. Wir informieren Sie auch \u00fcber die Wellenbedingungen.","robots":{"index":"index","follow":"follow","max-snippet":"max-snippet:-1","max-image-preview":"max-image-preview:large","max-video-preview":"max-video-preview:-1"},"canonical":"https:\/\/rostockgedser.com\/de\/wetter\/","og_locale":"de_DE","og_type":"article","og_title":"Wetter & Wellen Rostock-Gedser F\u00e4hre","og_description":"Erfahren Sie mehr \u00fcber das aktuelle Wetter in der N\u00e4he der Rostock-Gedser F\u00e4hre. Wir informieren Sie auch \u00fcber die Wellenbedingungen.","og_url":"https:\/\/rostockgedser.com\/de\/wetter\/","og_site_name":"RostockGedser.com\/de","article_modified_time":"2024-03-21T12:47:35+00:00","og_image":[{"width":400,"height":400,"url":"http:\/\/rostockgedser.com\/de\/wp-content\/uploads\/sites\/5\/2023\/05\/weer-puttgarden-rodby.jpg","type":"image\/jpeg"}],"twitter_card":"summary_large_image","twitter_misc":{"Gesch\u00e4tzte Lesezeit":"1\u00a0Minute"},"schema":{"@context":"https:\/\/schema.org","@graph":[{"@type":"WebPage","@id":"https:\/\/rostockgedser.com\/de\/wetter\/","url":"https:\/\/rostockgedser.com\/de\/wetter\/","name":"Wetter & Wellen Rostock-Gedser F\u00e4hre","isPartOf":{"@id":"https:\/\/rostockgedser.com\/de\/#website"},"primaryImageOfPage":{"@id":"https:\/\/rostockgedser.com\/de\/wetter\/#primaryimage"},"image":{"@id":"https:\/\/rostockgedser.com\/de\/wetter\/#primaryimage"},"thumbnailUrl":"https:\/\/rostockgedser.com\/de\/wp-content\/uploads\/sites\/5\/2023\/05\/weer-puttgarden-rodby.jpg","datePublished":"2023-05-10T09:25:55+00:00","dateModified":"2024-03-21T12:47:35+00:00","description":"Erfahren Sie mehr \u00fcber das aktuelle Wetter in der N\u00e4he der Rostock-Gedser F\u00e4hre. Wir informieren Sie auch \u00fcber die Wellenbedingungen.","breadcrumb":{"@id":"https:\/\/rostockgedser.com\/de\/wetter\/#breadcrumb"},"inLanguage":"de","potentialAction":[{"@type":"ReadAction","target":["https:\/\/rostockgedser.com\/de\/wetter\/"]}]},{"@type":"ImageObject","inLanguage":"de","@id":"https:\/\/rostockgedser.com\/de\/wetter\/#primaryimage","url":"https:\/\/rostockgedser.com\/de\/wp-content\/uploads\/sites\/5\/2023\/05\/weer-puttgarden-rodby.jpg","contentUrl":"https:\/\/rostockgedser.com\/de\/wp-content\/uploads\/sites\/5\/2023\/05\/weer-puttgarden-rodby.jpg","width":400,"height":400,"caption":"weer puttgarden rodby"},{"@type":"BreadcrumbList","@id":"https:\/\/rostockgedser.com\/de\/wetter\/#breadcrumb","itemListElement":[{"@type":"ListItem","position":1,"name":"Home","item":"https:\/\/rostockgedser.com\/de\/"},{"@type":"ListItem","position":2,"name":"Wetter"}]},{"@type":"WebSite","@id":"https:\/\/rostockgedser.com\/de\/#website","url":"https:\/\/rostockgedser.com\/de\/","name":"RostockGedser.com\/de","description":"","publisher":{"@id":"https:\/\/rostockgedser.com\/de\/#organization"},"potentialAction":[{"@type":"SearchAction","target":{"@type":"EntryPoint","urlTemplate":"https:\/\/rostockgedser.com\/de\/?s={search_term_string}"},"query-input":{"@type":"PropertyValueSpecification","valueRequired":true,"valueName":"search_term_string"}}],"inLanguage":"de"},{"@type":"Organization","@id":"https:\/\/rostockgedser.com\/de\/#organization","name":"RostockGedser.com\/de","url":"https:\/\/rostockgedser.com\/de\/","logo":{"@type":"ImageObject","inLanguage":"de","@id":"https:\/\/rostockgedser.com\/de\/#\/schema\/logo\/image\/","url":"https:\/\/rostockgedser.com\/de\/wp-content\/uploads\/sites\/5\/2023\/08\/cropped-rostock-gedser-logo.png","contentUrl":"https:\/\/rostockgedser.com\/de\/wp-content\/uploads\/sites\/5\/2023\/08\/cropped-rostock-gedser-logo.png","width":1043,"height":347,"caption":"RostockGedser.com\/de"},"image":{"@id":"https:\/\/rostockgedser.com\/de\/#\/schema\/logo\/image\/"}}]}},"_links":{"self":[{"href":"https:\/\/rostockgedser.com\/de\/wp-json\/wp\/v2\/pages\/537","targetHints":{"allow":["GET"]}}],"collection":[{"href":"https:\/\/rostockgedser.com\/de\/wp-json\/wp\/v2\/pages"}],"about":[{"href":"https:\/\/rostockgedser.com\/de\/wp-json\/wp\/v2\/types\/page"}],"author":[{"embeddable":true,"href":"https:\/\/rostockgedser.com\/de\/wp-json\/wp\/v2\/users\/1"}],"replies":[{"embeddable":true,"href":"https:\/\/rostockgedser.com\/de\/wp-json\/wp\/v2\/comments?post=537"}],"version-history":[{"count":28,"href":"https:\/\/rostockgedser.com\/de\/wp-json\/wp\/v2\/pages\/537\/revisions"}],"predecessor-version":[{"id":2350,"href":"https:\/\/rostockgedser.com\/de\/wp-json\/wp\/v2\/pages\/537\/revisions\/2350"}],"wp:featuredmedia":[{"embeddable":true,"href":"https:\/\/rostockgedser.com\/de\/wp-json\/wp\/v2\/media\/578"}],"wp:attachment":[{"href":"https:\/\/rostockgedser.com\/de\/wp-json\/wp\/v2\/media?parent=537"}],"curies":[{"name":"wp","href":"https:\/\/api.w.org\/{rel}","templated":true}]}}