{"id":357,"date":"2023-05-09T13:21:50","date_gmt":"2023-05-09T13:21:50","guid":{"rendered":"https:\/\/puttgardenrodby.nl\/?page_id=357"},"modified":"2024-03-21T13:45:20","modified_gmt":"2024-03-21T12:45:20","slug":"alternativen","status":"publish","type":"page","link":"https:\/\/rostockgedser.com\/de\/alternativen\/","title":{"rendered":"Alternativen"},"content":{"rendered":"\t\t<div data-elementor-type=\"wp-post\" data-elementor-id=\"357\" class=\"elementor elementor-357\" data-elementor-post-type=\"page\">\n\t\t\t\t\t\t<section class=\"elementor-section elementor-top-section elementor-element elementor-element-9727180 elementor-section-boxed elementor-section-height-default elementor-section-height-default\" data-id=\"9727180\" data-element_type=\"section\" data-e-type=\"section\" data-settings=\"{&quot;background_background&quot;:&quot;gradient&quot;,&quot;sticky&quot;:&quot;top&quot;,&quot;sticky_on&quot;:[&quot;desktop&quot;,&quot;tablet&quot;,&quot;mobile&quot;],&quot;sticky_offset&quot;:0,&quot;sticky_effects_offset&quot;:0,&quot;sticky_anchor_link_offset&quot;:0}\">\n\t\t\t\t\t\t<div class=\"elementor-container elementor-column-gap-default\">\n\t\t\t\t\t<div class=\"elementor-column elementor-col-50 elementor-top-column elementor-element elementor-element-35df9a50\" data-id=\"35df9a50\" data-element_type=\"column\" data-e-type=\"column\">\n\t\t\t<div class=\"elementor-widget-wrap elementor-element-populated\">\n\t\t\t\t\t\t<div class=\"elementor-element elementor-element-73e7d1f9 elementor-widget elementor-widget-breadcrumbs\" data-id=\"73e7d1f9\" data-element_type=\"widget\" data-e-type=\"widget\" data-widget_type=\"breadcrumbs.default\">\n\t\t\t\t<div class=\"elementor-widget-container\">\n\t\t\t\t\t<p id=\"breadcrumbs\"><span><span><a href=\"https:\/\/rostockgedser.com\/de\/\">Home<\/a><\/span><\/span><\/p>\t\t\t\t<\/div>\n\t\t\t\t<\/div>\n\t\t\t\t\t<\/div>\n\t\t<\/div>\n\t\t\t\t<div class=\"elementor-column elementor-col-50 elementor-top-column elementor-element elementor-element-7d2fd40a\" data-id=\"7d2fd40a\" data-element_type=\"column\" data-e-type=\"column\">\n\t\t\t<div class=\"elementor-widget-wrap elementor-element-populated\">\n\t\t\t\t\t\t<div class=\"elementor-element elementor-element-21794892 elementor-align-right elementor-mobile-align-center elementor-widget elementor-widget-button\" data-id=\"21794892\" data-element_type=\"widget\" data-e-type=\"widget\" data-settings=\"{&quot;sticky&quot;:&quot;top&quot;,&quot;sticky_on&quot;:[&quot;mobile&quot;],&quot;sticky_offset&quot;:&quot;8&quot;,&quot;sticky_effects_offset_mobile&quot;:&quot;0&quot;,&quot;_animation_mobile&quot;:&quot;fadeIn&quot;,&quot;sticky_effects_offset&quot;:0,&quot;sticky_anchor_link_offset&quot;:0}\" data-widget_type=\"button.default\">\n\t\t\t\t<div class=\"elementor-widget-container\">\n\t\t\t\t\t\t\t\t\t<div class=\"elementor-button-wrapper\">\n\t\t\t\t\t<a class=\"elementor-button elementor-button-link elementor-size-md elementor-animation-shrink\" href=\"\/de\/go\/button-header-page\" target=\"_blank\">\n\t\t\t\t\t\t<span class=\"elementor-button-content-wrapper\">\n\t\t\t\t\t\t<span class=\"elementor-button-icon\">\n\t\t\t\t<i aria-hidden=\"true\" class=\"far fa-arrow-alt-circle-right\"><\/i>\t\t\t<\/span>\n\t\t\t\t\t\t\t\t\t<span class=\"elementor-button-text\">F\u00e4hrpreise &amp; Tickets<\/span>\n\t\t\t\t\t<\/span>\n\t\t\t\t\t<\/a>\n\t\t\t\t<\/div>\n\t\t\t\t\t\t\t\t<\/div>\n\t\t\t\t<\/div>\n\t\t\t\t\t<\/div>\n\t\t<\/div>\n\t\t\t\t\t<\/div>\n\t\t<\/section>\n\t\t\t\t<section class=\"elementor-section elementor-top-section elementor-element elementor-element-348d881 elementor-section-boxed elementor-section-height-default elementor-section-height-default\" data-id=\"348d881\" data-element_type=\"section\" data-e-type=\"section\">\n\t\t\t\t\t\t\t<div class=\"elementor-background-overlay\"><\/div>\n\t\t\t\t\t\t\t<div class=\"elementor-container elementor-column-gap-default\">\n\t\t\t\t\t<div class=\"elementor-column elementor-col-50 elementor-top-column elementor-element elementor-element-2e117c7\" data-id=\"2e117c7\" data-element_type=\"column\" data-e-type=\"column\">\n\t\t\t<div class=\"elementor-widget-wrap elementor-element-populated\">\n\t\t\t\t\t\t<div class=\"elementor-element elementor-element-e20d4c6 elementor-widget elementor-widget-image\" data-id=\"e20d4c6\" data-element_type=\"widget\" data-e-type=\"widget\" data-widget_type=\"image.default\">\n\t\t\t\t<div class=\"elementor-widget-container\">\n\t\t\t\t\t\t\t\t\t\t\t\t\t\t\t<img fetchpriority=\"high\" decoding=\"async\" width=\"1500\" height=\"750\" src=\"https:\/\/rostockgedser.com\/de\/wp-content\/uploads\/sites\/5\/2023\/05\/gedser-harbour.jpg\" class=\"attachment-full size-full wp-image-500\" alt=\"gedser harbour\" srcset=\"https:\/\/rostockgedser.com\/de\/wp-content\/uploads\/sites\/5\/2023\/05\/gedser-harbour.jpg 1500w, https:\/\/rostockgedser.com\/de\/wp-content\/uploads\/sites\/5\/2023\/05\/gedser-harbour-300x150.jpg 300w, https:\/\/rostockgedser.com\/de\/wp-content\/uploads\/sites\/5\/2023\/05\/gedser-harbour-1024x512.jpg 1024w, https:\/\/rostockgedser.com\/de\/wp-content\/uploads\/sites\/5\/2023\/05\/gedser-harbour-768x384.jpg 768w, https:\/\/rostockgedser.com\/de\/wp-content\/uploads\/sites\/5\/2023\/05\/gedser-harbour-1200x600.jpg 1200w\" sizes=\"(max-width: 1500px) 100vw, 1500px\" \/>\t\t\t\t\t\t\t\t\t\t\t\t\t\t\t<\/div>\n\t\t\t\t<\/div>\n\t\t\t\t<div class=\"elementor-element elementor-element-18585c6 elementor-widget elementor-widget-heading\" data-id=\"18585c6\" data-element_type=\"widget\" data-e-type=\"widget\" data-widget_type=\"heading.default\">\n\t\t\t\t<div class=\"elementor-widget-container\">\n\t\t\t\t\t<h1 class=\"elementor-heading-title elementor-size-default\">Andere Routen<\/h1>\t\t\t\t<\/div>\n\t\t\t\t<\/div>\n\t\t\t\t<div class=\"elementor-element elementor-element-f693cf7 elementor-widget elementor-widget-text-editor\" data-id=\"f693cf7\" data-element_type=\"widget\" data-e-type=\"widget\" data-widget_type=\"text-editor.default\">\n\t\t\t\t<div class=\"elementor-widget-container\">\n\t\t\t\t\t\t\t\t\t<p>Erkundung der alternativen Routen<\/p>\t\t\t\t\t\t\t\t<\/div>\n\t\t\t\t<\/div>\n\t\t\t\t<div class=\"elementor-element elementor-element-3d6085d elementor-widget elementor-widget-text-editor\" data-id=\"3d6085d\" data-element_type=\"widget\" data-e-type=\"widget\" data-widget_type=\"text-editor.default\">\n\t\t\t\t<div class=\"elementor-widget-container\">\n\t\t\t\t\t\t\t\t\t<p>Die F\u00e4hre von Rostock nach Gedser hat einige Alternativen. Eine beliebte alternative Route nach D\u00e4nemark ist die <strong>F\u00e4hre Puttgarden-R\u00f8dby<\/strong>. Dies ist besonders interessant f\u00fcr Reisende, die von der westlichen Seite Deutschlands kommen. Sie k\u00f6nnen auch die gesamte Strecke nach D\u00e4nemark oder Schweden \u00fcber die Mautbr\u00fccken fahren.<\/p><p><strong>Reisende nach Schweden<\/strong> k\u00f6nnen direkt mit der <strong>F\u00e4hre Rostock-Trelleborg<\/strong> nach Schweden fahren.<\/p><p>Auf dieser Seite k\u00f6nnen Sie mehr \u00fcber diese Optionen lesen.<\/p><h2>Puttgarden-Rodby<\/h2><p>Ein effizienter Weg, um mit der F\u00e4hre nach D\u00e4nemark zu gelangen, ist \u00fcber die <strong>Puttgarden-R\u00f8dby F\u00e4hre<\/strong>. Obwohl diese Route bei Abfahrt von Rostock 200 km l\u00e4nger ist, f\u00fchrt ein betr\u00e4chtlicher Teil dieser Strecke nach Norden, was die Notwendigkeit einer Seereise beseitigt.<\/p><p>Folglich kann die \u00dcberquerung von Puttgarden nach R\u00f8dby in nur <strong>30 Minuten<\/strong> abgeschlossen werden, was 90 Minuten schneller ist als die <a href=\"https:\/\/rostockgedser.com\/de\/\" target=\"_blank\" rel=\"noopener\">Rostock-Gedser \u00dcberfahrt<\/a>. Diese Option k\u00f6nnte besonders angenehm f\u00fcr Reisende sein, die aus westlichen Regionen Deutschlands anreisen.<\/p><ul><li>Pr\u00fcfen Sie die Website <a href=\"https:\/\/puttgardenrodby.com\/de\/\" target=\"_blank\" rel=\"noopener\"><strong>PuttgardenR\u00f8dby.com <\/strong><\/a><strong>(Deutsch)<\/strong> f\u00fcr weitere Informationen.<\/li><li>Oder buchen Sie diese Route sofort: <strong><a href=\"https:\/\/rostockgedser.com\/de\/go\/scandlines\">Scandlines Puttgarden nach R\u00f8dby.<\/a><\/strong><\/li><\/ul><h2>Die ganze Strecke \u00fcber die Br\u00fccken fahren<\/h2>\t\t\t\t\t\t\t\t<\/div>\n\t\t\t\t<\/div>\n\t\t\t\t<div class=\"elementor-element elementor-element-1f91cbb elementor-widget elementor-widget-image\" data-id=\"1f91cbb\" data-element_type=\"widget\" data-e-type=\"widget\" data-widget_type=\"image.default\">\n\t\t\t\t<div class=\"elementor-widget-container\">\n\t\t\t\t\t\t\t\t\t\t\t\t\t\t\t<img decoding=\"async\" width=\"1000\" height=\"500\" src=\"https:\/\/rostockgedser.com\/de\/wp-content\/uploads\/sites\/5\/2023\/05\/oresundbrug.jpg\" class=\"attachment-full size-full wp-image-773\" alt=\"oresundbrug\" srcset=\"https:\/\/rostockgedser.com\/de\/wp-content\/uploads\/sites\/5\/2023\/05\/oresundbrug.jpg 1000w, https:\/\/rostockgedser.com\/de\/wp-content\/uploads\/sites\/5\/2023\/05\/oresundbrug-300x150.jpg 300w, https:\/\/rostockgedser.com\/de\/wp-content\/uploads\/sites\/5\/2023\/05\/oresundbrug-768x384.jpg 768w\" sizes=\"(max-width: 1000px) 100vw, 1000px\" \/>\t\t\t\t\t\t\t\t\t\t\t\t\t\t\t<\/div>\n\t\t\t\t<\/div>\n\t\t\t\t<div class=\"elementor-element elementor-element-9af4ce1 elementor-widget elementor-widget-text-editor\" data-id=\"9af4ce1\" data-element_type=\"widget\" data-e-type=\"widget\" data-widget_type=\"text-editor.default\">\n\t\t\t\t<div class=\"elementor-widget-container\">\n\t\t\t\t\t\t\t\t\t<p>Eine alternative Route umfasst die Nutzung der Gro\u00dfen-Belt-Br\u00fccke, die im Volksmund als Storeb\u00e6ltsbroen bezeichnet wird und die d\u00e4nischen Inseln F\u00fcnen und Seeland verbindet. Dieses architektonische Meisterwerk ist ein integraler Bestandteil der Autobahn <strong>E20<\/strong>. Wenn du aus Deutschland kommst, kannst du die Autobahnen in Richtung Flensburg nutzen und anschlie\u00dfend der Route E45 folgen, die zur Gro\u00dfen-Belt-Br\u00fccke f\u00fchrt. Diese Br\u00fccke ist mautpflichtig, und du hast die M\u00f6glichkeit, dein Kennzeichen im Voraus zu registrieren, um eine reibungslose Fahrt zu erm\u00f6glichen.<\/p><ul><li><a href=\"https:\/\/storebaelt.dk\" target=\"_blank\" rel=\"noopener\">https:\/\/storebaelt.dk<\/a> <em>(nicht auf Deutsch)\u00a0<\/em><\/li><\/ul><p>Nachdem du die Br\u00fccke erreicht hast, hast du die Gelegenheit, die exquisite Aussicht auf das Meer und die benachbarten Inseln zu genie\u00dfen. Nach deiner Ankunft auf Seeland kannst du nahtlos deine Reise in Richtung verschiedener schwedischer Ziele, einschlie\u00dflich Malm\u00f6 und Helsingborg, fortsetzen.<\/p><h2>Auf dem Weg nach Schweden? Erw\u00e4ge eine direkte F\u00e4hre!<\/h2>\t\t\t\t\t\t\t\t<\/div>\n\t\t\t\t<\/div>\n\t\t\t\t<div class=\"elementor-element elementor-element-c268add elementor-widget elementor-widget-image\" data-id=\"c268add\" data-element_type=\"widget\" data-e-type=\"widget\" data-widget_type=\"image.default\">\n\t\t\t\t<div class=\"elementor-widget-container\">\n\t\t\t\t\t\t\t\t\t\t\t\t\t\t\t<img decoding=\"async\" width=\"1000\" height=\"500\" src=\"https:\/\/rostockgedser.com\/de\/wp-content\/uploads\/sites\/5\/2023\/08\/Direct-ferry-to-Sweden.jpg\" class=\"attachment-full size-full wp-image-1501\" alt=\"Direct ferry to Sweden\" srcset=\"https:\/\/rostockgedser.com\/de\/wp-content\/uploads\/sites\/5\/2023\/08\/Direct-ferry-to-Sweden.jpg 1000w, https:\/\/rostockgedser.com\/de\/wp-content\/uploads\/sites\/5\/2023\/08\/Direct-ferry-to-Sweden-300x150.jpg 300w, https:\/\/rostockgedser.com\/de\/wp-content\/uploads\/sites\/5\/2023\/08\/Direct-ferry-to-Sweden-768x384.jpg 768w\" sizes=\"(max-width: 1000px) 100vw, 1000px\" \/>\t\t\t\t\t\t\t\t\t\t\t\t\t\t\t<\/div>\n\t\t\t\t<\/div>\n\t\t\t\t<div class=\"elementor-element elementor-element-34ede4c elementor-widget elementor-widget-text-editor\" data-id=\"34ede4c\" data-element_type=\"widget\" data-e-type=\"widget\" data-widget_type=\"text-editor.default\">\n\t\t\t\t<div class=\"elementor-widget-container\">\n\t\t\t\t\t\t\t\t\t<p>Die F\u00e4hre von Rostock nach Trelleborg k\u00f6nnte f\u00fcr Personen geeignet sein, die nach Schweden reisen m\u00f6chten. Diese F\u00e4hre legt in etwa <strong>6 Stunden eine Strecke von rund 155 km zur\u00fcck<\/strong>. Weitere Details zu dieser Route und eine Karte findest du auf der Website FerryGoGo: <a href=\"https:\/\/ferrygogo.com\/de\/schweden\/\">Schweden: Rostock-Trelleborg<\/a>.<\/p>\t\t\t\t\t\t\t\t<\/div>\n\t\t\t\t<\/div>\n\t\t\t\t\t<\/div>\n\t\t<\/div>\n\t\t\t\t<div class=\"elementor-column elementor-col-50 elementor-top-column elementor-element elementor-element-9a29147\" data-id=\"9a29147\" data-element_type=\"column\" data-e-type=\"column\">\n\t\t\t<div class=\"elementor-widget-wrap elementor-element-populated\">\n\t\t\t\t\t\t<div class=\"elementor-element elementor-element-de19ae8 elementor-widget elementor-widget-text-editor\" data-id=\"de19ae8\" data-element_type=\"widget\" data-e-type=\"widget\" data-widget_type=\"text-editor.default\">\n\t\t\t\t<div class=\"elementor-widget-container\">\n\t\t\t\t\t\t\t\t\t<p><strong>Alternative F\u00e4hrstrecken<\/strong><\/p><p>Puttgarden nach R\u00f8dby ist nicht wirklich eine \u00e4hnliche Route, aber sie \u00fcberquert von Deutschland nach D\u00e4nemark.<\/p><p><strong>F\u00e4hrtickets<\/strong><\/p><p>Die g\u00fcnstigsten Tickets sind \u00fcber den F\u00e4hrbetreiber Scandlines erh\u00e4ltlich.<\/p><p><a href=\"\/de\/go\/pages-side\" target=\"_blank\" rel=\"noopener\">Stellen Sie Ihre \u00dcberfahrt zusammen. \u2b9e<\/a><\/p>\t\t\t\t\t\t\t\t<\/div>\n\t\t\t\t<\/div>\n\t\t\t\t\t<\/div>\n\t\t<\/div>\n\t\t\t\t\t<\/div>\n\t\t<\/section>\n\t\t\t\t<\/div>\n\t\t","protected":false},"excerpt":{"rendered":"<p>F\u00e4hrpreise &amp; Tickets Andere Routen Erkundung der alternativen Routen Die F\u00e4hre von Rostock nach Gedser hat einige Alternativen. Eine beliebte alternative Route nach D\u00e4nemark ist die F\u00e4hre Puttgarden-R\u00f8dby. Dies ist besonders interessant f\u00fcr Reisende, die von der westlichen Seite Deutschlands kommen. Sie k\u00f6nnen auch die gesamte Strecke nach D\u00e4nemark oder Schweden \u00fcber die Mautbr\u00fccken fahren. [&hellip;]<\/p>\n","protected":false},"author":1,"featured_media":0,"parent":0,"menu_order":0,"comment_status":"closed","ping_status":"closed","template":"elementor_header_footer","meta":{"footnotes":""},"class_list":["post-357","page","type-page","status-publish","hentry"],"yoast_head":"<!-- This site is optimized with the Yoast SEO plugin v27.2 - https:\/\/yoast.com\/product\/yoast-seo-wordpress\/ -->\n<title>Alternative Routen der Rostock-Gedser F\u00e4hre - RostockGedser.com\/de<\/title>\n<meta name=\"description\" content=\"Entdecken Sie alternative Reisem\u00f6glichkeiten zur F\u00e4hre Rostock Gedser. Unsere Website bietet praktische Tipps f\u00fcr anderen routen nach Gedser.\" \/>\n<meta name=\"robots\" content=\"index, follow, max-snippet:-1, max-image-preview:large, max-video-preview:-1\" \/>\n<link rel=\"canonical\" href=\"https:\/\/rostockgedser.com\/de\/alternativen\/\" \/>\n<meta property=\"og:locale\" content=\"de_DE\" \/>\n<meta property=\"og:type\" content=\"article\" \/>\n<meta property=\"og:title\" content=\"Alternative Routen der Rostock-Gedser F\u00e4hre - RostockGedser.com\/de\" \/>\n<meta property=\"og:description\" content=\"Entdecken Sie alternative Reisem\u00f6glichkeiten zur F\u00e4hre Rostock Gedser. Unsere Website bietet praktische Tipps f\u00fcr anderen routen nach Gedser.\" \/>\n<meta property=\"og:url\" content=\"https:\/\/rostockgedser.com\/de\/alternativen\/\" \/>\n<meta property=\"og:site_name\" content=\"RostockGedser.com\/de\" \/>\n<meta property=\"article:modified_time\" content=\"2024-03-21T12:45:20+00:00\" \/>\n<meta property=\"og:image\" content=\"http:\/\/rostockgedser.com\/de\/wp-content\/uploads\/sites\/5\/2023\/05\/gedser-harbour.jpg\" \/>\n<meta name=\"twitter:card\" content=\"summary_large_image\" \/>\n<meta name=\"twitter:label1\" content=\"Gesch\u00e4tzte Lesezeit\" \/>\n\t<meta name=\"twitter:data1\" content=\"3\u00a0Minuten\" \/>\n<script type=\"application\/ld+json\" class=\"yoast-schema-graph\">{\"@context\":\"https:\/\/schema.org\",\"@graph\":[{\"@type\":\"WebPage\",\"@id\":\"https:\/\/rostockgedser.com\/de\/alternativen\/\",\"url\":\"https:\/\/rostockgedser.com\/de\/alternativen\/\",\"name\":\"Alternative Routen der Rostock-Gedser F\u00e4hre - RostockGedser.com\/de\",\"isPartOf\":{\"@id\":\"https:\/\/rostockgedser.com\/de\/#website\"},\"primaryImageOfPage\":{\"@id\":\"https:\/\/rostockgedser.com\/de\/alternativen\/#primaryimage\"},\"image\":{\"@id\":\"https:\/\/rostockgedser.com\/de\/alternativen\/#primaryimage\"},\"thumbnailUrl\":\"http:\/\/rostockgedser.com\/de\/wp-content\/uploads\/sites\/5\/2023\/05\/gedser-harbour.jpg\",\"datePublished\":\"2023-05-09T13:21:50+00:00\",\"dateModified\":\"2024-03-21T12:45:20+00:00\",\"description\":\"Entdecken Sie alternative Reisem\u00f6glichkeiten zur F\u00e4hre Rostock Gedser. Unsere Website bietet praktische Tipps f\u00fcr anderen routen nach Gedser.\",\"breadcrumb\":{\"@id\":\"https:\/\/rostockgedser.com\/de\/alternativen\/#breadcrumb\"},\"inLanguage\":\"de\",\"potentialAction\":[{\"@type\":\"ReadAction\",\"target\":[\"https:\/\/rostockgedser.com\/de\/alternativen\/\"]}]},{\"@type\":\"ImageObject\",\"inLanguage\":\"de\",\"@id\":\"https:\/\/rostockgedser.com\/de\/alternativen\/#primaryimage\",\"url\":\"http:\/\/rostockgedser.com\/de\/wp-content\/uploads\/sites\/5\/2023\/05\/gedser-harbour.jpg\",\"contentUrl\":\"http:\/\/rostockgedser.com\/de\/wp-content\/uploads\/sites\/5\/2023\/05\/gedser-harbour.jpg\"},{\"@type\":\"BreadcrumbList\",\"@id\":\"https:\/\/rostockgedser.com\/de\/alternativen\/#breadcrumb\",\"itemListElement\":[{\"@type\":\"ListItem\",\"position\":1,\"name\":\"Home\",\"item\":\"https:\/\/rostockgedser.com\/de\/\"},{\"@type\":\"ListItem\",\"position\":2,\"name\":\"Alternativen\"}]},{\"@type\":\"WebSite\",\"@id\":\"https:\/\/rostockgedser.com\/de\/#website\",\"url\":\"https:\/\/rostockgedser.com\/de\/\",\"name\":\"RostockGedser.com\/de\",\"description\":\"\",\"publisher\":{\"@id\":\"https:\/\/rostockgedser.com\/de\/#organization\"},\"potentialAction\":[{\"@type\":\"SearchAction\",\"target\":{\"@type\":\"EntryPoint\",\"urlTemplate\":\"https:\/\/rostockgedser.com\/de\/?s={search_term_string}\"},\"query-input\":{\"@type\":\"PropertyValueSpecification\",\"valueRequired\":true,\"valueName\":\"search_term_string\"}}],\"inLanguage\":\"de\"},{\"@type\":\"Organization\",\"@id\":\"https:\/\/rostockgedser.com\/de\/#organization\",\"name\":\"RostockGedser.com\/de\",\"url\":\"https:\/\/rostockgedser.com\/de\/\",\"logo\":{\"@type\":\"ImageObject\",\"inLanguage\":\"de\",\"@id\":\"https:\/\/rostockgedser.com\/de\/#\/schema\/logo\/image\/\",\"url\":\"https:\/\/rostockgedser.com\/de\/wp-content\/uploads\/sites\/5\/2023\/08\/cropped-rostock-gedser-logo.png\",\"contentUrl\":\"https:\/\/rostockgedser.com\/de\/wp-content\/uploads\/sites\/5\/2023\/08\/cropped-rostock-gedser-logo.png\",\"width\":1043,\"height\":347,\"caption\":\"RostockGedser.com\/de\"},\"image\":{\"@id\":\"https:\/\/rostockgedser.com\/de\/#\/schema\/logo\/image\/\"}}]}<\/script>\n<!-- \/ Yoast SEO plugin. -->","yoast_head_json":{"title":"Alternative Routen der Rostock-Gedser F\u00e4hre - RostockGedser.com\/de","description":"Entdecken Sie alternative Reisem\u00f6glichkeiten zur F\u00e4hre Rostock Gedser. Unsere Website bietet praktische Tipps f\u00fcr anderen routen nach Gedser.","robots":{"index":"index","follow":"follow","max-snippet":"max-snippet:-1","max-image-preview":"max-image-preview:large","max-video-preview":"max-video-preview:-1"},"canonical":"https:\/\/rostockgedser.com\/de\/alternativen\/","og_locale":"de_DE","og_type":"article","og_title":"Alternative Routen der Rostock-Gedser F\u00e4hre - RostockGedser.com\/de","og_description":"Entdecken Sie alternative Reisem\u00f6glichkeiten zur F\u00e4hre Rostock Gedser. Unsere Website bietet praktische Tipps f\u00fcr anderen routen nach Gedser.","og_url":"https:\/\/rostockgedser.com\/de\/alternativen\/","og_site_name":"RostockGedser.com\/de","article_modified_time":"2024-03-21T12:45:20+00:00","og_image":[{"url":"http:\/\/rostockgedser.com\/de\/wp-content\/uploads\/sites\/5\/2023\/05\/gedser-harbour.jpg","type":"","width":"","height":""}],"twitter_card":"summary_large_image","twitter_misc":{"Gesch\u00e4tzte Lesezeit":"3\u00a0Minuten"},"schema":{"@context":"https:\/\/schema.org","@graph":[{"@type":"WebPage","@id":"https:\/\/rostockgedser.com\/de\/alternativen\/","url":"https:\/\/rostockgedser.com\/de\/alternativen\/","name":"Alternative Routen der Rostock-Gedser F\u00e4hre - RostockGedser.com\/de","isPartOf":{"@id":"https:\/\/rostockgedser.com\/de\/#website"},"primaryImageOfPage":{"@id":"https:\/\/rostockgedser.com\/de\/alternativen\/#primaryimage"},"image":{"@id":"https:\/\/rostockgedser.com\/de\/alternativen\/#primaryimage"},"thumbnailUrl":"http:\/\/rostockgedser.com\/de\/wp-content\/uploads\/sites\/5\/2023\/05\/gedser-harbour.jpg","datePublished":"2023-05-09T13:21:50+00:00","dateModified":"2024-03-21T12:45:20+00:00","description":"Entdecken Sie alternative Reisem\u00f6glichkeiten zur F\u00e4hre Rostock Gedser. Unsere Website bietet praktische Tipps f\u00fcr anderen routen nach Gedser.","breadcrumb":{"@id":"https:\/\/rostockgedser.com\/de\/alternativen\/#breadcrumb"},"inLanguage":"de","potentialAction":[{"@type":"ReadAction","target":["https:\/\/rostockgedser.com\/de\/alternativen\/"]}]},{"@type":"ImageObject","inLanguage":"de","@id":"https:\/\/rostockgedser.com\/de\/alternativen\/#primaryimage","url":"http:\/\/rostockgedser.com\/de\/wp-content\/uploads\/sites\/5\/2023\/05\/gedser-harbour.jpg","contentUrl":"http:\/\/rostockgedser.com\/de\/wp-content\/uploads\/sites\/5\/2023\/05\/gedser-harbour.jpg"},{"@type":"BreadcrumbList","@id":"https:\/\/rostockgedser.com\/de\/alternativen\/#breadcrumb","itemListElement":[{"@type":"ListItem","position":1,"name":"Home","item":"https:\/\/rostockgedser.com\/de\/"},{"@type":"ListItem","position":2,"name":"Alternativen"}]},{"@type":"WebSite","@id":"https:\/\/rostockgedser.com\/de\/#website","url":"https:\/\/rostockgedser.com\/de\/","name":"RostockGedser.com\/de","description":"","publisher":{"@id":"https:\/\/rostockgedser.com\/de\/#organization"},"potentialAction":[{"@type":"SearchAction","target":{"@type":"EntryPoint","urlTemplate":"https:\/\/rostockgedser.com\/de\/?s={search_term_string}"},"query-input":{"@type":"PropertyValueSpecification","valueRequired":true,"valueName":"search_term_string"}}],"inLanguage":"de"},{"@type":"Organization","@id":"https:\/\/rostockgedser.com\/de\/#organization","name":"RostockGedser.com\/de","url":"https:\/\/rostockgedser.com\/de\/","logo":{"@type":"ImageObject","inLanguage":"de","@id":"https:\/\/rostockgedser.com\/de\/#\/schema\/logo\/image\/","url":"https:\/\/rostockgedser.com\/de\/wp-content\/uploads\/sites\/5\/2023\/08\/cropped-rostock-gedser-logo.png","contentUrl":"https:\/\/rostockgedser.com\/de\/wp-content\/uploads\/sites\/5\/2023\/08\/cropped-rostock-gedser-logo.png","width":1043,"height":347,"caption":"RostockGedser.com\/de"},"image":{"@id":"https:\/\/rostockgedser.com\/de\/#\/schema\/logo\/image\/"}}]}},"_links":{"self":[{"href":"https:\/\/rostockgedser.com\/de\/wp-json\/wp\/v2\/pages\/357","targetHints":{"allow":["GET"]}}],"collection":[{"href":"https:\/\/rostockgedser.com\/de\/wp-json\/wp\/v2\/pages"}],"about":[{"href":"https:\/\/rostockgedser.com\/de\/wp-json\/wp\/v2\/types\/page"}],"author":[{"embeddable":true,"href":"https:\/\/rostockgedser.com\/de\/wp-json\/wp\/v2\/users\/1"}],"replies":[{"embeddable":true,"href":"https:\/\/rostockgedser.com\/de\/wp-json\/wp\/v2\/comments?post=357"}],"version-history":[{"count":28,"href":"https:\/\/rostockgedser.com\/de\/wp-json\/wp\/v2\/pages\/357\/revisions"}],"predecessor-version":[{"id":2334,"href":"https:\/\/rostockgedser.com\/de\/wp-json\/wp\/v2\/pages\/357\/revisions\/2334"}],"wp:attachment":[{"href":"https:\/\/rostockgedser.com\/de\/wp-json\/wp\/v2\/media?parent=357"}],"curies":[{"name":"wp","href":"https:\/\/api.w.org\/{rel}","templated":true}]}}