{"id":1713,"date":"2023-08-31T12:50:41","date_gmt":"2023-08-31T11:50:41","guid":{"rendered":"https:\/\/rostockgedser.com\/?page_id=1713"},"modified":"2024-12-17T13:41:38","modified_gmt":"2024-12-17T12:41:38","slug":"uber-uns","status":"publish","type":"page","link":"https:\/\/rostockgedser.com\/de\/uber-uns\/","title":{"rendered":"\u00dcber uns"},"content":{"rendered":"\t\t<div data-elementor-type=\"wp-post\" data-elementor-id=\"1713\" class=\"elementor elementor-1713\" data-elementor-post-type=\"page\">\n\t\t\t\t\t\t<section class=\"elementor-section elementor-top-section elementor-element elementor-element-613db464 elementor-section-boxed elementor-section-height-default elementor-section-height-default\" data-id=\"613db464\" data-element_type=\"section\" data-e-type=\"section\" data-settings=\"{&quot;background_background&quot;:&quot;gradient&quot;,&quot;sticky&quot;:&quot;top&quot;,&quot;sticky_on&quot;:[&quot;desktop&quot;,&quot;tablet&quot;,&quot;mobile&quot;],&quot;sticky_offset&quot;:0,&quot;sticky_effects_offset&quot;:0,&quot;sticky_anchor_link_offset&quot;:0}\">\n\t\t\t\t\t\t<div class=\"elementor-container elementor-column-gap-default\">\n\t\t\t\t\t<div class=\"elementor-column elementor-col-50 elementor-top-column elementor-element elementor-element-42124b1e\" data-id=\"42124b1e\" data-element_type=\"column\" data-e-type=\"column\">\n\t\t\t<div class=\"elementor-widget-wrap elementor-element-populated\">\n\t\t\t\t\t\t<div class=\"elementor-element elementor-element-343989ab elementor-widget elementor-widget-breadcrumbs\" data-id=\"343989ab\" data-element_type=\"widget\" data-e-type=\"widget\" data-widget_type=\"breadcrumbs.default\">\n\t\t\t\t<div class=\"elementor-widget-container\">\n\t\t\t\t\t<p id=\"breadcrumbs\"><span><span><a href=\"https:\/\/rostockgedser.com\/de\/\">Home<\/a><\/span><\/span><\/p>\t\t\t\t<\/div>\n\t\t\t\t<\/div>\n\t\t\t\t\t<\/div>\n\t\t<\/div>\n\t\t\t\t<div class=\"elementor-column elementor-col-50 elementor-top-column elementor-element elementor-element-36d90ff2\" data-id=\"36d90ff2\" data-element_type=\"column\" data-e-type=\"column\">\n\t\t\t<div class=\"elementor-widget-wrap elementor-element-populated\">\n\t\t\t\t\t\t<div class=\"elementor-element elementor-element-3c6497c4 elementor-align-right elementor-mobile-align-center elementor-widget elementor-widget-button\" data-id=\"3c6497c4\" data-element_type=\"widget\" data-e-type=\"widget\" data-settings=\"{&quot;sticky&quot;:&quot;top&quot;,&quot;sticky_on&quot;:[&quot;mobile&quot;],&quot;sticky_offset&quot;:&quot;8&quot;,&quot;sticky_effects_offset_mobile&quot;:&quot;0&quot;,&quot;_animation_mobile&quot;:&quot;fadeIn&quot;,&quot;sticky_effects_offset&quot;:0,&quot;sticky_anchor_link_offset&quot;:0}\" data-widget_type=\"button.default\">\n\t\t\t\t<div class=\"elementor-widget-container\">\n\t\t\t\t\t\t\t\t\t<div class=\"elementor-button-wrapper\">\n\t\t\t\t\t<a class=\"elementor-button elementor-button-link elementor-size-md elementor-animation-shrink\" href=\"\/de\/go\/button-header-page\" target=\"_blank\">\n\t\t\t\t\t\t<span class=\"elementor-button-content-wrapper\">\n\t\t\t\t\t\t<span class=\"elementor-button-icon\">\n\t\t\t\t<i aria-hidden=\"true\" class=\"far fa-arrow-alt-circle-right\"><\/i>\t\t\t<\/span>\n\t\t\t\t\t\t\t\t\t<span class=\"elementor-button-text\">F\u00e4hrpreise &amp; Tickets<\/span>\n\t\t\t\t\t<\/span>\n\t\t\t\t\t<\/a>\n\t\t\t\t<\/div>\n\t\t\t\t\t\t\t\t<\/div>\n\t\t\t\t<\/div>\n\t\t\t\t\t<\/div>\n\t\t<\/div>\n\t\t\t\t\t<\/div>\n\t\t<\/section>\n\t\t\t\t<section class=\"elementor-section elementor-top-section elementor-element elementor-element-348d881 elementor-section-boxed elementor-section-height-default elementor-section-height-default\" data-id=\"348d881\" data-element_type=\"section\" data-e-type=\"section\">\n\t\t\t\t\t\t\t<div class=\"elementor-background-overlay\"><\/div>\n\t\t\t\t\t\t\t<div class=\"elementor-container elementor-column-gap-default\">\n\t\t\t\t\t<div class=\"elementor-column elementor-col-50 elementor-top-column elementor-element elementor-element-2e117c7\" data-id=\"2e117c7\" data-element_type=\"column\" data-e-type=\"column\">\n\t\t\t<div class=\"elementor-widget-wrap elementor-element-populated\">\n\t\t\t\t\t\t<div class=\"elementor-element elementor-element-15a6fd6 elementor-widget elementor-widget-image\" data-id=\"15a6fd6\" data-element_type=\"widget\" data-e-type=\"widget\" data-widget_type=\"image.default\">\n\t\t\t\t<div class=\"elementor-widget-container\">\n\t\t\t\t\t\t\t\t\t\t\t\t\t\t\t<img fetchpriority=\"high\" decoding=\"async\" width=\"1000\" height=\"500\" src=\"https:\/\/rostockgedser.com\/de\/wp-content\/uploads\/sites\/5\/2023\/08\/Scandlines-ferry-rostock-gedser.jpg\" class=\"attachment-full size-full wp-image-1715\" alt=\"About us Rostock Gedser\" srcset=\"https:\/\/rostockgedser.com\/de\/wp-content\/uploads\/sites\/5\/2023\/08\/Scandlines-ferry-rostock-gedser.jpg 1000w, https:\/\/rostockgedser.com\/de\/wp-content\/uploads\/sites\/5\/2023\/08\/Scandlines-ferry-rostock-gedser-300x150.jpg 300w, https:\/\/rostockgedser.com\/de\/wp-content\/uploads\/sites\/5\/2023\/08\/Scandlines-ferry-rostock-gedser-768x384.jpg 768w\" sizes=\"(max-width: 1000px) 100vw, 1000px\" \/>\t\t\t\t\t\t\t\t\t\t\t\t\t\t\t<\/div>\n\t\t\t\t<\/div>\n\t\t\t\t<div class=\"elementor-element elementor-element-18585c6 elementor-widget elementor-widget-heading\" data-id=\"18585c6\" data-element_type=\"widget\" data-e-type=\"widget\" data-widget_type=\"heading.default\">\n\t\t\t\t<div class=\"elementor-widget-container\">\n\t\t\t\t\t<h1 class=\"elementor-heading-title elementor-size-default\">\u00dcber uns<\/h1>\t\t\t\t<\/div>\n\t\t\t\t<\/div>\n\t\t\t\t<div class=\"elementor-element elementor-element-6a3883e elementor-widget elementor-widget-text-editor\" data-id=\"6a3883e\" data-element_type=\"widget\" data-e-type=\"widget\" data-widget_type=\"text-editor.default\">\n\t\t\t\t<div class=\"elementor-widget-container\">\n\t\t\t\t\t\t\t\t\t<p>Wer wir sind<\/p>\t\t\t\t\t\t\t\t<\/div>\n\t\t\t\t<\/div>\n\t\t\t\t<div class=\"elementor-element elementor-element-3d6085d elementor-widget elementor-widget-text-editor\" data-id=\"3d6085d\" data-element_type=\"widget\" data-e-type=\"widget\" data-widget_type=\"text-editor.default\">\n\t\t\t\t<div class=\"elementor-widget-container\">\n\t\t\t\t\t\t\t\t\t<p><b><a href=\"https:\/\/rostockgedser.com\/de\/\">RostockGedser.com<\/a><\/b> wurde mit dem Ziel entwickelt, Ihnen die bestm\u00f6glichen Informationen \u00fcber die F\u00e4hrverbindung Rostock Gedser bereitzustellen.<\/p><p>Hier finden Sie F\u00e4hrfahrpl\u00e4ne, Wettervorhersagen, Wellenh\u00f6hen, Nutzervideos und andere n\u00fctzliche Details. Wir gehen tiefer auf die Hafenst\u00e4dte <a href=\"https:\/\/rostockgedser.com\/de\/rostock\/\">Rostock<\/a> und <a href=\"https:\/\/rostockgedser.com\/de\/gedser\/\">Gedser<\/a> selbst ein. Was gibt es im Dorf zu tun? Wie gelangen Sie zur F\u00e4hre? Und w\u00e4hrend Sie warten, steht Ihnen eine Toilette zur Verf\u00fcgung?<\/p><p>Dies sind nur einige Beispiele f\u00fcr praktische Tipps, die wir f\u00fcr Sie gesammelt haben. Seit 2017 sind wir aktiv daran beteiligt, Informationen \u00fcber F\u00e4hrstrecken bereitzustellen. Oft finden wir diese Strecken unklar, zum Teil aufgrund der <a href=\"https:\/\/rostockgedser.com\/de\/fahrpreise\/\">komplexen F\u00e4hrpreise<\/a> und der Notwendigkeit, mehrere Websites zu durchsuchen, um Routen zu planen.<\/p><p>Was als Hobby begann, F\u00e4hrstrecken zu kartieren, ist zu einem echten F\u00e4hrspezialisten herangewachsen. Wir lieben es einfach, mit der F\u00e4hre zu reisen \u2764\ufe0f und versuchen daher, so viel Anleitung wie m\u00f6glich zu bieten.<\/p><p><strong>Wir haben ein Team von 5 Personen, die sich der Verbesserung der Informationen f\u00fcr F\u00e4hrreisende verschrieben haben und eine bessere Erfahrung anstreben.<\/strong><\/p><p><a href=\"https:\/\/rostockgedser.com\/de\/impressum\/\">Impressum Rostock Gedser<\/a><\/p><p>\u00a0<\/p>\t\t\t\t\t\t\t\t<\/div>\n\t\t\t\t<\/div>\n\t\t\t\t<div class=\"elementor-element elementor-element-e98df9a elementor-widget__width-initial elementor-widget elementor-widget-text-editor\" data-id=\"e98df9a\" data-element_type=\"widget\" data-e-type=\"widget\" data-widget_type=\"text-editor.default\">\n\t\t\t\t<div class=\"elementor-widget-container\">\n\t\t\t\t\t\t\t\t\t<p>Wie wir arbeiten<\/p>\t\t\t\t\t\t\t\t<\/div>\n\t\t\t\t<\/div>\n\t\t\t\t<div class=\"elementor-element elementor-element-efb2d3a elementor-widget elementor-widget-text-editor\" data-id=\"efb2d3a\" data-element_type=\"widget\" data-e-type=\"widget\" data-widget_type=\"text-editor.default\">\n\t\t\t\t<div class=\"elementor-widget-container\">\n\t\t\t\t\t\t\t\t\t<p>Wir sind ein <strong>unabh\u00e4ngiger Partner<\/strong> von F\u00e4hrgesellschaften, einschlie\u00dflich derjenigen, die die Strecke Rostock-Gedser betreiben. Wenn Sie unsere Seite besuchen und eine Buchung \u00fcber die bereitgestellten Links vornehmen, k\u00f6nnen wir eine Provision verdienen, ohne dass Ihnen zus\u00e4tzliche Kosten entstehen.<\/p><p>Dies hilft uns, die von uns angebotenen Informationen, Fahrpl\u00e4ne und Anleitungen zu pflegen und zu verbessern. Wir bleiben in unseren Routenf\u00fchrern, Bewertungen und Empfehlungen unparteiisch und stellen sicher, dass Sie genaue und zuverl\u00e4ssige Informationen erhalten.<\/p>\t\t\t\t\t\t\t\t<\/div>\n\t\t\t\t<\/div>\n\t\t\t\t<div class=\"elementor-element elementor-element-e73a4d4 elementor-widget elementor-widget-heading\" data-id=\"e73a4d4\" data-element_type=\"widget\" data-e-type=\"widget\" data-widget_type=\"heading.default\">\n\t\t\t\t<div class=\"elementor-widget-container\">\n\t\t\t\t\t<h2 class=\"elementor-heading-title elementor-size-default\">Contact<\/h2>\t\t\t\t<\/div>\n\t\t\t\t<\/div>\n\t\t\t\t<div class=\"elementor-element elementor-element-efd4548 elementor-widget elementor-widget-shortcode\" data-id=\"efd4548\" data-element_type=\"widget\" data-e-type=\"widget\" data-widget_type=\"shortcode.default\">\n\t\t\t\t<div class=\"elementor-widget-container\">\n\t\t\t\t\t\t\t<div class=\"elementor-shortcode\">\n<div class=\"wpcf7 no-js\" id=\"wpcf7-f1728-o1\" lang=\"en-GB\" dir=\"ltr\" data-wpcf7-id=\"1728\">\n<div class=\"screen-reader-response\"><p role=\"status\" aria-live=\"polite\" aria-atomic=\"true\"><\/p> <ul><\/ul><\/div>\n<form action=\"\/de\/wp-json\/wp\/v2\/pages\/1713#wpcf7-f1728-o1\" method=\"post\" class=\"wpcf7-form init\" aria-label=\"Contact form\" novalidate=\"novalidate\" data-status=\"init\">\n<fieldset class=\"hidden-fields-container\"><input type=\"hidden\" name=\"_wpcf7\" value=\"1728\" \/><input type=\"hidden\" name=\"_wpcf7_version\" value=\"6.1.5\" \/><input type=\"hidden\" name=\"_wpcf7_locale\" value=\"en_GB\" \/><input type=\"hidden\" name=\"_wpcf7_unit_tag\" value=\"wpcf7-f1728-o1\" \/><input type=\"hidden\" name=\"_wpcf7_container_post\" value=\"0\" \/><input type=\"hidden\" name=\"_wpcf7_posted_data_hash\" value=\"\" \/>\n<\/fieldset>\n<p><label> Your Name<br \/>\n<span class=\"wpcf7-form-control-wrap\" data-name=\"your-name\"><input size=\"40\" maxlength=\"400\" class=\"wpcf7-form-control wpcf7-text wpcf7-validates-as-required\" aria-required=\"true\" aria-invalid=\"false\" value=\"\" type=\"text\" name=\"your-name\" \/><\/span> <\/label>\n<\/p>\n<p><label> Your E-mail<br \/>\n<span class=\"wpcf7-form-control-wrap\" data-name=\"your-email\"><input size=\"40\" maxlength=\"400\" class=\"wpcf7-form-control wpcf7-email wpcf7-validates-as-required wpcf7-text wpcf7-validates-as-email\" aria-required=\"true\" aria-invalid=\"false\" value=\"\" type=\"email\" name=\"your-email\" \/><\/span> <\/label>\n<\/p>\n<p><label> Subject<br \/>\n<span class=\"wpcf7-form-control-wrap\" data-name=\"your-subject\"><input size=\"40\" maxlength=\"400\" class=\"wpcf7-form-control wpcf7-text wpcf7-validates-as-required\" aria-required=\"true\" aria-invalid=\"false\" value=\"\" type=\"text\" name=\"your-subject\" \/><\/span> <\/label>\n<\/p>\n<p><label> Your Message<br \/>\n<span class=\"wpcf7-form-control-wrap\" data-name=\"your-message\"><textarea cols=\"40\" rows=\"10\" maxlength=\"2000\" class=\"wpcf7-form-control wpcf7-textarea\" aria-invalid=\"false\" name=\"your-message\"><\/textarea><\/span> <\/label>\n<\/p>\n<p><span class=\"wpcf7-form-control-wrap\" data-name=\"quiz-groter\"><label><span class=\"wpcf7-quiz-label\">Anti-Spamcheck: Which number is larger 2 or 18?<\/span> <input size=\"40\" class=\"wpcf7-form-control wpcf7-quiz\" autocomplete=\"off\" aria-required=\"true\" aria-invalid=\"false\" type=\"text\" name=\"quiz-groter\" \/><\/label><input type=\"hidden\" name=\"_wpcf7_quiz_answer_quiz-groter\" value=\"c65c1ad30ad7cfd197da619dfbd66877\" \/><\/span>\n<\/p>\n<p><input class=\"wpcf7-form-control wpcf7-submit has-spinner\" type=\"submit\" value=\"Send\" \/>\n<\/p><div class=\"wpcf7-response-output\" aria-hidden=\"true\"><\/div>\n<\/form>\n<\/div>\n<\/div>\n\t\t\t\t\t\t<\/div>\n\t\t\t\t<\/div>\n\t\t\t\t\t<\/div>\n\t\t<\/div>\n\t\t\t\t<div class=\"elementor-column elementor-col-50 elementor-top-column elementor-element elementor-element-9a29147\" data-id=\"9a29147\" data-element_type=\"column\" data-e-type=\"column\">\n\t\t\t<div class=\"elementor-widget-wrap elementor-element-populated\">\n\t\t\t\t\t\t<div class=\"elementor-element elementor-element-8191486 elementor-widget elementor-widget-text-editor\" data-id=\"8191486\" data-element_type=\"widget\" data-e-type=\"widget\" data-widget_type=\"text-editor.default\">\n\t\t\t\t<div class=\"elementor-widget-container\">\n\t\t\t\t\t\t\t\t\t<p><strong>Impressum<\/strong><\/p><p>Sie k\u00f6nnen auch unser <a href=\"https:\/\/rostockgedser.com\/de\/impressum\/\">Impressum besuchen<\/a>, um mehr Informationen \u00fcber das Unternehmen zu erhalten.<\/p><p>&#8212;<\/p><p>Die Navigation durch F\u00e4hrfahrpl\u00e4ne und -routen kann eine Herausforderung sein, da nicht immer klar ist, wann oder wohin eine F\u00e4hre f\u00e4hrt, insbesondere bei weniger bekannten Routen.<\/p><p>Daf\u00fcr sind wir da: Unser Service unterst\u00fctzt Reisende dabei, die optimalen F\u00e4hrverbindungen von Zielen auf der ganzen Welt auszuw\u00e4hlen.<\/p><p><strong>Tickets f\u00fcr diese Routen<\/strong><\/p><p>Die erschwinglichsten Tickets sind \u00fcber den unten aufgef\u00fchrten F\u00e4hrbetreiber erh\u00e4ltlich:<\/p><p><a href=\"\/de\/go\/pages-side\"><strong>Planen Sie Ihre \u00dcberfahrt<\/strong> \u2b9e<\/a><\/p>\t\t\t\t\t\t\t\t<\/div>\n\t\t\t\t<\/div>\n\t\t\t\t\t<\/div>\n\t\t<\/div>\n\t\t\t\t\t<\/div>\n\t\t<\/section>\n\t\t\t\t<\/div>\n\t\t","protected":false},"excerpt":{"rendered":"<p>F\u00e4hrpreise &amp; Tickets \u00dcber uns Wer wir sind RostockGedser.com wurde mit dem Ziel entwickelt, Ihnen die bestm\u00f6glichen Informationen \u00fcber die F\u00e4hrverbindung Rostock Gedser bereitzustellen. Hier finden Sie F\u00e4hrfahrpl\u00e4ne, Wettervorhersagen, Wellenh\u00f6hen, Nutzervideos und andere n\u00fctzliche Details. Wir gehen tiefer auf die Hafenst\u00e4dte Rostock und Gedser selbst ein. Was gibt es im Dorf zu tun? Wie gelangen [&hellip;]<\/p>\n","protected":false},"author":1,"featured_media":1715,"parent":0,"menu_order":0,"comment_status":"closed","ping_status":"closed","template":"elementor_header_footer","meta":{"footnotes":""},"class_list":["post-1713","page","type-page","status-publish","has-post-thumbnail","hentry"],"yoast_head":"<!-- This site is optimized with the Yoast SEO plugin v27.2 - https:\/\/yoast.com\/product\/yoast-seo-wordpress\/ -->\n<title>\u00dcber uns - RostockGedser.com<\/title>\n<meta name=\"description\" content=\"Entdecken Sie alles \u00fcber die Website Rostock-Gedser.com und das Unternehmen hinter der Website.\" \/>\n<meta name=\"robots\" content=\"index, follow, max-snippet:-1, max-image-preview:large, max-video-preview:-1\" \/>\n<link rel=\"canonical\" href=\"https:\/\/rostockgedser.com\/de\/uber-uns\/\" \/>\n<meta property=\"og:locale\" content=\"de_DE\" \/>\n<meta property=\"og:type\" content=\"article\" \/>\n<meta property=\"og:title\" content=\"\u00dcber uns - RostockGedser.com\" \/>\n<meta property=\"og:description\" content=\"Entdecken Sie alles \u00fcber die Website Rostock-Gedser.com und das Unternehmen hinter der Website.\" \/>\n<meta property=\"og:url\" content=\"https:\/\/rostockgedser.com\/de\/uber-uns\/\" \/>\n<meta property=\"og:site_name\" content=\"RostockGedser.com\/de\" \/>\n<meta property=\"article:modified_time\" content=\"2024-12-17T12:41:38+00:00\" \/>\n<meta property=\"og:image\" content=\"http:\/\/rostockgedser.com\/de\/wp-content\/uploads\/sites\/5\/2023\/08\/Scandlines-ferry-rostock-gedser.jpg\" \/>\n\t<meta property=\"og:image:width\" content=\"1000\" \/>\n\t<meta property=\"og:image:height\" content=\"500\" \/>\n\t<meta property=\"og:image:type\" content=\"image\/jpeg\" \/>\n<meta name=\"twitter:card\" content=\"summary_large_image\" \/>\n<meta name=\"twitter:label1\" content=\"Gesch\u00e4tzte Lesezeit\" \/>\n\t<meta name=\"twitter:data1\" content=\"3\u00a0Minuten\" \/>\n<script type=\"application\/ld+json\" class=\"yoast-schema-graph\">{\"@context\":\"https:\/\/schema.org\",\"@graph\":[{\"@type\":\"WebPage\",\"@id\":\"https:\/\/rostockgedser.com\/de\/uber-uns\/\",\"url\":\"https:\/\/rostockgedser.com\/de\/uber-uns\/\",\"name\":\"\u00dcber uns - RostockGedser.com\",\"isPartOf\":{\"@id\":\"https:\/\/rostockgedser.com\/de\/#website\"},\"primaryImageOfPage\":{\"@id\":\"https:\/\/rostockgedser.com\/de\/uber-uns\/#primaryimage\"},\"image\":{\"@id\":\"https:\/\/rostockgedser.com\/de\/uber-uns\/#primaryimage\"},\"thumbnailUrl\":\"https:\/\/rostockgedser.com\/de\/wp-content\/uploads\/sites\/5\/2023\/08\/Scandlines-ferry-rostock-gedser.jpg\",\"datePublished\":\"2023-08-31T11:50:41+00:00\",\"dateModified\":\"2024-12-17T12:41:38+00:00\",\"description\":\"Entdecken Sie alles \u00fcber die Website Rostock-Gedser.com und das Unternehmen hinter der Website.\",\"breadcrumb\":{\"@id\":\"https:\/\/rostockgedser.com\/de\/uber-uns\/#breadcrumb\"},\"inLanguage\":\"de\",\"potentialAction\":[{\"@type\":\"ReadAction\",\"target\":[\"https:\/\/rostockgedser.com\/de\/uber-uns\/\"]}]},{\"@type\":\"ImageObject\",\"inLanguage\":\"de\",\"@id\":\"https:\/\/rostockgedser.com\/de\/uber-uns\/#primaryimage\",\"url\":\"https:\/\/rostockgedser.com\/de\/wp-content\/uploads\/sites\/5\/2023\/08\/Scandlines-ferry-rostock-gedser.jpg\",\"contentUrl\":\"https:\/\/rostockgedser.com\/de\/wp-content\/uploads\/sites\/5\/2023\/08\/Scandlines-ferry-rostock-gedser.jpg\",\"width\":1000,\"height\":500,\"caption\":\"About us Rostock Gedser\"},{\"@type\":\"BreadcrumbList\",\"@id\":\"https:\/\/rostockgedser.com\/de\/uber-uns\/#breadcrumb\",\"itemListElement\":[{\"@type\":\"ListItem\",\"position\":1,\"name\":\"Home\",\"item\":\"https:\/\/rostockgedser.com\/de\/\"},{\"@type\":\"ListItem\",\"position\":2,\"name\":\"\u00dcber uns\"}]},{\"@type\":\"WebSite\",\"@id\":\"https:\/\/rostockgedser.com\/de\/#website\",\"url\":\"https:\/\/rostockgedser.com\/de\/\",\"name\":\"RostockGedser.com\/de\",\"description\":\"\",\"publisher\":{\"@id\":\"https:\/\/rostockgedser.com\/de\/#organization\"},\"potentialAction\":[{\"@type\":\"SearchAction\",\"target\":{\"@type\":\"EntryPoint\",\"urlTemplate\":\"https:\/\/rostockgedser.com\/de\/?s={search_term_string}\"},\"query-input\":{\"@type\":\"PropertyValueSpecification\",\"valueRequired\":true,\"valueName\":\"search_term_string\"}}],\"inLanguage\":\"de\"},{\"@type\":\"Organization\",\"@id\":\"https:\/\/rostockgedser.com\/de\/#organization\",\"name\":\"RostockGedser.com\/de\",\"url\":\"https:\/\/rostockgedser.com\/de\/\",\"logo\":{\"@type\":\"ImageObject\",\"inLanguage\":\"de\",\"@id\":\"https:\/\/rostockgedser.com\/de\/#\/schema\/logo\/image\/\",\"url\":\"https:\/\/rostockgedser.com\/de\/wp-content\/uploads\/sites\/5\/2023\/08\/cropped-rostock-gedser-logo.png\",\"contentUrl\":\"https:\/\/rostockgedser.com\/de\/wp-content\/uploads\/sites\/5\/2023\/08\/cropped-rostock-gedser-logo.png\",\"width\":1043,\"height\":347,\"caption\":\"RostockGedser.com\/de\"},\"image\":{\"@id\":\"https:\/\/rostockgedser.com\/de\/#\/schema\/logo\/image\/\"}}]}<\/script>\n<!-- \/ Yoast SEO plugin. -->","yoast_head_json":{"title":"\u00dcber uns - RostockGedser.com","description":"Entdecken Sie alles \u00fcber die Website Rostock-Gedser.com und das Unternehmen hinter der Website.","robots":{"index":"index","follow":"follow","max-snippet":"max-snippet:-1","max-image-preview":"max-image-preview:large","max-video-preview":"max-video-preview:-1"},"canonical":"https:\/\/rostockgedser.com\/de\/uber-uns\/","og_locale":"de_DE","og_type":"article","og_title":"\u00dcber uns - RostockGedser.com","og_description":"Entdecken Sie alles \u00fcber die Website Rostock-Gedser.com und das Unternehmen hinter der Website.","og_url":"https:\/\/rostockgedser.com\/de\/uber-uns\/","og_site_name":"RostockGedser.com\/de","article_modified_time":"2024-12-17T12:41:38+00:00","og_image":[{"width":1000,"height":500,"url":"http:\/\/rostockgedser.com\/de\/wp-content\/uploads\/sites\/5\/2023\/08\/Scandlines-ferry-rostock-gedser.jpg","type":"image\/jpeg"}],"twitter_card":"summary_large_image","twitter_misc":{"Gesch\u00e4tzte Lesezeit":"3\u00a0Minuten"},"schema":{"@context":"https:\/\/schema.org","@graph":[{"@type":"WebPage","@id":"https:\/\/rostockgedser.com\/de\/uber-uns\/","url":"https:\/\/rostockgedser.com\/de\/uber-uns\/","name":"\u00dcber uns - RostockGedser.com","isPartOf":{"@id":"https:\/\/rostockgedser.com\/de\/#website"},"primaryImageOfPage":{"@id":"https:\/\/rostockgedser.com\/de\/uber-uns\/#primaryimage"},"image":{"@id":"https:\/\/rostockgedser.com\/de\/uber-uns\/#primaryimage"},"thumbnailUrl":"https:\/\/rostockgedser.com\/de\/wp-content\/uploads\/sites\/5\/2023\/08\/Scandlines-ferry-rostock-gedser.jpg","datePublished":"2023-08-31T11:50:41+00:00","dateModified":"2024-12-17T12:41:38+00:00","description":"Entdecken Sie alles \u00fcber die Website Rostock-Gedser.com und das Unternehmen hinter der Website.","breadcrumb":{"@id":"https:\/\/rostockgedser.com\/de\/uber-uns\/#breadcrumb"},"inLanguage":"de","potentialAction":[{"@type":"ReadAction","target":["https:\/\/rostockgedser.com\/de\/uber-uns\/"]}]},{"@type":"ImageObject","inLanguage":"de","@id":"https:\/\/rostockgedser.com\/de\/uber-uns\/#primaryimage","url":"https:\/\/rostockgedser.com\/de\/wp-content\/uploads\/sites\/5\/2023\/08\/Scandlines-ferry-rostock-gedser.jpg","contentUrl":"https:\/\/rostockgedser.com\/de\/wp-content\/uploads\/sites\/5\/2023\/08\/Scandlines-ferry-rostock-gedser.jpg","width":1000,"height":500,"caption":"About us Rostock Gedser"},{"@type":"BreadcrumbList","@id":"https:\/\/rostockgedser.com\/de\/uber-uns\/#breadcrumb","itemListElement":[{"@type":"ListItem","position":1,"name":"Home","item":"https:\/\/rostockgedser.com\/de\/"},{"@type":"ListItem","position":2,"name":"\u00dcber uns"}]},{"@type":"WebSite","@id":"https:\/\/rostockgedser.com\/de\/#website","url":"https:\/\/rostockgedser.com\/de\/","name":"RostockGedser.com\/de","description":"","publisher":{"@id":"https:\/\/rostockgedser.com\/de\/#organization"},"potentialAction":[{"@type":"SearchAction","target":{"@type":"EntryPoint","urlTemplate":"https:\/\/rostockgedser.com\/de\/?s={search_term_string}"},"query-input":{"@type":"PropertyValueSpecification","valueRequired":true,"valueName":"search_term_string"}}],"inLanguage":"de"},{"@type":"Organization","@id":"https:\/\/rostockgedser.com\/de\/#organization","name":"RostockGedser.com\/de","url":"https:\/\/rostockgedser.com\/de\/","logo":{"@type":"ImageObject","inLanguage":"de","@id":"https:\/\/rostockgedser.com\/de\/#\/schema\/logo\/image\/","url":"https:\/\/rostockgedser.com\/de\/wp-content\/uploads\/sites\/5\/2023\/08\/cropped-rostock-gedser-logo.png","contentUrl":"https:\/\/rostockgedser.com\/de\/wp-content\/uploads\/sites\/5\/2023\/08\/cropped-rostock-gedser-logo.png","width":1043,"height":347,"caption":"RostockGedser.com\/de"},"image":{"@id":"https:\/\/rostockgedser.com\/de\/#\/schema\/logo\/image\/"}}]}},"_links":{"self":[{"href":"https:\/\/rostockgedser.com\/de\/wp-json\/wp\/v2\/pages\/1713","targetHints":{"allow":["GET"]}}],"collection":[{"href":"https:\/\/rostockgedser.com\/de\/wp-json\/wp\/v2\/pages"}],"about":[{"href":"https:\/\/rostockgedser.com\/de\/wp-json\/wp\/v2\/types\/page"}],"author":[{"embeddable":true,"href":"https:\/\/rostockgedser.com\/de\/wp-json\/wp\/v2\/users\/1"}],"replies":[{"embeddable":true,"href":"https:\/\/rostockgedser.com\/de\/wp-json\/wp\/v2\/comments?post=1713"}],"version-history":[{"count":21,"href":"https:\/\/rostockgedser.com\/de\/wp-json\/wp\/v2\/pages\/1713\/revisions"}],"predecessor-version":[{"id":2446,"href":"https:\/\/rostockgedser.com\/de\/wp-json\/wp\/v2\/pages\/1713\/revisions\/2446"}],"wp:featuredmedia":[{"embeddable":true,"href":"https:\/\/rostockgedser.com\/de\/wp-json\/wp\/v2\/media\/1715"}],"wp:attachment":[{"href":"https:\/\/rostockgedser.com\/de\/wp-json\/wp\/v2\/media?parent=1713"}],"curies":[{"name":"wp","href":"https:\/\/api.w.org\/{rel}","templated":true}]}}