{"id":168,"date":"2023-05-08T12:11:27","date_gmt":"2023-05-08T12:11:27","guid":{"rendered":"https:\/\/puttgardenrodby.nl\/?page_id=168"},"modified":"2024-03-21T13:44:11","modified_gmt":"2024-03-21T12:44:11","slug":"fahrpreise","status":"publish","type":"page","link":"https:\/\/rostockgedser.com\/de\/fahrpreise\/","title":{"rendered":"Rostock-Gedser F\u00e4hrpreise"},"content":{"rendered":"\t\t<div data-elementor-type=\"wp-post\" data-elementor-id=\"168\" class=\"elementor elementor-168\" data-elementor-post-type=\"page\">\n\t\t\t\t\t\t<section class=\"elementor-section elementor-top-section elementor-element elementor-element-407d51a elementor-section-boxed elementor-section-height-default elementor-section-height-default\" data-id=\"407d51a\" data-element_type=\"section\" data-e-type=\"section\" data-settings=\"{&quot;background_background&quot;:&quot;gradient&quot;,&quot;sticky&quot;:&quot;top&quot;,&quot;sticky_on&quot;:[&quot;desktop&quot;,&quot;tablet&quot;,&quot;mobile&quot;],&quot;sticky_offset&quot;:0,&quot;sticky_effects_offset&quot;:0,&quot;sticky_anchor_link_offset&quot;:0}\">\n\t\t\t\t\t\t<div class=\"elementor-container elementor-column-gap-default\">\n\t\t\t\t\t<div class=\"elementor-column elementor-col-50 elementor-top-column elementor-element elementor-element-6eb9f9e1\" data-id=\"6eb9f9e1\" data-element_type=\"column\" data-e-type=\"column\">\n\t\t\t<div class=\"elementor-widget-wrap elementor-element-populated\">\n\t\t\t\t\t\t<div class=\"elementor-element elementor-element-1469159c elementor-widget elementor-widget-breadcrumbs\" data-id=\"1469159c\" data-element_type=\"widget\" data-e-type=\"widget\" data-widget_type=\"breadcrumbs.default\">\n\t\t\t\t<div class=\"elementor-widget-container\">\n\t\t\t\t\t<p id=\"breadcrumbs\"><span><span><a href=\"https:\/\/rostockgedser.com\/de\/\">Home<\/a><\/span><\/span><\/p>\t\t\t\t<\/div>\n\t\t\t\t<\/div>\n\t\t\t\t\t<\/div>\n\t\t<\/div>\n\t\t\t\t<div class=\"elementor-column elementor-col-50 elementor-top-column elementor-element elementor-element-47f41011\" data-id=\"47f41011\" data-element_type=\"column\" data-e-type=\"column\">\n\t\t\t<div class=\"elementor-widget-wrap elementor-element-populated\">\n\t\t\t\t\t\t<div class=\"elementor-element elementor-element-49693729 elementor-align-right elementor-mobile-align-center elementor-widget elementor-widget-button\" data-id=\"49693729\" data-element_type=\"widget\" data-e-type=\"widget\" data-settings=\"{&quot;sticky&quot;:&quot;top&quot;,&quot;sticky_on&quot;:[&quot;mobile&quot;],&quot;sticky_offset&quot;:&quot;8&quot;,&quot;sticky_effects_offset_mobile&quot;:&quot;0&quot;,&quot;_animation_mobile&quot;:&quot;fadeIn&quot;,&quot;sticky_effects_offset&quot;:0,&quot;sticky_anchor_link_offset&quot;:0}\" data-widget_type=\"button.default\">\n\t\t\t\t<div class=\"elementor-widget-container\">\n\t\t\t\t\t\t\t\t\t<div class=\"elementor-button-wrapper\">\n\t\t\t\t\t<a class=\"elementor-button elementor-button-link elementor-size-md elementor-animation-shrink\" href=\"\/de\/go\/button-header-page\" target=\"_blank\">\n\t\t\t\t\t\t<span class=\"elementor-button-content-wrapper\">\n\t\t\t\t\t\t<span class=\"elementor-button-icon\">\n\t\t\t\t<i aria-hidden=\"true\" class=\"far fa-arrow-alt-circle-right\"><\/i>\t\t\t<\/span>\n\t\t\t\t\t\t\t\t\t<span class=\"elementor-button-text\">F\u00e4hrpreise &amp; Tickets<\/span>\n\t\t\t\t\t<\/span>\n\t\t\t\t\t<\/a>\n\t\t\t\t<\/div>\n\t\t\t\t\t\t\t\t<\/div>\n\t\t\t\t<\/div>\n\t\t\t\t\t<\/div>\n\t\t<\/div>\n\t\t\t\t\t<\/div>\n\t\t<\/section>\n\t\t\t\t<section class=\"elementor-section elementor-top-section elementor-element elementor-element-348d881 elementor-section-boxed elementor-section-height-default elementor-section-height-default\" data-id=\"348d881\" data-element_type=\"section\" data-e-type=\"section\">\n\t\t\t\t\t\t\t<div class=\"elementor-background-overlay\"><\/div>\n\t\t\t\t\t\t\t<div class=\"elementor-container elementor-column-gap-default\">\n\t\t\t\t\t<div class=\"elementor-column elementor-col-50 elementor-top-column elementor-element elementor-element-2e117c7\" data-id=\"2e117c7\" data-element_type=\"column\" data-e-type=\"column\">\n\t\t\t<div class=\"elementor-widget-wrap elementor-element-populated\">\n\t\t\t\t\t\t<div class=\"elementor-element elementor-element-e20d4c6 elementor-widget elementor-widget-image\" data-id=\"e20d4c6\" data-element_type=\"widget\" data-e-type=\"widget\" data-widget_type=\"image.default\">\n\t\t\t\t<div class=\"elementor-widget-container\">\n\t\t\t\t\t\t\t\t\t\t\t\t\t\t\t<img fetchpriority=\"high\" decoding=\"async\" width=\"1000\" height=\"500\" src=\"https:\/\/rostockgedser.com\/de\/wp-content\/uploads\/sites\/5\/2023\/08\/Scandlines-ferry.jpg\" class=\"attachment-full size-full wp-image-1233\" alt=\"Scandlines ferry\" srcset=\"https:\/\/rostockgedser.com\/de\/wp-content\/uploads\/sites\/5\/2023\/08\/Scandlines-ferry.jpg 1000w, https:\/\/rostockgedser.com\/de\/wp-content\/uploads\/sites\/5\/2023\/08\/Scandlines-ferry-300x150.jpg 300w, https:\/\/rostockgedser.com\/de\/wp-content\/uploads\/sites\/5\/2023\/08\/Scandlines-ferry-768x384.jpg 768w\" sizes=\"(max-width: 1000px) 100vw, 1000px\" \/>\t\t\t\t\t\t\t\t\t\t\t\t\t\t\t<\/div>\n\t\t\t\t<\/div>\n\t\t\t\t<div class=\"elementor-element elementor-element-18585c6 elementor-widget elementor-widget-heading\" data-id=\"18585c6\" data-element_type=\"widget\" data-e-type=\"widget\" data-widget_type=\"heading.default\">\n\t\t\t\t<div class=\"elementor-widget-container\">\n\t\t\t\t\t<h1 class=\"elementor-heading-title elementor-size-default\">Wie viel kosten die F\u00e4hrtickets?<\/h1>\t\t\t\t<\/div>\n\t\t\t\t<\/div>\n\t\t\t\t<div class=\"elementor-element elementor-element-20d63d1 elementor-widget elementor-widget-text-editor\" data-id=\"20d63d1\" data-element_type=\"widget\" data-e-type=\"widget\" data-widget_type=\"text-editor.default\">\n\t\t\t\t<div class=\"elementor-widget-container\">\n\t\t\t\t\t\t\t\t\t<p>Mit welchen Preisen ist zu rechnen?<\/p>\t\t\t\t\t\t\t\t<\/div>\n\t\t\t\t<\/div>\n\t\t\t\t<div class=\"elementor-element elementor-element-b42abdf elementor-widget elementor-widget-text-editor\" data-id=\"b42abdf\" data-element_type=\"widget\" data-e-type=\"widget\" data-widget_type=\"text-editor.default\">\n\t\t\t\t<div class=\"elementor-widget-container\">\n\t\t\t\t\t\t\t\t\t<p>Die Tarife f\u00fcr die Rostock-Gedser F\u00e4hre schwanken je nach Hoch- und Nebensaison. Dar\u00fcber hinaus gibt es eine Mittelsaison f\u00fcr Fahrzeugp\u00e4sse, w\u00e4hrend der die Preise leicht h\u00f6her sind als die Preise der Nebensaison.<\/p><p>Die auf der Scandlines-Website genannten &#8222;ab&#8220;-Preise gelten immer f\u00fcr:<\/p><ul><li>Preise der Nebensaison<\/li><li>Ohne 4 \u20ac Kraftstoffzuschlag pro \u00dcberfahrt f\u00fcr Autos und Wohnmobile<\/li><li>Tarife f\u00fcr Fr\u00fchbuchungen<\/li><\/ul><h2>Tarife Rostock-Gedser<\/h2><p>Bei der Buchung stehen Ihnen die Optionen Fr\u00fchbucher, Standard und Flex zur Auswahl. Diese schlie\u00dfen einen Kraftstoffzuschlag von 4 \u20ac aus.<\/p><ul><li>Fr\u00fchbucher: 69 \u20ac<\/li><li>Standard: 138 \u20ac<\/li><li>Flex: 187 \u20ac<\/li><\/ul><p>Es gibt keinen zus\u00e4tzlichen Vorteil f\u00fcr Hin- und R\u00fcckfahrkarten, es sei denn, Sie kehren am selben Tag zur\u00fcck. In allen anderen F\u00e4llen entspricht der Preis f\u00fcr eine Hin- und R\u00fcckfahrkarte dem einfachen Fahrpreis multipliziert mit zwei.<\/p><p>Der Fahrpreis richtet sich ausschlie\u00dflich nach dem Fahrzeug f\u00fcr Reisende mit einem Fahrzeug. Die maximale Anzahl von Passagieren, die zum Fahrzeug hinzugef\u00fcgt werden k\u00f6nnen, betr\u00e4gt 9. F\u00fcr Fahrzeuge l\u00e4nger als 6 Meter f\u00e4llt eine zus\u00e4tzliche Geb\u00fchr von 30 \u20ac pro zwei Metern an.<\/p><h3>&#8218;Fr\u00fchbucher&#8216; ab 69 \u20ac<\/h3><p>Ab 30 Tage vor der Abreise k\u00f6nnen Sie Tickets ab 69 \u20ac f\u00fcr eine einfache Fahrt in begrenzter Verf\u00fcgbarkeit kaufen. Dazu kommt ein Kraftstoffzuschlag von 4 \u20ac.<\/p><h3>&#8218;Standard&#8216; ab 138 \u20ac<\/h3><p>Standardtickets k\u00f6nnen online bis zu 2 Stunden vor der Abfahrt f\u00fcr 138 \u20ac erworben werden. Dazu kommt ein Kraftstoffzuschlag von 4 \u20ac.<\/p><h3>&#8218;Flex&#8216; ab 187 \u20ac<\/h3><p>Flex-Tickets sind Tickets, die Sie aufgrund des Preises nur sehr selten bestellen sollten. Sie sind nur interessant, wenn Sie unsicher \u00fcber Ihr Abreisedatum sind. Flex-Tickets sind ab 187 \u20ac erh\u00e4ltlich, zuz\u00fcglich eines Kraftstoffzuschlags von 4 \u20ac.<\/p>\t\t\t\t\t\t\t\t<\/div>\n\t\t\t\t<\/div>\n\t\t\t\t<div class=\"elementor-element elementor-element-a44ea6d elementor-widget elementor-widget-text-editor\" data-id=\"a44ea6d\" data-element_type=\"widget\" data-e-type=\"widget\" data-widget_type=\"text-editor.default\">\n\t\t\t\t<div class=\"elementor-widget-container\">\n\t\t\t\t\t\t\t\t\t<p>Die Preise k\u00f6nnen \u00c4nderungen unterliegen.<\/p>\t\t\t\t\t\t\t\t<\/div>\n\t\t\t\t<\/div>\n\t\t\t\t<div class=\"elementor-element elementor-element-9a07386 elementor-tabs-view-horizontal elementor-widget elementor-widget-tabs\" data-id=\"9a07386\" data-element_type=\"widget\" data-e-type=\"widget\" data-widget_type=\"tabs.default\">\n\t\t\t\t<div class=\"elementor-widget-container\">\n\t\t\t\t\t\t\t<div class=\"elementor-tabs\">\n\t\t\t<div class=\"elementor-tabs-wrapper\" role=\"tablist\" >\n\t\t\t\t\t\t\t\t\t<div id=\"elementor-tab-title-1611\" class=\"elementor-tab-title elementor-tab-desktop-title\" aria-selected=\"true\" data-tab=\"1\" role=\"tab\" tabindex=\"0\" aria-controls=\"elementor-tab-content-1611\" aria-expanded=\"false\">Tarife Hochsaison<\/div>\n\t\t\t\t\t\t\t\t\t<div id=\"elementor-tab-title-1612\" class=\"elementor-tab-title elementor-tab-desktop-title\" aria-selected=\"false\" data-tab=\"2\" role=\"tab\" tabindex=\"-1\" aria-controls=\"elementor-tab-content-1612\" aria-expanded=\"false\">Tarife Nebensaison<\/div>\n\t\t\t\t\t\t\t<\/div>\n\t\t\t<div class=\"elementor-tabs-content-wrapper\" role=\"tablist\" aria-orientation=\"vertical\">\n\t\t\t\t\t\t\t\t\t<div class=\"elementor-tab-title elementor-tab-mobile-title\" aria-selected=\"true\" data-tab=\"1\" role=\"tab\" tabindex=\"0\" aria-controls=\"elementor-tab-content-1611\" aria-expanded=\"false\">Tarife Hochsaison<\/div>\n\t\t\t\t\t<div id=\"elementor-tab-content-1611\" class=\"elementor-tab-content elementor-clearfix\" data-tab=\"1\" role=\"tabpanel\" aria-labelledby=\"elementor-tab-title-1611\" tabindex=\"0\" hidden=\"false\"><h5>Einzelfahrt Fr\u00fchbucher<\/h5><ul><li>Fahrzeug &lt;6m bis zu 9 Personen <strong>84 \u20ac<\/strong><br \/><strong>30 \u20ac<\/strong> pro 2 Meter zus\u00e4tzliche L\u00e4nge<\/li><\/ul><h5>Standard<\/h5><ul><li><span style=\"font-size: inherit;text-align: inherit;color: var( --e-global-color-text );font-family: var( --e-global-typography-text-font-family ), Sans-serif;font-weight: var( --e-global-typography-text-font-weight );letter-spacing: -0.015em\">Fahrzeug &lt;6m bis zu 9 Personen <strong>138 \u20ac<\/strong><br \/><\/span><strong>30 \u20ac<\/strong> pro 2 Meter zus\u00e4tzliche L\u00e4nge<\/li><\/ul><h5>Flex<\/h5><ul><li>Fahrzeug &lt;6m bis zu 9 Personen <strong>187 \u20ac<\/strong><br \/><strong>30 \u20ac<\/strong> pro 2 Meter zus\u00e4tzliche L\u00e4nge<\/li><\/ul><h5>Sonstige<\/h5><ul><li>Motorrad\/Mofa: <strong>67 \u20ac<\/strong><\/li><li>Fu\u00dfg\u00e4nger: <strong>28 \u20ac <\/strong><\/li><li>Kind: 5-13 Jahre <strong>14 \u20ac <\/strong><\/li><li>Fahrrad: <strong>3 \u20ac<\/strong><\/li><\/ul><\/div>\n\t\t\t\t\t\t\t\t\t<div class=\"elementor-tab-title elementor-tab-mobile-title\" aria-selected=\"false\" data-tab=\"2\" role=\"tab\" tabindex=\"-1\" aria-controls=\"elementor-tab-content-1612\" aria-expanded=\"false\">Tarife Nebensaison<\/div>\n\t\t\t\t\t<div id=\"elementor-tab-content-1612\" class=\"elementor-tab-content elementor-clearfix\" data-tab=\"2\" role=\"tabpanel\" aria-labelledby=\"elementor-tab-title-1612\" tabindex=\"0\" hidden=\"hidden\"><h5>Einzelfahrt Fr\u00fchbucher<\/h5><ul><li>Fahrzeug &lt;6m bis zu 9 Personen <strong>69 \u20ac<\/strong><br \/><strong>30 \u20ac<\/strong> pro 2 Meter zus\u00e4tzliche L\u00e4nge<\/li><\/ul><h5>Standard<\/h5><ul><li><span style=\"font-size: inherit;text-align: inherit;color: var( --e-global-color-text );font-family: var( --e-global-typography-text-font-family ), Sans-serif;font-weight: var( --e-global-typography-text-font-weight );letter-spacing: -0.015em\">Fahrzeug &lt;6m bis zu 9 Personen <strong>111 \u20ac<\/strong><br \/><\/span><strong>30 \u20ac<\/strong> pro 2 Meter zus\u00e4tzliche L\u00e4nge<\/li><\/ul><h5>Flex<\/h5><ul><li>Fahrzeug &lt;6m bis zu 9 Personen <strong>150 \u20ac<\/strong><br \/><strong>30 \u20ac<\/strong> pro 2 Meter zus\u00e4tzliche L\u00e4nge<\/li><\/ul><h5>Sonstige<\/h5><ul><li>Motorrad\/Mofa: <strong>54 \u20ac<\/strong><\/li><li>Fu\u00dfg\u00e4nger: <strong>13 \u20ac <\/strong><\/li><li>Kind: 5-13 Jahre <strong>7 \u20ac <\/strong><\/li><li>Fahrrad: <strong>1,5 \u20ac<\/strong><\/li><\/ul><\/div>\n\t\t\t\t\t\t\t<\/div>\n\t\t<\/div>\n\t\t\t\t\t\t<\/div>\n\t\t\t\t<\/div>\n\t\t\t\t<div class=\"elementor-element elementor-element-3d6085d elementor-widget elementor-widget-text-editor\" data-id=\"3d6085d\" data-element_type=\"widget\" data-e-type=\"widget\" data-widget_type=\"text-editor.default\">\n\t\t\t\t<div class=\"elementor-widget-container\">\n\t\t\t\t\t\t\t\t\t<p>Es gibt verschiedene M\u00f6glichkeiten, zwischen Deutschland und D\u00e4nemark zu reisen. Daher ist es wichtig, die Preise zwischen der Rostock-Gedser F\u00e4hre und den <a href=\"https:\/\/rostockgedser.com\/de\/alternativen\/\">Alternativen<\/a> zu vergleichen.<\/p>\t\t\t\t\t\t\t\t<\/div>\n\t\t\t\t<\/div>\n\t\t\t\t\t<\/div>\n\t\t<\/div>\n\t\t\t\t<div class=\"elementor-column elementor-col-50 elementor-top-column elementor-element elementor-element-9a29147\" data-id=\"9a29147\" data-element_type=\"column\" data-e-type=\"column\">\n\t\t\t<div class=\"elementor-widget-wrap elementor-element-populated\">\n\t\t\t\t\t\t<div class=\"elementor-element elementor-element-de19ae8 elementor-widget elementor-widget-text-editor\" data-id=\"de19ae8\" data-element_type=\"widget\" data-e-type=\"widget\" data-widget_type=\"text-editor.default\">\n\t\t\t\t<div class=\"elementor-widget-container\">\n\t\t\t\t\t\t\t\t\t<p><strong>F\u00e4hrverf\u00fcgbarkeit und Preise<\/strong><\/p><p>Die erschwinglichsten Tickets sind beim F\u00e4hrbetreiber Scandlines erh\u00e4ltlich. \u00dcberpr\u00fcfen Sie, ob Ihr gew\u00fcnschter Reisetag und spezielle g\u00fcnstige Tickets (Fr\u00fchbuchertickets) noch verf\u00fcgbar sind:<\/p><p><a href=\"\/de\/go\/pages-side\" target=\"_blank\" rel=\"noopener\">Stellen Sie Ihre \u00dcberfahrt zusammen. \u2b9e<\/a><\/p>\t\t\t\t\t\t\t\t<\/div>\n\t\t\t\t<\/div>\n\t\t\t\t\t<\/div>\n\t\t<\/div>\n\t\t\t\t\t<\/div>\n\t\t<\/section>\n\t\t\t\t<\/div>\n\t\t","protected":false},"excerpt":{"rendered":"<p>F\u00e4hrpreise &amp; Tickets Wie viel kosten die F\u00e4hrtickets? Mit welchen Preisen ist zu rechnen? Die Tarife f\u00fcr die Rostock-Gedser F\u00e4hre schwanken je nach Hoch- und Nebensaison. Dar\u00fcber hinaus gibt es eine Mittelsaison f\u00fcr Fahrzeugp\u00e4sse, w\u00e4hrend der die Preise leicht h\u00f6her sind als die Preise der Nebensaison. Die auf der Scandlines-Website genannten &#8222;ab&#8220;-Preise gelten immer f\u00fcr: [&hellip;]<\/p>\n","protected":false},"author":1,"featured_media":845,"parent":0,"menu_order":0,"comment_status":"closed","ping_status":"closed","template":"elementor_header_footer","meta":{"footnotes":""},"class_list":["post-168","page","type-page","status-publish","has-post-thumbnail","hentry"],"yoast_head":"<!-- This site is optimized with the Yoast SEO plugin v27.2 - https:\/\/yoast.com\/product\/yoast-seo-wordpress\/ -->\n<title>Rostock-Gedser F\u00e4hrpreise und Tarife - RostockGedser.com<\/title>\n<meta name=\"description\" content=\"Entdecke die Preise der Rostock-Gedser F\u00e4hre. Schaue dir die Tarife an und erhalte Tipps, wie du vorteilhaft buchen kannst.\" \/>\n<meta name=\"robots\" content=\"index, follow, max-snippet:-1, max-image-preview:large, max-video-preview:-1\" \/>\n<link rel=\"canonical\" href=\"https:\/\/rostockgedser.com\/de\/fahrpreise\/\" \/>\n<meta property=\"og:locale\" content=\"de_DE\" \/>\n<meta property=\"og:type\" content=\"article\" \/>\n<meta property=\"og:title\" content=\"Rostock-Gedser F\u00e4hrpreise und Tarife - RostockGedser.com\" \/>\n<meta property=\"og:description\" content=\"Entdecke die Preise der Rostock-Gedser F\u00e4hre. Schaue dir die Tarife an und erhalte Tipps, wie du vorteilhaft buchen kannst.\" \/>\n<meta property=\"og:url\" content=\"https:\/\/rostockgedser.com\/de\/fahrpreise\/\" \/>\n<meta property=\"og:site_name\" content=\"RostockGedser.com\/de\" \/>\n<meta property=\"article:modified_time\" content=\"2024-03-21T12:44:11+00:00\" \/>\n<meta property=\"og:image\" content=\"http:\/\/rostockgedser.com\/de\/wp-content\/uploads\/sites\/5\/2023\/05\/fehmarn-rodbyhavn.jpg\" \/>\n\t<meta property=\"og:image:width\" content=\"1000\" \/>\n\t<meta property=\"og:image:height\" content=\"500\" \/>\n\t<meta property=\"og:image:type\" content=\"image\/jpeg\" \/>\n<meta name=\"twitter:card\" content=\"summary_large_image\" \/>\n<meta name=\"twitter:label1\" content=\"Gesch\u00e4tzte Lesezeit\" \/>\n\t<meta name=\"twitter:data1\" content=\"3\u00a0Minuten\" \/>\n<script type=\"application\/ld+json\" class=\"yoast-schema-graph\">{\"@context\":\"https:\/\/schema.org\",\"@graph\":[{\"@type\":\"WebPage\",\"@id\":\"https:\/\/rostockgedser.com\/de\/fahrpreise\/\",\"url\":\"https:\/\/rostockgedser.com\/de\/fahrpreise\/\",\"name\":\"Rostock-Gedser F\u00e4hrpreise und Tarife - RostockGedser.com\",\"isPartOf\":{\"@id\":\"https:\/\/rostockgedser.com\/de\/#website\"},\"primaryImageOfPage\":{\"@id\":\"https:\/\/rostockgedser.com\/de\/fahrpreise\/#primaryimage\"},\"image\":{\"@id\":\"https:\/\/rostockgedser.com\/de\/fahrpreise\/#primaryimage\"},\"thumbnailUrl\":\"https:\/\/rostockgedser.com\/de\/wp-content\/uploads\/sites\/5\/2023\/05\/fehmarn-rodbyhavn.jpg\",\"datePublished\":\"2023-05-08T12:11:27+00:00\",\"dateModified\":\"2024-03-21T12:44:11+00:00\",\"description\":\"Entdecke die Preise der Rostock-Gedser F\u00e4hre. Schaue dir die Tarife an und erhalte Tipps, wie du vorteilhaft buchen kannst.\",\"breadcrumb\":{\"@id\":\"https:\/\/rostockgedser.com\/de\/fahrpreise\/#breadcrumb\"},\"inLanguage\":\"de\",\"potentialAction\":[{\"@type\":\"ReadAction\",\"target\":[\"https:\/\/rostockgedser.com\/de\/fahrpreise\/\"]}]},{\"@type\":\"ImageObject\",\"inLanguage\":\"de\",\"@id\":\"https:\/\/rostockgedser.com\/de\/fahrpreise\/#primaryimage\",\"url\":\"https:\/\/rostockgedser.com\/de\/wp-content\/uploads\/sites\/5\/2023\/05\/fehmarn-rodbyhavn.jpg\",\"contentUrl\":\"https:\/\/rostockgedser.com\/de\/wp-content\/uploads\/sites\/5\/2023\/05\/fehmarn-rodbyhavn.jpg\",\"width\":1000,\"height\":500,\"caption\":\"fehmarn-rodbyhavn\"},{\"@type\":\"BreadcrumbList\",\"@id\":\"https:\/\/rostockgedser.com\/de\/fahrpreise\/#breadcrumb\",\"itemListElement\":[{\"@type\":\"ListItem\",\"position\":1,\"name\":\"Home\",\"item\":\"https:\/\/rostockgedser.com\/de\/\"},{\"@type\":\"ListItem\",\"position\":2,\"name\":\"Rostock-Gedser F\u00e4hrpreise\"}]},{\"@type\":\"WebSite\",\"@id\":\"https:\/\/rostockgedser.com\/de\/#website\",\"url\":\"https:\/\/rostockgedser.com\/de\/\",\"name\":\"RostockGedser.com\/de\",\"description\":\"\",\"publisher\":{\"@id\":\"https:\/\/rostockgedser.com\/de\/#organization\"},\"potentialAction\":[{\"@type\":\"SearchAction\",\"target\":{\"@type\":\"EntryPoint\",\"urlTemplate\":\"https:\/\/rostockgedser.com\/de\/?s={search_term_string}\"},\"query-input\":{\"@type\":\"PropertyValueSpecification\",\"valueRequired\":true,\"valueName\":\"search_term_string\"}}],\"inLanguage\":\"de\"},{\"@type\":\"Organization\",\"@id\":\"https:\/\/rostockgedser.com\/de\/#organization\",\"name\":\"RostockGedser.com\/de\",\"url\":\"https:\/\/rostockgedser.com\/de\/\",\"logo\":{\"@type\":\"ImageObject\",\"inLanguage\":\"de\",\"@id\":\"https:\/\/rostockgedser.com\/de\/#\/schema\/logo\/image\/\",\"url\":\"https:\/\/rostockgedser.com\/de\/wp-content\/uploads\/sites\/5\/2023\/08\/cropped-rostock-gedser-logo.png\",\"contentUrl\":\"https:\/\/rostockgedser.com\/de\/wp-content\/uploads\/sites\/5\/2023\/08\/cropped-rostock-gedser-logo.png\",\"width\":1043,\"height\":347,\"caption\":\"RostockGedser.com\/de\"},\"image\":{\"@id\":\"https:\/\/rostockgedser.com\/de\/#\/schema\/logo\/image\/\"}}]}<\/script>\n<!-- \/ Yoast SEO plugin. -->","yoast_head_json":{"title":"Rostock-Gedser F\u00e4hrpreise und Tarife - RostockGedser.com","description":"Entdecke die Preise der Rostock-Gedser F\u00e4hre. Schaue dir die Tarife an und erhalte Tipps, wie du vorteilhaft buchen kannst.","robots":{"index":"index","follow":"follow","max-snippet":"max-snippet:-1","max-image-preview":"max-image-preview:large","max-video-preview":"max-video-preview:-1"},"canonical":"https:\/\/rostockgedser.com\/de\/fahrpreise\/","og_locale":"de_DE","og_type":"article","og_title":"Rostock-Gedser F\u00e4hrpreise und Tarife - RostockGedser.com","og_description":"Entdecke die Preise der Rostock-Gedser F\u00e4hre. Schaue dir die Tarife an und erhalte Tipps, wie du vorteilhaft buchen kannst.","og_url":"https:\/\/rostockgedser.com\/de\/fahrpreise\/","og_site_name":"RostockGedser.com\/de","article_modified_time":"2024-03-21T12:44:11+00:00","og_image":[{"width":1000,"height":500,"url":"http:\/\/rostockgedser.com\/de\/wp-content\/uploads\/sites\/5\/2023\/05\/fehmarn-rodbyhavn.jpg","type":"image\/jpeg"}],"twitter_card":"summary_large_image","twitter_misc":{"Gesch\u00e4tzte Lesezeit":"3\u00a0Minuten"},"schema":{"@context":"https:\/\/schema.org","@graph":[{"@type":"WebPage","@id":"https:\/\/rostockgedser.com\/de\/fahrpreise\/","url":"https:\/\/rostockgedser.com\/de\/fahrpreise\/","name":"Rostock-Gedser F\u00e4hrpreise und Tarife - RostockGedser.com","isPartOf":{"@id":"https:\/\/rostockgedser.com\/de\/#website"},"primaryImageOfPage":{"@id":"https:\/\/rostockgedser.com\/de\/fahrpreise\/#primaryimage"},"image":{"@id":"https:\/\/rostockgedser.com\/de\/fahrpreise\/#primaryimage"},"thumbnailUrl":"https:\/\/rostockgedser.com\/de\/wp-content\/uploads\/sites\/5\/2023\/05\/fehmarn-rodbyhavn.jpg","datePublished":"2023-05-08T12:11:27+00:00","dateModified":"2024-03-21T12:44:11+00:00","description":"Entdecke die Preise der Rostock-Gedser F\u00e4hre. Schaue dir die Tarife an und erhalte Tipps, wie du vorteilhaft buchen kannst.","breadcrumb":{"@id":"https:\/\/rostockgedser.com\/de\/fahrpreise\/#breadcrumb"},"inLanguage":"de","potentialAction":[{"@type":"ReadAction","target":["https:\/\/rostockgedser.com\/de\/fahrpreise\/"]}]},{"@type":"ImageObject","inLanguage":"de","@id":"https:\/\/rostockgedser.com\/de\/fahrpreise\/#primaryimage","url":"https:\/\/rostockgedser.com\/de\/wp-content\/uploads\/sites\/5\/2023\/05\/fehmarn-rodbyhavn.jpg","contentUrl":"https:\/\/rostockgedser.com\/de\/wp-content\/uploads\/sites\/5\/2023\/05\/fehmarn-rodbyhavn.jpg","width":1000,"height":500,"caption":"fehmarn-rodbyhavn"},{"@type":"BreadcrumbList","@id":"https:\/\/rostockgedser.com\/de\/fahrpreise\/#breadcrumb","itemListElement":[{"@type":"ListItem","position":1,"name":"Home","item":"https:\/\/rostockgedser.com\/de\/"},{"@type":"ListItem","position":2,"name":"Rostock-Gedser F\u00e4hrpreise"}]},{"@type":"WebSite","@id":"https:\/\/rostockgedser.com\/de\/#website","url":"https:\/\/rostockgedser.com\/de\/","name":"RostockGedser.com\/de","description":"","publisher":{"@id":"https:\/\/rostockgedser.com\/de\/#organization"},"potentialAction":[{"@type":"SearchAction","target":{"@type":"EntryPoint","urlTemplate":"https:\/\/rostockgedser.com\/de\/?s={search_term_string}"},"query-input":{"@type":"PropertyValueSpecification","valueRequired":true,"valueName":"search_term_string"}}],"inLanguage":"de"},{"@type":"Organization","@id":"https:\/\/rostockgedser.com\/de\/#organization","name":"RostockGedser.com\/de","url":"https:\/\/rostockgedser.com\/de\/","logo":{"@type":"ImageObject","inLanguage":"de","@id":"https:\/\/rostockgedser.com\/de\/#\/schema\/logo\/image\/","url":"https:\/\/rostockgedser.com\/de\/wp-content\/uploads\/sites\/5\/2023\/08\/cropped-rostock-gedser-logo.png","contentUrl":"https:\/\/rostockgedser.com\/de\/wp-content\/uploads\/sites\/5\/2023\/08\/cropped-rostock-gedser-logo.png","width":1043,"height":347,"caption":"RostockGedser.com\/de"},"image":{"@id":"https:\/\/rostockgedser.com\/de\/#\/schema\/logo\/image\/"}}]}},"_links":{"self":[{"href":"https:\/\/rostockgedser.com\/de\/wp-json\/wp\/v2\/pages\/168","targetHints":{"allow":["GET"]}}],"collection":[{"href":"https:\/\/rostockgedser.com\/de\/wp-json\/wp\/v2\/pages"}],"about":[{"href":"https:\/\/rostockgedser.com\/de\/wp-json\/wp\/v2\/types\/page"}],"author":[{"embeddable":true,"href":"https:\/\/rostockgedser.com\/de\/wp-json\/wp\/v2\/users\/1"}],"replies":[{"embeddable":true,"href":"https:\/\/rostockgedser.com\/de\/wp-json\/wp\/v2\/comments?post=168"}],"version-history":[{"count":43,"href":"https:\/\/rostockgedser.com\/de\/wp-json\/wp\/v2\/pages\/168\/revisions"}],"predecessor-version":[{"id":2328,"href":"https:\/\/rostockgedser.com\/de\/wp-json\/wp\/v2\/pages\/168\/revisions\/2328"}],"wp:featuredmedia":[{"embeddable":true,"href":"https:\/\/rostockgedser.com\/de\/wp-json\/wp\/v2\/media\/845"}],"wp:attachment":[{"href":"https:\/\/rostockgedser.com\/de\/wp-json\/wp\/v2\/media?parent=168"}],"curies":[{"name":"wp","href":"https:\/\/api.w.org\/{rel}","templated":true}]}}