{"id":1340,"date":"2023-08-23T15:21:48","date_gmt":"2023-08-23T14:21:48","guid":{"rendered":"https:\/\/rostockgedser.com\/?page_id=1340"},"modified":"2024-04-17T14:51:12","modified_gmt":"2024-04-17T12:51:12","slug":"rostock-nach-kopenhagen-fahre","status":"publish","type":"page","link":"https:\/\/rostockgedser.com\/de\/rostock-nach-kopenhagen-fahre\/","title":{"rendered":"Rostock nach Kopenhagen F\u00e4hre"},"content":{"rendered":"\t\t<div data-elementor-type=\"wp-post\" data-elementor-id=\"1340\" class=\"elementor elementor-1340\" data-elementor-post-type=\"page\">\n\t\t\t\t\t\t<section class=\"elementor-section elementor-top-section elementor-element elementor-element-618ec1de elementor-section-boxed elementor-section-height-default elementor-section-height-default\" data-id=\"618ec1de\" data-element_type=\"section\" data-e-type=\"section\" data-settings=\"{&quot;background_background&quot;:&quot;gradient&quot;,&quot;sticky&quot;:&quot;top&quot;,&quot;sticky_on&quot;:[&quot;desktop&quot;,&quot;tablet&quot;,&quot;mobile&quot;],&quot;sticky_offset&quot;:0,&quot;sticky_effects_offset&quot;:0,&quot;sticky_anchor_link_offset&quot;:0}\">\n\t\t\t\t\t\t<div class=\"elementor-container elementor-column-gap-default\">\n\t\t\t\t\t<div class=\"elementor-column elementor-col-50 elementor-top-column elementor-element elementor-element-4b9cab5f\" data-id=\"4b9cab5f\" data-element_type=\"column\" data-e-type=\"column\">\n\t\t\t<div class=\"elementor-widget-wrap elementor-element-populated\">\n\t\t\t\t\t\t<div class=\"elementor-element elementor-element-234c0c56 elementor-widget elementor-widget-breadcrumbs\" data-id=\"234c0c56\" data-element_type=\"widget\" data-e-type=\"widget\" data-widget_type=\"breadcrumbs.default\">\n\t\t\t\t<div class=\"elementor-widget-container\">\n\t\t\t\t\t<p id=\"breadcrumbs\"><span><span><a href=\"https:\/\/rostockgedser.com\/de\/\">Home<\/a><\/span><\/span><\/p>\t\t\t\t<\/div>\n\t\t\t\t<\/div>\n\t\t\t\t\t<\/div>\n\t\t<\/div>\n\t\t\t\t<div class=\"elementor-column elementor-col-50 elementor-top-column elementor-element elementor-element-474251ea\" data-id=\"474251ea\" data-element_type=\"column\" data-e-type=\"column\">\n\t\t\t<div class=\"elementor-widget-wrap elementor-element-populated\">\n\t\t\t\t\t\t<div class=\"elementor-element elementor-element-1fe51ef5 elementor-align-right elementor-mobile-align-center elementor-widget elementor-widget-button\" data-id=\"1fe51ef5\" data-element_type=\"widget\" data-e-type=\"widget\" data-settings=\"{&quot;sticky&quot;:&quot;top&quot;,&quot;sticky_on&quot;:[&quot;mobile&quot;],&quot;sticky_offset&quot;:&quot;8&quot;,&quot;sticky_effects_offset_mobile&quot;:&quot;0&quot;,&quot;_animation_mobile&quot;:&quot;fadeIn&quot;,&quot;sticky_effects_offset&quot;:0,&quot;sticky_anchor_link_offset&quot;:0}\" data-widget_type=\"button.default\">\n\t\t\t\t<div class=\"elementor-widget-container\">\n\t\t\t\t\t\t\t\t\t<div class=\"elementor-button-wrapper\">\n\t\t\t\t\t<a class=\"elementor-button elementor-button-link elementor-size-md elementor-animation-shrink\" href=\"https:\/\/rostockgedser.com\/de\/go\/button-home\" target=\"_blank\" rel=\"nofollow\">\n\t\t\t\t\t\t<span class=\"elementor-button-content-wrapper\">\n\t\t\t\t\t\t<span class=\"elementor-button-icon\">\n\t\t\t\t<i aria-hidden=\"true\" class=\"far fa-arrow-alt-circle-right\"><\/i>\t\t\t<\/span>\n\t\t\t\t\t\t\t\t\t<span class=\"elementor-button-text\">Preise &amp; Tickets<\/span>\n\t\t\t\t\t<\/span>\n\t\t\t\t\t<\/a>\n\t\t\t\t<\/div>\n\t\t\t\t\t\t\t\t<\/div>\n\t\t\t\t<\/div>\n\t\t\t\t\t<\/div>\n\t\t<\/div>\n\t\t\t\t\t<\/div>\n\t\t<\/section>\n\t\t\t\t<section class=\"elementor-section elementor-top-section elementor-element elementor-element-edbfeb2 elementor-section-boxed elementor-section-height-default elementor-section-height-default\" data-id=\"edbfeb2\" data-element_type=\"section\" data-e-type=\"section\">\n\t\t\t\t\t\t<div class=\"elementor-container elementor-column-gap-no\">\n\t\t\t\t\t<div class=\"elementor-column elementor-col-66 elementor-top-column elementor-element elementor-element-2e117c7\" data-id=\"2e117c7\" data-element_type=\"column\" data-e-type=\"column\">\n\t\t\t<div class=\"elementor-widget-wrap elementor-element-populated\">\n\t\t\t\t\t\t<div class=\"elementor-element elementor-element-e20d4c6 elementor-widget elementor-widget-image\" data-id=\"e20d4c6\" data-element_type=\"widget\" data-e-type=\"widget\" data-widget_type=\"image.default\">\n\t\t\t\t<div class=\"elementor-widget-container\">\n\t\t\t\t\t\t\t\t\t\t\t\t\t\t\t<img fetchpriority=\"high\" decoding=\"async\" width=\"1000\" height=\"500\" src=\"https:\/\/rostockgedser.com\/de\/wp-content\/uploads\/sites\/5\/2023\/08\/Visit-Copenhagen.jpg\" class=\"attachment-full size-full wp-image-1342\" alt=\"Visit Copenhagen\" srcset=\"https:\/\/rostockgedser.com\/de\/wp-content\/uploads\/sites\/5\/2023\/08\/Visit-Copenhagen.jpg 1000w, https:\/\/rostockgedser.com\/de\/wp-content\/uploads\/sites\/5\/2023\/08\/Visit-Copenhagen-300x150.jpg 300w, https:\/\/rostockgedser.com\/de\/wp-content\/uploads\/sites\/5\/2023\/08\/Visit-Copenhagen-768x384.jpg 768w, https:\/\/rostockgedser.com\/de\/wp-content\/uploads\/sites\/5\/2023\/08\/elementor\/thumbs\/Visit-Copenhagen-qcccypnqh6xzg89on6m0e653ftb6a3sbln9nzus97k.jpg 800w\" sizes=\"(max-width: 1000px) 100vw, 1000px\" \/>\t\t\t\t\t\t\t\t\t\t\t\t\t\t\t<\/div>\n\t\t\t\t<\/div>\n\t\t\t\t<div class=\"elementor-element elementor-element-18585c6 elementor-widget elementor-widget-heading\" data-id=\"18585c6\" data-element_type=\"widget\" data-e-type=\"widget\" data-widget_type=\"heading.default\">\n\t\t\t\t<div class=\"elementor-widget-container\">\n\t\t\t\t\t<h1 class=\"elementor-heading-title elementor-size-default\">Nach Kopenhagen F\u00e4hre<\/h1>\t\t\t\t<\/div>\n\t\t\t\t<\/div>\n\t\t\t\t<div class=\"elementor-element elementor-element-7347e41 elementor-widget elementor-widget-text-editor\" data-id=\"7347e41\" data-element_type=\"widget\" data-e-type=\"widget\" data-widget_type=\"text-editor.default\">\n\t\t\t\t<div class=\"elementor-widget-container\">\n\t\t\t\t\t\t\t\t\t<p>Weiterreise von Gedser nach Kopenhagen<\/p>\t\t\t\t\t\t\t\t<\/div>\n\t\t\t\t<\/div>\n\t\t\t\t<div class=\"elementor-element elementor-element-3d6085d elementor-widget elementor-widget-text-editor\" data-id=\"3d6085d\" data-element_type=\"widget\" data-e-type=\"widget\" data-widget_type=\"text-editor.default\">\n\t\t\t\t<div class=\"elementor-widget-container\">\n\t\t\t\t\t\t\t\t\t<p>Werden Sie die F\u00e4hre von Deutschland nach Kopenhagen nehmen? Sie haben die richtige Entscheidung getroffen! Sie k\u00f6nnen Ihr Ziel \u00fcber eine Kombination von <strong>Auto<\/strong> und <strong>F\u00e4hre<\/strong> erreichen, egal ob Sie einen Tagesausflug oder einen l\u00e4ngeren Aufenthalt planen.<\/p><p>Wenn Sie von Rostock nach Kopenhagen reisen m\u00f6chten, ist die F\u00e4hrverbindung von Rostock nach Gedser Ihre beste Option.<\/p><h2><b>Die Rostock-Gedser F\u00e4hrverbindung<\/b><\/h2><p>Obwohl es keine direkte F\u00e4hre gibt, die Rostock und Kopenhagen verbindet, kann die <a href=\"https:\/\/rostockgedser.com\/de\/\">Rostock-Gedser F\u00e4hre<\/a> als eine nahezu direkte Option bezeichnet werden.<\/p><p>Von Gedser aus ist es nur eine 2-st\u00fcndige Fahrt nach Kopenhagen, was es Ihnen erm\u00f6glicht, nahtlos von der See in die Stadt \u00fcberzugehen.<\/p>\t\t\t\t\t\t\t\t<\/div>\n\t\t\t\t<\/div>\n\t\t\t\t<div class=\"elementor-element elementor-element-7ec452b elementor-widget elementor-widget-image\" data-id=\"7ec452b\" data-element_type=\"widget\" data-e-type=\"widget\" data-widget_type=\"image.default\">\n\t\t\t\t<div class=\"elementor-widget-container\">\n\t\t\t\t\t\t\t\t\t\t\t\t<figure class=\"wp-caption\">\n\t\t\t\t\t\t\t\t\t\t<img decoding=\"async\" width=\"1000\" height=\"679\" src=\"https:\/\/rostockgedser.com\/de\/wp-content\/uploads\/sites\/5\/2024\/03\/gedser-to-copenhagen.jpg\" class=\"attachment-full size-full wp-image-2103\" alt=\"Gedser zu copenhagen\" srcset=\"https:\/\/rostockgedser.com\/de\/wp-content\/uploads\/sites\/5\/2024\/03\/gedser-to-copenhagen.jpg 1000w, https:\/\/rostockgedser.com\/de\/wp-content\/uploads\/sites\/5\/2024\/03\/gedser-to-copenhagen-300x204.jpg 300w, https:\/\/rostockgedser.com\/de\/wp-content\/uploads\/sites\/5\/2024\/03\/gedser-to-copenhagen-768x521.jpg 768w\" sizes=\"(max-width: 1000px) 100vw, 1000px\" \/>\t\t\t\t\t\t\t\t\t\t\t<figcaption class=\"widget-image-caption wp-caption-text\"> Von Gedser nach Kopenhagen in knapp unter 2 Stunden.<\/figcaption>\n\t\t\t\t\t\t\t\t\t\t<\/figure>\n\t\t\t\t\t\t\t\t\t<\/div>\n\t\t\t\t<\/div>\n\t\t\t\t<div class=\"elementor-element elementor-element-33de9a8 elementor-widget elementor-widget-text-editor\" data-id=\"33de9a8\" data-element_type=\"widget\" data-e-type=\"widget\" data-widget_type=\"text-editor.default\">\n\t\t\t\t<div class=\"elementor-widget-container\">\n\t\t\t\t\t\t\t\t\t<p>Die F\u00e4hrpreise beginnen bei 222 \u20ac f\u00fcr eine Hin- und R\u00fcckfahrt. Dies beinhaltet ein Auto mit Platz f\u00fcr bis zu 9 Personen, die kostenlos reisen k\u00f6nnen. Wenn Sie mit Familie oder Freunden unterwegs sind, ist die F\u00e4hr\u00fcberfahrt relativ erschwinglich!<\/p><h2>Tagesausfl\u00fcge Rostock-Kopenhagen<\/h2><p>Wenn Sie Kopenhagen f\u00fcr einen Tag besuchen m\u00f6chten, sollten Sie fr\u00fch aufstehen. Wenn Sie die F\u00e4hre um 4:15 Uhr nehmen (<a href=\"https:\/\/rostockgedser.com\/de\/fahrplan\/\">Hier finden Sie den vollst\u00e4ndigen Fahrplan<\/a>), k\u00f6nnen Sie gegen etwa <strong>8:15 Uhr<\/strong> in Kopenhagen sein. Ein bedeutender Vorteil ist, dass das Ticket f\u00fcr eine <strong>Hin- und R\u00fcckfahrt an einem Tag<\/strong> viel g\u00fcnstiger ist als ein R\u00fcckfahrticket f\u00fcr die R\u00fcckreise an einem anderen Tag.<\/p><ul><li><strong>Online-Preis in der Nebensaison f\u00fcr ein Auto beginnt bei 117 \u20ac<\/strong><\/li><li><b>Online-Preis in der Mittelsaison beginnt bei 97 \u20ac<\/b><br \/><em>Sie zahlen 127 \u20ac und erhalten einen Gutschein im Wert von 30 \u20ac, wenn Sie sich am selben Tag wie die Abfahrt von Rostock in Gedser einchecken. Bei Ihrer R\u00fcckreise erhalten Sie w\u00e4hrend der Mittelsaison einen Bargeld-Gutschein beim Check-in, den Sie sofort an Bord verwenden oder gegen Bargeld eintauschen k\u00f6nnen.<\/em><\/li><li><strong>Online-Preis in der Hochsaison beginnt bei 96 \u20ac<\/strong><br \/><em>Sie zahlen 146 \u20ac und erhalten einen Gutschein im Wert von 50 \u20ac, wenn Sie sich am selben Tag wie die Abfahrt von Rostock in Gedser einchecken. Bei Ihrer R\u00fcckreise erhalten Sie w\u00e4hrend der Hochsaison einen Bargeld-Gutschein beim Check-in, den Sie sofort an Bord verwenden oder gegen Bargeld eintauschen k\u00f6nnen.<\/em><\/li><\/ul><h3>Unsere Testbuchung bei Scandlines<\/h3>\t\t\t\t\t\t\t\t<\/div>\n\t\t\t\t<\/div>\n\t\t\t\t<div class=\"elementor-element elementor-element-57c8d01 elementor-widget elementor-widget-image\" data-id=\"57c8d01\" data-element_type=\"widget\" data-e-type=\"widget\" data-widget_type=\"image.default\">\n\t\t\t\t<div class=\"elementor-widget-container\">\n\t\t\t\t\t\t\t\t\t\t\t\t\t\t\t<img decoding=\"async\" width=\"580\" height=\"633\" src=\"https:\/\/rostockgedser.com\/de\/wp-content\/uploads\/sites\/5\/2024\/03\/test-booking.jpg\" class=\"attachment-large size-large wp-image-2104\" alt=\"test booking\" srcset=\"https:\/\/rostockgedser.com\/de\/wp-content\/uploads\/sites\/5\/2024\/03\/test-booking.jpg 751w, https:\/\/rostockgedser.com\/de\/wp-content\/uploads\/sites\/5\/2024\/03\/test-booking-275x300.jpg 275w\" sizes=\"(max-width: 580px) 100vw, 580px\" \/>\t\t\t\t\t\t\t\t\t\t\t\t\t\t\t<\/div>\n\t\t\t\t<\/div>\n\t\t\t\t<div class=\"elementor-element elementor-element-a39b593 elementor-widget elementor-widget-text-editor\" data-id=\"a39b593\" data-element_type=\"widget\" data-e-type=\"widget\" data-widget_type=\"text-editor.default\">\n\t\t\t\t<div class=\"elementor-widget-container\">\n\t\t\t\t\t\t\t\t\t<h3>Buchen Sie Ihr Rostock-Kopenhagen-Abenteuer<\/h3><p>Bereit f\u00fcr Ihr Rostock-Kopenhagen-Abenteuer? Sorgen Sie f\u00fcr eine reibungslose Reise, indem Sie Ihre F\u00e4hrtickets im Voraus buchen.<br \/><strong>Buchung im Voraus<\/strong> + <strong>Reisen in der Nebensaison<\/strong> garantiert den niedrigsten Preis.<\/p><p>&gt; Beachten Sie, dass es zwar keine direkte F\u00e4hre von Rostock nach Kopenhagen gibt, die Route Rostock-Gedser jedoch eine <strong>gleicherma\u00dfen faszinierende Reise<\/strong> bietet.<\/p><h2>Machen Sie das Beste aus Ihrem Kopenhagen-Abenteuer<\/h2><p>Wenn Sie nach Kopenhagen reisen, k\u00f6nnen wir Ihnen die folgenden Informationsquellen empfehlen:<\/p><ul><li><strong><a href=\"https:\/\/www.visitcopenhagen.de\/\">VisitCopenhagen.de<\/a><\/strong><\/li><li><strong><a href=\"https:\/\/www.visitdenmark.de\/daenemark\/regionen\/kopenhagen\">VisitDenmark.com<\/a><\/strong>\u00a0(Copenhagen Hub)<\/li><\/ul><p>Es ist auch m\u00f6glich, weitere Informationen auf der Website des <a href=\"\/de\/go\/scandlines\">F\u00e4hrbetreibers Scandlines<\/a> zu erhalten.<\/p>\t\t\t\t\t\t\t\t<\/div>\n\t\t\t\t<\/div>\n\t\t\t\t\t<\/div>\n\t\t<\/div>\n\t\t\t\t<div class=\"elementor-column elementor-col-33 elementor-top-column elementor-element elementor-element-9a29147\" data-id=\"9a29147\" data-element_type=\"column\" data-e-type=\"column\">\n\t\t\t<div class=\"elementor-widget-wrap elementor-element-populated\">\n\t\t\t\t\t\t<div class=\"elementor-element elementor-element-de19ae8 elementor-widget elementor-widget-text-editor\" data-id=\"de19ae8\" data-element_type=\"widget\" data-e-type=\"widget\" data-settings=\"{&quot;motion_fx_motion_fx_scrolling&quot;:&quot;yes&quot;,&quot;sticky&quot;:&quot;top&quot;,&quot;sticky_parent&quot;:&quot;yes&quot;,&quot;sticky_offset&quot;:20,&quot;motion_fx_devices&quot;:[&quot;desktop&quot;,&quot;tablet&quot;,&quot;mobile&quot;],&quot;sticky_on&quot;:[&quot;desktop&quot;,&quot;tablet&quot;,&quot;mobile&quot;],&quot;sticky_effects_offset&quot;:0,&quot;sticky_anchor_link_offset&quot;:0}\" data-widget_type=\"text-editor.default\">\n\t\t\t\t<div class=\"elementor-widget-container\">\n\t\t\t\t\t\t\t\t\t<p><strong>F\u00e4hrtickets<\/strong><\/p><p>Die g\u00fcnstigsten Tickets sind \u00fcber den F\u00e4hrbetreiber Scandlines erh\u00e4ltlich.<\/p><p>Wenn Sie nach Kopenhagen reisen, ben\u00f6tigen Sie kein Kombi-Ticket, sondern nur die Verbindung Rostock-Gedser.<\/p><p><a href=\"\/de\/go\/pages-side\" target=\"_blank\" rel=\"noopener\">Stellen Sie Ihre \u00dcberfahrt zusammen. \u2b9e<\/a><\/p>\t\t\t\t\t\t\t\t<\/div>\n\t\t\t\t<\/div>\n\t\t\t\t\t<\/div>\n\t\t<\/div>\n\t\t\t\t\t<\/div>\n\t\t<\/section>\n\t\t\t\t<\/div>\n\t\t","protected":false},"excerpt":{"rendered":"<p>Preise &#038; Tickets Nach Kopenhagen F\u00e4hre Weiterreise von Gedser nach Kopenhagen Werden Sie die F\u00e4hre von Deutschland nach Kopenhagen nehmen? Sie haben die richtige Entscheidung getroffen! Sie k\u00f6nnen Ihr Ziel \u00fcber eine Kombination von Auto und F\u00e4hre erreichen, egal ob Sie einen Tagesausflug oder einen l\u00e4ngeren Aufenthalt planen. Wenn Sie von Rostock nach Kopenhagen reisen [&hellip;]<\/p>\n","protected":false},"author":1,"featured_media":845,"parent":0,"menu_order":0,"comment_status":"closed","ping_status":"closed","template":"elementor_header_footer","meta":{"footnotes":""},"class_list":["post-1340","page","type-page","status-publish","has-post-thumbnail","hentry"],"yoast_head":"<!-- This site is optimized with the Yoast SEO plugin v27.2 - https:\/\/yoast.com\/product\/yoast-seo-wordpress\/ -->\n<title>Rostock nach Kopenhagen F\u00e4hre - RostockGedser.com\/de<\/title>\n<meta name=\"description\" content=\"Erkunden Sie die Rostock nach Kopenhagen F\u00e4hre. Erfahren Sie mehr \u00fcber die F\u00e4hrverbindungen zwischen Deutschland und D\u00e4nemark.\" \/>\n<meta name=\"robots\" content=\"index, follow, max-snippet:-1, max-image-preview:large, max-video-preview:-1\" \/>\n<link rel=\"canonical\" href=\"https:\/\/rostockgedser.com\/de\/rostock-nach-kopenhagen-fahre\/\" \/>\n<meta property=\"og:locale\" content=\"de_DE\" \/>\n<meta property=\"og:type\" content=\"article\" \/>\n<meta property=\"og:title\" content=\"Rostock nach Kopenhagen F\u00e4hre - RostockGedser.com\/de\" \/>\n<meta property=\"og:description\" content=\"Erkunden Sie die Rostock nach Kopenhagen F\u00e4hre. Erfahren Sie mehr \u00fcber die F\u00e4hrverbindungen zwischen Deutschland und D\u00e4nemark.\" \/>\n<meta property=\"og:url\" content=\"https:\/\/rostockgedser.com\/de\/rostock-nach-kopenhagen-fahre\/\" \/>\n<meta property=\"og:site_name\" content=\"RostockGedser.com\/de\" \/>\n<meta property=\"article:modified_time\" content=\"2024-04-17T12:51:12+00:00\" \/>\n<meta property=\"og:image\" content=\"http:\/\/rostockgedser.com\/de\/wp-content\/uploads\/sites\/5\/2023\/05\/fehmarn-rodbyhavn.jpg\" \/>\n\t<meta property=\"og:image:width\" content=\"1000\" \/>\n\t<meta property=\"og:image:height\" content=\"500\" \/>\n\t<meta property=\"og:image:type\" content=\"image\/jpeg\" \/>\n<meta name=\"twitter:card\" content=\"summary_large_image\" \/>\n<meta name=\"twitter:label1\" content=\"Gesch\u00e4tzte Lesezeit\" \/>\n\t<meta name=\"twitter:data1\" content=\"4\u00a0Minuten\" \/>\n<script type=\"application\/ld+json\" class=\"yoast-schema-graph\">{\"@context\":\"https:\/\/schema.org\",\"@graph\":[{\"@type\":\"WebPage\",\"@id\":\"https:\/\/rostockgedser.com\/de\/rostock-nach-kopenhagen-fahre\/\",\"url\":\"https:\/\/rostockgedser.com\/de\/rostock-nach-kopenhagen-fahre\/\",\"name\":\"Rostock nach Kopenhagen F\u00e4hre - RostockGedser.com\/de\",\"isPartOf\":{\"@id\":\"https:\/\/rostockgedser.com\/de\/#website\"},\"primaryImageOfPage\":{\"@id\":\"https:\/\/rostockgedser.com\/de\/rostock-nach-kopenhagen-fahre\/#primaryimage\"},\"image\":{\"@id\":\"https:\/\/rostockgedser.com\/de\/rostock-nach-kopenhagen-fahre\/#primaryimage\"},\"thumbnailUrl\":\"https:\/\/rostockgedser.com\/de\/wp-content\/uploads\/sites\/5\/2023\/05\/fehmarn-rodbyhavn.jpg\",\"datePublished\":\"2023-08-23T14:21:48+00:00\",\"dateModified\":\"2024-04-17T12:51:12+00:00\",\"description\":\"Erkunden Sie die Rostock nach Kopenhagen F\u00e4hre. Erfahren Sie mehr \u00fcber die F\u00e4hrverbindungen zwischen Deutschland und D\u00e4nemark.\",\"breadcrumb\":{\"@id\":\"https:\/\/rostockgedser.com\/de\/rostock-nach-kopenhagen-fahre\/#breadcrumb\"},\"inLanguage\":\"de\",\"potentialAction\":[{\"@type\":\"ReadAction\",\"target\":[\"https:\/\/rostockgedser.com\/de\/rostock-nach-kopenhagen-fahre\/\"]}]},{\"@type\":\"ImageObject\",\"inLanguage\":\"de\",\"@id\":\"https:\/\/rostockgedser.com\/de\/rostock-nach-kopenhagen-fahre\/#primaryimage\",\"url\":\"https:\/\/rostockgedser.com\/de\/wp-content\/uploads\/sites\/5\/2023\/05\/fehmarn-rodbyhavn.jpg\",\"contentUrl\":\"https:\/\/rostockgedser.com\/de\/wp-content\/uploads\/sites\/5\/2023\/05\/fehmarn-rodbyhavn.jpg\",\"width\":1000,\"height\":500,\"caption\":\"fehmarn-rodbyhavn\"},{\"@type\":\"BreadcrumbList\",\"@id\":\"https:\/\/rostockgedser.com\/de\/rostock-nach-kopenhagen-fahre\/#breadcrumb\",\"itemListElement\":[{\"@type\":\"ListItem\",\"position\":1,\"name\":\"Home\",\"item\":\"https:\/\/rostockgedser.com\/de\/\"},{\"@type\":\"ListItem\",\"position\":2,\"name\":\"Rostock nach Kopenhagen F\u00e4hre\"}]},{\"@type\":\"WebSite\",\"@id\":\"https:\/\/rostockgedser.com\/de\/#website\",\"url\":\"https:\/\/rostockgedser.com\/de\/\",\"name\":\"RostockGedser.com\/de\",\"description\":\"\",\"publisher\":{\"@id\":\"https:\/\/rostockgedser.com\/de\/#organization\"},\"potentialAction\":[{\"@type\":\"SearchAction\",\"target\":{\"@type\":\"EntryPoint\",\"urlTemplate\":\"https:\/\/rostockgedser.com\/de\/?s={search_term_string}\"},\"query-input\":{\"@type\":\"PropertyValueSpecification\",\"valueRequired\":true,\"valueName\":\"search_term_string\"}}],\"inLanguage\":\"de\"},{\"@type\":\"Organization\",\"@id\":\"https:\/\/rostockgedser.com\/de\/#organization\",\"name\":\"RostockGedser.com\/de\",\"url\":\"https:\/\/rostockgedser.com\/de\/\",\"logo\":{\"@type\":\"ImageObject\",\"inLanguage\":\"de\",\"@id\":\"https:\/\/rostockgedser.com\/de\/#\/schema\/logo\/image\/\",\"url\":\"https:\/\/rostockgedser.com\/de\/wp-content\/uploads\/sites\/5\/2023\/08\/cropped-rostock-gedser-logo.png\",\"contentUrl\":\"https:\/\/rostockgedser.com\/de\/wp-content\/uploads\/sites\/5\/2023\/08\/cropped-rostock-gedser-logo.png\",\"width\":1043,\"height\":347,\"caption\":\"RostockGedser.com\/de\"},\"image\":{\"@id\":\"https:\/\/rostockgedser.com\/de\/#\/schema\/logo\/image\/\"}}]}<\/script>\n<!-- \/ Yoast SEO plugin. -->","yoast_head_json":{"title":"Rostock nach Kopenhagen F\u00e4hre - RostockGedser.com\/de","description":"Erkunden Sie die Rostock nach Kopenhagen F\u00e4hre. Erfahren Sie mehr \u00fcber die F\u00e4hrverbindungen zwischen Deutschland und D\u00e4nemark.","robots":{"index":"index","follow":"follow","max-snippet":"max-snippet:-1","max-image-preview":"max-image-preview:large","max-video-preview":"max-video-preview:-1"},"canonical":"https:\/\/rostockgedser.com\/de\/rostock-nach-kopenhagen-fahre\/","og_locale":"de_DE","og_type":"article","og_title":"Rostock nach Kopenhagen F\u00e4hre - RostockGedser.com\/de","og_description":"Erkunden Sie die Rostock nach Kopenhagen F\u00e4hre. Erfahren Sie mehr \u00fcber die F\u00e4hrverbindungen zwischen Deutschland und D\u00e4nemark.","og_url":"https:\/\/rostockgedser.com\/de\/rostock-nach-kopenhagen-fahre\/","og_site_name":"RostockGedser.com\/de","article_modified_time":"2024-04-17T12:51:12+00:00","og_image":[{"width":1000,"height":500,"url":"http:\/\/rostockgedser.com\/de\/wp-content\/uploads\/sites\/5\/2023\/05\/fehmarn-rodbyhavn.jpg","type":"image\/jpeg"}],"twitter_card":"summary_large_image","twitter_misc":{"Gesch\u00e4tzte Lesezeit":"4\u00a0Minuten"},"schema":{"@context":"https:\/\/schema.org","@graph":[{"@type":"WebPage","@id":"https:\/\/rostockgedser.com\/de\/rostock-nach-kopenhagen-fahre\/","url":"https:\/\/rostockgedser.com\/de\/rostock-nach-kopenhagen-fahre\/","name":"Rostock nach Kopenhagen F\u00e4hre - RostockGedser.com\/de","isPartOf":{"@id":"https:\/\/rostockgedser.com\/de\/#website"},"primaryImageOfPage":{"@id":"https:\/\/rostockgedser.com\/de\/rostock-nach-kopenhagen-fahre\/#primaryimage"},"image":{"@id":"https:\/\/rostockgedser.com\/de\/rostock-nach-kopenhagen-fahre\/#primaryimage"},"thumbnailUrl":"https:\/\/rostockgedser.com\/de\/wp-content\/uploads\/sites\/5\/2023\/05\/fehmarn-rodbyhavn.jpg","datePublished":"2023-08-23T14:21:48+00:00","dateModified":"2024-04-17T12:51:12+00:00","description":"Erkunden Sie die Rostock nach Kopenhagen F\u00e4hre. Erfahren Sie mehr \u00fcber die F\u00e4hrverbindungen zwischen Deutschland und D\u00e4nemark.","breadcrumb":{"@id":"https:\/\/rostockgedser.com\/de\/rostock-nach-kopenhagen-fahre\/#breadcrumb"},"inLanguage":"de","potentialAction":[{"@type":"ReadAction","target":["https:\/\/rostockgedser.com\/de\/rostock-nach-kopenhagen-fahre\/"]}]},{"@type":"ImageObject","inLanguage":"de","@id":"https:\/\/rostockgedser.com\/de\/rostock-nach-kopenhagen-fahre\/#primaryimage","url":"https:\/\/rostockgedser.com\/de\/wp-content\/uploads\/sites\/5\/2023\/05\/fehmarn-rodbyhavn.jpg","contentUrl":"https:\/\/rostockgedser.com\/de\/wp-content\/uploads\/sites\/5\/2023\/05\/fehmarn-rodbyhavn.jpg","width":1000,"height":500,"caption":"fehmarn-rodbyhavn"},{"@type":"BreadcrumbList","@id":"https:\/\/rostockgedser.com\/de\/rostock-nach-kopenhagen-fahre\/#breadcrumb","itemListElement":[{"@type":"ListItem","position":1,"name":"Home","item":"https:\/\/rostockgedser.com\/de\/"},{"@type":"ListItem","position":2,"name":"Rostock nach Kopenhagen F\u00e4hre"}]},{"@type":"WebSite","@id":"https:\/\/rostockgedser.com\/de\/#website","url":"https:\/\/rostockgedser.com\/de\/","name":"RostockGedser.com\/de","description":"","publisher":{"@id":"https:\/\/rostockgedser.com\/de\/#organization"},"potentialAction":[{"@type":"SearchAction","target":{"@type":"EntryPoint","urlTemplate":"https:\/\/rostockgedser.com\/de\/?s={search_term_string}"},"query-input":{"@type":"PropertyValueSpecification","valueRequired":true,"valueName":"search_term_string"}}],"inLanguage":"de"},{"@type":"Organization","@id":"https:\/\/rostockgedser.com\/de\/#organization","name":"RostockGedser.com\/de","url":"https:\/\/rostockgedser.com\/de\/","logo":{"@type":"ImageObject","inLanguage":"de","@id":"https:\/\/rostockgedser.com\/de\/#\/schema\/logo\/image\/","url":"https:\/\/rostockgedser.com\/de\/wp-content\/uploads\/sites\/5\/2023\/08\/cropped-rostock-gedser-logo.png","contentUrl":"https:\/\/rostockgedser.com\/de\/wp-content\/uploads\/sites\/5\/2023\/08\/cropped-rostock-gedser-logo.png","width":1043,"height":347,"caption":"RostockGedser.com\/de"},"image":{"@id":"https:\/\/rostockgedser.com\/de\/#\/schema\/logo\/image\/"}}]}},"_links":{"self":[{"href":"https:\/\/rostockgedser.com\/de\/wp-json\/wp\/v2\/pages\/1340","targetHints":{"allow":["GET"]}}],"collection":[{"href":"https:\/\/rostockgedser.com\/de\/wp-json\/wp\/v2\/pages"}],"about":[{"href":"https:\/\/rostockgedser.com\/de\/wp-json\/wp\/v2\/types\/page"}],"author":[{"embeddable":true,"href":"https:\/\/rostockgedser.com\/de\/wp-json\/wp\/v2\/users\/1"}],"replies":[{"embeddable":true,"href":"https:\/\/rostockgedser.com\/de\/wp-json\/wp\/v2\/comments?post=1340"}],"version-history":[{"count":109,"href":"https:\/\/rostockgedser.com\/de\/wp-json\/wp\/v2\/pages\/1340\/revisions"}],"predecessor-version":[{"id":2434,"href":"https:\/\/rostockgedser.com\/de\/wp-json\/wp\/v2\/pages\/1340\/revisions\/2434"}],"wp:featuredmedia":[{"embeddable":true,"href":"https:\/\/rostockgedser.com\/de\/wp-json\/wp\/v2\/media\/845"}],"wp:attachment":[{"href":"https:\/\/rostockgedser.com\/de\/wp-json\/wp\/v2\/media?parent=1340"}],"curies":[{"name":"wp","href":"https:\/\/api.w.org\/{rel}","templated":true}]}}